{"id":67,"date":"2021-12-22T15:01:40","date_gmt":"2021-12-22T15:01:40","guid":{"rendered":"https:\/\/artforart.at\/?page_id=67"},"modified":"2026-03-06T15:01:55","modified_gmt":"2026-03-06T15:01:55","slug":"accessibility","status":"publish","type":"page","link":"https:\/\/artforart.at\/en\/barrierefreiheit","title":{"rendered":"Accessibility"},"content":{"rendered":"<section id=\"section-561-4465\" class=\" ct-section center\" ><div class=\"ct-section-inner-wrap\"><h1 id=\"headline-564-4465\" class=\"ct-headline h2 break-with-hyphen mb-40\">Barrierefreiheitserkl\u00e4rung<\/h1><div id=\"div_block-565-4465\" class=\"ct-div-block w-970 grid-2\" ><div id=\"div_block-566-4465\" class=\"ct-div-block\" ><div id=\"_rich_text-572-4465\" class=\"oxy-rich-text w-100 bodycopy\" ><h2 id=\"text_block-7-67\" class=\"ct-text-block link\" style=\"box-sizing: inherit; font-family: lufga; font-size: 20px; line-height: 1.2; letter-spacing: 1.25px; margin-top: 0px;\"><span style=\"font-size: 14pt;\">1. Konformit&auml;tsstatus<\/span><\/h2>\n<div id=\"text_block-8-67\" class=\"ct-text-block bodycopy\" style=\"box-sizing: inherit; font-family: lufga; font-size: 18px; line-height: 1.5;\">\n<p style=\"line-height: 100%; margin-top: 0.04in; margin-bottom: 0.08in;\">&nbsp;<\/p>\n<p style=\"line-height: 100%; margin-top: 0.04in; margin-bottom: 0.08in;\">Diese Website ist mit dem &ouml;sterreichischen Web-Barrierefreiheitsgesetz (WEB-BFG) und den Web Content Accessibility Guidelines (WCAG) 2.2 in der Konformit&auml;tsstufe AA \u2714\ufe0f teilweise konform.<br \/><br \/>Teilweise konform bedeutet, dass einige Teile der Inhalte oder Funktionalit&auml;ten den Anforderungen nicht vollst&auml;ndig gen&uuml;gen. Die bekannten Ausnahmen und nicht barrierefreien Inhalte sind im Abschnitt 3 dieser Erkl&auml;rung aufgef&uuml;hrt.<\/p>\n<\/div>\n<div class=\"ct-text-block bodycopy\" style=\"box-sizing: inherit; font-family: lufga; font-size: 18px; line-height: 1.5;\">&nbsp;<\/div>\n<h2 class=\"ct-text-block bodycopy\" style=\"box-sizing: inherit; font-family: lufga; font-size: 18px; line-height: 1.5;\">2. Geltungsbereich<\/h2>\n<p class=\"ct-text-block bodycopy\" style=\"box-sizing: inherit; font-family: lufga; font-size: 18px; line-height: 1.5;\"><span style=\"font-size: 14pt;\">Diese Erkl&auml;rung zur Barrierefreiheit gilt f&uuml;r die Website www.artforart.at<\/span><\/p>\n<h2 class=\"ct-text-block bodycopy\" style=\"box-sizing: inherit; font-family: lufga; font-size: 18px; line-height: 1.5;\">3. Nicht barrierefreie Inhalte<\/h2>\n<div id=\"text_block-64-67\" class=\"ct-text-block\" style=\"box-sizing: inherit; font-family: lufga; font-size: 16px;\">Diese Website ist wegen der folgenden Unvereinbarkeiten teilweise mit der Konformit&auml;tsstufe AA der &bdquo;Richtlinien f&uuml;r barrierefreie Webinhalte &ndash; WCAG 2.1&ldquo; beziehungsweise mit dem geltenden Europ&auml;ischen Standard EN 301 549 V3.2.1 (2021-03) nach der Richtlinie (EU) 2016\/2102 des Europ&auml;ischen Parlaments und des Rates vereinbar.<br \/><br \/>\n<p class=\"font-claude-response-body break-words whitespace-normal leading-[1.7]\"><strong>Wahrnehmbar<\/strong><\/p>\n<p class=\"font-claude-response-body break-words whitespace-normal leading-[1.7]\">1.1.1 Nicht-Text-Inhalt (A) &ndash; Alle Nicht-Text-Inhalte, die dem Benutzer pr&auml;sentiert werden, haben eine Textalternative, die denselben Zweck erf&uuml;llt.<\/p>\n<p class=\"font-claude-response-body break-words whitespace-normal leading-[1.7]\">1.3.1 Informationen und Beziehungen (A) &ndash; Informationen, Struktur und Beziehungen, die &uuml;ber die Darstellung vermittelt werden, k&ouml;nnen durch Software bestimmt werden oder stehen in Textform zur Verf&uuml;gung.<\/p>\n<p class=\"font-claude-response-body break-words whitespace-normal leading-[1.7]\">1.3.2 Bedeutungsvolle Reihenfolge (A) &ndash; Wenn die Reihenfolge, in der Inhalte pr&auml;sentiert werden, f&uuml;r ihr Verst&auml;ndnis wichtig ist, kann die korrekte Leseabfolge durch Software bestimmt werden.<\/p>\n<p class=\"font-claude-response-body break-words whitespace-normal leading-[1.7]\">1.4.1 Verwendung von Farbe (A) &ndash; Farbe wird nicht als einziges visuelles Mittel verwendet, um Informationen zu vermitteln, eine Aktion anzuzeigen, eine Reaktion anzufordern oder ein visuelles Element zu unterscheiden.<\/p>\n<p class=\"font-claude-response-body break-words whitespace-normal leading-[1.7]\">1.4.3 Kontrast, Minimum (AA) &ndash; Text hat ein Kontrastverh&auml;ltnis zum Hintergrund von mindestens 4,5:1, au&szlig;er er ist rein dekorativ oder ein Logo. Gr&ouml;&szlig;erer Text (ab 18pt oder 14pt fettgedruckt) ben&ouml;tigt ein Kontrastverh&auml;ltnis von mindestens 3:1.<\/p>\n<p class=\"font-claude-response-body break-words whitespace-normal leading-[1.7]\">1.4.11 Kontrast von Nicht-Text-Inhalten (AA) &ndash; Visuelle Darstellungen von Benutzeroberfl&auml;chenkomponenten und grafischen Objekten haben ein Kontrastverh&auml;ltnis von mindestens 3:1 zum angrenzenden Bereich.<\/p>\n<hr class=\"border-border-200 border-t-0.5 my-3 mx-1.5\" \/>\n<p class=\"font-claude-response-body break-words whitespace-normal leading-[1.7]\"><strong>Bedienbar<\/strong><\/p>\n<p class=\"font-claude-response-body break-words whitespace-normal leading-[1.7]\">2.1.1 Tastatur (A) &ndash; Alle Funktionen des Inhalts sind &uuml;ber eine Tastaturschnittstelle bedienbar, ohne dass spezifische Zeitabst&auml;nde f&uuml;r einzelne Tastenanschl&auml;ge erforderlich sind.<\/p>\n<p class=\"font-claude-response-body break-words whitespace-normal leading-[1.7]\">2.1.2 Keine Tastaturfalle (A) &ndash; Wenn der Tastaturfokus auf einen Bestandteil der Seite bewegt werden kann, kann der Fokus von diesem Bestandteil auch wieder wegbewegt werden, indem nur die Tastatur verwendet wird.<\/p>\n<p class=\"font-claude-response-body break-words whitespace-normal leading-[1.7]\">2.4.1 Bl&ouml;cke &uuml;berspringen (A) &ndash; Es gibt einen Mechanismus, um Inhaltsbl&ouml;cke zu &uuml;berspringen, die auf mehreren Webseiten wiederholt werden.<\/p>\n<p class=\"font-claude-response-body break-words whitespace-normal leading-[1.7]\">2.4.2 Seite betitelt (A) &ndash; Webseiten haben Titel, die Thema oder Zweck beschreiben.<\/p>\n<p class=\"font-claude-response-body break-words whitespace-normal leading-[1.7]\">2.4.3 Fokus-Reihenfolge (A) &ndash; Wenn eine Webseite der Reihe nach navigiert werden kann und die Navigationsreihenfolge Bedeutung oder Funktion beeinflusst, erhalten fokussierbare Komponenten den Fokus in einer Reihenfolge, die Bedeutung und Bedienbarkeit bewahrt.<\/p>\n<p class=\"font-claude-response-body break-words whitespace-normal leading-[1.7]\">2.4.4 Linkzweck im Kontext (A) &ndash; Der Zweck jedes Links kann durch den Linktext allein oder durch den Linktext in Verbindung mit seinem durch Software bestimmten Linkkontext bestimmt werden.<\/p>\n<p class=\"font-claude-response-body break-words whitespace-normal leading-[1.7]\">2.4.6 &Uuml;berschriften und Beschriftungen (AA) &ndash; &Uuml;berschriften und Beschriftungen beschreiben das Thema oder den Zweck.<\/p>\n<p class=\"font-claude-response-body break-words whitespace-normal leading-[1.7]\">2.4.7 Fokus sichtbar (AA) &ndash; Jede &uuml;ber die Tastatur bedienbare Benutzeroberfl&auml;che verf&uuml;gt &uuml;ber einen Betriebsmodus, bei dem der Tastaturfokus sichtbar ist.<\/p>\n<p class=\"font-claude-response-body break-words whitespace-normal leading-[1.7]\">2.4.11 Fokus-Erscheinungsbild (AA) &ndash; Wenn eine Benutzeroberfl&auml;chenkomponente den Tastaturfokus erh&auml;lt, ist der Fokusindikator vollst&auml;ndig sichtbar und erf&uuml;llt Mindestanforderungen an Gr&ouml;&szlig;e und Kontrast.<\/p>\n<p class=\"font-claude-response-body break-words whitespace-normal leading-[1.7]\">2.4.12 Fokus nicht verdeckt, Minimum (AA) &ndash; Wenn eine Benutzeroberfl&auml;chenkomponente den Tastaturfokus erh&auml;lt, ist sie nicht vollst&auml;ndig durch vom Autor erstellte Inhalte verdeckt.<\/p>\n<p class=\"font-claude-response-body break-words whitespace-normal leading-[1.7]\">2.5.8 Zielgr&ouml;&szlig;e, Minimum (AA) &ndash; Die Gr&ouml;&szlig;e des Ziels f&uuml;r Zeigereingaben betr&auml;gt mindestens 24 &times; 24 CSS-Pixel.<\/p>\n<hr class=\"border-border-200 border-t-0.5 my-3 mx-1.5\" \/>\n<p class=\"font-claude-response-body break-words whitespace-normal leading-[1.7]\"><strong>Verst&auml;ndlich<\/strong><\/p>\n<p class=\"font-claude-response-body break-words whitespace-normal leading-[1.7]\">3.1.2 Sprache von Teilen (AA) &ndash; Die menschliche Sprache jedes Abschnitts oder jeder Phrase im Inhalt kann durch Software bestimmt werden, au&szlig;er bei Eigennamen, technischen Begriffen und W&ouml;rtern unbestimmter Sprache.<\/p>\n<p class=\"font-claude-response-body break-words whitespace-normal leading-[1.7]\">3.2.4 Konsistente Identifikation (AA) &ndash; Komponenten mit der gleichen Funktionalit&auml;t innerhalb einer Gruppe von Webseiten werden einheitlich identifiziert.<\/p>\n<p class=\"font-claude-response-body break-words whitespace-normal leading-[1.7]\">3.3.2 Beschriftungen oder Anweisungen (A) &ndash; Beschriftungen oder Anweisungen werden bereitgestellt, wenn Inhalte eine Benutzereingabe erfordern.<\/p>\n<hr class=\"border-border-200 border-t-0.5 my-3 mx-1.5\" \/>\n<p class=\"font-claude-response-body break-words whitespace-normal leading-[1.7]\"><strong>Robust<\/strong><\/p>\n<p class=\"font-claude-response-body break-words whitespace-normal leading-[1.7]\">4.1.2 Name, Rolle, Wert (A) &ndash; Bei allen Benutzeroberfl&auml;chenkomponenten kann der Name und die Rolle programmatisch bestimmt werden; Zust&auml;nde, Eigenschaften und Werte, die vom Benutzer festgelegt werden k&ouml;nnen, k&ouml;nnen programmatisch festgelegt werden.<\/p>\n<\/div><\/div><\/div><div id=\"div_block-569-4465\" class=\"ct-div-block\" ><div id=\"_rich_text-573-4465\" class=\"oxy-rich-text w-100 bodycopy\" ><div id=\"text_block-7-67\" class=\"ct-text-block link\" style=\"box-sizing: inherit; font-family: lufga; font-size: 20px; line-height: 1.2; letter-spacing: 1.25px; margin-top: 0px;\">\n<div style=\"box-sizing: inherit;\">\n<div class=\"ct-text-block bodycopy\" style=\"box-sizing: inherit; line-height: 1.5;\">\n<div class=\"ct-text-block bodycopy\" style=\"box-sizing: inherit; line-height: 1.5;\">\n<h2 id=\"text_block-7-67\" class=\"ct-text-block link\" style=\"box-sizing: inherit; font-family: lufga; font-size: 20px; line-height: 1.2; letter-spacing: 1.25px; margin-top: 0px;\"><span style=\"font-size: 14pt;\">4. Erstellung dieser Erkl&auml;rung zur Barrierefreiheit<\/span><\/h2>\n<div id=\"text_block-8-67\" class=\"ct-text-block bodycopy\" style=\"box-sizing: inherit; font-family: lufga; font-size: 18px; line-height: 1.5;\">\n<p style=\"line-height: 100%; margin-top: 0.04in; margin-bottom: 0.08in;\"><span style=\"font-size: 14pt;\">Diese Erkl&auml;rung wurde am 06.03.2026 erstellt.<\/span><\/p>\n<\/div>\n<div>&nbsp;<\/div>\n<div><span style=\"font-size: 14pt;\">Die Bewertung der Vereinbarkeit der Website mit dem Web-Barrierefreiheitsgesetz (WEB-BFG) zur Umsetzung der Anforderungen der Richtlinie (EU) 2016\/2102 erfolgte in Form einer Selbstbewertung nach WCAG 2.2 im Konformit&auml;tslevel AA durch Levels Branding und Web Development OG im Februar 2026.<\/span><br \/>\n<div><span style=\"font-size: 14pt;\">&Uuml;berpr&uuml;ft wurden die folgenden Seiten:<\/span><\/div>\n<ul>\n<li><span style=\"font-size: 14pt;\">Startseite<\/span><\/li>\n<li><span style=\"font-size: 14pt;\">&Uuml;ber uns<\/span><\/li>\n<li><span style=\"font-size: 14pt;\">Projekt-Einzelansicht<\/span><\/li>\n<li><span style=\"font-size: 14pt;\">Gesch&auml;ftsberichte<\/span><\/li>\n<li><span style=\"font-size: 14pt;\">Job Single (Stellen-Detailseite)<\/span><\/li>\n<li><span style=\"font-size: 14pt;\">Event Location<\/span><\/li>\n<li><span style=\"font-size: 14pt;\">Standorte<\/span><\/li>\n<li><span style=\"font-size: 14pt;\">News &Uuml;bersicht<\/span><\/li>\n<li><span style=\"font-size: 14pt;\">News Single (News-Detailseite)<\/span><\/li>\n<li><span style=\"font-size: 14pt;\">B&uuml;hnenbild<\/span><\/li>\n<li><span style=\"font-size: 14pt;\">Akademie f&uuml;r Theaterhandwerk<\/span><\/li>\n<\/ul>\n<\/div>\n<h2 class=\"ct-text-block bodycopy\" style=\"box-sizing: inherit; line-height: 1.5;\"><span style=\"font-family: lufga;\"><span style=\"font-size: 18px;\">5. Feedback und Kontaktangaben<\/span><\/span><\/h2>\n<div class=\"ct-text-block bodycopy\" style=\"box-sizing: inherit; line-height: 1.5;\"><span style=\"font-family: lufga;\"><span style=\"font-size: 18px;\">Die Angebote und Services auf dieser Website werden laufend verbessert, ausgetauscht und ausgebaut. Dabei ist uns die Bedienbarkeit und Zug&auml;nglichkeit ein gro&szlig;es Anliegen.<\/span><\/span><\/div>\n<p style=\"font-family: lufga; font-size: 18px; letter-spacing: normal;\">&nbsp;<\/p>\n<\/div>\n<div id=\"text_block-22-67\" class=\"ct-text-block bodycopy\" style=\"font-family: lufga; font-size: 18px; letter-spacing: normal; box-sizing: inherit; line-height: 1.5;\">Wenn Ihnen Barrieren auffallen, die Sie an der Benutzung unserer Website behindern, so bitten wir Sie, uns diese per E-Mail mitzuteilen.<br style=\"box-sizing: inherit;\" \/><br style=\"box-sizing: inherit;\" \/>Wir werden Ihre Anfrage pr&uuml;fen und Sie ehestm&ouml;glich kontaktieren.<br style=\"box-sizing: inherit;\" \/><br style=\"box-sizing: inherit;\" \/>S&auml;mtliche Mitteilungen und Anregungen senden Sie uns bitte an presse@theaterservice.at mit dem Betreff \"Meldung einer Barriere in der Webseite www.artforart.at\". Bitte beschreiben Sie das Problem und f&uuml;hren Sie uns die URL(s) der betroffenen Webseite an.<\/div>\n<h2 id=\"text_block-12-67\" class=\"ct-text-block link\" style=\"font-family: lufga; font-size: 20px; letter-spacing: 1.25px; box-sizing: inherit; line-height: 1.2; margin-top: 40px;\">6. Durchsetzungsverfahren<\/h2>\n<div id=\"text_block-13-67\" class=\"ct-text-block bodycopy\" style=\"font-family: lufga; font-size: 18px; letter-spacing: normal; box-sizing: inherit; line-height: 1.5;\">Bei nicht zufriedenstellenden Antworten aus oben genannter Kontaktm&ouml;glichkeit k&ouml;nnen Sie sich mittels Beschwerde an die &Ouml;sterreichische Forschungsf&ouml;rderungsgesellschaft mbH (FFG) wenden. Die FFG nimmt &uuml;ber das Kontaktformular Beschwerden auf elektronischem Weg entgegen.<br style=\"box-sizing: inherit;\" \/><br style=\"box-sizing: inherit;\" \/><a style=\"box-sizing: inherit; background-color: transparent; color: #e30513; text-decoration-line: none;\" href=\"https:\/\/www.ffg.at\/form\/kontaktformular-beschwerdestelle\">Zum Kontaktformular der Beschwerdestelle<br style=\"box-sizing: inherit;\" \/><\/a><br style=\"box-sizing: inherit;\" \/>Diese Beschwerden werden von der FFG dahingehend gepr&uuml;ft, ob sie sich auf Verst&ouml;&szlig;e gegen die Vorgaben des Web-Zug&auml;nglichkeits-Gesetzes, insbesondere M&auml;ngel bei der Einhaltung der Barrierefreiheitsanforderungen, durch den Bund oder einer ihn zurechenbaren Einrichtung beziehen.<br style=\"box-sizing: inherit;\" \/><br style=\"box-sizing: inherit;\" \/>Sofern die Beschwerde berechtigt ist, hat die FFG dem Bund oder den betroffenen Rechtstr&auml;gern Handlungsempfehlungen auszusprechen und Ma&szlig;nahmen vorzuschlagen, die der Beseitigung der vorliegenden M&auml;ngel dienen.<br style=\"box-sizing: inherit;\" \/><br style=\"box-sizing: inherit;\" \/><a style=\"box-sizing: inherit; background-color: transparent; color: #e30513; text-decoration-line: none;\" href=\"https:\/\/www.ffg.at\/digitale-barrierefreiheit\/digitales-zugaenglich-machen\/beschwerdestelle\">Weitere Informationen zum Beschwerdeverfahren<\/a><\/div>\n<\/div>\n<\/div>\n<\/div><\/div><\/div><\/div><\/div><\/section>","protected":false},"excerpt":{"rendered":"","protected":false},"author":2,"featured_media":0,"parent":0,"menu_order":0,"comment_status":"closed","ping_status":"closed","template":"","meta":{"_acf_changed":false,"inline_featured_image":false,"footnotes":""},"class_list":["post-67","page","type-page","status-publish","hentry"],"acf":[],"yoast_head":"<!-- This site is optimized with the Yoast SEO plugin v27.3 - https:\/\/yoast.com\/product\/yoast-seo-wordpress\/ -->\n<title>Barrierefreiheit - ART for ART<\/title>\n<meta name=\"description\" content=\"1. Konformit&auml;tsstatus\n\n&nbsp;\nDiese Website ist mit dem &ouml;sterreichischen Web-Barrierefreiheitsgesetz (WEB-BFG) und den Web Content Accessibility\" \/>\n<meta name=\"robots\" content=\"index, follow, max-snippet:-1, max-image-preview:large, max-video-preview:-1\" \/>\n<link rel=\"canonical\" href=\"https:\/\/artforart.at\/en\/accessibility\/\" \/>\n<meta property=\"og:locale\" content=\"en_GB\" \/>\n<meta property=\"og:type\" content=\"article\" \/>\n<meta property=\"og:title\" content=\"Barrierefreiheit - ART for ART\" \/>\n<meta property=\"og:url\" content=\"https:\/\/artforart.at\/en\/accessibility\/\" \/>\n<meta property=\"og:site_name\" content=\"ART for ART\" \/>\n<meta property=\"article:publisher\" content=\"https:\/\/www.facebook.com\/profile.php?id=100066845842584\" \/>\n<meta property=\"article:modified_time\" content=\"2026-03-06T15:01:55+00:00\" \/>\n<meta property=\"og:image\" content=\"https:\/\/artforart.at\/wp-content\/uploads\/2025\/12\/AfA-Logo-grau-mit-WE.png\" \/>\n\t<meta property=\"og:image:width\" content=\"591\" \/>\n\t<meta property=\"og:image:height\" content=\"591\" \/>\n\t<meta property=\"og:image:type\" content=\"image\/png\" \/>\n<meta name=\"twitter:card\" content=\"summary_large_image\" \/>\n<script type=\"application\/ld+json\" class=\"yoast-schema-graph\">{\"@context\":\"https:\\\/\\\/schema.org\",\"@graph\":[{\"@type\":\"WebPage\",\"@id\":\"https:\\\/\\\/artforart.at\\\/barrierefreiheit\",\"url\":\"https:\\\/\\\/artforart.at\\\/barrierefreiheit\",\"name\":\"Barrierefreiheit - ART for ART\",\"isPartOf\":{\"@id\":\"https:\\\/\\\/artforart.at\\\/#website\"},\"datePublished\":\"2021-12-22T15:01:40+00:00\",\"dateModified\":\"2026-03-06T15:01:55+00:00\",\"breadcrumb\":{\"@id\":\"https:\\\/\\\/artforart.at\\\/barrierefreiheit#breadcrumb\"},\"inLanguage\":\"en-GB\",\"potentialAction\":[{\"@type\":\"ReadAction\",\"target\":[\"https:\\\/\\\/artforart.at\\\/barrierefreiheit\"]}]},{\"@type\":\"BreadcrumbList\",\"@id\":\"https:\\\/\\\/artforart.at\\\/barrierefreiheit#breadcrumb\",\"itemListElement\":[{\"@type\":\"ListItem\",\"position\":1,\"name\":\"Startseite\",\"item\":\"https:\\\/\\\/artforart.at\\\/\"},{\"@type\":\"ListItem\",\"position\":2,\"name\":\"Barrierefreiheit\"}]},{\"@type\":\"WebSite\",\"@id\":\"https:\\\/\\\/artforart.at\\\/#website\",\"url\":\"https:\\\/\\\/artforart.at\\\/\",\"name\":\"ART for ART\",\"description\":\"Traditionelles Theaterhandwerk trifft moderne Technik. ART for ART fertigt Kost\u00fcme, Kulissen und B\u00fchnenausstattung f\u00fcr Opern, Theater und Film \u2013 alles aus einer Hand.\",\"publisher\":{\"@id\":\"https:\\\/\\\/artforart.at\\\/#organization\"},\"alternateName\":\"ART for ART Theaterservice GmbH\",\"potentialAction\":[{\"@type\":\"SearchAction\",\"target\":{\"@type\":\"EntryPoint\",\"urlTemplate\":\"https:\\\/\\\/artforart.at\\\/?s={search_term_string}\"},\"query-input\":{\"@type\":\"PropertyValueSpecification\",\"valueRequired\":true,\"valueName\":\"search_term_string\"}}],\"inLanguage\":\"en-GB\"},{\"@type\":\"Organization\",\"@id\":\"https:\\\/\\\/artforart.at\\\/#organization\",\"name\":\"ART for ART\",\"alternateName\":\"Art4Art, ArtForArt\",\"url\":\"https:\\\/\\\/artforart.at\\\/\",\"logo\":{\"@type\":\"ImageObject\",\"inLanguage\":\"en-GB\",\"@id\":\"https:\\\/\\\/artforart.at\\\/#\\\/schema\\\/logo\\\/image\\\/\",\"url\":\"https:\\\/\\\/artforart.at\\\/wp-content\\\/uploads\\\/2021\\\/11\\\/logo.png\",\"contentUrl\":\"https:\\\/\\\/artforart.at\\\/wp-content\\\/uploads\\\/2021\\\/11\\\/logo.png\",\"width\":322,\"height\":301,\"caption\":\"ART for ART\"},\"image\":{\"@id\":\"https:\\\/\\\/artforart.at\\\/#\\\/schema\\\/logo\\\/image\\\/\"},\"sameAs\":[\"https:\\\/\\\/www.facebook.com\\\/profile.php?id=100066845842584\",\"https:\\\/\\\/www.instagram.com\\\/artforarttheaterservice\\\/\",\"https:\\\/\\\/www.linkedin.com\\\/company\\\/art-for-art-theaterservice-gmbh\\\/\"]}]}<\/script>\n<!-- \/ Yoast SEO plugin. -->","yoast_head_json":{"title":"Accessibility - ART for ART","description":"1. Konformit&auml;tsstatus\n\n&nbsp;\nDiese Website ist mit dem &ouml;sterreichischen Web-Barrierefreiheitsgesetz (WEB-BFG) und den Web Content Accessibility","robots":{"index":"index","follow":"follow","max-snippet":"max-snippet:-1","max-image-preview":"max-image-preview:large","max-video-preview":"max-video-preview:-1"},"canonical":"https:\/\/artforart.at\/en\/accessibility\/","og_locale":"en_GB","og_type":"article","og_title":"Barrierefreiheit - ART for ART","og_url":"https:\/\/artforart.at\/en\/accessibility\/","og_site_name":"ART for ART","article_publisher":"https:\/\/www.facebook.com\/profile.php?id=100066845842584","article_modified_time":"2026-03-06T15:01:55+00:00","og_image":[{"width":591,"height":591,"url":"https:\/\/artforart.at\/wp-content\/uploads\/2025\/12\/AfA-Logo-grau-mit-WE.png","type":"image\/png"}],"twitter_card":"summary_large_image","schema":{"@context":"https:\/\/schema.org","@graph":[{"@type":"WebPage","@id":"https:\/\/artforart.at\/barrierefreiheit","url":"https:\/\/artforart.at\/barrierefreiheit","name":"Accessibility - ART for ART","isPartOf":{"@id":"https:\/\/artforart.at\/#website"},"datePublished":"2021-12-22T15:01:40+00:00","dateModified":"2026-03-06T15:01:55+00:00","breadcrumb":{"@id":"https:\/\/artforart.at\/barrierefreiheit#breadcrumb"},"inLanguage":"en-GB","potentialAction":[{"@type":"ReadAction","target":["https:\/\/artforart.at\/barrierefreiheit"]}]},{"@type":"BreadcrumbList","@id":"https:\/\/artforart.at\/barrierefreiheit#breadcrumb","itemListElement":[{"@type":"ListItem","position":1,"name":"Startseite","item":"https:\/\/artforart.at\/"},{"@type":"ListItem","position":2,"name":"Barrierefreiheit"}]},{"@type":"WebSite","@id":"https:\/\/artforart.at\/#website","url":"https:\/\/artforart.at\/","name":"ART for ART","description":"Traditional theatre craftsmanship meets modern technology. ART for ART manufactures costumes, backdrops and stage sets for opera, theatre and film - all from a single source.","publisher":{"@id":"https:\/\/artforart.at\/#organization"},"alternateName":"ART for ART Theaterservice GmbH","potentialAction":[{"@type":"SearchAction","target":{"@type":"EntryPoint","urlTemplate":"https:\/\/artforart.at\/?s={search_term_string}"},"query-input":{"@type":"PropertyValueSpecification","valueRequired":true,"valueName":"search_term_string"}}],"inLanguage":"en-GB"},{"@type":"Organization","@id":"https:\/\/artforart.at\/#organization","name":"ART for ART","alternateName":"Art4Art, ArtForArt","url":"https:\/\/artforart.at\/","logo":{"@type":"ImageObject","inLanguage":"en-GB","@id":"https:\/\/artforart.at\/#\/schema\/logo\/image\/","url":"https:\/\/artforart.at\/wp-content\/uploads\/2021\/11\/logo.png","contentUrl":"https:\/\/artforart.at\/wp-content\/uploads\/2021\/11\/logo.png","width":322,"height":301,"caption":"ART for ART"},"image":{"@id":"https:\/\/artforart.at\/#\/schema\/logo\/image\/"},"sameAs":["https:\/\/www.facebook.com\/profile.php?id=100066845842584","https:\/\/www.instagram.com\/artforarttheaterservice\/","https:\/\/www.linkedin.com\/company\/art-for-art-theaterservice-gmbh\/"]}]}},"_links":{"self":[{"href":"https:\/\/artforart.at\/en\/wp-json\/wp\/v2\/pages\/67","targetHints":{"allow":["GET"]}}],"collection":[{"href":"https:\/\/artforart.at\/en\/wp-json\/wp\/v2\/pages"}],"about":[{"href":"https:\/\/artforart.at\/en\/wp-json\/wp\/v2\/types\/page"}],"author":[{"embeddable":true,"href":"https:\/\/artforart.at\/en\/wp-json\/wp\/v2\/users\/2"}],"replies":[{"embeddable":true,"href":"https:\/\/artforart.at\/en\/wp-json\/wp\/v2\/comments?post=67"}],"version-history":[{"count":0,"href":"https:\/\/artforart.at\/en\/wp-json\/wp\/v2\/pages\/67\/revisions"}],"wp:attachment":[{"href":"https:\/\/artforart.at\/en\/wp-json\/wp\/v2\/media?parent=67"}],"curies":[{"name":"wp","href":"https:\/\/api.w.org\/{rel}","templated":true}]}}