{"id":60,"date":"2021-12-22T14:59:56","date_gmt":"2021-12-22T14:59:56","guid":{"rendered":"https:\/\/artforart.at\/?page_id=60"},"modified":"2025-11-17T10:26:14","modified_gmt":"2025-11-17T10:26:14","slug":"imprint","status":"publish","type":"page","link":"https:\/\/artforart.at\/en\/impressum","title":{"rendered":"Imprint"},"content":{"rendered":"<section id=\"section-561-4465\" class=\"ct-section center\" ><div class=\"ct-section-inner-wrap\"><h1 id=\"headline-564-4465\" class=\"ct-headline h2 break-with-hyphen mb-40\">Imprint<\/h1><div id=\"div_block-565-4465\" class=\"ct-div-block w-970 grid-2\" ><div id=\"div_block-566-4465\" class=\"ct-div-block\" ><div id=\"_rich_text-572-4465\" class=\"oxy-rich-text w-100 bodycopy\" ><p style=\"text-align: left;\"><span style=\"font-family: lufga; font-size: 20px; letter-spacing: 1.25px; text-align: center;\">ART for ART Theaterservice GmbH<br \/><\/span>Goethegasse 1&nbsp;<br \/>1010 Vienna&nbsp;<\/p>\n<div style=\"box-sizing: inherit; font-family: lufga; font-size: 20px; letter-spacing: 1.25px; text-align: left;\">&nbsp;<\/div>\n<div style=\"box-sizing: inherit; font-family: lufga; font-size: 20px; letter-spacing: 1.25px; text-align: left;\">UID number: ATU 473 17 602&nbsp;<\/div>\n<div style=\"box-sizing: inherit; font-family: lufga; font-size: 20px; letter-spacing: 1.25px; text-align: left;\">Company register number: FN 184 083 k&nbsp;<\/div>\n<div style=\"box-sizing: inherit; font-family: lufga; font-size: 20px; letter-spacing: 1.25px; text-align: left;\">Commercial court: Vienna Commercial Court&nbsp;<\/div>\n<div style=\"box-sizing: inherit; font-family: lufga; font-size: 20px; letter-spacing: 1.25px; text-align: left;\">&nbsp;<\/div>\n<div style=\"box-sizing: inherit; font-family: lufga; font-size: 20px; letter-spacing: 1.25px; text-align: left;\">&nbsp;<\/div>\n<div style=\"box-sizing: inherit; font-family: lufga; font-size: 20px; letter-spacing: 1.25px; text-align: left;\">Object of the company:<\/div>\n<div style=\"box-sizing: inherit; font-family: lufga; font-size: 20px; letter-spacing: 1.25px; text-align: left;\">Maintenance work on buildings and building management, provision of set designers, costumes and other theatre props, ticket sales, provision of IT services,&nbsp;<\/div>\n<div style=\"box-sizing: inherit; font-family: lufga; font-size: 20px; letter-spacing: 1.25px; text-align: left;\">Realisation of storage and transport services, operation of a fundus, maintenance work on stage equipment.&nbsp;<\/div>\n<div style=\"box-sizing: inherit; font-family: lufga; font-size: 20px; letter-spacing: 1.25px; text-align: left;\">&nbsp;<\/div>\n<div style=\"box-sizing: inherit; font-family: lufga; font-size: 20px; letter-spacing: 1.25px; text-align: left;\">&nbsp;<\/div>\n<div style=\"box-sizing: inherit; font-family: lufga; font-size: 20px; letter-spacing: 1.25px; text-align: left;\">Management:<\/div>\n<div style=\"box-sizing: inherit; font-family: lufga; font-size: 20px; letter-spacing: 1.25px; text-align: left;\">Petra H\u00f6finger, MBA&nbsp;<\/div>\n<div style=\"box-sizing: inherit; font-family: lufga; font-size: 20px; letter-spacing: 1.25px; text-align: left;\">&nbsp;<\/div>\n<div style=\"box-sizing: inherit; font-family: lufga; font-size: 20px; letter-spacing: 1.25px; text-align: left;\">\n<div style=\"box-sizing: inherit; font-family: lufga; font-size: 20px; letter-spacing: 1.25px; text-align: left;\">Participation ratio:<\/div>\n<div style=\"box-sizing: inherit; font-family: lufga; font-size: 20px; letter-spacing: 1.25px; text-align: left;\">ART for ART Theaterservice GmbH is 51.1% owned by Bundestheater-Holding GmbH and 16.3% each by Burgtheater GmbH, Volksoper Wien GmbH and Wiener Staatsoper GmbH&nbsp;<\/div>\n<div style=\"box-sizing: inherit; font-family: lufga; font-size: 20px; letter-spacing: 1.25px; text-align: left;\">&nbsp;<\/div>\n<div style=\"box-sizing: inherit; font-family: lufga; font-size: 20px; letter-spacing: 1.25px; text-align: left;\">Member of the WK\u00d6&nbsp;<\/div>\n<div style=\"box-sizing: inherit; font-family: lufga; font-size: 20px; letter-spacing: 1.25px; text-align: left;\">&nbsp;<\/div>\n<div style=\"box-sizing: inherit; font-family: lufga; font-size: 20px; letter-spacing: 1.25px; text-align: left;\">Professional law:<\/div>\n<div style=\"box-sizing: inherit; font-family: lufga; font-size: 20px; letter-spacing: 1.25px; text-align: left;\">Trade regulations: www.ris.bka.gv.at&nbsp;<\/div>\n<div style=\"box-sizing: inherit; font-family: lufga; font-size: 20px; letter-spacing: 1.25px; text-align: left;\">&nbsp;<\/div>\n<div style=\"box-sizing: inherit; font-family: lufga; font-size: 20px; letter-spacing: 1.25px; text-align: left;\">Trade licences:<\/div>\n<div style=\"box-sizing: inherit; font-family: lufga; font-size: 20px; letter-spacing: 1.25px; text-align: left;\">Map office, master builder, heating and ventilation technology, gas and sanitary technology, refrigeration and air conditioning technology, electrical engineering, locksmiths, carpenters, upholsterers and decorators,&nbsp;<\/div>\n<div style=\"box-sizing: inherit; font-family: lufga; font-size: 20px; letter-spacing: 1.25px; text-align: left;\">national goods transport, ladies' and men's clothing makers, shoemakers, commercial trade, advertising agency, management consultancy&nbsp;<\/div>\n<\/div><\/div><\/div><div id=\"div_block-569-4465\" class=\"ct-div-block\" ><div id=\"_rich_text-573-4465\" class=\"oxy-rich-text w-100 bodycopy\" ><div style=\"box-sizing: inherit; font-family: lufga; font-size: 20px; letter-spacing: 1.25px; text-align: left;\">Supervisory authority:<\/div>\n<div style=\"box-sizing: inherit; font-family: lufga; font-size: 20px; letter-spacing: 1.25px; text-align: left;\">Municipal district office for the 1st\/8th district&nbsp;<\/div>\n<div style=\"box-sizing: inherit; font-family: lufga; font-size: 20px; letter-spacing: 1.25px; text-align: left;\">&nbsp;<\/div>\n<div style=\"box-sizing: inherit; font-family: lufga; font-size: 20px; letter-spacing: 1.25px; text-align: left;\">Information on online dispute resolution:<\/div>\n<div style=\"box-sizing: inherit; font-family: lufga; font-size: 20px; letter-spacing: 1.25px; text-align: left;\">Consumers have the option of submitting complaints to the EU's online dispute resolution platform: http:\/\/ec.europa.eu\/odr.&nbsp;<\/div>\n<div style=\"box-sizing: inherit; font-family: lufga; font-size: 20px; letter-spacing: 1.25px; text-align: left;\">You can also address any complaints to office@theaterservice.at.&nbsp;<\/div>\n<div style=\"box-sizing: inherit; font-family: lufga; font-size: 20px; letter-spacing: 1.25px; text-align: left;\">&nbsp;<\/div>\n<div style=\"box-sizing: inherit; font-family: lufga; font-size: 20px; letter-spacing: 1.25px; text-align: left;\">&nbsp;<\/div>\n<div style=\"box-sizing: inherit; font-family: lufga; font-size: 20px; letter-spacing: 1.25px; text-align: left;\">T + 43 1 51444-0&nbsp;<\/div>\n<div style=\"box-sizing: inherit; font-family: lufga; font-size: 20px; letter-spacing: 1.25px; text-align: left;\">F + 43 1 51444-7109&nbsp;<\/div>\n<div style=\"box-sizing: inherit; font-family: lufga; font-size: 20px; letter-spacing: 1.25px; text-align: left;\">Email: office@theaterservice.at&nbsp;<\/div>\n<div style=\"box-sizing: inherit; font-family: lufga; font-size: 20px; letter-spacing: 1.25px; text-align: left;\">&nbsp;<\/div>\n<div style=\"box-sizing: inherit; font-family: lufga; font-size: 20px; letter-spacing: 1.25px; text-align: left;\">Bank details:&nbsp;<\/div>\n<div style=\"box-sizing: inherit; font-family: lufga; font-size: 20px; letter-spacing: 1.25px; text-align: left;\">Oberbank AG&nbsp;<\/div>\n<div style=\"box-sizing: inherit; font-family: lufga; font-size: 20px; letter-spacing: 1.25px; text-align: left;\">IBAN: AT47 1515 0005 0155 2244&nbsp;<\/div>\n<div style=\"box-sizing: inherit; font-family: lufga; font-size: 20px; letter-spacing: 1.25px; text-align: left;\">BIC: OBKLAT2L&nbsp;<\/div>\n<div style=\"box-sizing: inherit; font-family: lufga; font-size: 20px; letter-spacing: 1.25px; text-align: left;\">&nbsp;<\/div>\n<div style=\"box-sizing: inherit; font-family: lufga; font-size: 20px; letter-spacing: 1.25px; text-align: left;\">\n<div id=\"text_block-31-60\" class=\"ct-text-block link\" style=\"box-sizing: inherit; line-height: 1.2; align-self: center;\">Editorial office:<br \/>Barbara Vogel, Bakk.phil. BA<br style=\"box-sizing: inherit;\" \/>presse@theaterservice.at<\/div>\n<div class=\"ct-text-block link\" style=\"box-sizing: inherit; line-height: 1.2; align-self: center;\">&nbsp;<\/div>\n<div id=\"text_block-33-60\" class=\"ct-text-block link\" style=\"box-sizing: inherit; line-height: 1.2; align-self: center;\">Photos:<br \/>All rights reserved by ART for ART or as stated separately<br style=\"box-sizing: inherit;\" \/><br style=\"box-sizing: inherit;\" \/><\/div>\n<div id=\"text_block-37-60\" class=\"ct-text-block link\" style=\"box-sizing: inherit; line-height: 1.2; align-self: center;\">Web design &amp; technical realisation:<br \/><a href=\"https:\/\/levels.dev\/\" target=\"_blank\" rel=\"noopener\">Levels Branding and Webdevelopment OG<\/a><\/div>\n<div class=\"ct-text-block link\" style=\"box-sizing: inherit; line-height: 1.2; align-self: center;\">&nbsp;<\/div>\n<div class=\"ct-text-block link\" style=\"box-sizing: inherit; line-height: 1.2; align-self: center;\">&nbsp;<\/div>\n<div class=\"ct-text-block link\" style=\"box-sizing: inherit; line-height: 1.2; align-self: center;\">\n<div id=\"text_block-43-60\" class=\"ct-text-block link\" style=\"box-sizing: inherit; line-height: 1.2; align-self: center;\">Information according to \u00a7 5\/1 E-Commerce Act:<\/div>\n<div id=\"text_block-55-60\" class=\"ct-text-block bodycopy\" style=\"box-sizing: inherit; font-size: 18px; line-height: 1.5; align-self: center; letter-spacing: normal;\"><br style=\"box-sizing: inherit;\" \/>ART for ART Theaterservice GmbH<br style=\"box-sizing: inherit;\" \/>Managing Director: Mrs Petra H\u00f6finger, MBA<br style=\"box-sizing: inherit;\" \/>Goethegasse 1<br style=\"box-sizing: inherit;\" \/>1010 Vienna<br style=\"box-sizing: inherit;\" \/>T +43 1 514 44-7130<br style=\"box-sizing: inherit;\" \/>F +43 1 514 44- 7109<br style=\"box-sizing: inherit;\" \/>www.artforart.at<br style=\"box-sizing: inherit;\" \/>office@theaterservice.at<br style=\"box-sizing: inherit;\" \/><br style=\"box-sizing: inherit;\" \/>Company register number: FN 184 083 k<br style=\"box-sizing: inherit;\" \/>Commercial court: Vienna Commercial Court<br style=\"box-sizing: inherit;\" \/>UID number: ATU 473 17 602<br style=\"box-sizing: inherit;\" \/>Oberbank AG<br style=\"box-sizing: inherit;\" \/>IBAN: AT47 1515 0005 0155 2244<br style=\"box-sizing: inherit;\" \/>BIC: OBKLAT2L<\/div>\n<\/div>\n<\/div><\/div><\/div><\/div><\/div><\/section>","protected":false},"excerpt":{"rendered":"","protected":false},"author":2,"featured_media":0,"parent":0,"menu_order":0,"comment_status":"closed","ping_status":"closed","template":"","meta":{"_acf_changed":false,"inline_featured_image":false,"footnotes":""},"class_list":["post-60","page","type-page","status-publish","hentry"],"acf":[],"yoast_head":"<!-- This site is optimized with the Yoast SEO plugin v27.4 - https:\/\/yoast.com\/product\/yoast-seo-wordpress\/ -->\n<title>Impressum - ART for ART<\/title>\n<meta name=\"description\" content=\"Impressum ART for ART Theaterservice GmbHGoethegasse 1&nbsp;1010 Wien&nbsp;\n&nbsp;\nUID-Nummer: ATU 473 17 602&nbsp;\nFirmenbuchnummer: FN 184 083 k&nbsp;\nFi\" \/>\n<meta name=\"robots\" content=\"index, follow, max-snippet:-1, max-image-preview:large, max-video-preview:-1\" \/>\n<link rel=\"canonical\" href=\"https:\/\/artforart.at\/en\/imprint\/\" \/>\n<meta property=\"og:locale\" content=\"en_GB\" \/>\n<meta property=\"og:type\" content=\"article\" \/>\n<meta property=\"og:title\" content=\"Impressum - ART for ART\" \/>\n<meta property=\"og:url\" content=\"https:\/\/artforart.at\/en\/imprint\/\" \/>\n<meta property=\"og:site_name\" content=\"ART for ART\" \/>\n<meta property=\"article:publisher\" content=\"https:\/\/www.facebook.com\/profile.php?id=100066845842584\" \/>\n<meta property=\"article:modified_time\" content=\"2025-11-17T10:26:14+00:00\" \/>\n<meta property=\"og:image\" content=\"https:\/\/artforart.at\/wp-content\/uploads\/2025\/12\/AfA-Logo-grau-mit-WE.png\" \/>\n\t<meta property=\"og:image:width\" content=\"591\" \/>\n\t<meta property=\"og:image:height\" content=\"591\" \/>\n\t<meta property=\"og:image:type\" content=\"image\/png\" \/>\n<meta name=\"twitter:card\" content=\"summary_large_image\" \/>\n<script type=\"application\/ld+json\" class=\"yoast-schema-graph\">{\"@context\":\"https:\\\/\\\/schema.org\",\"@graph\":[{\"@type\":\"WebPage\",\"@id\":\"https:\\\/\\\/artforart.at\\\/impressum\",\"url\":\"https:\\\/\\\/artforart.at\\\/impressum\",\"name\":\"Impressum - ART for ART\",\"isPartOf\":{\"@id\":\"https:\\\/\\\/artforart.at\\\/#website\"},\"datePublished\":\"2021-12-22T14:59:56+00:00\",\"dateModified\":\"2025-11-17T10:26:14+00:00\",\"breadcrumb\":{\"@id\":\"https:\\\/\\\/artforart.at\\\/impressum#breadcrumb\"},\"inLanguage\":\"en-GB\",\"potentialAction\":[{\"@type\":\"ReadAction\",\"target\":[\"https:\\\/\\\/artforart.at\\\/impressum\"]}]},{\"@type\":\"BreadcrumbList\",\"@id\":\"https:\\\/\\\/artforart.at\\\/impressum#breadcrumb\",\"itemListElement\":[{\"@type\":\"ListItem\",\"position\":1,\"name\":\"Startseite\",\"item\":\"https:\\\/\\\/artforart.at\\\/\"},{\"@type\":\"ListItem\",\"position\":2,\"name\":\"Impressum\"}]},{\"@type\":\"WebSite\",\"@id\":\"https:\\\/\\\/artforart.at\\\/#website\",\"url\":\"https:\\\/\\\/artforart.at\\\/\",\"name\":\"ART for ART\",\"description\":\"Traditionelles Theaterhandwerk trifft moderne Technik. ART for ART fertigt Kost\u00fcme, Kulissen und B\u00fchnenausstattung f\u00fcr Opern, Theater und Film \u2013 alles aus einer Hand.\",\"publisher\":{\"@id\":\"https:\\\/\\\/artforart.at\\\/#organization\"},\"alternateName\":\"ART for ART Theaterservice GmbH\",\"potentialAction\":[{\"@type\":\"SearchAction\",\"target\":{\"@type\":\"EntryPoint\",\"urlTemplate\":\"https:\\\/\\\/artforart.at\\\/?s={search_term_string}\"},\"query-input\":{\"@type\":\"PropertyValueSpecification\",\"valueRequired\":true,\"valueName\":\"search_term_string\"}}],\"inLanguage\":\"en-GB\"},{\"@type\":\"Organization\",\"@id\":\"https:\\\/\\\/artforart.at\\\/#organization\",\"name\":\"ART for ART\",\"alternateName\":\"Art4Art, ArtForArt\",\"url\":\"https:\\\/\\\/artforart.at\\\/\",\"logo\":{\"@type\":\"ImageObject\",\"inLanguage\":\"en-GB\",\"@id\":\"https:\\\/\\\/artforart.at\\\/#\\\/schema\\\/logo\\\/image\\\/\",\"url\":\"https:\\\/\\\/artforart.at\\\/wp-content\\\/uploads\\\/2021\\\/11\\\/logo.png\",\"contentUrl\":\"https:\\\/\\\/artforart.at\\\/wp-content\\\/uploads\\\/2021\\\/11\\\/logo.png\",\"width\":322,\"height\":301,\"caption\":\"ART for ART\"},\"image\":{\"@id\":\"https:\\\/\\\/artforart.at\\\/#\\\/schema\\\/logo\\\/image\\\/\"},\"sameAs\":[\"https:\\\/\\\/www.facebook.com\\\/profile.php?id=100066845842584\",\"https:\\\/\\\/www.instagram.com\\\/artforarttheaterservice\\\/\",\"https:\\\/\\\/www.linkedin.com\\\/company\\\/art-for-art-theaterservice-gmbh\\\/\"]}]}<\/script>\n<!-- \/ Yoast SEO plugin. -->","yoast_head_json":{"title":"Imprint - ART for ART","description":"Impressum ART for ART Theaterservice GmbHGoethegasse 1&nbsp;1010 Wien&nbsp;\n&nbsp;\nUID-Nummer: ATU 473 17 602&nbsp;\nFirmenbuchnummer: FN 184 083 k&nbsp;\nFi","robots":{"index":"index","follow":"follow","max-snippet":"max-snippet:-1","max-image-preview":"max-image-preview:large","max-video-preview":"max-video-preview:-1"},"canonical":"https:\/\/artforart.at\/en\/imprint\/","og_locale":"en_GB","og_type":"article","og_title":"Impressum - ART for ART","og_url":"https:\/\/artforart.at\/en\/imprint\/","og_site_name":"ART for ART","article_publisher":"https:\/\/www.facebook.com\/profile.php?id=100066845842584","article_modified_time":"2025-11-17T10:26:14+00:00","og_image":[{"width":591,"height":591,"url":"https:\/\/artforart.at\/wp-content\/uploads\/2025\/12\/AfA-Logo-grau-mit-WE.png","type":"image\/png"}],"twitter_card":"summary_large_image","schema":{"@context":"https:\/\/schema.org","@graph":[{"@type":"WebPage","@id":"https:\/\/artforart.at\/impressum","url":"https:\/\/artforart.at\/impressum","name":"Imprint - ART for ART","isPartOf":{"@id":"https:\/\/artforart.at\/#website"},"datePublished":"2021-12-22T14:59:56+00:00","dateModified":"2025-11-17T10:26:14+00:00","breadcrumb":{"@id":"https:\/\/artforart.at\/impressum#breadcrumb"},"inLanguage":"en-GB","potentialAction":[{"@type":"ReadAction","target":["https:\/\/artforart.at\/impressum"]}]},{"@type":"BreadcrumbList","@id":"https:\/\/artforart.at\/impressum#breadcrumb","itemListElement":[{"@type":"ListItem","position":1,"name":"Startseite","item":"https:\/\/artforart.at\/"},{"@type":"ListItem","position":2,"name":"Impressum"}]},{"@type":"WebSite","@id":"https:\/\/artforart.at\/#website","url":"https:\/\/artforart.at\/","name":"ART for ART","description":"Traditional theatre craftsmanship meets modern technology. ART for ART manufactures costumes, backdrops and stage sets for opera, theatre and film - all from a single source.","publisher":{"@id":"https:\/\/artforart.at\/#organization"},"alternateName":"ART for ART Theaterservice GmbH","potentialAction":[{"@type":"SearchAction","target":{"@type":"EntryPoint","urlTemplate":"https:\/\/artforart.at\/?s={search_term_string}"},"query-input":{"@type":"PropertyValueSpecification","valueRequired":true,"valueName":"search_term_string"}}],"inLanguage":"en-GB"},{"@type":"Organization","@id":"https:\/\/artforart.at\/#organization","name":"ART for ART","alternateName":"Art4Art, ArtForArt","url":"https:\/\/artforart.at\/","logo":{"@type":"ImageObject","inLanguage":"en-GB","@id":"https:\/\/artforart.at\/#\/schema\/logo\/image\/","url":"https:\/\/artforart.at\/wp-content\/uploads\/2021\/11\/logo.png","contentUrl":"https:\/\/artforart.at\/wp-content\/uploads\/2021\/11\/logo.png","width":322,"height":301,"caption":"ART for ART"},"image":{"@id":"https:\/\/artforart.at\/#\/schema\/logo\/image\/"},"sameAs":["https:\/\/www.facebook.com\/profile.php?id=100066845842584","https:\/\/www.instagram.com\/artforarttheaterservice\/","https:\/\/www.linkedin.com\/company\/art-for-art-theaterservice-gmbh\/"]}]}},"_links":{"self":[{"href":"https:\/\/artforart.at\/en\/wp-json\/wp\/v2\/pages\/60","targetHints":{"allow":["GET"]}}],"collection":[{"href":"https:\/\/artforart.at\/en\/wp-json\/wp\/v2\/pages"}],"about":[{"href":"https:\/\/artforart.at\/en\/wp-json\/wp\/v2\/types\/page"}],"author":[{"embeddable":true,"href":"https:\/\/artforart.at\/en\/wp-json\/wp\/v2\/users\/2"}],"replies":[{"embeddable":true,"href":"https:\/\/artforart.at\/en\/wp-json\/wp\/v2\/comments?post=60"}],"version-history":[{"count":0,"href":"https:\/\/artforart.at\/en\/wp-json\/wp\/v2\/pages\/60\/revisions"}],"wp:attachment":[{"href":"https:\/\/artforart.at\/en\/wp-json\/wp\/v2\/media?parent=60"}],"curies":[{"name":"wp","href":"https:\/\/api.w.org\/{rel}","templated":true}]}}