{"id":50,"date":"2021-12-22T11:52:59","date_gmt":"2021-12-22T11:52:59","guid":{"rendered":"https:\/\/artforart.at\/?page_id=50"},"modified":"2026-01-09T14:29:12","modified_gmt":"2026-01-09T14:29:12","slug":"building-security-technology-5","status":"publish","type":"page","link":"https:\/\/artforart.at\/en\/services\/gebaeudetechnik\/gebaeude-sicherheitstechnik","title":{"rendered":"Building &amp; security technology"},"content":{"rendered":"<section id=\"section-11-4467\" class=\"ct-section hero-section p-0\"><div class=\"ct-section-inner-wrap\"><div id=\"div_block-12-4467\" class=\"ct-div-block w-100 grid-center-vertical grid-2-main grid-gap-lg\"><div id=\"div_block-13-4467\" class=\"ct-div-block pos-relative hero-section__left\"><img width=\"1536\" height=\"808\" data-src=\"https:\/\/artforart.at\/wp-content\/uploads\/2022\/05\/pexels-monicore-134065-1536x808.jpg\" class=\"ct-image hero-image--top-left w-100 lazyload\" alt=\"Green emergency exit sign with a white arrow pointing to the left and a person running on a ceiling in a corridor.\" decoding=\"async\" data-srcset=\"https:\/\/artforart.at\/wp-content\/uploads\/2022\/05\/pexels-monicore-134065-1536x808.jpg 1536w, https:\/\/artforart.at\/wp-content\/uploads\/2022\/05\/pexels-monicore-134065-500x263.jpg 500w, https:\/\/artforart.at\/wp-content\/uploads\/2022\/05\/pexels-monicore-134065-1024x538.jpg 1024w, https:\/\/artforart.at\/wp-content\/uploads\/2022\/05\/pexels-monicore-134065-768x404.jpg 768w, https:\/\/artforart.at\/wp-content\/uploads\/2022\/05\/pexels-monicore-134065-2048x1077.jpg 2048w, https:\/\/artforart.at\/wp-content\/uploads\/2022\/05\/pexels-monicore-134065-scaled.jpg 2560w\" data-sizes=\"auto, (max-width: 1536px) 100vw, 1536px\" src=\"data:image\/svg+xml;base64,PHN2ZyB3aWR0aD0iMSIgaGVpZ2h0PSIxIiB4bWxucz0iaHR0cDovL3d3dy53My5vcmcvMjAwMC9zdmciPjwvc3ZnPg==\" style=\"--smush-placeholder-width: 1536px; --smush-placeholder-aspect-ratio: 1536\/808;\"><\/div><div id=\"div_block-17-4467\" class=\"ct-div-block break-with-hyphen hero-section__right\"><h1 id=\"div_block-18-4467\" class=\"ct-div-block hero-text-block--home gap-sm\"><div id=\"headline-19-4467\" class=\"ct-headline h1\">Building &amp;\u00a0<\/div><div id=\"text_block-20-4467\" class=\"ct-text-block h2\">SECURITY TECHNOLOGY<\/div><\/h1><\/div><\/div><\/div><\/section>\n\n<section id=\"section-21-4465\" class=\"ct-section center text-center\"><div class=\"ct-section-inner-wrap\"><div id=\"text_block-22-4465\" class=\"ct-text-block subheading bold\">Always on the safe side.\u00a0<\/div><\/div><\/section>\n\n<section id=\"section-24-4465\" class=\"ct-section\"><div class=\"ct-section-inner-wrap\"><div id=\"div_block-25-4465\" class=\"ct-div-block w-100 pl-auto\"><div id=\"div_block-26-4465\" class=\"ct-div-block grid-2-main grid-align-bottom\"><div id=\"div_block-27-4465\" class=\"ct-div-block pd-5 gap-md\"><h2 id=\"headline-28-4465\" class=\"ct-headline h3\">Building &amp;\nsecurity technology<\/h2><div id=\"text_block-29-4465\" class=\"ct-text-block\">We have brought together specialists from the fields of heating, air conditioning, ventilation, plumbing, mechanical engineering, electrical engineering and safety technology in one planning office.\u00a0<div><br><\/div><div>The specific tasks range from drawing up specifications for tenders, reviewing tender documents from a technical and economic perspective, awarding contracts, construction supervision and acceptance inspections, carrying out all the official procedures required for the individual projects and invoicing the contracts. Building Services is also responsible for looking after the existing building services systems, e.g. coordinating the necessary regular maintenance work and rectifying faults. <\/div><\/div><div><br><\/div><\/div><img width=\"1024\" height=\"683\" data-src=\"https:\/\/artforart.at\/wp-content\/uploads\/2022\/04\/IMG_2347-1024x683.jpg\" class=\"ct-image lazyload\" alt=\"Technical room with large orange pipes and several grey switch cabinets on the walls.\" decoding=\"async\" data-srcset=\"https:\/\/artforart.at\/wp-content\/uploads\/2022\/04\/IMG_2347-1024x683.jpg 1024w, https:\/\/artforart.at\/wp-content\/uploads\/2022\/04\/IMG_2347-500x333.jpg 500w, https:\/\/artforart.at\/wp-content\/uploads\/2022\/04\/IMG_2347-768x512.jpg 768w, https:\/\/artforart.at\/wp-content\/uploads\/2022\/04\/IMG_2347-1536x1024.jpg 1536w, https:\/\/artforart.at\/wp-content\/uploads\/2022\/04\/IMG_2347-2048x1365.jpg 2048w, https:\/\/artforart.at\/wp-content\/uploads\/2022\/04\/IMG_2347-scaled.jpg 2560w\" data-sizes=\"auto, (max-width: 1024px) 100vw, 1024px\" src=\"data:image\/svg+xml;base64,PHN2ZyB3aWR0aD0iMSIgaGVpZ2h0PSIxIiB4bWxucz0iaHR0cDovL3d3dy53My5vcmcvMjAwMC9zdmciPjwvc3ZnPg==\" style=\"--smush-placeholder-width: 1024px; --smush-placeholder-aspect-ratio: 1024\/683;\"><\/div><\/div><\/div><\/section>\n\n<section id=\"section-88-4465\" class=\"ct-section\"><div class=\"ct-section-inner-wrap\"><div id=\"div_block-89-4465\" class=\"ct-div-block\"><h2 id=\"text_block-90-4465\" class=\"ct-text-block h2\">Do you have any questions?\n<\/h2><div id=\"text_block-91-4465\" class=\"ct-text-block subheading\">Please contact me!\n<br><\/div><\/div><img width=\"1024\" height=\"683\" data-src=\"https:\/\/artforart.at\/wp-content\/uploads\/2022\/07\/art4art-Manfred-Hoffelner-5078-1024x683.jpg\" class=\"ct-image lazyload\" alt=\"A man in a suit stands smiling on a theatre stage, with a view of the large, illuminated auditorium in the background.\" decoding=\"async\" data-srcset=\"https:\/\/artforart.at\/wp-content\/uploads\/2022\/07\/art4art-Manfred-Hoffelner-5078-1024x683.jpg 1024w, https:\/\/artforart.at\/wp-content\/uploads\/2022\/07\/art4art-Manfred-Hoffelner-5078-500x333.jpg 500w, https:\/\/artforart.at\/wp-content\/uploads\/2022\/07\/art4art-Manfred-Hoffelner-5078-768x512.jpg 768w, https:\/\/artforart.at\/wp-content\/uploads\/2022\/07\/art4art-Manfred-Hoffelner-5078-1536x1024.jpg 1536w, https:\/\/artforart.at\/wp-content\/uploads\/2022\/07\/art4art-Manfred-Hoffelner-5078-2048x1365.jpg 2048w, https:\/\/artforart.at\/wp-content\/uploads\/2022\/07\/art4art-Manfred-Hoffelner-5078-scaled.jpg 2560w\" data-sizes=\"auto, (max-width: 1024px) 100vw, 1024px\" src=\"data:image\/svg+xml;base64,PHN2ZyB3aWR0aD0iMSIgaGVpZ2h0PSIxIiB4bWxucz0iaHR0cDovL3d3dy53My5vcmcvMjAwMC9zdmciPjwvc3ZnPg==\" style=\"--smush-placeholder-width: 1024px; --smush-placeholder-aspect-ratio: 1024\/683;\"><div id=\"div_block-93-4465\" class=\"ct-div-block bg-red\"><div id=\"div_block-94-4465\" class=\"ct-div-block\"><\/div><div id=\"text_block-95-4465\" class=\"ct-text-block link line_before mb-20\">HEAD OF BUILDING SERVICES ENGINEERING\n<\/div><div id=\"text_block-96-4465\" class=\"ct-text-block subheading mb-20\">Engineer Manfred Hoffelner\u00a0<\/div><div id=\"text_block-98-4465\" class=\"ct-text-block bodycopy mb-8\">ART for ART Theaterservice GmbH <br>Goethegasse 1\u00a0<br>1010 Vienna <br>T +43 1 51444-7500\n <br><\/div><a id=\"link_text-99-4465\" class=\"ct-link-text link-button underlined\" href=\"\/en\/about-us\/team\/#kontakt\">write to us<\/a><\/div><\/div><\/section>","protected":false},"excerpt":{"rendered":"","protected":false},"author":2,"featured_media":0,"parent":32,"menu_order":0,"comment_status":"closed","ping_status":"closed","template":"","meta":{"_acf_changed":false,"inline_featured_image":false,"footnotes":""},"class_list":["post-50","page","type-page","status-publish","hentry"],"acf":[],"yoast_head":"<!-- This site is optimized with the Yoast SEO plugin v27.4 - https:\/\/yoast.com\/product\/yoast-seo-wordpress\/ -->\n<title>Geb\u00e4ude- &amp; Sicherheitstechnik - ART for ART<\/title>\n<meta name=\"description\" content=\"Geb\u00e4ude- &amp;&nbsp; SICHERHEITSTECHNIK Immer auf der sicheren Seite.&nbsp; Geb\u00e4ude- &amp;\nSicherheitstechnik Wir haben Fachleute aus den Bereichen Heizu\" \/>\n<meta name=\"robots\" content=\"index, follow, max-snippet:-1, max-image-preview:large, max-video-preview:-1\" \/>\n<link rel=\"canonical\" href=\"https:\/\/artforart.at\/en\/services\/building-technology\/building-security-technology-5\/\" \/>\n<meta property=\"og:locale\" content=\"en_GB\" \/>\n<meta property=\"og:type\" content=\"article\" \/>\n<meta property=\"og:title\" content=\"Geb\u00e4ude- &amp; Sicherheitstechnik - ART for ART\" \/>\n<meta property=\"og:url\" content=\"https:\/\/artforart.at\/en\/services\/building-technology\/building-security-technology-5\/\" \/>\n<meta property=\"og:site_name\" content=\"ART for ART\" \/>\n<meta property=\"article:publisher\" content=\"https:\/\/www.facebook.com\/profile.php?id=100066845842584\" \/>\n<meta property=\"article:modified_time\" content=\"2026-01-09T14:29:12+00:00\" \/>\n<meta property=\"og:image\" content=\"https:\/\/artforart.at\/wp-content\/uploads\/2025\/12\/AfA-Logo-grau-mit-WE.png\" \/>\n\t<meta property=\"og:image:width\" content=\"591\" \/>\n\t<meta property=\"og:image:height\" content=\"591\" \/>\n\t<meta property=\"og:image:type\" content=\"image\/png\" \/>\n<meta name=\"twitter:card\" content=\"summary_large_image\" \/>\n<script type=\"application\/ld+json\" class=\"yoast-schema-graph\">{\"@context\":\"https:\\\/\\\/schema.org\",\"@graph\":[{\"@type\":\"WebPage\",\"@id\":\"https:\\\/\\\/artforart.at\\\/services\\\/gebaeudetechnik\\\/gebaeude-sicherheitstechnik\",\"url\":\"https:\\\/\\\/artforart.at\\\/services\\\/gebaeudetechnik\\\/gebaeude-sicherheitstechnik\",\"name\":\"Geb\u00e4ude- & Sicherheitstechnik - ART for ART\",\"isPartOf\":{\"@id\":\"https:\\\/\\\/artforart.at\\\/#website\"},\"datePublished\":\"2021-12-22T11:52:59+00:00\",\"dateModified\":\"2026-01-09T14:29:12+00:00\",\"breadcrumb\":{\"@id\":\"https:\\\/\\\/artforart.at\\\/services\\\/gebaeudetechnik\\\/gebaeude-sicherheitstechnik#breadcrumb\"},\"inLanguage\":\"en-GB\",\"potentialAction\":[{\"@type\":\"ReadAction\",\"target\":[\"https:\\\/\\\/artforart.at\\\/services\\\/gebaeudetechnik\\\/gebaeude-sicherheitstechnik\"]}]},{\"@type\":\"BreadcrumbList\",\"@id\":\"https:\\\/\\\/artforart.at\\\/services\\\/gebaeudetechnik\\\/gebaeude-sicherheitstechnik#breadcrumb\",\"itemListElement\":[{\"@type\":\"ListItem\",\"position\":1,\"name\":\"Startseite\",\"item\":\"https:\\\/\\\/artforart.at\\\/\"},{\"@type\":\"ListItem\",\"position\":2,\"name\":\"Services\",\"item\":\"https:\\\/\\\/artforart.at\\\/services\"},{\"@type\":\"ListItem\",\"position\":3,\"name\":\"Geb\u00e4udetechnik\",\"item\":\"https:\\\/\\\/artforart.at\\\/services\\\/gebaeudetechnik\"},{\"@type\":\"ListItem\",\"position\":4,\"name\":\"Geb\u00e4ude- &#038; Sicherheitstechnik\"}]},{\"@type\":\"WebSite\",\"@id\":\"https:\\\/\\\/artforart.at\\\/#website\",\"url\":\"https:\\\/\\\/artforart.at\\\/\",\"name\":\"ART for ART\",\"description\":\"Traditionelles Theaterhandwerk trifft moderne Technik. ART for ART fertigt Kost\u00fcme, Kulissen und B\u00fchnenausstattung f\u00fcr Opern, Theater und Film \u2013 alles aus einer Hand.\",\"publisher\":{\"@id\":\"https:\\\/\\\/artforart.at\\\/#organization\"},\"alternateName\":\"ART for ART Theaterservice GmbH\",\"potentialAction\":[{\"@type\":\"SearchAction\",\"target\":{\"@type\":\"EntryPoint\",\"urlTemplate\":\"https:\\\/\\\/artforart.at\\\/?s={search_term_string}\"},\"query-input\":{\"@type\":\"PropertyValueSpecification\",\"valueRequired\":true,\"valueName\":\"search_term_string\"}}],\"inLanguage\":\"en-GB\"},{\"@type\":\"Organization\",\"@id\":\"https:\\\/\\\/artforart.at\\\/#organization\",\"name\":\"ART for ART\",\"alternateName\":\"Art4Art, ArtForArt\",\"url\":\"https:\\\/\\\/artforart.at\\\/\",\"logo\":{\"@type\":\"ImageObject\",\"inLanguage\":\"en-GB\",\"@id\":\"https:\\\/\\\/artforart.at\\\/#\\\/schema\\\/logo\\\/image\\\/\",\"url\":\"https:\\\/\\\/artforart.at\\\/wp-content\\\/uploads\\\/2021\\\/11\\\/logo.png\",\"contentUrl\":\"https:\\\/\\\/artforart.at\\\/wp-content\\\/uploads\\\/2021\\\/11\\\/logo.png\",\"width\":322,\"height\":301,\"caption\":\"ART for ART\"},\"image\":{\"@id\":\"https:\\\/\\\/artforart.at\\\/#\\\/schema\\\/logo\\\/image\\\/\"},\"sameAs\":[\"https:\\\/\\\/www.facebook.com\\\/profile.php?id=100066845842584\",\"https:\\\/\\\/www.instagram.com\\\/artforarttheaterservice\\\/\",\"https:\\\/\\\/www.linkedin.com\\\/company\\\/art-for-art-theaterservice-gmbh\\\/\"]}]}<\/script>\n<!-- \/ Yoast SEO plugin. -->","yoast_head_json":{"title":"Building &amp; security technology - ART for ART","description":"Geb\u00e4ude- &amp;&nbsp; SICHERHEITSTECHNIK Immer auf der sicheren Seite.&nbsp; Geb\u00e4ude- &amp;\nSicherheitstechnik Wir haben Fachleute aus den Bereichen Heizu","robots":{"index":"index","follow":"follow","max-snippet":"max-snippet:-1","max-image-preview":"max-image-preview:large","max-video-preview":"max-video-preview:-1"},"canonical":"https:\/\/artforart.at\/en\/services\/building-technology\/building-security-technology-5\/","og_locale":"en_GB","og_type":"article","og_title":"Geb\u00e4ude- & Sicherheitstechnik - ART for ART","og_url":"https:\/\/artforart.at\/en\/services\/building-technology\/building-security-technology-5\/","og_site_name":"ART for ART","article_publisher":"https:\/\/www.facebook.com\/profile.php?id=100066845842584","article_modified_time":"2026-01-09T14:29:12+00:00","og_image":[{"width":591,"height":591,"url":"https:\/\/artforart.at\/wp-content\/uploads\/2025\/12\/AfA-Logo-grau-mit-WE.png","type":"image\/png"}],"twitter_card":"summary_large_image","schema":{"@context":"https:\/\/schema.org","@graph":[{"@type":"WebPage","@id":"https:\/\/artforart.at\/services\/gebaeudetechnik\/gebaeude-sicherheitstechnik","url":"https:\/\/artforart.at\/services\/gebaeudetechnik\/gebaeude-sicherheitstechnik","name":"Building &amp; security technology - ART for ART","isPartOf":{"@id":"https:\/\/artforart.at\/#website"},"datePublished":"2021-12-22T11:52:59+00:00","dateModified":"2026-01-09T14:29:12+00:00","breadcrumb":{"@id":"https:\/\/artforart.at\/services\/gebaeudetechnik\/gebaeude-sicherheitstechnik#breadcrumb"},"inLanguage":"en-GB","potentialAction":[{"@type":"ReadAction","target":["https:\/\/artforart.at\/services\/gebaeudetechnik\/gebaeude-sicherheitstechnik"]}]},{"@type":"BreadcrumbList","@id":"https:\/\/artforart.at\/services\/gebaeudetechnik\/gebaeude-sicherheitstechnik#breadcrumb","itemListElement":[{"@type":"ListItem","position":1,"name":"Startseite","item":"https:\/\/artforart.at\/"},{"@type":"ListItem","position":2,"name":"Services","item":"https:\/\/artforart.at\/services"},{"@type":"ListItem","position":3,"name":"Geb\u00e4udetechnik","item":"https:\/\/artforart.at\/services\/gebaeudetechnik"},{"@type":"ListItem","position":4,"name":"Geb\u00e4ude- &#038; Sicherheitstechnik"}]},{"@type":"WebSite","@id":"https:\/\/artforart.at\/#website","url":"https:\/\/artforart.at\/","name":"ART for ART","description":"Traditional theatre craftsmanship meets modern technology. ART for ART manufactures costumes, backdrops and stage sets for opera, theatre and film - all from a single source.","publisher":{"@id":"https:\/\/artforart.at\/#organization"},"alternateName":"ART for ART Theaterservice GmbH","potentialAction":[{"@type":"SearchAction","target":{"@type":"EntryPoint","urlTemplate":"https:\/\/artforart.at\/?s={search_term_string}"},"query-input":{"@type":"PropertyValueSpecification","valueRequired":true,"valueName":"search_term_string"}}],"inLanguage":"en-GB"},{"@type":"Organization","@id":"https:\/\/artforart.at\/#organization","name":"ART for ART","alternateName":"Art4Art, ArtForArt","url":"https:\/\/artforart.at\/","logo":{"@type":"ImageObject","inLanguage":"en-GB","@id":"https:\/\/artforart.at\/#\/schema\/logo\/image\/","url":"https:\/\/artforart.at\/wp-content\/uploads\/2021\/11\/logo.png","contentUrl":"https:\/\/artforart.at\/wp-content\/uploads\/2021\/11\/logo.png","width":322,"height":301,"caption":"ART for ART"},"image":{"@id":"https:\/\/artforart.at\/#\/schema\/logo\/image\/"},"sameAs":["https:\/\/www.facebook.com\/profile.php?id=100066845842584","https:\/\/www.instagram.com\/artforarttheaterservice\/","https:\/\/www.linkedin.com\/company\/art-for-art-theaterservice-gmbh\/"]}]}},"_links":{"self":[{"href":"https:\/\/artforart.at\/en\/wp-json\/wp\/v2\/pages\/50","targetHints":{"allow":["GET"]}}],"collection":[{"href":"https:\/\/artforart.at\/en\/wp-json\/wp\/v2\/pages"}],"about":[{"href":"https:\/\/artforart.at\/en\/wp-json\/wp\/v2\/types\/page"}],"author":[{"embeddable":true,"href":"https:\/\/artforart.at\/en\/wp-json\/wp\/v2\/users\/2"}],"replies":[{"embeddable":true,"href":"https:\/\/artforart.at\/en\/wp-json\/wp\/v2\/comments?post=50"}],"version-history":[{"count":0,"href":"https:\/\/artforart.at\/en\/wp-json\/wp\/v2\/pages\/50\/revisions"}],"up":[{"embeddable":true,"href":"https:\/\/artforart.at\/en\/wp-json\/wp\/v2\/pages\/32"}],"wp:attachment":[{"href":"https:\/\/artforart.at\/en\/wp-json\/wp\/v2\/media?parent=50"}],"curies":[{"name":"wp","href":"https:\/\/api.w.org\/{rel}","templated":true}]}}