{"id":4971,"date":"2026-04-28T08:02:05","date_gmt":"2026-04-28T08:02:05","guid":{"rendered":"https:\/\/artforart.at\/?page_id=4971"},"modified":"2026-04-28T14:28:28","modified_gmt":"2026-04-28T14:28:28","slug":"codes-and-guidelines","status":"publish","type":"page","link":"https:\/\/artforart.at\/en\/kodizes-und-richtlinien","title":{"rendered":"Codes and policies"},"content":{"rendered":"<section id=\"section-561-4465\" class=\"ct-section center\" ><div class=\"ct-section-inner-wrap\"><h1 id=\"headline-564-4465\" class=\"ct-headline h2 break-with-hyphen mb-40\">Codes and guidelines<\/h1><div id=\"div_block-565-4465\" class=\"ct-div-block w-970 grid-2\" ><div id=\"div_block-566-4465\" class=\"ct-div-block\" ><div id=\"_rich_text-572-4465\" class=\"oxy-rich-text w-100 bodycopy\" ><div id=\"div_block-19-54\" class=\"ct-div-block\" style=\"box-sizing: inherit; display: flex; flex-flow: column; align-items: flex-start; font-family: lufga; font-size: 16px;\">\n<div style=\"box-sizing: inherit;\">\n<div class=\"ct-text-block link\" style=\"box-sizing: inherit; font-size: 20px; line-height: 1.2; letter-spacing: 1.25px;\">\n<div class=\"ct-text-block link\" style=\"box-sizing: inherit; font-size: 20px; line-height: 1.2; letter-spacing: 1.25px;\">\n<div style=\"box-sizing: inherit;\">\n<p class=\"ct-text-block link\" style=\"box-sizing: inherit; line-height: 1.2;\">&nbsp;<\/p>\n<p id=\"text_block-23-54\" class=\"ct-text-block link\" style=\"box-sizing: inherit; line-height: 1.2;\"><strong>Compliance Codex<\/strong><br \/><a id=\"text_block-24-54\" class=\"ct-link-text LABEL underlined\" style=\"box-sizing: inherit; background-color: transparent; color: #e30513; text-decoration-line: none; display: inline-block; font-size: 14px; line-height: 1.2; text-transform: uppercase; margin: 40px 0px 0px; letter-spacing: 1.5px; padding-left: 0px; padding-top: 0px; position: relative;\" href=\"..\/wp-content\/uploads\/2025\/03\/CG-Bericht-2023_24.pdf\" target=\"_blank\" rel=\"noopener\">PDF Download<\/a><\/p>\n<div class=\"ct-text-block link\" style=\"box-sizing: inherit; line-height: 1.2;\">&nbsp;<\/div>\n<p class=\"ct-text-block link\" style=\"box-sizing: inherit; line-height: 1.2;\"><strong>\"My leeway\"<\/strong><\/p>\n<div class=\"ct-text-block link\" style=\"box-sizing: inherit; line-height: 1.2;\">Secondary employment Gifts &amp; invitations Business with the Austrian Federal Theatres Social media<\/div>\n<a id=\"text_block-24-54\" class=\"ct-link-text LABEL underlined\" style=\"box-sizing: inherit; background-color: transparent; color: #e30513; text-decoration-line: none; display: inline-block; font-size: 14px; line-height: 1.2; text-transform: uppercase; margin: 40px 0px 0px; letter-spacing: 1.5px; padding-left: 0px; padding-top: 0px; position: relative;\" href=\"..\/wp-content\/uploads\/2026\/04\/BT_Mein-Spielraum_2026_Web-Version-1.pdf\" target=\"_blank\" rel=\"noopener\">PDF Download<\/a><\/div>\n<\/div>\n<div class=\"ct-text-block link\" style=\"box-sizing: inherit; font-size: 20px; line-height: 1.2; letter-spacing: 1.25px;\">&nbsp;<\/div>\n<div class=\"ct-text-block link\" style=\"box-sizing: inherit; font-size: 20px; line-height: 1.2; letter-spacing: 1.25px;\">&nbsp;<\/div>\n<p class=\"ct-text-block link\" style=\"box-sizing: inherit; line-height: 1.2;\"><strong>\"No room for manoeuvre\"<\/strong><\/p>\n<div class=\"ct-text-block link\" style=\"box-sizing: inherit; font-size: 20px; line-height: 1.2; letter-spacing: 1.25px;\">for abuse of power, sexual harassment &amp; bullying<\/div>\n<a id=\"text_block-24-54\" class=\"ct-link-text LABEL underlined\" style=\"box-sizing: inherit; background-color: transparent; color: #e30513; text-decoration-line: none; display: inline-block; font-size: 14px; line-height: 1.2; text-transform: uppercase; margin: 40px 0px 0px; letter-spacing: 1.5px; padding-left: 0px; padding-top: 0px; position: relative;\" href=\"..\/wp-content\/uploads\/2026\/04\/Kein-Spielraum_20260420.pdf\" target=\"_blank\" rel=\"noopener\">PDF Download<\/a><\/div>\n<\/div>\n<\/div><\/div><\/div><div id=\"div_block-569-4465\" class=\"ct-div-block\" ><div id=\"_rich_text-573-4465\" class=\"oxy-rich-text w-100 bodycopy\" ><div id=\"div_block-22-54\" class=\"ct-div-block\" style=\"box-sizing: inherit; display: flex; flex-flow: column; align-items: flex-start; font-family: lufga; font-size: 16px;\">\n<div style=\"box-sizing: inherit;\">\n<div class=\"ct-text-block link\" style=\"box-sizing: inherit; font-size: 20px; line-height: 1.2; letter-spacing: 1.25px;\">\n<div style=\"box-sizing: inherit;\">&nbsp;<\/div>\n<\/div>\n<\/div>\n<\/div><\/div><\/div><\/div><\/div><\/section>","protected":false},"excerpt":{"rendered":"","protected":false},"author":2,"featured_media":0,"parent":0,"menu_order":0,"comment_status":"closed","ping_status":"closed","template":"","meta":{"_acf_changed":false,"inline_featured_image":false,"footnotes":""},"class_list":["post-4971","page","type-page","status-publish","hentry"],"acf":[],"yoast_head":"<!-- This site is optimized with the Yoast SEO plugin v27.4 - https:\/\/yoast.com\/product\/yoast-seo-wordpress\/ -->\n<title>Kodizes und Richtlinien - ART for ART<\/title>\n<meta name=\"description\" content=\"Kodizies und Richtlinien &nbsp;\nCompliance CodexPDF Download\n&nbsp;\n&quot;Mein Spielraum&quot;\nNebenbesch&auml;ftigungen Geschenke &amp; Einladungen Gesch&auml;fte m\" \/>\n<meta name=\"robots\" content=\"index, follow, max-snippet:-1, max-image-preview:large, max-video-preview:-1\" \/>\n<link rel=\"canonical\" href=\"https:\/\/artforart.at\/en\/codes-and-guidelines\/\" \/>\n<meta property=\"og:locale\" content=\"en_GB\" \/>\n<meta property=\"og:type\" content=\"article\" \/>\n<meta property=\"og:title\" content=\"Kodizes und Richtlinien - ART for ART\" \/>\n<meta property=\"og:url\" content=\"https:\/\/artforart.at\/en\/codes-and-guidelines\/\" \/>\n<meta property=\"og:site_name\" content=\"ART for ART\" \/>\n<meta property=\"article:publisher\" content=\"https:\/\/www.facebook.com\/profile.php?id=100066845842584\" \/>\n<meta property=\"article:modified_time\" content=\"2026-04-28T14:28:28+00:00\" \/>\n<meta property=\"og:image\" content=\"https:\/\/artforart.at\/wp-content\/uploads\/2025\/12\/AfA-Logo-grau-mit-WE.png\" \/>\n\t<meta property=\"og:image:width\" content=\"591\" \/>\n\t<meta property=\"og:image:height\" content=\"591\" \/>\n\t<meta property=\"og:image:type\" content=\"image\/png\" \/>\n<meta name=\"twitter:card\" content=\"summary_large_image\" \/>\n<script type=\"application\/ld+json\" class=\"yoast-schema-graph\">{\"@context\":\"https:\\\/\\\/schema.org\",\"@graph\":[{\"@type\":\"WebPage\",\"@id\":\"https:\\\/\\\/artforart.at\\\/kodizes-und-richtlinien\",\"url\":\"https:\\\/\\\/artforart.at\\\/kodizes-und-richtlinien\",\"name\":\"Kodizes und Richtlinien - ART for ART\",\"isPartOf\":{\"@id\":\"https:\\\/\\\/artforart.at\\\/#website\"},\"datePublished\":\"2026-04-28T08:02:05+00:00\",\"dateModified\":\"2026-04-28T14:28:28+00:00\",\"breadcrumb\":{\"@id\":\"https:\\\/\\\/artforart.at\\\/kodizes-und-richtlinien#breadcrumb\"},\"inLanguage\":\"en-GB\",\"potentialAction\":[{\"@type\":\"ReadAction\",\"target\":[\"https:\\\/\\\/artforart.at\\\/kodizes-und-richtlinien\"]}]},{\"@type\":\"BreadcrumbList\",\"@id\":\"https:\\\/\\\/artforart.at\\\/kodizes-und-richtlinien#breadcrumb\",\"itemListElement\":[{\"@type\":\"ListItem\",\"position\":1,\"name\":\"Startseite\",\"item\":\"https:\\\/\\\/artforart.at\\\/\"},{\"@type\":\"ListItem\",\"position\":2,\"name\":\"Kodizes und Richtlinien\"}]},{\"@type\":\"WebSite\",\"@id\":\"https:\\\/\\\/artforart.at\\\/#website\",\"url\":\"https:\\\/\\\/artforart.at\\\/\",\"name\":\"ART for ART\",\"description\":\"Traditionelles Theaterhandwerk trifft moderne Technik. ART for ART fertigt Kost\u00fcme, Kulissen und B\u00fchnenausstattung f\u00fcr Opern, Theater und Film \u2013 alles aus einer Hand.\",\"publisher\":{\"@id\":\"https:\\\/\\\/artforart.at\\\/#organization\"},\"alternateName\":\"ART for ART Theaterservice GmbH\",\"potentialAction\":[{\"@type\":\"SearchAction\",\"target\":{\"@type\":\"EntryPoint\",\"urlTemplate\":\"https:\\\/\\\/artforart.at\\\/?s={search_term_string}\"},\"query-input\":{\"@type\":\"PropertyValueSpecification\",\"valueRequired\":true,\"valueName\":\"search_term_string\"}}],\"inLanguage\":\"en-GB\"},{\"@type\":\"Organization\",\"@id\":\"https:\\\/\\\/artforart.at\\\/#organization\",\"name\":\"ART for ART\",\"alternateName\":\"Art4Art, ArtForArt\",\"url\":\"https:\\\/\\\/artforart.at\\\/\",\"logo\":{\"@type\":\"ImageObject\",\"inLanguage\":\"en-GB\",\"@id\":\"https:\\\/\\\/artforart.at\\\/#\\\/schema\\\/logo\\\/image\\\/\",\"url\":\"https:\\\/\\\/artforart.at\\\/wp-content\\\/uploads\\\/2021\\\/11\\\/logo.png\",\"contentUrl\":\"https:\\\/\\\/artforart.at\\\/wp-content\\\/uploads\\\/2021\\\/11\\\/logo.png\",\"width\":322,\"height\":301,\"caption\":\"ART for ART\"},\"image\":{\"@id\":\"https:\\\/\\\/artforart.at\\\/#\\\/schema\\\/logo\\\/image\\\/\"},\"sameAs\":[\"https:\\\/\\\/www.facebook.com\\\/profile.php?id=100066845842584\",\"https:\\\/\\\/www.instagram.com\\\/artforarttheaterservice\\\/\",\"https:\\\/\\\/www.linkedin.com\\\/company\\\/art-for-art-theaterservice-gmbh\\\/\"]}]}<\/script>\n<!-- \/ Yoast SEO plugin. -->","yoast_head_json":{"title":"Codes and Guidelines - ART for ART","description":"Kodizies und Richtlinien &nbsp;\nCompliance CodexPDF Download\n&nbsp;\n\"Mein Spielraum\"\nNebenbesch&auml;ftigungen Geschenke &amp; Einladungen Gesch&auml;fte m","robots":{"index":"index","follow":"follow","max-snippet":"max-snippet:-1","max-image-preview":"max-image-preview:large","max-video-preview":"max-video-preview:-1"},"canonical":"https:\/\/artforart.at\/en\/codes-and-guidelines\/","og_locale":"en_GB","og_type":"article","og_title":"Kodizes und Richtlinien - ART for ART","og_url":"https:\/\/artforart.at\/en\/codes-and-guidelines\/","og_site_name":"ART for ART","article_publisher":"https:\/\/www.facebook.com\/profile.php?id=100066845842584","article_modified_time":"2026-04-28T14:28:28+00:00","og_image":[{"width":591,"height":591,"url":"https:\/\/artforart.at\/wp-content\/uploads\/2025\/12\/AfA-Logo-grau-mit-WE.png","type":"image\/png"}],"twitter_card":"summary_large_image","schema":{"@context":"https:\/\/schema.org","@graph":[{"@type":"WebPage","@id":"https:\/\/artforart.at\/kodizes-und-richtlinien","url":"https:\/\/artforart.at\/kodizes-und-richtlinien","name":"Codes and Guidelines - ART for ART","isPartOf":{"@id":"https:\/\/artforart.at\/#website"},"datePublished":"2026-04-28T08:02:05+00:00","dateModified":"2026-04-28T14:28:28+00:00","breadcrumb":{"@id":"https:\/\/artforart.at\/kodizes-und-richtlinien#breadcrumb"},"inLanguage":"en-GB","potentialAction":[{"@type":"ReadAction","target":["https:\/\/artforart.at\/kodizes-und-richtlinien"]}]},{"@type":"BreadcrumbList","@id":"https:\/\/artforart.at\/kodizes-und-richtlinien#breadcrumb","itemListElement":[{"@type":"ListItem","position":1,"name":"Startseite","item":"https:\/\/artforart.at\/"},{"@type":"ListItem","position":2,"name":"Kodizes und Richtlinien"}]},{"@type":"WebSite","@id":"https:\/\/artforart.at\/#website","url":"https:\/\/artforart.at\/","name":"ART for ART","description":"Traditional theatre craftsmanship meets modern technology. ART for ART manufactures costumes, backdrops and stage sets for opera, theatre and film - all from a single source.","publisher":{"@id":"https:\/\/artforart.at\/#organization"},"alternateName":"ART for ART Theaterservice GmbH","potentialAction":[{"@type":"SearchAction","target":{"@type":"EntryPoint","urlTemplate":"https:\/\/artforart.at\/?s={search_term_string}"},"query-input":{"@type":"PropertyValueSpecification","valueRequired":true,"valueName":"search_term_string"}}],"inLanguage":"en-GB"},{"@type":"Organization","@id":"https:\/\/artforart.at\/#organization","name":"ART for ART","alternateName":"Art4Art, ArtForArt","url":"https:\/\/artforart.at\/","logo":{"@type":"ImageObject","inLanguage":"en-GB","@id":"https:\/\/artforart.at\/#\/schema\/logo\/image\/","url":"https:\/\/artforart.at\/wp-content\/uploads\/2021\/11\/logo.png","contentUrl":"https:\/\/artforart.at\/wp-content\/uploads\/2021\/11\/logo.png","width":322,"height":301,"caption":"ART for ART"},"image":{"@id":"https:\/\/artforart.at\/#\/schema\/logo\/image\/"},"sameAs":["https:\/\/www.facebook.com\/profile.php?id=100066845842584","https:\/\/www.instagram.com\/artforarttheaterservice\/","https:\/\/www.linkedin.com\/company\/art-for-art-theaterservice-gmbh\/"]}]}},"_links":{"self":[{"href":"https:\/\/artforart.at\/en\/wp-json\/wp\/v2\/pages\/4971","targetHints":{"allow":["GET"]}}],"collection":[{"href":"https:\/\/artforart.at\/en\/wp-json\/wp\/v2\/pages"}],"about":[{"href":"https:\/\/artforart.at\/en\/wp-json\/wp\/v2\/types\/page"}],"author":[{"embeddable":true,"href":"https:\/\/artforart.at\/en\/wp-json\/wp\/v2\/users\/2"}],"replies":[{"embeddable":true,"href":"https:\/\/artforart.at\/en\/wp-json\/wp\/v2\/comments?post=4971"}],"version-history":[{"count":0,"href":"https:\/\/artforart.at\/en\/wp-json\/wp\/v2\/pages\/4971\/revisions"}],"wp:attachment":[{"href":"https:\/\/artforart.at\/en\/wp-json\/wp\/v2\/media?parent=4971"}],"curies":[{"name":"wp","href":"https:\/\/api.w.org\/{rel}","templated":true}]}}