{"id":38,"date":"2021-12-22T11:49:32","date_gmt":"2021-12-22T11:49:32","guid":{"rendered":"https:\/\/artforart.at\/?page_id=38"},"modified":"2026-01-21T12:02:51","modified_gmt":"2026-01-21T12:02:51","slug":"about-us","status":"publish","type":"page","link":"https:\/\/artforart.at\/en\/ueber-uns","title":{"rendered":"About us"},"content":{"rendered":"<section id=\"section-101-4465\" class=\"ct-section hero-section p-0 section-pr-0\"><div class=\"ct-section-inner-wrap\"><div id=\"div_block-102-4465\" class=\"ct-div-block w-100 grid-center-vertical grid-2-main grid-gap-lg mb-30\"><div id=\"div_block-103-4465\" class=\"ct-div-block break-with-hyphen hero-section__right pl-auto center flex-center\"><h1 id=\"div_block-104-4465\" class=\"ct-div-block hero-text-block--home gap-sm\"><span id=\"text_block-105-4465\" class=\"ct-text-block h2\">Art for Art<\/span><span id=\"headline-106-4465\" class=\"ct-headline h1\"><span style=\"font-weight: normal;\"><\/span>Philosophy<\/span><\/h1><\/div><div id=\"div_block-107-4465\" class=\"ct-div-block pos-relative hero-section__left\"><img width=\"1024\" height=\"686\" data-src=\"https:\/\/artforart.at\/wp-content\/uploads\/2022\/04\/F1000002-1024x686.jpg\" class=\"ct-image hero-image--top-left w-100 lazyload\" alt=\"Large, bright building with modern glass roofs, surrounded by bare trees, snow and streetlights under a clear sky.\" decoding=\"async\" data-srcset=\"https:\/\/artforart.at\/wp-content\/uploads\/2022\/04\/F1000002-1024x686.jpg 1024w, https:\/\/artforart.at\/wp-content\/uploads\/2022\/04\/F1000002-500x335.jpg 500w, https:\/\/artforart.at\/wp-content\/uploads\/2022\/04\/F1000002-768x514.jpg 768w, https:\/\/artforart.at\/wp-content\/uploads\/2022\/04\/F1000002-1536x1028.jpg 1536w, https:\/\/artforart.at\/wp-content\/uploads\/2022\/04\/F1000002.jpg 1840w\" data-sizes=\"auto, (max-width: 1024px) 100vw, 1024px\" src=\"data:image\/svg+xml;base64,PHN2ZyB3aWR0aD0iMSIgaGVpZ2h0PSIxIiB4bWxucz0iaHR0cDovL3d3dy53My5vcmcvMjAwMC9zdmciPjwvc3ZnPg==\" style=\"--smush-placeholder-width: 1024px; --smush-placeholder-aspect-ratio: 1024\/686;\"><\/div><\/div><\/div><\/section>\n\n\n<section class=\"ct-section team-section team-section--center\">\n    <div class=\"ct-section-inner-wrap\">\n        <div class=\"ct-div-block flex-team w-100 w-970 flex flex--md-col\">\n                            <div class=\"ct-div-block team-section__image\">\n                    <img width=\"683\" height=\"1024\" data-src=\"https:\/\/artforart.at\/wp-content\/uploads\/2026\/01\/0010_studiowey-9731_2-683x1024.jpg\" class=\"ct-image w-460 lazyload\" alt=\"Woman with shoulder-length blond hair, glasses and dark blazer stands with folded arms in front of a neutral background.\" decoding=\"async\" data-srcset=\"https:\/\/artforart.at\/wp-content\/uploads\/2026\/01\/0010_studiowey-9731_2-683x1024.jpg 683w, https:\/\/artforart.at\/wp-content\/uploads\/2026\/01\/0010_studiowey-9731_2-334x500.jpg 334w, https:\/\/artforart.at\/wp-content\/uploads\/2026\/01\/0010_studiowey-9731_2-768x1151.jpg 768w, https:\/\/artforart.at\/wp-content\/uploads\/2026\/01\/0010_studiowey-9731_2-1025x1536.jpg 1025w, https:\/\/artforart.at\/wp-content\/uploads\/2026\/01\/0010_studiowey-9731_2-8x12.jpg 8w, https:\/\/artforart.at\/wp-content\/uploads\/2026\/01\/0010_studiowey-9731_2.jpg 1334w\" data-sizes=\"auto, (max-width: 683px) 100vw, 683px\" src=\"data:image\/svg+xml;base64,PHN2ZyB3aWR0aD0iMSIgaGVpZ2h0PSIxIiB4bWxucz0iaHR0cDovL3d3dy53My5vcmcvMjAwMC9zdmciPjwvc3ZnPg==\" style=\"--smush-placeholder-width: 683px; --smush-placeholder-aspect-ratio: 683\/1024;\">                <\/div>\n            \n            <div class=\"ct-div-block team-section__content\">\n                                    <h2 class=\"ct-text-block link line_before mb-20 uppercase\">\n                        Managing Director                    <\/h2>\n                \n                                    <div class=\"ct-text-block subheading bold\">\n                        Petra H\u00f6finger,                        <br>                    <\/div>\n                \n                                    <div class=\"ct-text-block XSmall mb-50\">\n                        MBA                    <\/div>\n                \n                \n                            <\/div>\n        <\/div>\n    <\/div>\n<\/section>\n\n<section id=\"section-21-4465\" class=\"ct-section center text-center\"><div class=\"ct-section-inner-wrap\"><div id=\"text_block-22-4465\" class=\"ct-text-block subheading bold\">Theatre\/Art\/Crafts<div>between tradition and modernity.<\/div><\/div><\/div><\/section>\n\n<section id=\"section-225-4465\" class=\"ct-section lazyload\" style=\"background-image:inherit;background-size: 30% auto;\" data-bg-image=\"url(https:\/\/artforart.at\/wp-content\/uploads\/2024\/03\/IMG_6518.jpeg)\"><div class=\"ct-section-inner-wrap\"><div id=\"new_columns-226-4465\" class=\"ct-new-columns margin-l\"><div id=\"div_block-227-4465\" class=\"ct-div-block subheading\"><div id=\"div_block-229-4465\" class=\"ct-div-block\"><div id=\"text_block-230-4465\" class=\"ct-text-block bodycopy\">ART for ART Theaterservice GmbH<br>Arsenal object 19<br>1030 Vienna<br>T +43 1 51444-7403<br><\/div><div><br><\/div><\/div><div id=\"div_block-232-4465\" class=\"ct-div-block\"><div id=\"text_block-233-4465\" class=\"ct-text-block bodycopy margin-m\">The Akademie f\u00fcr Theaterhandwerk is a joint project of:<br><\/div><div id=\"div_block-234-4465\" class=\"ct-div-block\"><img width=\"322\" height=\"301\" data-src=\"https:\/\/artforart.at\/wp-content\/uploads\/2021\/11\/logo.png\" class=\"ct-image logo-sponsor lazyload\" alt=\"Art for Art Logo\" decoding=\"async\" src=\"data:image\/svg+xml;base64,PHN2ZyB3aWR0aD0iMSIgaGVpZ2h0PSIxIiB4bWxucz0iaHR0cDovL3d3dy53My5vcmcvMjAwMC9zdmciPjwvc3ZnPg==\" style=\"--smush-placeholder-width: 322px; --smush-placeholder-aspect-ratio: 322\/301;\"><img width=\"1024\" height=\"336\" data-src=\"https:\/\/artforart.at\/wp-content\/uploads\/2025\/07\/BT_Logo_NEU-1024x336.png\" class=\"ct-image logo-sponsor lazyload\" alt=\"Logo of the Austrian federal theatre\" decoding=\"async\" data-srcset=\"https:\/\/artforart.at\/wp-content\/uploads\/2025\/07\/BT_Logo_NEU-1024x336.png 1024w, https:\/\/artforart.at\/wp-content\/uploads\/2025\/07\/BT_Logo_NEU-500x164.png 500w, https:\/\/artforart.at\/wp-content\/uploads\/2025\/07\/BT_Logo_NEU-768x252.png 768w, https:\/\/artforart.at\/wp-content\/uploads\/2025\/07\/BT_Logo_NEU-1536x504.png 1536w, https:\/\/artforart.at\/wp-content\/uploads\/2025\/07\/BT_Logo_NEU-2048x672.png 2048w, https:\/\/artforart.at\/wp-content\/uploads\/2025\/07\/BT_Logo_NEU.png 2232w\" data-sizes=\"auto, (max-width: 1024px) 100vw, 1024px\" src=\"data:image\/svg+xml;base64,PHN2ZyB3aWR0aD0iMSIgaGVpZ2h0PSIxIiB4bWxucz0iaHR0cDovL3d3dy53My5vcmcvMjAwMC9zdmciPjwvc3ZnPg==\" style=\"--smush-placeholder-width: 1024px; --smush-placeholder-aspect-ratio: 1024\/336;\"><img width=\"1024\" height=\"341\" data-src=\"https:\/\/artforart.at\/wp-content\/uploads\/2025\/07\/BURG-NEU-1024x341.png\" class=\"ct-image logo-sponsor lazyload\" alt=\"Burgtheather logo.\" decoding=\"async\" data-srcset=\"https:\/\/artforart.at\/wp-content\/uploads\/2025\/07\/BURG-NEU-1024x341.png 1024w, https:\/\/artforart.at\/wp-content\/uploads\/2025\/07\/BURG-NEU-500x167.png 500w, https:\/\/artforart.at\/wp-content\/uploads\/2025\/07\/BURG-NEU-768x256.png 768w, https:\/\/artforart.at\/wp-content\/uploads\/2025\/07\/BURG-NEU-1536x512.png 1536w, https:\/\/artforart.at\/wp-content\/uploads\/2025\/07\/BURG-NEU-2048x683.png 2048w, https:\/\/artforart.at\/wp-content\/uploads\/2025\/07\/BURG-NEU-scaled.png 2560w\" data-sizes=\"auto, (max-width: 1024px) 100vw, 1024px\" src=\"data:image\/svg+xml;base64,PHN2ZyB3aWR0aD0iMSIgaGVpZ2h0PSIxIiB4bWxucz0iaHR0cDovL3d3dy53My5vcmcvMjAwMC9zdmciPjwvc3ZnPg==\" style=\"--smush-placeholder-width: 1024px; --smush-placeholder-aspect-ratio: 1024\/341;\"><img width=\"797\" height=\"1024\" data-src=\"https:\/\/artforart.at\/wp-content\/uploads\/2025\/07\/VOP_Logo_LdB_sw_hoch-797x1024.png\" class=\"ct-image logo-sponsor lazyload\" alt=\"Black logo with a stylised \u201eV\u201c and dots, with the text \u201eVOLKSOPER WIEN\u201c underneath.\" decoding=\"async\" data-srcset=\"https:\/\/artforart.at\/wp-content\/uploads\/2025\/07\/VOP_Logo_LdB_sw_hoch-797x1024.png 797w, https:\/\/artforart.at\/wp-content\/uploads\/2025\/07\/VOP_Logo_LdB_sw_hoch-389x500.png 389w, https:\/\/artforart.at\/wp-content\/uploads\/2025\/07\/VOP_Logo_LdB_sw_hoch-768x987.png 768w, https:\/\/artforart.at\/wp-content\/uploads\/2025\/07\/VOP_Logo_LdB_sw_hoch-1195x1536.png 1195w, https:\/\/artforart.at\/wp-content\/uploads\/2025\/07\/VOP_Logo_LdB_sw_hoch-1593x2048.png 1593w, https:\/\/artforart.at\/wp-content\/uploads\/2025\/07\/VOP_Logo_LdB_sw_hoch.png 1695w\" data-sizes=\"auto, (max-width: 797px) 100vw, 797px\" src=\"data:image\/svg+xml;base64,PHN2ZyB3aWR0aD0iMSIgaGVpZ2h0PSIxIiB4bWxucz0iaHR0cDovL3d3dy53My5vcmcvMjAwMC9zdmciPjwvc3ZnPg==\" style=\"--smush-placeholder-width: 797px; --smush-placeholder-aspect-ratio: 797\/1024;\"><img width=\"1024\" height=\"170\" data-src=\"https:\/\/artforart.at\/wp-content\/uploads\/2025\/07\/logo-wiener-staatsoper-1024x170.png\" class=\"ct-image logo-sponsor lazyload\" alt=\"\u201eWiener Staatsoper\u201c lettering with a stylised drawing of the opera house on the right-hand side.\" decoding=\"async\" data-srcset=\"https:\/\/artforart.at\/wp-content\/uploads\/2025\/07\/logo-wiener-staatsoper-1024x170.png 1024w, https:\/\/artforart.at\/wp-content\/uploads\/2025\/07\/logo-wiener-staatsoper-500x83.png 500w, https:\/\/artforart.at\/wp-content\/uploads\/2025\/07\/logo-wiener-staatsoper-768x128.png 768w, https:\/\/artforart.at\/wp-content\/uploads\/2025\/07\/logo-wiener-staatsoper-1536x255.png 1536w, https:\/\/artforart.at\/wp-content\/uploads\/2025\/07\/logo-wiener-staatsoper.png 2048w\" data-sizes=\"auto, (max-width: 1024px) 100vw, 1024px\" src=\"data:image\/svg+xml;base64,PHN2ZyB3aWR0aD0iMSIgaGVpZ2h0PSIxIiB4bWxucz0iaHR0cDovL3d3dy53My5vcmcvMjAwMC9zdmciPjwvc3ZnPg==\" style=\"--smush-placeholder-width: 1024px; --smush-placeholder-aspect-ratio: 1024\/170;\"><\/div><\/div><\/div><div id=\"div_block-240-4465\" class=\"ct-div-block\"><div id=\"_rich_text-241-4465\" class=\"oxy-rich-text\"><div>With Europe's largest decoration workshops and costume workshops that are in demand worldwide, ART for ART is a household name as a service company for the Austrian Federal Theatres. We stand for craftsmanship in the best tradition and at the same time endeavour to provide our services with state-of-the-art technology and high cost efficiency. A claim that we always strive to fulfil.\u00a0<\/div>\n<div>\u00a0<\/div>\n<div>ART for ART sees itself as a service company and, in addition to costume and set production, takes on central tasks in building management, takes care of logistics and storage, maintains its own costume store and acts as a group-wide competence centre for ticket sales and digital technologies. We ensure that all processes run smoothly behind, below, beside and away from the big stages.\u00a0<\/div>\n<div>\u00a0<\/div>\n<p>Our main customers are primarily our own stage companies - the Vienna State Opera, the Burg and Akademietheater and the Volksoper Wien. We also offer our services to external customers. Our core business is equipping operas, theatre and ballet performances, films and festivals. Our catalogue of services also includes the furnishing of major events, interior decorations for top restaurants and hotels as well as the conception, planning and implementation of construction and renovation projects.\u00a0<br><br>EVERYTHING FROM A SINGLE SOURCE<\/p>\n<div><br>\n<div>The advantage for our customers lies in the possibility of having complete productions made by a single company. Our workshops combine all current production methods, the corresponding know-how and decades of experience in the decoration of theatre and opera productions - all from a single source. Austria's largest decoration workshops unite all trades under one roof: metalworking, scenery painting, carpentry, sculpture and upholstery.\u00a0<\/div>\n<div><br>We manufacture entire productions, from shoes and hats to fine jerseys and large gowns, in our costume workshops. International designers value the cooperation with highly qualified, specialised and experienced ART for ART employees in the ladies' and men's tailoring, fashion, shoemaking, white sewing, costume painting and jewellery production departments. Our purchasing department can fulfil almost any special material request.<br><br>As a specialist for theatres, ART for ART offers planning services, project management and construction management for extensions and conversions in the areas of structural engineering, air conditioning, electrical and stage technology. Special attention is paid to energy saving.<\/div>\n<div>\u00a0<\/div>\n<div>TRADITIONAL THEATRE CRAFTSMANSHIP - the \u201eViennese excellence\u201c<\/div>\n<div>\u00a0<\/div>\n<div>We attach great importance to preserving the knowledge of the old and almost forgotten theatre craft that only very few still master - \"Viennese excellence\". Our employees sometimes master production techniques that are no longer taught today. This makes it all the more important for us to preserve this cultural heritage and pass it on to our young employees, while at the same time not foregoing modern techniques. So that future generations can also be offered world-class stage experiences. We are happy to take on this challenge!<br><br>\n<div>\u00a0<\/div>\n<div>\u00a0<\/div>\n<div>FACTS &amp; FIGURES<\/div>\n<div>\u00a0<\/div>\n<div>ART for ART Theaterservice GmbH is 51.1 % owned by Bundestheater-Holding, while the remaining 48.9 % is owned by the three stage companies - Vienna State Opera, Burg- und Akademietheater and Volksoper Wien - at 16.3 % each. With a total of around 380 employees, ART for ART operates the costume and decoration workshops, the costume store and the scenery store as a service company at a total of four locations in Vienna and Lower Austria, takes care of ticket sales and customer information throughout the Group as well as building management and is the central service provider in the area of digital technologies. ART for ART also operates logistics throughout the Group and handles all transport. In addition to the stage companies of the Austrian Federal Theatres, these services are also offered to external partners worldwide.<\/div>\n<\/div>\n<\/div><\/div><\/div><\/div><\/div><\/section>\n\n<section id=\"section-514-4465\" class=\"ct-section\"><div class=\"ct-section-inner-wrap\"><div id=\"div_block-517-4465\" class=\"ct-div-block w-100 grid-60-40\"><img width=\"1536\" height=\"1024\" data-src=\"https:\/\/artforart.at\/wp-content\/uploads\/2024\/10\/unbenannt-148-von-658-1536x1024.jpg\" class=\"ct-image lazyload\" alt=\"Hands help to put on or fasten an elaborately decorated historical costume with pearls and red stones.\" decoding=\"async\" data-srcset=\"https:\/\/artforart.at\/wp-content\/uploads\/2024\/10\/unbenannt-148-von-658-1536x1024.jpg 1536w, https:\/\/artforart.at\/wp-content\/uploads\/2024\/10\/unbenannt-148-von-658-500x333.jpg 500w, https:\/\/artforart.at\/wp-content\/uploads\/2024\/10\/unbenannt-148-von-658-1024x683.jpg 1024w, https:\/\/artforart.at\/wp-content\/uploads\/2024\/10\/unbenannt-148-von-658-768x512.jpg 768w, https:\/\/artforart.at\/wp-content\/uploads\/2024\/10\/unbenannt-148-von-658-2048x1365.jpg 2048w, https:\/\/artforart.at\/wp-content\/uploads\/2024\/10\/unbenannt-148-von-658-scaled.jpg 2560w\" data-sizes=\"auto, (max-width: 1536px) 100vw, 1536px\" src=\"data:image\/svg+xml;base64,PHN2ZyB3aWR0aD0iMSIgaGVpZ2h0PSIxIiB4bWxucz0iaHR0cDovL3d3dy53My5vcmcvMjAwMC9zdmciPjwvc3ZnPg==\" style=\"--smush-placeholder-width: 1536px; --smush-placeholder-aspect-ratio: 1536\/1024;\"><div id=\"div_block-522-4465\" class=\"ct-div-block h-100 ar-1\"><img width=\"500\" height=\"495\" data-src=\"https:\/\/artforart.at\/wp-content\/uploads\/2022\/01\/874A7914-4-500x495.jpg\" class=\"ct-image image-small lazyload\" alt=\"Antique sewing machine with ornate golden details on a black metal housing in an interior.\" decoding=\"async\" data-srcset=\"https:\/\/artforart.at\/wp-content\/uploads\/2022\/01\/874A7914-4-500x495.jpg 500w, https:\/\/artforart.at\/wp-content\/uploads\/2022\/01\/874A7914-4-1024x1014.jpg 1024w, https:\/\/artforart.at\/wp-content\/uploads\/2022\/01\/874A7914-4-150x150.jpg 150w, https:\/\/artforart.at\/wp-content\/uploads\/2022\/01\/874A7914-4-768x761.jpg 768w, https:\/\/artforart.at\/wp-content\/uploads\/2022\/01\/874A7914-4.jpg 1500w\" data-sizes=\"auto, (max-width: 500px) 100vw, 500px\" src=\"data:image\/svg+xml;base64,PHN2ZyB3aWR0aD0iMSIgaGVpZ2h0PSIxIiB4bWxucz0iaHR0cDovL3d3dy53My5vcmcvMjAwMC9zdmciPjwvc3ZnPg==\" style=\"--smush-placeholder-width: 500px; --smush-placeholder-aspect-ratio: 500\/495;\"><\/div><\/div><\/div><\/section>","protected":false},"excerpt":{"rendered":"","protected":false},"author":2,"featured_media":0,"parent":0,"menu_order":0,"comment_status":"closed","ping_status":"closed","template":"","meta":{"_acf_changed":false,"inline_featured_image":false,"footnotes":""},"class_list":["post-38","page","type-page","status-publish","hentry"],"acf":[],"yoast_head":"<!-- This site is optimized with the Yoast SEO plugin v27.4 - https:\/\/yoast.com\/product\/yoast-seo-wordpress\/ -->\n<title>\u00dcber uns - ART for ART<\/title>\n<meta name=\"description\" content=\"Art for Art Philosophie Theater\/Kunst\/Handwerkzwischen Tradition und Moderne.\" \/>\n<meta name=\"robots\" content=\"index, follow, max-snippet:-1, max-image-preview:large, max-video-preview:-1\" \/>\n<link rel=\"canonical\" href=\"https:\/\/artforart.at\/en\/about-us\/\" \/>\n<meta property=\"og:locale\" content=\"en_GB\" \/>\n<meta property=\"og:type\" content=\"article\" \/>\n<meta property=\"og:title\" content=\"\u00dcber uns - ART for ART\" \/>\n<meta property=\"og:url\" content=\"https:\/\/artforart.at\/en\/about-us\/\" \/>\n<meta property=\"og:site_name\" content=\"ART for ART\" \/>\n<meta property=\"article:publisher\" content=\"https:\/\/www.facebook.com\/profile.php?id=100066845842584\" \/>\n<meta property=\"article:modified_time\" content=\"2026-01-21T12:02:51+00:00\" \/>\n<meta property=\"og:image\" content=\"https:\/\/artforart.at\/wp-content\/uploads\/2025\/12\/AfA-Logo-grau-mit-WE.png\" \/>\n\t<meta property=\"og:image:width\" content=\"591\" \/>\n\t<meta property=\"og:image:height\" content=\"591\" \/>\n\t<meta property=\"og:image:type\" content=\"image\/png\" \/>\n<meta name=\"twitter:card\" content=\"summary_large_image\" \/>\n<script type=\"application\/ld+json\" class=\"yoast-schema-graph\">{\"@context\":\"https:\\\/\\\/schema.org\",\"@graph\":[{\"@type\":\"WebPage\",\"@id\":\"https:\\\/\\\/artforart.at\\\/ueber-uns\",\"url\":\"https:\\\/\\\/artforart.at\\\/ueber-uns\",\"name\":\"\u00dcber uns - ART for ART\",\"isPartOf\":{\"@id\":\"https:\\\/\\\/artforart.at\\\/#website\"},\"datePublished\":\"2021-12-22T11:49:32+00:00\",\"dateModified\":\"2026-01-21T12:02:51+00:00\",\"breadcrumb\":{\"@id\":\"https:\\\/\\\/artforart.at\\\/ueber-uns#breadcrumb\"},\"inLanguage\":\"en-GB\",\"potentialAction\":[{\"@type\":\"ReadAction\",\"target\":[\"https:\\\/\\\/artforart.at\\\/ueber-uns\"]}]},{\"@type\":\"BreadcrumbList\",\"@id\":\"https:\\\/\\\/artforart.at\\\/ueber-uns#breadcrumb\",\"itemListElement\":[{\"@type\":\"ListItem\",\"position\":1,\"name\":\"Startseite\",\"item\":\"https:\\\/\\\/artforart.at\\\/\"},{\"@type\":\"ListItem\",\"position\":2,\"name\":\"\u00dcber uns\"}]},{\"@type\":\"WebSite\",\"@id\":\"https:\\\/\\\/artforart.at\\\/#website\",\"url\":\"https:\\\/\\\/artforart.at\\\/\",\"name\":\"ART for ART\",\"description\":\"Traditionelles Theaterhandwerk trifft moderne Technik. ART for ART fertigt Kost\u00fcme, Kulissen und B\u00fchnenausstattung f\u00fcr Opern, Theater und Film \u2013 alles aus einer Hand.\",\"publisher\":{\"@id\":\"https:\\\/\\\/artforart.at\\\/#organization\"},\"alternateName\":\"ART for ART Theaterservice GmbH\",\"potentialAction\":[{\"@type\":\"SearchAction\",\"target\":{\"@type\":\"EntryPoint\",\"urlTemplate\":\"https:\\\/\\\/artforart.at\\\/?s={search_term_string}\"},\"query-input\":{\"@type\":\"PropertyValueSpecification\",\"valueRequired\":true,\"valueName\":\"search_term_string\"}}],\"inLanguage\":\"en-GB\"},{\"@type\":\"Organization\",\"@id\":\"https:\\\/\\\/artforart.at\\\/#organization\",\"name\":\"ART for ART\",\"alternateName\":\"Art4Art, ArtForArt\",\"url\":\"https:\\\/\\\/artforart.at\\\/\",\"logo\":{\"@type\":\"ImageObject\",\"inLanguage\":\"en-GB\",\"@id\":\"https:\\\/\\\/artforart.at\\\/#\\\/schema\\\/logo\\\/image\\\/\",\"url\":\"https:\\\/\\\/artforart.at\\\/wp-content\\\/uploads\\\/2021\\\/11\\\/logo.png\",\"contentUrl\":\"https:\\\/\\\/artforart.at\\\/wp-content\\\/uploads\\\/2021\\\/11\\\/logo.png\",\"width\":322,\"height\":301,\"caption\":\"ART for ART\"},\"image\":{\"@id\":\"https:\\\/\\\/artforart.at\\\/#\\\/schema\\\/logo\\\/image\\\/\"},\"sameAs\":[\"https:\\\/\\\/www.facebook.com\\\/profile.php?id=100066845842584\",\"https:\\\/\\\/www.instagram.com\\\/artforarttheaterservice\\\/\",\"https:\\\/\\\/www.linkedin.com\\\/company\\\/art-for-art-theaterservice-gmbh\\\/\"]}]}<\/script>\n<!-- \/ Yoast SEO plugin. -->","yoast_head_json":{"title":"About us - ART for ART","description":"Art for Art Philosophy theatre\/art\/crafts between tradition and modernity.","robots":{"index":"index","follow":"follow","max-snippet":"max-snippet:-1","max-image-preview":"max-image-preview:large","max-video-preview":"max-video-preview:-1"},"canonical":"https:\/\/artforart.at\/en\/about-us\/","og_locale":"en_GB","og_type":"article","og_title":"\u00dcber uns - ART for ART","og_url":"https:\/\/artforart.at\/en\/about-us\/","og_site_name":"ART for ART","article_publisher":"https:\/\/www.facebook.com\/profile.php?id=100066845842584","article_modified_time":"2026-01-21T12:02:51+00:00","og_image":[{"width":591,"height":591,"url":"https:\/\/artforart.at\/wp-content\/uploads\/2025\/12\/AfA-Logo-grau-mit-WE.png","type":"image\/png"}],"twitter_card":"summary_large_image","schema":{"@context":"https:\/\/schema.org","@graph":[{"@type":"WebPage","@id":"https:\/\/artforart.at\/ueber-uns","url":"https:\/\/artforart.at\/ueber-uns","name":"About us - ART for ART","isPartOf":{"@id":"https:\/\/artforart.at\/#website"},"datePublished":"2021-12-22T11:49:32+00:00","dateModified":"2026-01-21T12:02:51+00:00","breadcrumb":{"@id":"https:\/\/artforart.at\/ueber-uns#breadcrumb"},"inLanguage":"en-GB","potentialAction":[{"@type":"ReadAction","target":["https:\/\/artforart.at\/ueber-uns"]}]},{"@type":"BreadcrumbList","@id":"https:\/\/artforart.at\/ueber-uns#breadcrumb","itemListElement":[{"@type":"ListItem","position":1,"name":"Startseite","item":"https:\/\/artforart.at\/"},{"@type":"ListItem","position":2,"name":"\u00dcber uns"}]},{"@type":"WebSite","@id":"https:\/\/artforart.at\/#website","url":"https:\/\/artforart.at\/","name":"ART for ART","description":"Traditional theatre craftsmanship meets modern technology. ART for ART manufactures costumes, backdrops and stage sets for opera, theatre and film - all from a single source.","publisher":{"@id":"https:\/\/artforart.at\/#organization"},"alternateName":"ART for ART Theaterservice GmbH","potentialAction":[{"@type":"SearchAction","target":{"@type":"EntryPoint","urlTemplate":"https:\/\/artforart.at\/?s={search_term_string}"},"query-input":{"@type":"PropertyValueSpecification","valueRequired":true,"valueName":"search_term_string"}}],"inLanguage":"en-GB"},{"@type":"Organization","@id":"https:\/\/artforart.at\/#organization","name":"ART for ART","alternateName":"Art4Art, ArtForArt","url":"https:\/\/artforart.at\/","logo":{"@type":"ImageObject","inLanguage":"en-GB","@id":"https:\/\/artforart.at\/#\/schema\/logo\/image\/","url":"https:\/\/artforart.at\/wp-content\/uploads\/2021\/11\/logo.png","contentUrl":"https:\/\/artforart.at\/wp-content\/uploads\/2021\/11\/logo.png","width":322,"height":301,"caption":"ART for ART"},"image":{"@id":"https:\/\/artforart.at\/#\/schema\/logo\/image\/"},"sameAs":["https:\/\/www.facebook.com\/profile.php?id=100066845842584","https:\/\/www.instagram.com\/artforarttheaterservice\/","https:\/\/www.linkedin.com\/company\/art-for-art-theaterservice-gmbh\/"]}]}},"_links":{"self":[{"href":"https:\/\/artforart.at\/en\/wp-json\/wp\/v2\/pages\/38","targetHints":{"allow":["GET"]}}],"collection":[{"href":"https:\/\/artforart.at\/en\/wp-json\/wp\/v2\/pages"}],"about":[{"href":"https:\/\/artforart.at\/en\/wp-json\/wp\/v2\/types\/page"}],"author":[{"embeddable":true,"href":"https:\/\/artforart.at\/en\/wp-json\/wp\/v2\/users\/2"}],"replies":[{"embeddable":true,"href":"https:\/\/artforart.at\/en\/wp-json\/wp\/v2\/comments?post=38"}],"version-history":[{"count":0,"href":"https:\/\/artforart.at\/en\/wp-json\/wp\/v2\/pages\/38\/revisions"}],"wp:attachment":[{"href":"https:\/\/artforart.at\/en\/wp-json\/wp\/v2\/media?parent=38"}],"curies":[{"name":"wp","href":"https:\/\/api.w.org\/{rel}","templated":true}]}}