{"id":36,"date":"2021-12-22T11:49:13","date_gmt":"2021-12-22T11:49:13","guid":{"rendered":"https:\/\/artforart.at\/?page_id=36"},"modified":"2026-03-09T09:12:27","modified_gmt":"2026-03-09T09:12:27","slug":"event-location","status":"publish","type":"page","link":"https:\/\/artforart.at\/en\/event-location","title":{"rendered":"Event location"},"content":{"rendered":"<section id=\"section-11-4467\" class=\"ct-section hero-section p-0\"><div class=\"ct-section-inner-wrap\"><div id=\"div_block-12-4467\" class=\"ct-div-block w-100 grid-center-vertical grid-2-main grid-gap-lg\"><div id=\"div_block-13-4467\" class=\"ct-div-block pos-relative hero-section__left\"><img width=\"1536\" height=\"1152\" data-src=\"https:\/\/artforart.at\/wp-content\/uploads\/2022\/04\/IMG_6508-1536x1152.jpeg\" class=\"ct-image hero-image--top-left w-100 lazyload\" alt=\"Large event hall with festively laid tables, red carpet, stage lighting and guests in elegant attire.\" decoding=\"async\" data-srcset=\"https:\/\/artforart.at\/wp-content\/uploads\/2022\/04\/IMG_6508-1536x1152.jpeg 1536w, https:\/\/artforart.at\/wp-content\/uploads\/2022\/04\/IMG_6508-16x12.jpeg 16w, https:\/\/artforart.at\/wp-content\/uploads\/2022\/04\/IMG_6508-500x375.jpeg 500w, https:\/\/artforart.at\/wp-content\/uploads\/2022\/04\/IMG_6508-768x576.jpeg 768w, https:\/\/artforart.at\/wp-content\/uploads\/2022\/04\/IMG_6508-1024x768.jpeg 1024w, https:\/\/artforart.at\/wp-content\/uploads\/2022\/04\/IMG_6508.jpeg 2048w\" data-sizes=\"auto, (max-width: 1536px) 100vw, 1536px\" src=\"data:image\/svg+xml;base64,PHN2ZyB3aWR0aD0iMSIgaGVpZ2h0PSIxIiB4bWxucz0iaHR0cDovL3d3dy53My5vcmcvMjAwMC9zdmciPjwvc3ZnPg==\" style=\"--smush-placeholder-width: 1536px; --smush-placeholder-aspect-ratio: 1536\/1152;\"><\/div><div id=\"div_block-17-4467\" class=\"ct-div-block break-with-hyphen hero-section__right\"><h1 id=\"div_block-18-4467\" class=\"ct-div-block hero-text-block--home gap-sm\"><div id=\"headline-19-4467\" class=\"ct-headline h1\">Event location<\/div><div id=\"text_block-20-4467\" class=\"ct-text-block h2\">Malers\u00e4le<\/div><\/h1><\/div><\/div><\/div><\/section>\n\n<section id=\"section-21-4465\" class=\"ct-section center text-center\"><div class=\"ct-section-inner-wrap\"><div id=\"text_block-22-4465\" class=\"ct-text-block subheading bold\">Celebrate in the biggest<div>decoration workshops in Europe.<\/div><\/div><\/div><\/section>\n\n<section id=\"section-305-4465\" class=\"ct-section\"><div class=\"ct-section-inner-wrap\"><div id=\"div_block-307-4465\" class=\"ct-div-block grid-60-40 grid-center-vertical\"><div id=\"div_block-308-4465\" class=\"ct-div-block pd-5 gap-md\"><h2 id=\"headline-309-4465\" class=\"ct-headline h3\">Malers\u00e4le\n<\/h2><div id=\"text_block-310-4465\" class=\"ct-text-block bodycopy w-580\">Our painting rooms are unique in the whole of Europe! The huge window fronts combined with the charm of a workshop where decorations for the Vienna State Opera, the Burgtheater and the Volksoper Vienna are produced during the day create a unique ambience. The loft-like character offers endless possibilities for organising your event. Whether weddings, company celebrations or award ceremonies, our halls offer perfect conditions.\u00a0<div><br><\/div><div>We have Malersaal 1 (approved for 580 people) and Malersaal 2 (approved for 260 people) - depending on the size of your event, you can hire one or both halls in combination. Welcome your guests with a cocktail in the small Malersaal and entertain them with your programme in Malersaal 2. The possibilities are endless. You are sure to find the right setting for your celebration.\u00a0<\/div><div><br><\/div><div>Restriction: <br>Only evening events are possible on weekdays. Daytime events are possible at weekends.\n<\/div><\/div><\/div><img width=\"1024\" height=\"682\" data-src=\"https:\/\/artforart.at\/wp-content\/uploads\/2022\/04\/schwarz-weiss-1024x682.jpg\" class=\"ct-image lazyload\" alt=\"Elegant banquet hall with round, white-clothed tables and purple flower arrangements, large windows in the background.\" decoding=\"async\" data-srcset=\"https:\/\/artforart.at\/wp-content\/uploads\/2022\/04\/schwarz-weiss-1024x682.jpg 1024w, https:\/\/artforart.at\/wp-content\/uploads\/2022\/04\/schwarz-weiss-500x333.jpg 500w, https:\/\/artforart.at\/wp-content\/uploads\/2022\/04\/schwarz-weiss-768x512.jpg 768w, https:\/\/artforart.at\/wp-content\/uploads\/2022\/04\/schwarz-weiss.jpg 1106w\" data-sizes=\"auto, (max-width: 1024px) 100vw, 1024px\" src=\"data:image\/svg+xml;base64,PHN2ZyB3aWR0aD0iMSIgaGVpZ2h0PSIxIiB4bWxucz0iaHR0cDovL3d3dy53My5vcmcvMjAwMC9zdmciPjwvc3ZnPg==\" style=\"--smush-placeholder-width: 1024px; --smush-placeholder-aspect-ratio: 1024\/682;\"><\/div><\/div><\/section>\n\n<section id=\"section-205-36\" class=\"ct-section\"><div class=\"ct-section-inner-wrap\"><div id=\"div_block-206-36\" class=\"ct-div-block\"><div id=\"div_block-207-36\" class=\"ct-div-block\"><div id=\"text_block-208-36\" class=\"ct-text-block link line_before\">Go to EVENTLOCATION<\/div><h1 id=\"headline-209-36\" class=\"ct-headline h3\">Malers\u00e4le<\/h1><\/div><table id=\"div_block-25-4704\" class=\"ct-div-block\" aria-label=\"Malers\u00e4le\"><tbody id=\"div_block-45-4704\" class=\"ct-div-block\"><tr id=\"div_block-26-4704\" class=\"ct-div-block\" scope=\"row\"><th id=\"div_block-27-4704\" class=\"ct-div-block\"><div id=\"text_block-28-4704\" class=\"ct-text-block link\">Room 1:<\/div><\/th><td id=\"div_block-29-4704\" class=\"ct-div-block\"><div id=\"text_block-30-4704\" class=\"ct-text-block bodycopy\">1594 m2<\/div><\/td><td id=\"div_block-31-4704\" class=\"ct-div-block\"><div id=\"text_block-32-4704\" class=\"ct-text-block bodycopy\">L 58.1m \/ W 27.4m \/ H12m\u00a0<\/div><\/td><td id=\"div_block-33-4704\" class=\"ct-div-block\"><div id=\"text_block-34-4704\" class=\"ct-text-block bodycopy\">Max. 580 pers.<\/div><\/td><\/tr><tr id=\"div_block-35-4704\" class=\"ct-div-block\" scope=\"row\"><th id=\"div_block-36-4704\" class=\"ct-div-block\"><div id=\"text_block-37-4704\" class=\"ct-text-block link\">Room 2:<\/div><\/th><td id=\"div_block-38-4704\" class=\"ct-div-block\"><div id=\"text_block-39-4704\" class=\"ct-text-block bodycopy\">689 m2<\/div><\/td><td id=\"div_block-40-4704\" class=\"ct-div-block\"><div id=\"text_block-41-4704\" class=\"ct-text-block bodycopy\">L 38.4m \/ W 17.9m \/ H 10m<\/div><\/td><td id=\"div_block-42-4704\" class=\"ct-div-block\"><div id=\"text_block-43-4704\" class=\"ct-text-block bodycopy\">Max. 290 pers.<\/div><\/td><\/tr><\/tbody><\/table><\/div><\/div><\/section>\n\n<section id=\"section-305-4465\" class=\"ct-section\"><div class=\"ct-section-inner-wrap\"><div id=\"div_block-307-4465\" class=\"ct-div-block grid-60-40 grid-center-vertical\"><div id=\"div_block-308-4465\" class=\"ct-div-block pd-5 gap-md\"><h2 id=\"headline-309-4465\" class=\"ct-headline h3\"><br><\/h2><div id=\"text_block-310-4465\" class=\"ct-text-block bodycopy w-580\">Arrange a viewing appointment. We will be happy to advise you to find the ideal setting for your event. \n<\/div><\/div><img width=\"1024\" height=\"768\" data-src=\"https:\/\/artforart.at\/wp-content\/uploads\/2024\/03\/IMG_8651-1024x768.jpg\" class=\"ct-image lazyload\" alt=\"Large, festively decorated hall with long tables, balloons on the ceiling and colourful stage lighting for a gala event.\" decoding=\"async\" data-srcset=\"https:\/\/artforart.at\/wp-content\/uploads\/2024\/03\/IMG_8651-1024x768.jpg 1024w, https:\/\/artforart.at\/wp-content\/uploads\/2024\/03\/IMG_8651-500x375.jpg 500w, https:\/\/artforart.at\/wp-content\/uploads\/2024\/03\/IMG_8651-768x576.jpg 768w, https:\/\/artforart.at\/wp-content\/uploads\/2024\/03\/IMG_8651-1536x1152.jpg 1536w, https:\/\/artforart.at\/wp-content\/uploads\/2024\/03\/IMG_8651-2048x1536.jpg 2048w, https:\/\/artforart.at\/wp-content\/uploads\/2024\/03\/IMG_8651-scaled.jpg 2560w\" data-sizes=\"auto, (max-width: 1024px) 100vw, 1024px\" src=\"data:image\/svg+xml;base64,PHN2ZyB3aWR0aD0iMSIgaGVpZ2h0PSIxIiB4bWxucz0iaHR0cDovL3d3dy53My5vcmcvMjAwMC9zdmciPjwvc3ZnPg==\" style=\"--smush-placeholder-width: 1024px; --smush-placeholder-aspect-ratio: 1024\/768;\"><\/div><\/div><\/section>\n\n<section id=\"section-88-4465\" class=\"ct-section\"><div class=\"ct-section-inner-wrap\"><div id=\"div_block-89-4465\" class=\"ct-div-block\"><h2 id=\"text_block-90-4465\" class=\"ct-text-block h2\">To the enquiry:\n<\/h2><div id=\"text_block-91-4465\" class=\"ct-text-block subheading\">Please feel free to contact me!\n<br><\/div><\/div><img width=\"1024\" height=\"722\" data-src=\"https:\/\/artforart.at\/wp-content\/uploads\/2022\/07\/art4art-Barbara-Vogel-6509-scaled-e1658154803888-1024x722.jpg\" class=\"ct-image lazyload\" alt=\"A woman sits on a chair in a bright, industrial room, surrounded by large white blocks and workshop materials.\" decoding=\"async\" data-srcset=\"https:\/\/artforart.at\/wp-content\/uploads\/2022\/07\/art4art-Barbara-Vogel-6509-scaled-e1658154803888-1024x722.jpg 1024w, https:\/\/artforart.at\/wp-content\/uploads\/2022\/07\/art4art-Barbara-Vogel-6509-scaled-e1658154803888-500x352.jpg 500w, https:\/\/artforart.at\/wp-content\/uploads\/2022\/07\/art4art-Barbara-Vogel-6509-scaled-e1658154803888-768x541.jpg 768w, https:\/\/artforart.at\/wp-content\/uploads\/2022\/07\/art4art-Barbara-Vogel-6509-scaled-e1658154803888-1536x1083.jpg 1536w, https:\/\/artforart.at\/wp-content\/uploads\/2022\/07\/art4art-Barbara-Vogel-6509-scaled-e1658154803888.jpg 1779w\" data-sizes=\"auto, (max-width: 1024px) 100vw, 1024px\" src=\"data:image\/svg+xml;base64,PHN2ZyB3aWR0aD0iMSIgaGVpZ2h0PSIxIiB4bWxucz0iaHR0cDovL3d3dy53My5vcmcvMjAwMC9zdmciPjwvc3ZnPg==\" style=\"--smush-placeholder-width: 1024px; --smush-placeholder-aspect-ratio: 1024\/722;\"><div id=\"div_block-93-4465\" class=\"ct-div-block bg-red\"><div id=\"div_block-94-4465\" class=\"ct-div-block\"><\/div><div id=\"text_block-95-4465\" class=\"ct-text-block link line_before mb-20\">COMMUNICATION AND MARKETING\n<\/div><div id=\"text_block-96-4465\" class=\"ct-text-block subheading mb-20\"><span id=\"span-456-4465\" class=\"ct-span oxygenberg-span-456-4465 oxygenberg-element\">Barbara Vogel,\u00a0<span id=\"ct-placeholder-97\"><\/span><\/span><span id=\"span-97-4465\" class=\"ct-span LABEL oxygenberg-span-97-4465 oxygenberg-element\">Bakk.phil. BA<\/span><br><\/div><div id=\"text_block-98-4465\" class=\"ct-text-block bodycopy mb-8\">ART for ART Theaterservice GmbH <br>Arsenal object 19<div>1030 Vienna<\/div><div>T +43 1 51444-7403<\/div><\/div><a id=\"link_text-99-4465\" class=\"ct-link-text link-button underlined\" href=\"\/en\/about-us\/team\/#kontakt\">write to us<\/a><\/div><\/div><\/section>\n\n<section id=\"section-350-4465\" class=\"ct-section\"><div class=\"ct-section-inner-wrap\"><div id=\"div_block-352-4465\" class=\"ct-div-block grid-40-60\"><div id=\"div_block-363-4465\" class=\"ct-div-block\"><img width=\"1024\" height=\"682\" data-src=\"https:\/\/artforart.at\/wp-content\/uploads\/2022\/04\/Malersaal-Event-1024x682.jpg\" class=\"ct-image lazyload\" alt=\"Large ballroom with red carpet, golden barriers and elegantly dressed guests in the distance, chandeliers and stage lighting.\" decoding=\"async\" data-srcset=\"https:\/\/artforart.at\/wp-content\/uploads\/2022\/04\/Malersaal-Event-1024x682.jpg 1024w, https:\/\/artforart.at\/wp-content\/uploads\/2022\/04\/Malersaal-Event-500x333.jpg 500w, https:\/\/artforart.at\/wp-content\/uploads\/2022\/04\/Malersaal-Event-768x511.jpg 768w, https:\/\/artforart.at\/wp-content\/uploads\/2022\/04\/Malersaal-Event.jpg 1229w\" data-sizes=\"auto, (max-width: 1024px) 100vw, 1024px\" src=\"data:image\/svg+xml;base64,PHN2ZyB3aWR0aD0iMSIgaGVpZ2h0PSIxIiB4bWxucz0iaHR0cDovL3d3dy53My5vcmcvMjAwMC9zdmciPjwvc3ZnPg==\" style=\"--smush-placeholder-width: 1024px; --smush-placeholder-aspect-ratio: 1024\/682;\"><\/div><div id=\"div_block-353-4465\" class=\"ct-div-block pd-5 gap-md pt-40\"><h2 id=\"headline-354-4465\" class=\"ct-headline h3\">360\u00b0 tour\n<\/h2><div id=\"text_block-355-4465\" class=\"ct-text-block bodycopy w-700\">Take a virtual tour of our event location with us. Take a look around our painting rooms and get a feel for the endless possibilities. Do you like what you see? Then contact us and arrange a non-binding viewing appointment for your next celebration.\n<\/div><a id=\"link_text-9-4476\" class=\"ct-link-text underlined link-button text-20\" href=\"\/en\/event-location\/360-tour-paintings\/\">To the 360\u00b0 tour<\/a><\/div><\/div><\/div><\/section>\n\n<section id=\"section-65-36\" class=\"ct-section\"><div class=\"ct-section-inner-wrap\"><h1 id=\"headline-68-36\" class=\"ct-headline h3 mb-8\">Prices<\/h1><div id=\"text_block-55-4700\" class=\"ct-text-block text-20\">(excl. VAT)\u00a0<br><\/div><table id=\"div_block-56-4700\" class=\"ct-div-block\"><tbody id=\"div_block-62-4700\" class=\"ct-div-block\"><tr id=\"div_block-32-36\" class=\"ct-div-block\"><td id=\"div_block-33-36\" class=\"ct-div-block\"><\/td><th id=\"div_block-38-36\" class=\"ct-div-block\" scope=\"column\"><div id=\"text_block-39-36\" class=\"ct-text-block link\">24h<\/div><\/th><th id=\"div_block-40-36\" class=\"ct-div-block\" scope=\"column\"><div id=\"text_block-41-36\" class=\"ct-text-block link\">36h<\/div><\/th><th id=\"div_block-42-36\" class=\"ct-div-block\" scope=\"column\"><div id=\"text_block-43-36\" class=\"ct-text-block link\">48h<\/div><\/th><th id=\"div_block-91-36\" class=\"ct-div-block\" scope=\"column\"><div id=\"text_block-92-36\" class=\"ct-text-block link\">60h<\/div><\/th><th id=\"div_block-93-36\" class=\"ct-div-block\" scope=\"column\"><div id=\"text_block-94-36\" class=\"ct-text-block link\">72h<\/div><\/th><\/tr><tr id=\"div_block-80-36\" class=\"ct-div-block\"><th id=\"div_block-81-36\" class=\"ct-div-block\" scope=\"row\"><div id=\"text_block-82-36\" class=\"ct-text-block link\">Room 1:<\/div><\/th><td id=\"div_block-83-36\" class=\"ct-div-block\"><div id=\"text_block-84-36\" class=\"ct-text-block bodycopy\">\u20ac 21.200<\/div><\/td><td id=\"div_block-85-36\" class=\"ct-div-block\"><div id=\"text_block-86-36\" class=\"ct-text-block bodycopy\">\u20ac 28.300<\/div><\/td><td id=\"div_block-87-36\" class=\"ct-div-block\"><div id=\"text_block-88-36\" class=\"ct-text-block bodycopy\">\u20ac 35.200<\/div><\/td><td id=\"div_block-97-36\" class=\"ct-div-block\"><div id=\"text_block-98-36\" class=\"ct-text-block bodycopy\">\u20ac 42.300<\/div><\/td><td id=\"div_block-99-36\" class=\"ct-div-block\"><div id=\"text_block-100-36\" class=\"ct-text-block bodycopy\">\u20ac 49.400<br><\/div><\/td><\/tr><tr id=\"div_block-106-36\" class=\"ct-div-block\"><th id=\"div_block-107-36\" class=\"ct-div-block\" scope=\"row\"><div id=\"text_block-108-36\" class=\"ct-text-block link\">Room 2:<\/div><\/th><td id=\"div_block-109-36\" class=\"ct-div-block\"><div id=\"text_block-110-36\" class=\"ct-text-block bodycopy\">\u20ac 15.900<\/div><\/td><td id=\"div_block-111-36\" class=\"ct-div-block\"><div id=\"text_block-112-36\" class=\"ct-text-block bodycopy\">\u20ac 21.200<\/div><\/td><td id=\"div_block-113-36\" class=\"ct-div-block\"><div id=\"text_block-114-36\" class=\"ct-text-block bodycopy\">\u20ac 26.400<\/div><\/td><td id=\"div_block-115-36\" class=\"ct-div-block\"><div id=\"text_block-116-36\" class=\"ct-text-block bodycopy\">\u20ac 31.700<\/div><\/td><td id=\"div_block-117-36\" class=\"ct-div-block\"><div id=\"text_block-118-36\" class=\"ct-text-block bodycopy\">\u20ac 37.000<br><\/div><\/td><\/tr><tr id=\"div_block-119-36\" class=\"ct-div-block\"><th id=\"div_block-120-36\" class=\"ct-div-block\" scope=\"row\"><div id=\"text_block-121-36\" class=\"ct-text-block link\">Room 1+2:<\/div><\/th><td id=\"div_block-122-36\" class=\"ct-div-block\"><div id=\"text_block-123-36\" class=\"ct-text-block bodycopy\">\u20ac 29.150<\/div><\/td><td id=\"div_block-124-36\" class=\"ct-div-block\"><div id=\"text_block-125-36\" class=\"ct-text-block bodycopy\">\u20ac 38.900<\/div><\/td><td id=\"div_block-126-36\" class=\"ct-div-block\"><div id=\"text_block-127-36\" class=\"ct-text-block bodycopy\">\u20ac 48.400<\/div><\/td><td id=\"div_block-128-36\" class=\"ct-div-block\"><div id=\"text_block-129-36\" class=\"ct-text-block bodycopy\">\u20ac 58.200<\/div><\/td><td id=\"div_block-130-36\" class=\"ct-div-block\"><div id=\"text_block-131-36\" class=\"ct-text-block bodycopy\">\u20ac 67.900<br><\/div><\/td><\/tr><\/tbody><\/table><\/div><\/section>\n\n\n<p><\/p>","protected":false},"excerpt":{"rendered":"","protected":false},"author":2,"featured_media":587,"parent":0,"menu_order":0,"comment_status":"closed","ping_status":"closed","template":"","meta":{"_acf_changed":false,"inline_featured_image":false,"footnotes":""},"class_list":["post-36","page","type-page","status-publish","has-post-thumbnail","hentry"],"acf":[],"yoast_head":"<!-- This site is optimized with the Yoast SEO plugin v27.4 - https:\/\/yoast.com\/product\/yoast-seo-wordpress\/ -->\n<title>Event Location - ART for ART<\/title>\n<meta name=\"description\" content=\"Eventlocation MALERS\u00c4LE Feiern in den gr\u00f6\u00dftenDekorationswerkst\u00e4tten Europas. Malers\u00e4le Unsere Malers\u00e4le sind einmalig in ganz Europa! Die riesigen Fen\" \/>\n<meta name=\"robots\" content=\"index, follow, max-snippet:-1, max-image-preview:large, max-video-preview:-1\" \/>\n<link rel=\"canonical\" href=\"https:\/\/artforart.at\/en\/event-location\/\" \/>\n<meta property=\"og:locale\" content=\"en_GB\" \/>\n<meta property=\"og:type\" content=\"article\" \/>\n<meta property=\"og:title\" content=\"Event Location - ART for ART\" \/>\n<meta property=\"og:url\" content=\"https:\/\/artforart.at\/en\/event-location\/\" \/>\n<meta property=\"og:site_name\" content=\"ART for ART\" \/>\n<meta property=\"article:publisher\" content=\"https:\/\/www.facebook.com\/profile.php?id=100066845842584\" \/>\n<meta property=\"article:modified_time\" content=\"2026-03-09T09:12:27+00:00\" \/>\n<meta property=\"og:image\" content=\"https:\/\/artforart.at\/wp-content\/uploads\/2022\/04\/IMG_6508.jpeg\" \/>\n\t<meta property=\"og:image:width\" content=\"2048\" \/>\n\t<meta property=\"og:image:height\" content=\"1536\" \/>\n\t<meta property=\"og:image:type\" content=\"image\/jpeg\" \/>\n<meta name=\"twitter:card\" content=\"summary_large_image\" \/>\n<meta name=\"twitter:label1\" content=\"Estimated reading time\" \/>\n\t<meta name=\"twitter:data1\" content=\"1 minute\" \/>\n<script type=\"application\/ld+json\" class=\"yoast-schema-graph\">{\"@context\":\"https:\\\/\\\/schema.org\",\"@graph\":[{\"@type\":\"WebPage\",\"@id\":\"https:\\\/\\\/artforart.at\\\/event-location\",\"url\":\"https:\\\/\\\/artforart.at\\\/event-location\",\"name\":\"Event Location - ART for ART\",\"isPartOf\":{\"@id\":\"https:\\\/\\\/artforart.at\\\/#website\"},\"primaryImageOfPage\":{\"@id\":\"https:\\\/\\\/artforart.at\\\/event-location#primaryimage\"},\"image\":{\"@id\":\"https:\\\/\\\/artforart.at\\\/event-location#primaryimage\"},\"thumbnailUrl\":\"https:\\\/\\\/artforart.at\\\/wp-content\\\/uploads\\\/2022\\\/04\\\/IMG_6508.jpeg\",\"datePublished\":\"2021-12-22T11:49:13+00:00\",\"dateModified\":\"2026-03-09T09:12:27+00:00\",\"breadcrumb\":{\"@id\":\"https:\\\/\\\/artforart.at\\\/event-location#breadcrumb\"},\"inLanguage\":\"en-GB\",\"potentialAction\":[{\"@type\":\"ReadAction\",\"target\":[\"https:\\\/\\\/artforart.at\\\/event-location\"]}]},{\"@type\":\"ImageObject\",\"inLanguage\":\"en-GB\",\"@id\":\"https:\\\/\\\/artforart.at\\\/event-location#primaryimage\",\"url\":\"https:\\\/\\\/artforart.at\\\/wp-content\\\/uploads\\\/2022\\\/04\\\/IMG_6508.jpeg\",\"contentUrl\":\"https:\\\/\\\/artforart.at\\\/wp-content\\\/uploads\\\/2022\\\/04\\\/IMG_6508.jpeg\",\"width\":2048,\"height\":1536,\"caption\":\"Gro\u00dfer Veranstaltungssaal mit festlich gedeckten Tischen, rotem Teppich, B\u00fchnenbeleuchtung und G\u00e4sten in eleganter Kleidung.\"},{\"@type\":\"BreadcrumbList\",\"@id\":\"https:\\\/\\\/artforart.at\\\/event-location#breadcrumb\",\"itemListElement\":[{\"@type\":\"ListItem\",\"position\":1,\"name\":\"Startseite\",\"item\":\"https:\\\/\\\/artforart.at\\\/\"},{\"@type\":\"ListItem\",\"position\":2,\"name\":\"Event Location\"}]},{\"@type\":\"WebSite\",\"@id\":\"https:\\\/\\\/artforart.at\\\/#website\",\"url\":\"https:\\\/\\\/artforart.at\\\/\",\"name\":\"ART for ART\",\"description\":\"Traditionelles Theaterhandwerk trifft moderne Technik. ART for ART fertigt Kost\u00fcme, Kulissen und B\u00fchnenausstattung f\u00fcr Opern, Theater und Film \u2013 alles aus einer Hand.\",\"publisher\":{\"@id\":\"https:\\\/\\\/artforart.at\\\/#organization\"},\"alternateName\":\"ART for ART Theaterservice GmbH\",\"potentialAction\":[{\"@type\":\"SearchAction\",\"target\":{\"@type\":\"EntryPoint\",\"urlTemplate\":\"https:\\\/\\\/artforart.at\\\/?s={search_term_string}\"},\"query-input\":{\"@type\":\"PropertyValueSpecification\",\"valueRequired\":true,\"valueName\":\"search_term_string\"}}],\"inLanguage\":\"en-GB\"},{\"@type\":\"Organization\",\"@id\":\"https:\\\/\\\/artforart.at\\\/#organization\",\"name\":\"ART for ART\",\"alternateName\":\"Art4Art, ArtForArt\",\"url\":\"https:\\\/\\\/artforart.at\\\/\",\"logo\":{\"@type\":\"ImageObject\",\"inLanguage\":\"en-GB\",\"@id\":\"https:\\\/\\\/artforart.at\\\/#\\\/schema\\\/logo\\\/image\\\/\",\"url\":\"https:\\\/\\\/artforart.at\\\/wp-content\\\/uploads\\\/2021\\\/11\\\/logo.png\",\"contentUrl\":\"https:\\\/\\\/artforart.at\\\/wp-content\\\/uploads\\\/2021\\\/11\\\/logo.png\",\"width\":322,\"height\":301,\"caption\":\"ART for ART\"},\"image\":{\"@id\":\"https:\\\/\\\/artforart.at\\\/#\\\/schema\\\/logo\\\/image\\\/\"},\"sameAs\":[\"https:\\\/\\\/www.facebook.com\\\/profile.php?id=100066845842584\",\"https:\\\/\\\/www.instagram.com\\\/artforarttheaterservice\\\/\",\"https:\\\/\\\/www.linkedin.com\\\/company\\\/art-for-art-theaterservice-gmbh\\\/\"]}]}<\/script>\n<!-- \/ Yoast SEO plugin. -->","yoast_head_json":{"title":"Event Location - ART for ART","description":"Event location MALERS\u00c4LE Celebrate in the largest decoration workshops in Europe. Painting rooms Our painting rooms are unique in Europe! The huge windows","robots":{"index":"index","follow":"follow","max-snippet":"max-snippet:-1","max-image-preview":"max-image-preview:large","max-video-preview":"max-video-preview:-1"},"canonical":"https:\/\/artforart.at\/en\/event-location\/","og_locale":"en_GB","og_type":"article","og_title":"Event Location - ART for ART","og_url":"https:\/\/artforart.at\/en\/event-location\/","og_site_name":"ART for ART","article_publisher":"https:\/\/www.facebook.com\/profile.php?id=100066845842584","article_modified_time":"2026-03-09T09:12:27+00:00","og_image":[{"width":2048,"height":1536,"url":"https:\/\/artforart.at\/wp-content\/uploads\/2022\/04\/IMG_6508.jpeg","type":"image\/jpeg"}],"twitter_card":"summary_large_image","twitter_misc":{"Estimated reading time":"1 minute"},"schema":{"@context":"https:\/\/schema.org","@graph":[{"@type":"WebPage","@id":"https:\/\/artforart.at\/event-location","url":"https:\/\/artforart.at\/event-location","name":"Event Location - ART for ART","isPartOf":{"@id":"https:\/\/artforart.at\/#website"},"primaryImageOfPage":{"@id":"https:\/\/artforart.at\/event-location#primaryimage"},"image":{"@id":"https:\/\/artforart.at\/event-location#primaryimage"},"thumbnailUrl":"https:\/\/artforart.at\/wp-content\/uploads\/2022\/04\/IMG_6508.jpeg","datePublished":"2021-12-22T11:49:13+00:00","dateModified":"2026-03-09T09:12:27+00:00","breadcrumb":{"@id":"https:\/\/artforart.at\/event-location#breadcrumb"},"inLanguage":"en-GB","potentialAction":[{"@type":"ReadAction","target":["https:\/\/artforart.at\/event-location"]}]},{"@type":"ImageObject","inLanguage":"en-GB","@id":"https:\/\/artforart.at\/event-location#primaryimage","url":"https:\/\/artforart.at\/wp-content\/uploads\/2022\/04\/IMG_6508.jpeg","contentUrl":"https:\/\/artforart.at\/wp-content\/uploads\/2022\/04\/IMG_6508.jpeg","width":2048,"height":1536,"caption":"Gro\u00dfer Veranstaltungssaal mit festlich gedeckten Tischen, rotem Teppich, B\u00fchnenbeleuchtung und G\u00e4sten in eleganter Kleidung."},{"@type":"BreadcrumbList","@id":"https:\/\/artforart.at\/event-location#breadcrumb","itemListElement":[{"@type":"ListItem","position":1,"name":"Startseite","item":"https:\/\/artforart.at\/"},{"@type":"ListItem","position":2,"name":"Event Location"}]},{"@type":"WebSite","@id":"https:\/\/artforart.at\/#website","url":"https:\/\/artforart.at\/","name":"ART for ART","description":"Traditional theatre craftsmanship meets modern technology. ART for ART manufactures costumes, backdrops and stage sets for opera, theatre and film - all from a single source.","publisher":{"@id":"https:\/\/artforart.at\/#organization"},"alternateName":"ART for ART Theaterservice GmbH","potentialAction":[{"@type":"SearchAction","target":{"@type":"EntryPoint","urlTemplate":"https:\/\/artforart.at\/?s={search_term_string}"},"query-input":{"@type":"PropertyValueSpecification","valueRequired":true,"valueName":"search_term_string"}}],"inLanguage":"en-GB"},{"@type":"Organization","@id":"https:\/\/artforart.at\/#organization","name":"ART for ART","alternateName":"Art4Art, ArtForArt","url":"https:\/\/artforart.at\/","logo":{"@type":"ImageObject","inLanguage":"en-GB","@id":"https:\/\/artforart.at\/#\/schema\/logo\/image\/","url":"https:\/\/artforart.at\/wp-content\/uploads\/2021\/11\/logo.png","contentUrl":"https:\/\/artforart.at\/wp-content\/uploads\/2021\/11\/logo.png","width":322,"height":301,"caption":"ART for ART"},"image":{"@id":"https:\/\/artforart.at\/#\/schema\/logo\/image\/"},"sameAs":["https:\/\/www.facebook.com\/profile.php?id=100066845842584","https:\/\/www.instagram.com\/artforarttheaterservice\/","https:\/\/www.linkedin.com\/company\/art-for-art-theaterservice-gmbh\/"]}]}},"_links":{"self":[{"href":"https:\/\/artforart.at\/en\/wp-json\/wp\/v2\/pages\/36","targetHints":{"allow":["GET"]}}],"collection":[{"href":"https:\/\/artforart.at\/en\/wp-json\/wp\/v2\/pages"}],"about":[{"href":"https:\/\/artforart.at\/en\/wp-json\/wp\/v2\/types\/page"}],"author":[{"embeddable":true,"href":"https:\/\/artforart.at\/en\/wp-json\/wp\/v2\/users\/2"}],"replies":[{"embeddable":true,"href":"https:\/\/artforart.at\/en\/wp-json\/wp\/v2\/comments?post=36"}],"version-history":[{"count":0,"href":"https:\/\/artforart.at\/en\/wp-json\/wp\/v2\/pages\/36\/revisions"}],"wp:featuredmedia":[{"embeddable":true,"href":"https:\/\/artforart.at\/en\/wp-json\/wp\/v2\/media\/587"}],"wp:attachment":[{"href":"https:\/\/artforart.at\/en\/wp-json\/wp\/v2\/media?parent=36"}],"curies":[{"name":"wp","href":"https:\/\/api.w.org\/{rel}","templated":true}]}}