{"id":32,"date":"2021-12-22T11:45:05","date_gmt":"2021-12-22T11:45:05","guid":{"rendered":"https:\/\/artforart.at\/?page_id=32"},"modified":"2026-03-30T08:43:20","modified_gmt":"2026-03-30T08:43:20","slug":"building-technology","status":"publish","type":"page","link":"https:\/\/artforart.at\/en\/services\/gebaeudetechnik","title":{"rendered":"Building technology"},"content":{"rendered":"<section id=\"section-11-4467\" class=\"ct-section hero-section p-0\"><div class=\"ct-section-inner-wrap\"><div id=\"div_block-12-4467\" class=\"ct-div-block w-100 grid-center-vertical grid-2-main grid-gap-lg\"><div id=\"div_block-13-4467\" class=\"ct-div-block pos-relative hero-section__left\"><img width=\"1536\" height=\"1024\" data-src=\"https:\/\/artforart.at\/wp-content\/uploads\/2022\/04\/VOP_Portal_NEU-1536x1024.jpg\" class=\"ct-image hero-image--top-left w-100 lazyload\" alt=\"View from the stage into an empty theatre hall with red rows of seats and two tiers.\" decoding=\"async\" data-srcset=\"https:\/\/artforart.at\/wp-content\/uploads\/2022\/04\/VOP_Portal_NEU-1536x1024.jpg 1536w, https:\/\/artforart.at\/wp-content\/uploads\/2022\/04\/VOP_Portal_NEU-500x333.jpg 500w, https:\/\/artforart.at\/wp-content\/uploads\/2022\/04\/VOP_Portal_NEU-1024x683.jpg 1024w, https:\/\/artforart.at\/wp-content\/uploads\/2022\/04\/VOP_Portal_NEU-768x512.jpg 768w, https:\/\/artforart.at\/wp-content\/uploads\/2022\/04\/VOP_Portal_NEU-2048x1365.jpg 2048w, https:\/\/artforart.at\/wp-content\/uploads\/2022\/04\/VOP_Portal_NEU-scaled.jpg 2560w\" data-sizes=\"auto, (max-width: 1536px) 100vw, 1536px\" src=\"data:image\/svg+xml;base64,PHN2ZyB3aWR0aD0iMSIgaGVpZ2h0PSIxIiB4bWxucz0iaHR0cDovL3d3dy53My5vcmcvMjAwMC9zdmciPjwvc3ZnPg==\" style=\"--smush-placeholder-width: 1536px; --smush-placeholder-aspect-ratio: 1536\/1024;\"><\/div><div id=\"div_block-17-4467\" class=\"ct-div-block break-with-hyphen hero-section__right\"><h1 id=\"div_block-18-4467\" class=\"ct-div-block hero-text-block--home gap-sm\"><div id=\"headline-19-4467\" class=\"ct-headline h1\">State-of-the-art\u00a0<\/div><div id=\"text_block-20-4467\" class=\"ct-text-block h2\">BUILDING TECHNOLOGY<\/div><\/h1><\/div><\/div><\/div><\/section>\n\n<section id=\"section-21-4465\" class=\"ct-section center text-center\"><div class=\"ct-section-inner-wrap\"><div id=\"text_block-22-4465\" class=\"ct-text-block subheading bold\">The art of technology.\u00a0<\/div><\/div><\/section>\n\n<section id=\"section-24-4465\" class=\"ct-section\"><div class=\"ct-section-inner-wrap\"><div id=\"div_block-25-4465\" class=\"ct-div-block w-100 pl-auto\"><div id=\"div_block-26-4465\" class=\"ct-div-block grid-2-main grid-align-bottom\"><div id=\"div_block-27-4465\" class=\"ct-div-block pd-5 gap-md\"><h2 id=\"headline-28-4465\" class=\"ct-headline h3\">Structural engineering<\/h2><div id=\"text_block-29-4465\" class=\"ct-text-block\">As a central service provider, ART for ART takes care of the handling of new build and renovation projects, while our employees coordinate your construction project. We take care of the construction process, commission all trades and take care of budget and time planning.\n<\/div><a id=\"link_text-9-4470\" class=\"ct-link-text underlined link-button text-20\" href=\"\/en\/services\/building-technology\/building-construction\/\">Go to structural engineering<\/a><\/div><img width=\"1024\" height=\"682\" data-src=\"https:\/\/artforart.at\/wp-content\/uploads\/2025\/06\/20231019-154321_foto_arsenal_baustelle_-1024x682.jpg\" class=\"ct-image lazyload\" alt=\"A brick building under reconstruction with open ground floor areas, an excavator and two construction containers in front of it.\" decoding=\"async\" data-srcset=\"https:\/\/artforart.at\/wp-content\/uploads\/2025\/06\/20231019-154321_foto_arsenal_baustelle_-1024x682.jpg 1024w, https:\/\/artforart.at\/wp-content\/uploads\/2025\/06\/20231019-154321_foto_arsenal_baustelle_-500x333.jpg 500w, https:\/\/artforart.at\/wp-content\/uploads\/2025\/06\/20231019-154321_foto_arsenal_baustelle_-768x511.jpg 768w, https:\/\/artforart.at\/wp-content\/uploads\/2025\/06\/20231019-154321_foto_arsenal_baustelle_-1536x1022.jpg 1536w, https:\/\/artforart.at\/wp-content\/uploads\/2025\/06\/20231019-154321_foto_arsenal_baustelle_.jpg 2048w\" data-sizes=\"auto, (max-width: 1024px) 100vw, 1024px\" src=\"data:image\/svg+xml;base64,PHN2ZyB3aWR0aD0iMSIgaGVpZ2h0PSIxIiB4bWxucz0iaHR0cDovL3d3dy53My5vcmcvMjAwMC9zdmciPjwvc3ZnPg==\" style=\"--smush-placeholder-width: 1024px; --smush-placeholder-aspect-ratio: 1024\/682;\"><\/div><\/div><\/div><\/section>\n\n<section id=\"section-350-4465\" class=\"ct-section\"><div class=\"ct-section-inner-wrap\"><div id=\"div_block-352-4465\" class=\"ct-div-block grid-40-60\"><div id=\"div_block-363-4465\" class=\"ct-div-block\"><img width=\"1024\" height=\"768\" data-src=\"https:\/\/artforart.at\/wp-content\/uploads\/2022\/04\/DSC09412-1024x768.jpg\" class=\"ct-image lazyload\" alt=\"View of many suspension rails and wire rope hoists in a theatre or stage technology system.\" decoding=\"async\" data-srcset=\"https:\/\/artforart.at\/wp-content\/uploads\/2022\/04\/DSC09412-1024x768.jpg 1024w, https:\/\/artforart.at\/wp-content\/uploads\/2022\/04\/DSC09412-500x375.jpg 500w, https:\/\/artforart.at\/wp-content\/uploads\/2022\/04\/DSC09412-768x576.jpg 768w, https:\/\/artforart.at\/wp-content\/uploads\/2022\/04\/DSC09412-1536x1152.jpg 1536w, https:\/\/artforart.at\/wp-content\/uploads\/2022\/04\/DSC09412-2048x1536.jpg 2048w, https:\/\/artforart.at\/wp-content\/uploads\/2022\/04\/DSC09412-scaled.jpg 2560w\" data-sizes=\"auto, (max-width: 1024px) 100vw, 1024px\" src=\"data:image\/svg+xml;base64,PHN2ZyB3aWR0aD0iMSIgaGVpZ2h0PSIxIiB4bWxucz0iaHR0cDovL3d3dy53My5vcmcvMjAwMC9zdmciPjwvc3ZnPg==\" style=\"--smush-placeholder-width: 1024px; --smush-placeholder-aspect-ratio: 1024\/768;\"><\/div><div id=\"div_block-353-4465\" class=\"ct-div-block pd-5 gap-md pt-40\"><h2 id=\"headline-354-4465\" class=\"ct-headline h3\">Stage technology<\/h2><div id=\"text_block-355-4465\" class=\"ct-text-block bodycopy w-700\">Highly complex systems above and below the stage ensure the perfect performance. Scenic sequences in modern theatres are practically impossible without the numerous stage technology drives such as lifting platforms, turntables or people lowering systems.\nOur colleagues take care of installation and maintenance.<\/div><a id=\"link_text-9-4476\" class=\"ct-link-text underlined link-button text-20\" href=\"\/en\/services\/building-technology\/stage-technology-2\/\">Go to stage technology<\/a><\/div><\/div><\/div><\/section>\n\n<section id=\"section-24-4465\" class=\"ct-section\"><div class=\"ct-section-inner-wrap\"><div id=\"div_block-25-4465\" class=\"ct-div-block w-100 pl-auto\"><div id=\"div_block-26-4465\" class=\"ct-div-block grid-2-main grid-align-bottom\"><div id=\"div_block-27-4465\" class=\"ct-div-block pd-5 gap-md\"><h2 id=\"headline-28-4465\" class=\"ct-headline h3\">Building &amp; security technology<\/h2><div id=\"text_block-29-4465\" class=\"ct-text-block\">We have brought together specialists from the fields of heating, air conditioning, ventilation, plumbing, mechanical engineering, electrical and safety engineering in one planning office.\n<\/div><a id=\"link_text-9-4470\" class=\"ct-link-text underlined link-button text-20\" href=\"\/en\/academy-for-theatre-craft\/\">Go to building technology<\/a><\/div><img width=\"1024\" height=\"538\" data-src=\"https:\/\/artforart.at\/wp-content\/uploads\/2022\/05\/pexels-monicore-134065-1024x538.jpg\" class=\"ct-image lazyload\" alt=\"Green emergency exit sign with a white arrow pointing to the left and a person running on a ceiling in a corridor.\" decoding=\"async\" data-srcset=\"https:\/\/artforart.at\/wp-content\/uploads\/2022\/05\/pexels-monicore-134065-1024x538.jpg 1024w, https:\/\/artforart.at\/wp-content\/uploads\/2022\/05\/pexels-monicore-134065-500x263.jpg 500w, https:\/\/artforart.at\/wp-content\/uploads\/2022\/05\/pexels-monicore-134065-768x404.jpg 768w, https:\/\/artforart.at\/wp-content\/uploads\/2022\/05\/pexels-monicore-134065-1536x808.jpg 1536w, https:\/\/artforart.at\/wp-content\/uploads\/2022\/05\/pexels-monicore-134065-2048x1077.jpg 2048w, https:\/\/artforart.at\/wp-content\/uploads\/2022\/05\/pexels-monicore-134065-scaled.jpg 2560w\" data-sizes=\"auto, (max-width: 1024px) 100vw, 1024px\" src=\"data:image\/svg+xml;base64,PHN2ZyB3aWR0aD0iMSIgaGVpZ2h0PSIxIiB4bWxucz0iaHR0cDovL3d3dy53My5vcmcvMjAwMC9zdmciPjwvc3ZnPg==\" style=\"--smush-placeholder-width: 1024px; --smush-placeholder-aspect-ratio: 1024\/538;\"><\/div><\/div><\/div><\/section>\n\n<section id=\"section-350-4465\" class=\"ct-section\"><div class=\"ct-section-inner-wrap\"><div id=\"div_block-352-4465\" class=\"ct-div-block grid-40-60\"><div id=\"div_block-363-4465\" class=\"ct-div-block\"><img width=\"1024\" height=\"683\" data-src=\"https:\/\/artforart.at\/wp-content\/uploads\/2022\/05\/pexels-federico-orlandi-3260626-1024x683.jpg\" class=\"ct-image lazyload\" alt=\"An unfolded laptop keyboard with illuminated keys and a mirror-like screen reflection.\" decoding=\"async\" data-srcset=\"https:\/\/artforart.at\/wp-content\/uploads\/2022\/05\/pexels-federico-orlandi-3260626-1024x683.jpg 1024w, https:\/\/artforart.at\/wp-content\/uploads\/2022\/05\/pexels-federico-orlandi-3260626-500x333.jpg 500w, https:\/\/artforart.at\/wp-content\/uploads\/2022\/05\/pexels-federico-orlandi-3260626-768x512.jpg 768w, https:\/\/artforart.at\/wp-content\/uploads\/2022\/05\/pexels-federico-orlandi-3260626-1536x1024.jpg 1536w, https:\/\/artforart.at\/wp-content\/uploads\/2022\/05\/pexels-federico-orlandi-3260626-2048x1365.jpg 2048w, https:\/\/artforart.at\/wp-content\/uploads\/2022\/05\/pexels-federico-orlandi-3260626-scaled.jpg 2560w\" data-sizes=\"auto, (max-width: 1024px) 100vw, 1024px\" src=\"data:image\/svg+xml;base64,PHN2ZyB3aWR0aD0iMSIgaGVpZ2h0PSIxIiB4bWxucz0iaHR0cDovL3d3dy53My5vcmcvMjAwMC9zdmciPjwvc3ZnPg==\" style=\"--smush-placeholder-width: 1024px; --smush-placeholder-aspect-ratio: 1024\/683;\"><\/div><div id=\"div_block-353-4465\" class=\"ct-div-block pd-5 gap-md pt-40\"><h2 id=\"headline-354-4465\" class=\"ct-headline h3\">Information &amp; communication technology<\/h2><div id=\"text_block-355-4465\" class=\"ct-text-block bodycopy w-700\">The Low Current department deals with all issues relating to information and communication technology.\n<\/div><a id=\"link_text-9-4476\" class=\"ct-link-text underlined link-button text-20\" href=\"\/en\/services\/building-technology\/information-and-communication-technology\/\">Go to information technology<\/a><\/div><\/div><\/div><\/section>\n\n<section id=\"section-24-4465\" class=\"ct-section\"><div class=\"ct-section-inner-wrap\"><div id=\"div_block-25-4465\" class=\"ct-div-block w-100 pl-auto\"><div id=\"div_block-26-4465\" class=\"ct-div-block grid-2-main grid-align-bottom\"><div id=\"div_block-27-4465\" class=\"ct-div-block pd-5 gap-md\"><h2 id=\"headline-28-4465\" class=\"ct-headline h3\">Event equipment\u00a0<\/h2><div id=\"text_block-29-4465\" class=\"ct-text-block\">As a general contractor, our building services department will take care of your major event for you. Whether congresses or ceremonies, we coordinate assembly and dismantling with all subcontractors involved.\n<\/div><a id=\"link_text-9-4470\" class=\"ct-link-text underlined link-button text-20\" href=\"\/en\/services\/building-technology\/event-equipment\/\">Go to the event equipment<\/a><\/div><img width=\"1024\" height=\"683\" data-src=\"https:\/\/artforart.at\/wp-content\/uploads\/2022\/04\/FOTO-GB-2019-GT-Pressebereich-1024x683.jpg\" class=\"ct-image lazyload\" alt=\"A large, modern conference room with lots of white chairs and tables, ceiling lighting and a \u201eB4\u201c sign on the wall.\" decoding=\"async\" data-srcset=\"https:\/\/artforart.at\/wp-content\/uploads\/2022\/04\/FOTO-GB-2019-GT-Pressebereich-1024x683.jpg 1024w, https:\/\/artforart.at\/wp-content\/uploads\/2022\/04\/FOTO-GB-2019-GT-Pressebereich-500x334.jpg 500w, https:\/\/artforart.at\/wp-content\/uploads\/2022\/04\/FOTO-GB-2019-GT-Pressebereich-768x512.jpg 768w, https:\/\/artforart.at\/wp-content\/uploads\/2022\/04\/FOTO-GB-2019-GT-Pressebereich-1536x1025.jpg 1536w, https:\/\/artforart.at\/wp-content\/uploads\/2022\/04\/FOTO-GB-2019-GT-Pressebereich-2048x1366.jpg 2048w, https:\/\/artforart.at\/wp-content\/uploads\/2022\/04\/FOTO-GB-2019-GT-Pressebereich-scaled.jpg 2560w\" data-sizes=\"auto, (max-width: 1024px) 100vw, 1024px\" src=\"data:image\/svg+xml;base64,PHN2ZyB3aWR0aD0iMSIgaGVpZ2h0PSIxIiB4bWxucz0iaHR0cDovL3d3dy53My5vcmcvMjAwMC9zdmciPjwvc3ZnPg==\" style=\"--smush-placeholder-width: 1024px; --smush-placeholder-aspect-ratio: 1024\/683;\"><\/div><\/div><\/div><\/section>\n\n<section id=\"section-88-4465\" class=\"ct-section\"><div class=\"ct-section-inner-wrap\"><div id=\"div_block-89-4465\" class=\"ct-div-block\"><h2 id=\"text_block-90-4465\" class=\"ct-text-block h2\">Do you have any questions?\n<\/h2><div id=\"text_block-91-4465\" class=\"ct-text-block subheading\">Please contact me!\n<br><\/div><\/div><img width=\"1024\" height=\"683\" data-src=\"https:\/\/artforart.at\/wp-content\/uploads\/2022\/07\/art4art-Manfred-Hoffelner-5078-1024x683.jpg\" class=\"ct-image lazyload\" alt=\"A man in a suit stands smiling on a theatre stage, with a view of the large, illuminated auditorium in the background.\" decoding=\"async\" data-srcset=\"https:\/\/artforart.at\/wp-content\/uploads\/2022\/07\/art4art-Manfred-Hoffelner-5078-1024x683.jpg 1024w, https:\/\/artforart.at\/wp-content\/uploads\/2022\/07\/art4art-Manfred-Hoffelner-5078-500x333.jpg 500w, https:\/\/artforart.at\/wp-content\/uploads\/2022\/07\/art4art-Manfred-Hoffelner-5078-768x512.jpg 768w, https:\/\/artforart.at\/wp-content\/uploads\/2022\/07\/art4art-Manfred-Hoffelner-5078-1536x1024.jpg 1536w, https:\/\/artforart.at\/wp-content\/uploads\/2022\/07\/art4art-Manfred-Hoffelner-5078-2048x1365.jpg 2048w, https:\/\/artforart.at\/wp-content\/uploads\/2022\/07\/art4art-Manfred-Hoffelner-5078-scaled.jpg 2560w\" data-sizes=\"auto, (max-width: 1024px) 100vw, 1024px\" src=\"data:image\/svg+xml;base64,PHN2ZyB3aWR0aD0iMSIgaGVpZ2h0PSIxIiB4bWxucz0iaHR0cDovL3d3dy53My5vcmcvMjAwMC9zdmciPjwvc3ZnPg==\" style=\"--smush-placeholder-width: 1024px; --smush-placeholder-aspect-ratio: 1024\/683;\"><div id=\"div_block-93-4465\" class=\"ct-div-block bg-red\"><div id=\"div_block-94-4465\" class=\"ct-div-block\"><\/div><div id=\"text_block-95-4465\" class=\"ct-text-block link line_before mb-20\">HEAD OF BUILDING SERVICES ENGINEERING\n<\/div><div id=\"text_block-96-4465\" class=\"ct-text-block subheading mb-20\">Engineer Manfred Hoffelner\u00a0<\/div><div id=\"text_block-98-4465\" class=\"ct-text-block bodycopy mb-8\">ART for ART Theaterservice GmbH <br>Goethegasse 1\u00a0<br>1010 Vienna <br>T +43 1 51444-7500\n <br><\/div><a id=\"link_text-99-4465\" class=\"ct-link-text link-button underlined\" href=\"\/en\/about-us\/team\/#kontakt\">write to us<\/a><\/div><\/div><\/section>","protected":false},"excerpt":{"rendered":"","protected":false},"author":2,"featured_media":0,"parent":26,"menu_order":0,"comment_status":"closed","ping_status":"closed","template":"","meta":{"_acf_changed":false,"inline_featured_image":false,"footnotes":""},"class_list":["post-32","page","type-page","status-publish","hentry"],"acf":[],"yoast_head":"<!-- This site is optimized with the Yoast SEO plugin v27.3 - https:\/\/yoast.com\/product\/yoast-seo-wordpress\/ -->\n<title>Geb\u00e4udetechnik - ART for ART<\/title>\n<meta name=\"description\" content=\"Modernste&nbsp; GEB\u00c4UDETECHNIK Die Kunst der Technik.&nbsp; Hochbau ART for ART k\u00fcmmert sich als zentraler Dienstleister um die Abwicklung von Neu- und Um\" \/>\n<meta name=\"robots\" content=\"index, follow, max-snippet:-1, max-image-preview:large, max-video-preview:-1\" \/>\n<link rel=\"canonical\" href=\"https:\/\/artforart.at\/en\/services\/building-technology\/\" \/>\n<meta property=\"og:locale\" content=\"en_GB\" \/>\n<meta property=\"og:type\" content=\"article\" \/>\n<meta property=\"og:title\" content=\"Geb\u00e4udetechnik - ART for ART\" \/>\n<meta property=\"og:url\" content=\"https:\/\/artforart.at\/en\/services\/building-technology\/\" \/>\n<meta property=\"og:site_name\" content=\"ART for ART\" \/>\n<meta property=\"article:publisher\" content=\"https:\/\/www.facebook.com\/profile.php?id=100066845842584\" \/>\n<meta property=\"article:modified_time\" content=\"2026-03-30T08:43:20+00:00\" \/>\n<meta property=\"og:image\" content=\"https:\/\/artforart.at\/wp-content\/uploads\/2025\/12\/AfA-Logo-grau-mit-WE.png\" \/>\n\t<meta property=\"og:image:width\" content=\"591\" \/>\n\t<meta property=\"og:image:height\" content=\"591\" \/>\n\t<meta property=\"og:image:type\" content=\"image\/png\" \/>\n<meta name=\"twitter:card\" content=\"summary_large_image\" \/>\n<script type=\"application\/ld+json\" class=\"yoast-schema-graph\">{\"@context\":\"https:\\\/\\\/schema.org\",\"@graph\":[{\"@type\":\"WebPage\",\"@id\":\"https:\\\/\\\/artforart.at\\\/services\\\/gebaeudetechnik\",\"url\":\"https:\\\/\\\/artforart.at\\\/services\\\/gebaeudetechnik\",\"name\":\"Geb\u00e4udetechnik - ART for ART\",\"isPartOf\":{\"@id\":\"https:\\\/\\\/artforart.at\\\/#website\"},\"datePublished\":\"2021-12-22T11:45:05+00:00\",\"dateModified\":\"2026-03-30T08:43:20+00:00\",\"breadcrumb\":{\"@id\":\"https:\\\/\\\/artforart.at\\\/services\\\/gebaeudetechnik#breadcrumb\"},\"inLanguage\":\"en-GB\",\"potentialAction\":[{\"@type\":\"ReadAction\",\"target\":[\"https:\\\/\\\/artforart.at\\\/services\\\/gebaeudetechnik\"]}]},{\"@type\":\"BreadcrumbList\",\"@id\":\"https:\\\/\\\/artforart.at\\\/services\\\/gebaeudetechnik#breadcrumb\",\"itemListElement\":[{\"@type\":\"ListItem\",\"position\":1,\"name\":\"Startseite\",\"item\":\"https:\\\/\\\/artforart.at\\\/\"},{\"@type\":\"ListItem\",\"position\":2,\"name\":\"Services\",\"item\":\"https:\\\/\\\/artforart.at\\\/services\"},{\"@type\":\"ListItem\",\"position\":3,\"name\":\"Geb\u00e4udetechnik\"}]},{\"@type\":\"WebSite\",\"@id\":\"https:\\\/\\\/artforart.at\\\/#website\",\"url\":\"https:\\\/\\\/artforart.at\\\/\",\"name\":\"ART for ART\",\"description\":\"Traditionelles Theaterhandwerk trifft moderne Technik. ART for ART fertigt Kost\u00fcme, Kulissen und B\u00fchnenausstattung f\u00fcr Opern, Theater und Film \u2013 alles aus einer Hand.\",\"publisher\":{\"@id\":\"https:\\\/\\\/artforart.at\\\/#organization\"},\"alternateName\":\"ART for ART Theaterservice GmbH\",\"potentialAction\":[{\"@type\":\"SearchAction\",\"target\":{\"@type\":\"EntryPoint\",\"urlTemplate\":\"https:\\\/\\\/artforart.at\\\/?s={search_term_string}\"},\"query-input\":{\"@type\":\"PropertyValueSpecification\",\"valueRequired\":true,\"valueName\":\"search_term_string\"}}],\"inLanguage\":\"en-GB\"},{\"@type\":\"Organization\",\"@id\":\"https:\\\/\\\/artforart.at\\\/#organization\",\"name\":\"ART for ART\",\"alternateName\":\"Art4Art, ArtForArt\",\"url\":\"https:\\\/\\\/artforart.at\\\/\",\"logo\":{\"@type\":\"ImageObject\",\"inLanguage\":\"en-GB\",\"@id\":\"https:\\\/\\\/artforart.at\\\/#\\\/schema\\\/logo\\\/image\\\/\",\"url\":\"https:\\\/\\\/artforart.at\\\/wp-content\\\/uploads\\\/2021\\\/11\\\/logo.png\",\"contentUrl\":\"https:\\\/\\\/artforart.at\\\/wp-content\\\/uploads\\\/2021\\\/11\\\/logo.png\",\"width\":322,\"height\":301,\"caption\":\"ART for ART\"},\"image\":{\"@id\":\"https:\\\/\\\/artforart.at\\\/#\\\/schema\\\/logo\\\/image\\\/\"},\"sameAs\":[\"https:\\\/\\\/www.facebook.com\\\/profile.php?id=100066845842584\",\"https:\\\/\\\/www.instagram.com\\\/artforarttheaterservice\\\/\",\"https:\\\/\\\/www.linkedin.com\\\/company\\\/art-for-art-theaterservice-gmbh\\\/\"]}]}<\/script>\n<!-- \/ Yoast SEO plugin. -->","yoast_head_json":{"title":"Building technology - ART for ART","description":"Modernste&nbsp; GEB\u00c4UDETECHNIK Die Kunst der Technik.&nbsp; Hochbau ART for ART k\u00fcmmert sich als zentraler Dienstleister um die Abwicklung von Neu- und Um","robots":{"index":"index","follow":"follow","max-snippet":"max-snippet:-1","max-image-preview":"max-image-preview:large","max-video-preview":"max-video-preview:-1"},"canonical":"https:\/\/artforart.at\/en\/services\/building-technology\/","og_locale":"en_GB","og_type":"article","og_title":"Geb\u00e4udetechnik - ART for ART","og_url":"https:\/\/artforart.at\/en\/services\/building-technology\/","og_site_name":"ART for ART","article_publisher":"https:\/\/www.facebook.com\/profile.php?id=100066845842584","article_modified_time":"2026-03-30T08:43:20+00:00","og_image":[{"width":591,"height":591,"url":"https:\/\/artforart.at\/wp-content\/uploads\/2025\/12\/AfA-Logo-grau-mit-WE.png","type":"image\/png"}],"twitter_card":"summary_large_image","schema":{"@context":"https:\/\/schema.org","@graph":[{"@type":"WebPage","@id":"https:\/\/artforart.at\/services\/gebaeudetechnik","url":"https:\/\/artforart.at\/services\/gebaeudetechnik","name":"Building technology - ART for ART","isPartOf":{"@id":"https:\/\/artforart.at\/#website"},"datePublished":"2021-12-22T11:45:05+00:00","dateModified":"2026-03-30T08:43:20+00:00","breadcrumb":{"@id":"https:\/\/artforart.at\/services\/gebaeudetechnik#breadcrumb"},"inLanguage":"en-GB","potentialAction":[{"@type":"ReadAction","target":["https:\/\/artforart.at\/services\/gebaeudetechnik"]}]},{"@type":"BreadcrumbList","@id":"https:\/\/artforart.at\/services\/gebaeudetechnik#breadcrumb","itemListElement":[{"@type":"ListItem","position":1,"name":"Startseite","item":"https:\/\/artforart.at\/"},{"@type":"ListItem","position":2,"name":"Services","item":"https:\/\/artforart.at\/services"},{"@type":"ListItem","position":3,"name":"Geb\u00e4udetechnik"}]},{"@type":"WebSite","@id":"https:\/\/artforart.at\/#website","url":"https:\/\/artforart.at\/","name":"ART for ART","description":"Traditional theatre craftsmanship meets modern technology. ART for ART manufactures costumes, backdrops and stage sets for opera, theatre and film - all from a single source.","publisher":{"@id":"https:\/\/artforart.at\/#organization"},"alternateName":"ART for ART Theaterservice GmbH","potentialAction":[{"@type":"SearchAction","target":{"@type":"EntryPoint","urlTemplate":"https:\/\/artforart.at\/?s={search_term_string}"},"query-input":{"@type":"PropertyValueSpecification","valueRequired":true,"valueName":"search_term_string"}}],"inLanguage":"en-GB"},{"@type":"Organization","@id":"https:\/\/artforart.at\/#organization","name":"ART for ART","alternateName":"Art4Art, ArtForArt","url":"https:\/\/artforart.at\/","logo":{"@type":"ImageObject","inLanguage":"en-GB","@id":"https:\/\/artforart.at\/#\/schema\/logo\/image\/","url":"https:\/\/artforart.at\/wp-content\/uploads\/2021\/11\/logo.png","contentUrl":"https:\/\/artforart.at\/wp-content\/uploads\/2021\/11\/logo.png","width":322,"height":301,"caption":"ART for ART"},"image":{"@id":"https:\/\/artforart.at\/#\/schema\/logo\/image\/"},"sameAs":["https:\/\/www.facebook.com\/profile.php?id=100066845842584","https:\/\/www.instagram.com\/artforarttheaterservice\/","https:\/\/www.linkedin.com\/company\/art-for-art-theaterservice-gmbh\/"]}]}},"_links":{"self":[{"href":"https:\/\/artforart.at\/en\/wp-json\/wp\/v2\/pages\/32","targetHints":{"allow":["GET"]}}],"collection":[{"href":"https:\/\/artforart.at\/en\/wp-json\/wp\/v2\/pages"}],"about":[{"href":"https:\/\/artforart.at\/en\/wp-json\/wp\/v2\/types\/page"}],"author":[{"embeddable":true,"href":"https:\/\/artforart.at\/en\/wp-json\/wp\/v2\/users\/2"}],"replies":[{"embeddable":true,"href":"https:\/\/artforart.at\/en\/wp-json\/wp\/v2\/comments?post=32"}],"version-history":[{"count":0,"href":"https:\/\/artforart.at\/en\/wp-json\/wp\/v2\/pages\/32\/revisions"}],"up":[{"embeddable":true,"href":"https:\/\/artforart.at\/en\/wp-json\/wp\/v2\/pages\/26"}],"wp:attachment":[{"href":"https:\/\/artforart.at\/en\/wp-json\/wp\/v2\/media?parent=32"}],"curies":[{"name":"wp","href":"https:\/\/api.w.org\/{rel}","templated":true}]}}