{"id":28,"date":"2021-12-22T11:44:13","date_gmt":"2021-12-22T11:44:13","guid":{"rendered":"https:\/\/artforart.at\/?page_id=28"},"modified":"2025-12-05T11:15:46","modified_gmt":"2025-12-05T11:15:46","slug":"craft","status":"publish","type":"page","link":"https:\/\/artforart.at\/en\/services\/handwerk","title":{"rendered":"Craftsmanship"},"content":{"rendered":"<section id=\"section-10-4465\" class=\"ct-section hero-section p-0\"><div class=\"ct-section-inner-wrap\"><div id=\"div_block-11-4465\" class=\"ct-div-block w-100 grid-center-vertical grid-2-main grid-gap-lg\"><div id=\"div_block-12-4465\" class=\"ct-div-block pos-relative hero-section__left\"><img width=\"1024\" height=\"683\" data-src=\"https:\/\/artforart.at\/wp-content\/uploads\/2022\/04\/874A8043-2-1024x683.jpg\" class=\"ct-image hero-image--top-left w-100 lazyload\" alt=\"Three colourful, eye-catching costumes, one red with large circles, one with round stripes and one black and white with glitter, stand on clothes racks.\" decoding=\"async\" data-srcset=\"https:\/\/artforart.at\/wp-content\/uploads\/2022\/04\/874A8043-2-1024x683.jpg 1024w, https:\/\/artforart.at\/wp-content\/uploads\/2022\/04\/874A8043-2-500x333.jpg 500w, https:\/\/artforart.at\/wp-content\/uploads\/2022\/04\/874A8043-2-768x512.jpg 768w, https:\/\/artforart.at\/wp-content\/uploads\/2022\/04\/874A8043-2.jpg 1500w\" data-sizes=\"auto, (max-width: 1024px) 100vw, 1024px\" src=\"data:image\/svg+xml;base64,PHN2ZyB3aWR0aD0iMSIgaGVpZ2h0PSIxIiB4bWxucz0iaHR0cDovL3d3dy53My5vcmcvMjAwMC9zdmciPjwvc3ZnPg==\" style=\"--smush-placeholder-width: 1024px; --smush-placeholder-aspect-ratio: 1024\/683;\"><div id=\"div_block-14-4465\" class=\"ct-div-block pos-absolute pos-absolute--bottom-right\"><img width=\"102\" height=\"102\" data-src=\"https:\/\/artforart.at\/wp-content\/uploads\/2021\/12\/wiener-exzellenz.png\" class=\"ct-image css-anim-rotate lazyload\" alt=\"Viennese Excellence Logo\" decoding=\"async\" src=\"data:image\/svg+xml;base64,PHN2ZyB3aWR0aD0iMSIgaGVpZ2h0PSIxIiB4bWxucz0iaHR0cDovL3d3dy53My5vcmcvMjAwMC9zdmciPjwvc3ZnPg==\" style=\"--smush-placeholder-width: 102px; --smush-placeholder-aspect-ratio: 102\/102;\"><\/div><\/div><div id=\"div_block-16-4465\" class=\"ct-div-block break-with-hyphen hero-section__right\"><h1 id=\"div_block-17-4465\" class=\"ct-div-block hero-text-block--home gap-sm\"><div id=\"headline-18-4465\" class=\"ct-headline h1\">Stage design &amp;\u00a0<\/div><div id=\"text_block-19-4465\" class=\"ct-text-block h2\">COSTUME<\/div><\/h1><\/div><\/div><\/div><\/section>\n\n<section id=\"section-21-4465\" class=\"ct-section center text-center\"><div class=\"ct-section-inner-wrap\"><div id=\"text_block-22-4465\" class=\"ct-text-block subheading bold\">The outstanding features of ART for ART include<div>the various trades under one roof.<\/div><\/div><\/div><\/section>\n\n<section id=\"section-64-4465\" class=\"ct-section\"><div class=\"ct-section-inner-wrap\"><div id=\"div_block-333-4465\" class=\"ct-div-block w-100 grid-2\"><div id=\"div_block-338-4465\" class=\"ct-div-block pd-5\"><div id=\"text_block-67-4465\" class=\"ct-text-block subheading mb-30\">Our costume workshops create true works of art that enchant the audience on stage. Our employees fulfil the wishes of directors and costume designers.\n<\/div><a id=\"link_text-68-4465\" class=\"ct-link-text underlined text-20 link-button\" href=\"\/en\/services\/craft\/costume\/\">COSTUME<\/a><\/div><img width=\"1024\" height=\"683\" data-src=\"https:\/\/artforart.at\/wp-content\/uploads\/2022\/01\/K120-1024x683.jpg\" class=\"ct-image Object-fit lazyload\" alt=\"Several hands help to adjust the detailed, purple-pink stage costume with bows and netting on one person.\" decoding=\"async\" data-srcset=\"https:\/\/artforart.at\/wp-content\/uploads\/2022\/01\/K120-1024x683.jpg 1024w, https:\/\/artforart.at\/wp-content\/uploads\/2022\/01\/K120-500x333.jpg 500w, https:\/\/artforart.at\/wp-content\/uploads\/2022\/01\/K120-768x512.jpg 768w, https:\/\/artforart.at\/wp-content\/uploads\/2022\/01\/K120-1536x1024.jpg 1536w, https:\/\/artforart.at\/wp-content\/uploads\/2022\/01\/K120-2048x1366.jpg 2048w, https:\/\/artforart.at\/wp-content\/uploads\/2022\/01\/K120-scaled.jpg 2560w\" data-sizes=\"auto, (max-width: 1024px) 100vw, 1024px\" src=\"data:image\/svg+xml;base64,PHN2ZyB3aWR0aD0iMSIgaGVpZ2h0PSIxIiB4bWxucz0iaHR0cDovL3d3dy53My5vcmcvMjAwMC9zdmciPjwvc3ZnPg==\" style=\"--smush-placeholder-width: 1024px; --smush-placeholder-aspect-ratio: 1024\/683;\"><\/div><\/div><\/section>\n\n<section id=\"section-88-4465\" class=\"ct-section\"><div class=\"ct-section-inner-wrap\"><div id=\"div_block-89-4465\" class=\"ct-div-block\"><h2 id=\"text_block-90-4465\" class=\"ct-text-block h2\">Do you have a special project in mind that you would like us to realise for you?\n<\/h2><div id=\"text_block-91-4465\" class=\"ct-text-block subheading\">We look forward to your enquiry!\n<br><\/div><\/div><img width=\"960\" height=\"1024\" data-src=\"https:\/\/artforart.at\/wp-content\/uploads\/2023\/04\/art4art-Barbara-Pfeiler-5980-scaled-e1684163540588-960x1024.jpg\" class=\"ct-image lazyload\" alt=\"A woman with short red hair stands in front of tables with fabric samples and an open folder in a fabric store.\" decoding=\"async\" data-srcset=\"https:\/\/artforart.at\/wp-content\/uploads\/2023\/04\/art4art-Barbara-Pfeiler-5980-scaled-e1684163540588-960x1024.jpg 960w, https:\/\/artforart.at\/wp-content\/uploads\/2023\/04\/art4art-Barbara-Pfeiler-5980-scaled-e1684163540588-469x500.jpg 469w, https:\/\/artforart.at\/wp-content\/uploads\/2023\/04\/art4art-Barbara-Pfeiler-5980-scaled-e1684163540588-768x819.jpg 768w, https:\/\/artforart.at\/wp-content\/uploads\/2023\/04\/art4art-Barbara-Pfeiler-5980-scaled-e1684163540588-1441x1536.jpg 1441w, https:\/\/artforart.at\/wp-content\/uploads\/2023\/04\/art4art-Barbara-Pfeiler-5980-scaled-e1684163540588.jpg 1601w\" data-sizes=\"auto, (max-width: 960px) 100vw, 960px\" src=\"data:image\/svg+xml;base64,PHN2ZyB3aWR0aD0iMSIgaGVpZ2h0PSIxIiB4bWxucz0iaHR0cDovL3d3dy53My5vcmcvMjAwMC9zdmciPjwvc3ZnPg==\" style=\"--smush-placeholder-width: 960px; --smush-placeholder-aspect-ratio: 960\/1024;\"><div id=\"div_block-93-4465\" class=\"ct-div-block bg-red\"><div id=\"div_block-94-4465\" class=\"ct-div-block\"><\/div><div id=\"text_block-95-4465\" class=\"ct-text-block link line_before mb-20\">COSTUME WORKSHOPS<\/div><div id=\"text_block-96-4465\" class=\"ct-text-block subheading mb-20\"><span id=\"span-456-4465\" class=\"ct-span oxygenberg-span-456-4465 oxygenberg-element\">Barbara Pfeiler<\/span><br><\/div><div id=\"text_block-98-4465\" class=\"ct-text-block bodycopy mb-8\">ART for ART Theaterservice GmbH <br>Goethegasse 1\u00a0<br>1010 Vienna <br>T +43 1 51444-7200 <br><\/div><a id=\"link_text-99-4465\" class=\"ct-link-text link-button underlined\" href=\"\/en\/about-us\/team\/#kontakt\">write to us<\/a><\/div><\/div><\/section>\n\n<section id=\"section-350-4465\" class=\"ct-section\"><div class=\"ct-section-inner-wrap\"><div id=\"div_block-352-4465\" class=\"ct-div-block grid-40-60\"><div id=\"div_block-363-4465\" class=\"ct-div-block\"><img width=\"1024\" height=\"577\" data-src=\"https:\/\/artforart.at\/wp-content\/uploads\/2025\/03\/STOP-Ballett-Goldberg-Variationen-23-5-1024x577.jpg\" class=\"ct-image lazyload\" alt=\"In a large hall, painted stage backdrops with cloud motifs lie on the floor and two people are working on them.\" decoding=\"async\" data-srcset=\"https:\/\/artforart.at\/wp-content\/uploads\/2025\/03\/STOP-Ballett-Goldberg-Variationen-23-5-1024x577.jpg 1024w, https:\/\/artforart.at\/wp-content\/uploads\/2025\/03\/STOP-Ballett-Goldberg-Variationen-23-5-500x282.jpg 500w, https:\/\/artforart.at\/wp-content\/uploads\/2025\/03\/STOP-Ballett-Goldberg-Variationen-23-5-768x432.jpg 768w, https:\/\/artforart.at\/wp-content\/uploads\/2025\/03\/STOP-Ballett-Goldberg-Variationen-23-5-1536x865.jpg 1536w, https:\/\/artforart.at\/wp-content\/uploads\/2025\/03\/STOP-Ballett-Goldberg-Variationen-23-5-2048x1153.jpg 2048w, https:\/\/artforart.at\/wp-content\/uploads\/2025\/03\/STOP-Ballett-Goldberg-Variationen-23-5-scaled.jpg 2560w\" data-sizes=\"auto, (max-width: 1024px) 100vw, 1024px\" src=\"data:image\/svg+xml;base64,PHN2ZyB3aWR0aD0iMSIgaGVpZ2h0PSIxIiB4bWxucz0iaHR0cDovL3d3dy53My5vcmcvMjAwMC9zdmciPjwvc3ZnPg==\" style=\"--smush-placeholder-width: 1024px; --smush-placeholder-aspect-ratio: 1024\/577;\"><\/div><div id=\"div_block-353-4465\" class=\"ct-div-block pd-5 gap-md pt-40\"><h2 id=\"headline-354-4465\" class=\"ct-headline h3\">Stage design &amp;\nDecoration<\/h2><div id=\"text_block-355-4465\" class=\"ct-text-block bodycopy w-700\">Our decoration workshops are among the largest and most important in Europe. Our employees in the carpentry, metalworking, upholstery and decorative painting departments create the perfect illusion for every stage with their stage sets.\n<\/div><a id=\"link_text-9-4476\" class=\"ct-link-text underlined link-button text-20\" href=\"\/en\/academy-for-theatre-craft\/\">Go to stage design<\/a><\/div><\/div><\/div><\/section>\n\n<section id=\"section-88-4465\" class=\"ct-section\"><div class=\"ct-section-inner-wrap\"><div id=\"div_block-89-4465\" class=\"ct-div-block\"><h2 id=\"text_block-90-4465\" class=\"ct-text-block h2\">Do you have any questions?\n<\/h2><div id=\"text_block-91-4465\" class=\"ct-text-block subheading\">We will be happy to prepare a non-binding offer for your project.\n<br><\/div><\/div><img width=\"1024\" height=\"670\" data-src=\"https:\/\/artforart.at\/wp-content\/uploads\/2022\/07\/art4art-Hendrik-Nagel-6250-scaled-e1658154918331-1024x670.jpg\" class=\"ct-image lazyload\" alt=\"A man in a blue jacket stands with his arms folded in an industrial hall in front of a large wooden crate and stage backdrops.\" decoding=\"async\" data-srcset=\"https:\/\/artforart.at\/wp-content\/uploads\/2022\/07\/art4art-Hendrik-Nagel-6250-scaled-e1658154918331-1024x670.jpg 1024w, https:\/\/artforart.at\/wp-content\/uploads\/2022\/07\/art4art-Hendrik-Nagel-6250-scaled-e1658154918331-500x327.jpg 500w, https:\/\/artforart.at\/wp-content\/uploads\/2022\/07\/art4art-Hendrik-Nagel-6250-scaled-e1658154918331-768x502.jpg 768w, https:\/\/artforart.at\/wp-content\/uploads\/2022\/07\/art4art-Hendrik-Nagel-6250-scaled-e1658154918331-1536x1005.jpg 1536w, https:\/\/artforart.at\/wp-content\/uploads\/2022\/07\/art4art-Hendrik-Nagel-6250-scaled-e1658154918331-2048x1339.jpg 2048w, https:\/\/artforart.at\/wp-content\/uploads\/2022\/07\/art4art-Hendrik-Nagel-6250-scaled-e1658154918331.jpg 2182w\" data-sizes=\"auto, (max-width: 1024px) 100vw, 1024px\" src=\"data:image\/svg+xml;base64,PHN2ZyB3aWR0aD0iMSIgaGVpZ2h0PSIxIiB4bWxucz0iaHR0cDovL3d3dy53My5vcmcvMjAwMC9zdmciPjwvc3ZnPg==\" style=\"--smush-placeholder-width: 1024px; --smush-placeholder-aspect-ratio: 1024\/670;\"><div id=\"div_block-93-4465\" class=\"ct-div-block bg-red\"><div id=\"div_block-94-4465\" class=\"ct-div-block\"><\/div><div id=\"text_block-95-4465\" class=\"ct-text-block link line_before mb-20\">Decoration workshops<\/div><div id=\"text_block-96-4465\" class=\"ct-text-block subheading mb-20\">Hendrik Nagel\u00a0<\/div><div id=\"text_block-98-4465\" class=\"ct-text-block bodycopy mb-8\">ART for ART Theaterservice GmbH\u00a0<div>Arsenal object 19\u00a0<\/div><div>1030 Vienna\u00a0<\/div><div>T +43 1 51444-7300\u00a0<\/div><\/div><a id=\"link_text-99-4465\" class=\"ct-link-text link-button underlined\" href=\"\/en\/about-us\/team\/#kontakt\">write to us<\/a><\/div><\/div><\/section>\n\n<section id=\"section-305-4465\" class=\"ct-section\"><div class=\"ct-section-inner-wrap\"><div id=\"div_block-307-4465\" class=\"ct-div-block grid-60-40 grid-center-vertical\"><div id=\"div_block-308-4465\" class=\"ct-div-block pd-5 gap-md\"><h2 id=\"headline-309-4465\" class=\"ct-headline h3\">Wiener Exzellenz\n<\/h2><div id=\"text_block-310-4465\" class=\"ct-text-block bodycopy w-580\">Vienna can look back on a centuries-long theatre tradition. Today, Vienna's opera houses and theatres are world-class, above all the Austrian Federal Theatres with the Vienna State Opera, the Burgtheater and the Vienna Volksoper. They stand for the highest artistic quality and offer a first-class cultural experience.\u00a0<div><br><\/div><div>\u00a0This high quality is not least due to the high-quality equipment. ART for ART Theaterservice GesmbH, an independent company under the umbrella of Bundestheater-Holding since 1999, follows the tradition of major opera houses and theatres and stands for the highest quality in the production of stage costumes and decorations.\u00a0<\/div><div><br><\/div><div>\u00a0Our employees have mastered ancient, long-forgotten techniques and craft patterns. Our aim is to preserve these valuable handicrafts for future generations. This is why the \"Wiener Exzellenz\" (Viennese Excellence) brand was created. It stands for the highest quality in traditional handicrafts. This quality standard makes our costumes and scenery unique. Our services are in demand from cultural professionals worldwide. We are constantly working on preserving this valuable knowledge and passing it on to our young employees as part of a qualified training programme so that we can continue to enchant audiences in the future. <\/div><\/div><\/div><img width=\"591\" height=\"591\" data-src=\"https:\/\/artforart.at\/wp-content\/uploads\/2025\/12\/AfA-Logo-grau-mit-WE.png\" class=\"ct-image lazyload\" alt=\"Art for Art Logo.\" decoding=\"async\" data-srcset=\"https:\/\/artforart.at\/wp-content\/uploads\/2025\/12\/AfA-Logo-grau-mit-WE.png 591w, https:\/\/artforart.at\/wp-content\/uploads\/2025\/12\/AfA-Logo-grau-mit-WE-500x500.png 500w, https:\/\/artforart.at\/wp-content\/uploads\/2025\/12\/AfA-Logo-grau-mit-WE-150x150.png 150w, https:\/\/artforart.at\/wp-content\/uploads\/2025\/12\/AfA-Logo-grau-mit-WE-12x12.png 12w\" data-sizes=\"auto, (max-width: 591px) 100vw, 591px\" src=\"data:image\/svg+xml;base64,PHN2ZyB3aWR0aD0iMSIgaGVpZ2h0PSIxIiB4bWxucz0iaHR0cDovL3d3dy53My5vcmcvMjAwMC9zdmciPjwvc3ZnPg==\" style=\"--smush-placeholder-width: 591px; --smush-placeholder-aspect-ratio: 591\/591;\"><\/div><\/div><\/section>\n\n<section id=\"section-21-4465\" class=\"ct-section center text-center\"><div class=\"ct-section-inner-wrap\"><div id=\"text_block-22-4465\" class=\"ct-text-block subheading bold\">\"Viennese excellence stands for the best quality<div>and the highest level of craftsmanship.\"<\/div><\/div><\/div><\/section>\n\n\n<p class=\"has-text-align-center\">Petra H\u00f6finger, Managing Director<\/p>\n\n\n\n<p><\/p>","protected":false},"excerpt":{"rendered":"<p>Petra H\u00f6finger, Managing Director<\/p>","protected":false},"author":2,"featured_media":0,"parent":26,"menu_order":0,"comment_status":"closed","ping_status":"closed","template":"","meta":{"_acf_changed":false,"inline_featured_image":false,"footnotes":""},"class_list":["post-28","page","type-page","status-publish","hentry"],"acf":[],"yoast_head":"<!-- This site is optimized with the Yoast SEO plugin v27.4 - https:\/\/yoast.com\/product\/yoast-seo-wordpress\/ -->\n<title>Handwerk - ART for ART<\/title>\n<meta name=\"description\" content=\"B\u00fchnenbild &amp;&nbsp; KOST\u00dcM Zu den herausragenden Merkmalen von ART for ARTz\u00e4hlen die verschiedenen Handwerke unter einem Dach. In unseren Kost\u00fcmwerks\" \/>\n<meta name=\"robots\" content=\"index, follow, max-snippet:-1, max-image-preview:large, max-video-preview:-1\" \/>\n<link rel=\"canonical\" href=\"https:\/\/artforart.at\/en\/services\/craft\/\" \/>\n<meta property=\"og:locale\" content=\"en_GB\" \/>\n<meta property=\"og:type\" content=\"article\" \/>\n<meta property=\"og:title\" content=\"Handwerk - ART for ART\" \/>\n<meta property=\"og:description\" content=\"Petra H\u00f6finger, Gesch\u00e4ftsf\u00fchrerin\" \/>\n<meta property=\"og:url\" content=\"https:\/\/artforart.at\/en\/services\/craft\/\" \/>\n<meta property=\"og:site_name\" content=\"ART for ART\" \/>\n<meta property=\"article:publisher\" content=\"https:\/\/www.facebook.com\/profile.php?id=100066845842584\" \/>\n<meta property=\"article:modified_time\" content=\"2025-12-05T11:15:46+00:00\" \/>\n<meta property=\"og:image\" content=\"https:\/\/artforart.at\/wp-content\/uploads\/2025\/12\/AfA-Logo-grau-mit-WE.png\" \/>\n\t<meta property=\"og:image:width\" content=\"591\" \/>\n\t<meta property=\"og:image:height\" content=\"591\" \/>\n\t<meta property=\"og:image:type\" content=\"image\/png\" \/>\n<meta name=\"twitter:card\" content=\"summary_large_image\" \/>\n<meta name=\"twitter:label1\" content=\"Estimated reading time\" \/>\n\t<meta name=\"twitter:data1\" content=\"1 minute\" \/>\n<script type=\"application\/ld+json\" class=\"yoast-schema-graph\">{\"@context\":\"https:\\\/\\\/schema.org\",\"@graph\":[{\"@type\":\"WebPage\",\"@id\":\"https:\\\/\\\/artforart.at\\\/services\\\/handwerk\",\"url\":\"https:\\\/\\\/artforart.at\\\/services\\\/handwerk\",\"name\":\"Handwerk - ART for ART\",\"isPartOf\":{\"@id\":\"https:\\\/\\\/artforart.at\\\/#website\"},\"datePublished\":\"2021-12-22T11:44:13+00:00\",\"dateModified\":\"2025-12-05T11:15:46+00:00\",\"breadcrumb\":{\"@id\":\"https:\\\/\\\/artforart.at\\\/services\\\/handwerk#breadcrumb\"},\"inLanguage\":\"en-GB\",\"potentialAction\":[{\"@type\":\"ReadAction\",\"target\":[\"https:\\\/\\\/artforart.at\\\/services\\\/handwerk\"]}]},{\"@type\":\"BreadcrumbList\",\"@id\":\"https:\\\/\\\/artforart.at\\\/services\\\/handwerk#breadcrumb\",\"itemListElement\":[{\"@type\":\"ListItem\",\"position\":1,\"name\":\"Startseite\",\"item\":\"https:\\\/\\\/artforart.at\\\/\"},{\"@type\":\"ListItem\",\"position\":2,\"name\":\"Services\",\"item\":\"https:\\\/\\\/artforart.at\\\/services\"},{\"@type\":\"ListItem\",\"position\":3,\"name\":\"Handwerk\"}]},{\"@type\":\"WebSite\",\"@id\":\"https:\\\/\\\/artforart.at\\\/#website\",\"url\":\"https:\\\/\\\/artforart.at\\\/\",\"name\":\"ART for ART\",\"description\":\"Traditionelles Theaterhandwerk trifft moderne Technik. ART for ART fertigt Kost\u00fcme, Kulissen und B\u00fchnenausstattung f\u00fcr Opern, Theater und Film \u2013 alles aus einer Hand.\",\"publisher\":{\"@id\":\"https:\\\/\\\/artforart.at\\\/#organization\"},\"alternateName\":\"ART for ART Theaterservice GmbH\",\"potentialAction\":[{\"@type\":\"SearchAction\",\"target\":{\"@type\":\"EntryPoint\",\"urlTemplate\":\"https:\\\/\\\/artforart.at\\\/?s={search_term_string}\"},\"query-input\":{\"@type\":\"PropertyValueSpecification\",\"valueRequired\":true,\"valueName\":\"search_term_string\"}}],\"inLanguage\":\"en-GB\"},{\"@type\":\"Organization\",\"@id\":\"https:\\\/\\\/artforart.at\\\/#organization\",\"name\":\"ART for ART\",\"alternateName\":\"Art4Art, ArtForArt\",\"url\":\"https:\\\/\\\/artforart.at\\\/\",\"logo\":{\"@type\":\"ImageObject\",\"inLanguage\":\"en-GB\",\"@id\":\"https:\\\/\\\/artforart.at\\\/#\\\/schema\\\/logo\\\/image\\\/\",\"url\":\"https:\\\/\\\/artforart.at\\\/wp-content\\\/uploads\\\/2021\\\/11\\\/logo.png\",\"contentUrl\":\"https:\\\/\\\/artforart.at\\\/wp-content\\\/uploads\\\/2021\\\/11\\\/logo.png\",\"width\":322,\"height\":301,\"caption\":\"ART for ART\"},\"image\":{\"@id\":\"https:\\\/\\\/artforart.at\\\/#\\\/schema\\\/logo\\\/image\\\/\"},\"sameAs\":[\"https:\\\/\\\/www.facebook.com\\\/profile.php?id=100066845842584\",\"https:\\\/\\\/www.instagram.com\\\/artforarttheaterservice\\\/\",\"https:\\\/\\\/www.linkedin.com\\\/company\\\/art-for-art-theaterservice-gmbh\\\/\"]}]}<\/script>\n<!-- \/ Yoast SEO plugin. -->","yoast_head_json":{"title":"Craft - ART for ART","description":"B\u00fchnenbild &amp;&nbsp; KOST\u00dcM Zu den herausragenden Merkmalen von ART for ARTz\u00e4hlen die verschiedenen Handwerke unter einem Dach. In unseren Kost\u00fcmwerks","robots":{"index":"index","follow":"follow","max-snippet":"max-snippet:-1","max-image-preview":"max-image-preview:large","max-video-preview":"max-video-preview:-1"},"canonical":"https:\/\/artforart.at\/en\/services\/craft\/","og_locale":"en_GB","og_type":"article","og_title":"Handwerk - ART for ART","og_description":"Petra H\u00f6finger, Gesch\u00e4ftsf\u00fchrerin","og_url":"https:\/\/artforart.at\/en\/services\/craft\/","og_site_name":"ART for ART","article_publisher":"https:\/\/www.facebook.com\/profile.php?id=100066845842584","article_modified_time":"2025-12-05T11:15:46+00:00","og_image":[{"width":591,"height":591,"url":"https:\/\/artforart.at\/wp-content\/uploads\/2025\/12\/AfA-Logo-grau-mit-WE.png","type":"image\/png"}],"twitter_card":"summary_large_image","twitter_misc":{"Estimated reading time":"1 minute"},"schema":{"@context":"https:\/\/schema.org","@graph":[{"@type":"WebPage","@id":"https:\/\/artforart.at\/services\/handwerk","url":"https:\/\/artforart.at\/services\/handwerk","name":"Craft - ART for ART","isPartOf":{"@id":"https:\/\/artforart.at\/#website"},"datePublished":"2021-12-22T11:44:13+00:00","dateModified":"2025-12-05T11:15:46+00:00","breadcrumb":{"@id":"https:\/\/artforart.at\/services\/handwerk#breadcrumb"},"inLanguage":"en-GB","potentialAction":[{"@type":"ReadAction","target":["https:\/\/artforart.at\/services\/handwerk"]}]},{"@type":"BreadcrumbList","@id":"https:\/\/artforart.at\/services\/handwerk#breadcrumb","itemListElement":[{"@type":"ListItem","position":1,"name":"Startseite","item":"https:\/\/artforart.at\/"},{"@type":"ListItem","position":2,"name":"Services","item":"https:\/\/artforart.at\/services"},{"@type":"ListItem","position":3,"name":"Handwerk"}]},{"@type":"WebSite","@id":"https:\/\/artforart.at\/#website","url":"https:\/\/artforart.at\/","name":"ART for ART","description":"Traditional theatre craftsmanship meets modern technology. ART for ART manufactures costumes, backdrops and stage sets for opera, theatre and film - all from a single source.","publisher":{"@id":"https:\/\/artforart.at\/#organization"},"alternateName":"ART for ART Theaterservice GmbH","potentialAction":[{"@type":"SearchAction","target":{"@type":"EntryPoint","urlTemplate":"https:\/\/artforart.at\/?s={search_term_string}"},"query-input":{"@type":"PropertyValueSpecification","valueRequired":true,"valueName":"search_term_string"}}],"inLanguage":"en-GB"},{"@type":"Organization","@id":"https:\/\/artforart.at\/#organization","name":"ART for ART","alternateName":"Art4Art, ArtForArt","url":"https:\/\/artforart.at\/","logo":{"@type":"ImageObject","inLanguage":"en-GB","@id":"https:\/\/artforart.at\/#\/schema\/logo\/image\/","url":"https:\/\/artforart.at\/wp-content\/uploads\/2021\/11\/logo.png","contentUrl":"https:\/\/artforart.at\/wp-content\/uploads\/2021\/11\/logo.png","width":322,"height":301,"caption":"ART for ART"},"image":{"@id":"https:\/\/artforart.at\/#\/schema\/logo\/image\/"},"sameAs":["https:\/\/www.facebook.com\/profile.php?id=100066845842584","https:\/\/www.instagram.com\/artforarttheaterservice\/","https:\/\/www.linkedin.com\/company\/art-for-art-theaterservice-gmbh\/"]}]}},"_links":{"self":[{"href":"https:\/\/artforart.at\/en\/wp-json\/wp\/v2\/pages\/28","targetHints":{"allow":["GET"]}}],"collection":[{"href":"https:\/\/artforart.at\/en\/wp-json\/wp\/v2\/pages"}],"about":[{"href":"https:\/\/artforart.at\/en\/wp-json\/wp\/v2\/types\/page"}],"author":[{"embeddable":true,"href":"https:\/\/artforart.at\/en\/wp-json\/wp\/v2\/users\/2"}],"replies":[{"embeddable":true,"href":"https:\/\/artforart.at\/en\/wp-json\/wp\/v2\/comments?post=28"}],"version-history":[{"count":0,"href":"https:\/\/artforart.at\/en\/wp-json\/wp\/v2\/pages\/28\/revisions"}],"up":[{"embeddable":true,"href":"https:\/\/artforart.at\/en\/wp-json\/wp\/v2\/pages\/26"}],"wp:attachment":[{"href":"https:\/\/artforart.at\/en\/wp-json\/wp\/v2\/media?parent=28"}],"curies":[{"name":"wp","href":"https:\/\/api.w.org\/{rel}","templated":true}]}}