{"id":26,"date":"2021-12-22T11:43:27","date_gmt":"2021-12-22T11:43:27","guid":{"rendered":"https:\/\/artforart.at\/?page_id=26"},"modified":"2025-11-14T13:54:46","modified_gmt":"2025-11-14T13:54:46","slug":"services","status":"publish","type":"page","link":"https:\/\/artforart.at\/en\/services","title":{"rendered":"Services"},"content":{"rendered":"<section id=\"section-11-4467\" class=\"ct-section hero-section p-0\"><div class=\"ct-section-inner-wrap\"><div id=\"div_block-12-4467\" class=\"ct-div-block w-100 grid-center-vertical grid-2-main grid-gap-lg\"><div id=\"div_block-13-4467\" class=\"ct-div-block pos-relative hero-section__left\"><img width=\"1500\" height=\"1000\" data-src=\"https:\/\/artforart.at\/wp-content\/uploads\/2022\/04\/874A8043-2.jpg\" class=\"ct-image hero-image--top-left w-100 lazyload\" alt=\"Several dressmaker&#039;s dummies made of fabric are attached to a white wall in a light-coloured room next to a window.\" decoding=\"async\" data-srcset=\"https:\/\/artforart.at\/wp-content\/uploads\/2022\/04\/874A8043-2.jpg 1500w, https:\/\/artforart.at\/wp-content\/uploads\/2022\/04\/874A8043-2-500x333.jpg 500w, https:\/\/artforart.at\/wp-content\/uploads\/2022\/04\/874A8043-2-1024x683.jpg 1024w, https:\/\/artforart.at\/wp-content\/uploads\/2022\/04\/874A8043-2-768x512.jpg 768w\" data-sizes=\"auto, (max-width: 1500px) 100vw, 1500px\" src=\"data:image\/svg+xml;base64,PHN2ZyB3aWR0aD0iMSIgaGVpZ2h0PSIxIiB4bWxucz0iaHR0cDovL3d3dy53My5vcmcvMjAwMC9zdmciPjwvc3ZnPg==\" style=\"--smush-placeholder-width: 1500px; --smush-placeholder-aspect-ratio: 1500\/1000;\"><\/div><div id=\"div_block-17-4467\" class=\"ct-div-block break-with-hyphen hero-section__right\"><h1 id=\"div_block-18-4467\" class=\"ct-div-block hero-text-block--home gap-sm\"><div id=\"headline-19-4467\" class=\"ct-headline h1\">ART for ART\u00a0<\/div><div id=\"text_block-20-4467\" class=\"ct-text-block h2\">SERVICES<\/div><\/h1><\/div><\/div><\/div><\/section>\n\n<section id=\"section-21-4465\" class=\"ct-section center text-center\"><div class=\"ct-section-inner-wrap\"><div id=\"text_block-22-4465\" class=\"ct-text-block subheading bold\">Everything from a single source.\u00a0<\/div><\/div><\/section>\n\n<section id=\"section-24-4465\" class=\"ct-section\"><div class=\"ct-section-inner-wrap\"><div id=\"div_block-25-4465\" class=\"ct-div-block w-100 pl-auto\"><div id=\"div_block-26-4465\" class=\"ct-div-block grid-2-main grid-align-bottom\"><div id=\"div_block-27-4465\" class=\"ct-div-block pd-5 gap-md\"><h2 id=\"headline-28-4465\" class=\"ct-headline h3\">Building technology<\/h2><div id=\"text_block-29-4465\" class=\"ct-text-block\">The Building Services Department is the project management service provider for all companies of the Austrian Federal Theatres and also offers its services to external partners.\n<\/div><a id=\"link_text-9-4470\" class=\"ct-link-text underlined link-button text-20\" href=\"\/en\/services\/building-technology\/\">Go to building technology<\/a><\/div><img width=\"1024\" height=\"686\" data-src=\"https:\/\/artforart.at\/wp-content\/uploads\/2022\/04\/F1000001-1024x686.jpg\" class=\"ct-image lazyload\" alt=\"Modern glass domes on a classic light yellow building with several windows against a blue sky.\" decoding=\"async\" data-srcset=\"https:\/\/artforart.at\/wp-content\/uploads\/2022\/04\/F1000001-1024x686.jpg 1024w, https:\/\/artforart.at\/wp-content\/uploads\/2022\/04\/F1000001-500x335.jpg 500w, https:\/\/artforart.at\/wp-content\/uploads\/2022\/04\/F1000001-768x514.jpg 768w, https:\/\/artforart.at\/wp-content\/uploads\/2022\/04\/F1000001-1536x1028.jpg 1536w, https:\/\/artforart.at\/wp-content\/uploads\/2022\/04\/F1000001.jpg 1840w\" data-sizes=\"auto, (max-width: 1024px) 100vw, 1024px\" src=\"data:image\/svg+xml;base64,PHN2ZyB3aWR0aD0iMSIgaGVpZ2h0PSIxIiB4bWxucz0iaHR0cDovL3d3dy53My5vcmcvMjAwMC9zdmciPjwvc3ZnPg==\" style=\"--smush-placeholder-width: 1024px; --smush-placeholder-aspect-ratio: 1024\/686;\"><\/div><\/div><\/div><\/section>\n\n<section id=\"section-350-4465\" class=\"ct-section\"><div class=\"ct-section-inner-wrap\"><div id=\"div_block-352-4465\" class=\"ct-div-block grid-40-60\"><div id=\"div_block-363-4465\" class=\"ct-div-block\"><img width=\"1024\" height=\"637\" data-src=\"https:\/\/artforart.at\/wp-content\/uploads\/2022\/04\/874A7977-1024x637.jpg\" class=\"ct-image lazyload\" alt=\"One person is working with green fabric on a blue table, next to them are scissors and a tape measure.\" decoding=\"async\" data-srcset=\"https:\/\/artforart.at\/wp-content\/uploads\/2022\/04\/874A7977-1024x637.jpg 1024w, https:\/\/artforart.at\/wp-content\/uploads\/2022\/04\/874A7977-500x311.jpg 500w, https:\/\/artforart.at\/wp-content\/uploads\/2022\/04\/874A7977-768x478.jpg 768w, https:\/\/artforart.at\/wp-content\/uploads\/2022\/04\/874A7977.jpg 1500w\" data-sizes=\"auto, (max-width: 1024px) 100vw, 1024px\" src=\"data:image\/svg+xml;base64,PHN2ZyB3aWR0aD0iMSIgaGVpZ2h0PSIxIiB4bWxucz0iaHR0cDovL3d3dy53My5vcmcvMjAwMC9zdmciPjwvc3ZnPg==\" style=\"--smush-placeholder-width: 1024px; --smush-placeholder-aspect-ratio: 1024\/637;\"><\/div><div id=\"div_block-353-4465\" class=\"ct-div-block pd-5 gap-md pt-40\"><h2 id=\"headline-354-4465\" class=\"ct-headline h3\">Costume &amp; stage design<\/h2><div id=\"text_block-355-4465\" class=\"ct-text-block bodycopy w-700\">Our costume workshops create true works of art that enchant the audience on stage. Our employees fulfil the wishes of directors and costume designers.\n<\/div><a id=\"link_text-9-4476\" class=\"ct-link-text underlined link-button text-20\" href=\"\/en\/services\/craft\/costume\/\">Go to costume<\/a><\/div><\/div><\/div><\/section>\n\n<section id=\"section-32-4465\" class=\"ct-section\"><div class=\"ct-section-inner-wrap\"><div id=\"div_block-33-4465\" class=\"ct-div-block w-100 pl-auto\"><div id=\"div_block-34-4465\" class=\"ct-div-block grid-2-main grid-center-vertical w-100\"><img width=\"768\" height=\"1024\" data-src=\"https:\/\/artforart.at\/wp-content\/uploads\/2024\/03\/IMG_7939-768x1024.jpg\" class=\"ct-image Object-fit lazyload\" alt=\"A person is working on a large wooden structure with stairs and railings in an industrial hall, surrounded by ladders and building materials.\" decoding=\"async\" data-srcset=\"https:\/\/artforart.at\/wp-content\/uploads\/2024\/03\/IMG_7939-768x1024.jpg 768w, https:\/\/artforart.at\/wp-content\/uploads\/2024\/03\/IMG_7939-375x500.jpg 375w, https:\/\/artforart.at\/wp-content\/uploads\/2024\/03\/IMG_7939-1152x1536.jpg 1152w, https:\/\/artforart.at\/wp-content\/uploads\/2024\/03\/IMG_7939-1536x2048.jpg 1536w, https:\/\/artforart.at\/wp-content\/uploads\/2024\/03\/IMG_7939-scaled.jpg 1920w\" data-sizes=\"auto, (max-width: 768px) 100vw, 768px\" src=\"data:image\/svg+xml;base64,PHN2ZyB3aWR0aD0iMSIgaGVpZ2h0PSIxIiB4bWxucz0iaHR0cDovL3d3dy53My5vcmcvMjAwMC9zdmciPjwvc3ZnPg==\" style=\"--smush-placeholder-width: 768px; --smush-placeholder-aspect-ratio: 768\/1024;\"><div id=\"div_block-8-4478\" class=\"ct-div-block gap-md\"><div id=\"text_block-36-4465\" class=\"ct-text-block w-460\"><br>Our decoration workshops are among the largest and most important in Europe. Carpenters, locksmiths, upholsterers and painters create the perfect illusion for every stage with their stage sets.\n<\/div><a id=\"link_text-7-4478\" class=\"ct-link-text underlined link-button text-20\" href=\"\/en\/services\/craft\/stage-design\/\">Go to stage design<\/a><\/div><\/div><\/div><\/div><\/section>\n\n<section id=\"section-24-4465\" class=\"ct-section\"><div class=\"ct-section-inner-wrap\"><div id=\"div_block-25-4465\" class=\"ct-div-block w-100 pl-auto\"><div id=\"div_block-26-4465\" class=\"ct-div-block grid-2-main grid-align-bottom\"><div id=\"div_block-27-4465\" class=\"ct-div-block pd-5 gap-md\"><h2 id=\"headline-28-4465\" class=\"ct-headline h3\">Hire &amp; Rental\u00a0<\/h2><div id=\"text_block-29-4465\" class=\"ct-text-block\">ART for ART is not just a producer. In many areas, customers can also borrow and hire, such as costumes, storage and advertising space. Our painting rooms are also available to you as an event location.\n<\/div><a id=\"link_text-9-4470\" class=\"ct-link-text underlined link-button text-20\" href=\"\/en\/services\/rental-and-hire\/\">Go to hire &amp; rental<\/a><\/div><img width=\"1024\" height=\"768\" data-src=\"https:\/\/artforart.at\/wp-content\/uploads\/2022\/04\/IMG_8365-1024x768.jpeg\" class=\"ct-image lazyload\" alt=\"Lots of neatly hung shirts in different colours, from yellow to blue to red and pink, in a clothing shop.\" decoding=\"async\" data-srcset=\"https:\/\/artforart.at\/wp-content\/uploads\/2022\/04\/IMG_8365-1024x768.jpeg 1024w, https:\/\/artforart.at\/wp-content\/uploads\/2022\/04\/IMG_8365-500x375.jpeg 500w, https:\/\/artforart.at\/wp-content\/uploads\/2022\/04\/IMG_8365-768x576.jpeg 768w, https:\/\/artforart.at\/wp-content\/uploads\/2022\/04\/IMG_8365-1536x1152.jpeg 1536w, https:\/\/artforart.at\/wp-content\/uploads\/2022\/04\/IMG_8365.jpeg 2048w\" data-sizes=\"auto, (max-width: 1024px) 100vw, 1024px\" src=\"data:image\/svg+xml;base64,PHN2ZyB3aWR0aD0iMSIgaGVpZ2h0PSIxIiB4bWxucz0iaHR0cDovL3d3dy53My5vcmcvMjAwMC9zdmciPjwvc3ZnPg==\" style=\"--smush-placeholder-width: 1024px; --smush-placeholder-aspect-ratio: 1024\/768;\"><\/div><\/div><\/div><\/section>","protected":false},"excerpt":{"rendered":"","protected":false},"author":2,"featured_media":0,"parent":0,"menu_order":0,"comment_status":"closed","ping_status":"closed","template":"","meta":{"_acf_changed":false,"inline_featured_image":false,"footnotes":""},"class_list":["post-26","page","type-page","status-publish","hentry"],"acf":[],"yoast_head":"<!-- This site is optimized with the Yoast SEO plugin v27.3 - https:\/\/yoast.com\/product\/yoast-seo-wordpress\/ -->\n<title>Services - ART for ART<\/title>\n<meta name=\"description\" content=\"ART for ART&nbsp; SERVICES Alles aus einer Hand.&nbsp; Geb\u00e4udetechnik Die Abteilung Geb\u00e4udetechnik ist der Dienstleister im Bereich Projektmanagement f\u00fcr\" \/>\n<meta name=\"robots\" content=\"index, follow, max-snippet:-1, max-image-preview:large, max-video-preview:-1\" \/>\n<link rel=\"canonical\" href=\"https:\/\/artforart.at\/en\/services\/\" \/>\n<meta property=\"og:locale\" content=\"en_GB\" \/>\n<meta property=\"og:type\" content=\"article\" \/>\n<meta property=\"og:title\" content=\"Services - ART for ART\" \/>\n<meta property=\"og:url\" content=\"https:\/\/artforart.at\/en\/services\/\" \/>\n<meta property=\"og:site_name\" content=\"ART for ART\" \/>\n<meta property=\"article:publisher\" content=\"https:\/\/www.facebook.com\/profile.php?id=100066845842584\" \/>\n<meta property=\"article:modified_time\" content=\"2025-11-14T13:54:46+00:00\" \/>\n<meta property=\"og:image\" content=\"https:\/\/artforart.at\/wp-content\/uploads\/2025\/12\/AfA-Logo-grau-mit-WE.png\" \/>\n\t<meta property=\"og:image:width\" content=\"591\" \/>\n\t<meta property=\"og:image:height\" content=\"591\" \/>\n\t<meta property=\"og:image:type\" content=\"image\/png\" \/>\n<meta name=\"twitter:card\" content=\"summary_large_image\" \/>\n<script type=\"application\/ld+json\" class=\"yoast-schema-graph\">{\"@context\":\"https:\\\/\\\/schema.org\",\"@graph\":[{\"@type\":\"WebPage\",\"@id\":\"https:\\\/\\\/artforart.at\\\/services\",\"url\":\"https:\\\/\\\/artforart.at\\\/services\",\"name\":\"Services - ART for ART\",\"isPartOf\":{\"@id\":\"https:\\\/\\\/artforart.at\\\/#website\"},\"datePublished\":\"2021-12-22T11:43:27+00:00\",\"dateModified\":\"2025-11-14T13:54:46+00:00\",\"breadcrumb\":{\"@id\":\"https:\\\/\\\/artforart.at\\\/services#breadcrumb\"},\"inLanguage\":\"en-GB\",\"potentialAction\":[{\"@type\":\"ReadAction\",\"target\":[\"https:\\\/\\\/artforart.at\\\/services\"]}]},{\"@type\":\"BreadcrumbList\",\"@id\":\"https:\\\/\\\/artforart.at\\\/services#breadcrumb\",\"itemListElement\":[{\"@type\":\"ListItem\",\"position\":1,\"name\":\"Startseite\",\"item\":\"https:\\\/\\\/artforart.at\\\/\"},{\"@type\":\"ListItem\",\"position\":2,\"name\":\"Services\"}]},{\"@type\":\"WebSite\",\"@id\":\"https:\\\/\\\/artforart.at\\\/#website\",\"url\":\"https:\\\/\\\/artforart.at\\\/\",\"name\":\"ART for ART\",\"description\":\"Traditionelles Theaterhandwerk trifft moderne Technik. ART for ART fertigt Kost\u00fcme, Kulissen und B\u00fchnenausstattung f\u00fcr Opern, Theater und Film \u2013 alles aus einer Hand.\",\"publisher\":{\"@id\":\"https:\\\/\\\/artforart.at\\\/#organization\"},\"alternateName\":\"ART for ART Theaterservice GmbH\",\"potentialAction\":[{\"@type\":\"SearchAction\",\"target\":{\"@type\":\"EntryPoint\",\"urlTemplate\":\"https:\\\/\\\/artforart.at\\\/?s={search_term_string}\"},\"query-input\":{\"@type\":\"PropertyValueSpecification\",\"valueRequired\":true,\"valueName\":\"search_term_string\"}}],\"inLanguage\":\"en-GB\"},{\"@type\":\"Organization\",\"@id\":\"https:\\\/\\\/artforart.at\\\/#organization\",\"name\":\"ART for ART\",\"alternateName\":\"Art4Art, ArtForArt\",\"url\":\"https:\\\/\\\/artforart.at\\\/\",\"logo\":{\"@type\":\"ImageObject\",\"inLanguage\":\"en-GB\",\"@id\":\"https:\\\/\\\/artforart.at\\\/#\\\/schema\\\/logo\\\/image\\\/\",\"url\":\"https:\\\/\\\/artforart.at\\\/wp-content\\\/uploads\\\/2021\\\/11\\\/logo.png\",\"contentUrl\":\"https:\\\/\\\/artforart.at\\\/wp-content\\\/uploads\\\/2021\\\/11\\\/logo.png\",\"width\":322,\"height\":301,\"caption\":\"ART for ART\"},\"image\":{\"@id\":\"https:\\\/\\\/artforart.at\\\/#\\\/schema\\\/logo\\\/image\\\/\"},\"sameAs\":[\"https:\\\/\\\/www.facebook.com\\\/profile.php?id=100066845842584\",\"https:\\\/\\\/www.instagram.com\\\/artforarttheaterservice\\\/\",\"https:\\\/\\\/www.linkedin.com\\\/company\\\/art-for-art-theaterservice-gmbh\\\/\"]}]}<\/script>\n<!-- \/ Yoast SEO plugin. -->","yoast_head_json":{"title":"Services - ART for ART","description":"ART for ART&nbsp; SERVICES Alles aus einer Hand.&nbsp; Geb\u00e4udetechnik Die Abteilung Geb\u00e4udetechnik ist der Dienstleister im Bereich Projektmanagement f\u00fcr","robots":{"index":"index","follow":"follow","max-snippet":"max-snippet:-1","max-image-preview":"max-image-preview:large","max-video-preview":"max-video-preview:-1"},"canonical":"https:\/\/artforart.at\/en\/services\/","og_locale":"en_GB","og_type":"article","og_title":"Services - ART for ART","og_url":"https:\/\/artforart.at\/en\/services\/","og_site_name":"ART for ART","article_publisher":"https:\/\/www.facebook.com\/profile.php?id=100066845842584","article_modified_time":"2025-11-14T13:54:46+00:00","og_image":[{"width":591,"height":591,"url":"https:\/\/artforart.at\/wp-content\/uploads\/2025\/12\/AfA-Logo-grau-mit-WE.png","type":"image\/png"}],"twitter_card":"summary_large_image","schema":{"@context":"https:\/\/schema.org","@graph":[{"@type":"WebPage","@id":"https:\/\/artforart.at\/services","url":"https:\/\/artforart.at\/services","name":"Services - ART for ART","isPartOf":{"@id":"https:\/\/artforart.at\/#website"},"datePublished":"2021-12-22T11:43:27+00:00","dateModified":"2025-11-14T13:54:46+00:00","breadcrumb":{"@id":"https:\/\/artforart.at\/services#breadcrumb"},"inLanguage":"en-GB","potentialAction":[{"@type":"ReadAction","target":["https:\/\/artforart.at\/services"]}]},{"@type":"BreadcrumbList","@id":"https:\/\/artforart.at\/services#breadcrumb","itemListElement":[{"@type":"ListItem","position":1,"name":"Startseite","item":"https:\/\/artforart.at\/"},{"@type":"ListItem","position":2,"name":"Services"}]},{"@type":"WebSite","@id":"https:\/\/artforart.at\/#website","url":"https:\/\/artforart.at\/","name":"ART for ART","description":"Traditional theatre craftsmanship meets modern technology. ART for ART manufactures costumes, backdrops and stage sets for opera, theatre and film - all from a single source.","publisher":{"@id":"https:\/\/artforart.at\/#organization"},"alternateName":"ART for ART Theaterservice GmbH","potentialAction":[{"@type":"SearchAction","target":{"@type":"EntryPoint","urlTemplate":"https:\/\/artforart.at\/?s={search_term_string}"},"query-input":{"@type":"PropertyValueSpecification","valueRequired":true,"valueName":"search_term_string"}}],"inLanguage":"en-GB"},{"@type":"Organization","@id":"https:\/\/artforart.at\/#organization","name":"ART for ART","alternateName":"Art4Art, ArtForArt","url":"https:\/\/artforart.at\/","logo":{"@type":"ImageObject","inLanguage":"en-GB","@id":"https:\/\/artforart.at\/#\/schema\/logo\/image\/","url":"https:\/\/artforart.at\/wp-content\/uploads\/2021\/11\/logo.png","contentUrl":"https:\/\/artforart.at\/wp-content\/uploads\/2021\/11\/logo.png","width":322,"height":301,"caption":"ART for ART"},"image":{"@id":"https:\/\/artforart.at\/#\/schema\/logo\/image\/"},"sameAs":["https:\/\/www.facebook.com\/profile.php?id=100066845842584","https:\/\/www.instagram.com\/artforarttheaterservice\/","https:\/\/www.linkedin.com\/company\/art-for-art-theaterservice-gmbh\/"]}]}},"_links":{"self":[{"href":"https:\/\/artforart.at\/en\/wp-json\/wp\/v2\/pages\/26","targetHints":{"allow":["GET"]}}],"collection":[{"href":"https:\/\/artforart.at\/en\/wp-json\/wp\/v2\/pages"}],"about":[{"href":"https:\/\/artforart.at\/en\/wp-json\/wp\/v2\/types\/page"}],"author":[{"embeddable":true,"href":"https:\/\/artforart.at\/en\/wp-json\/wp\/v2\/users\/2"}],"replies":[{"embeddable":true,"href":"https:\/\/artforart.at\/en\/wp-json\/wp\/v2\/comments?post=26"}],"version-history":[{"count":0,"href":"https:\/\/artforart.at\/en\/wp-json\/wp\/v2\/pages\/26\/revisions"}],"wp:attachment":[{"href":"https:\/\/artforart.at\/en\/wp-json\/wp\/v2\/media?parent=26"}],"curies":[{"name":"wp","href":"https:\/\/api.w.org\/{rel}","templated":true}]}}