{"id":2039,"date":"2022-07-13T09:53:20","date_gmt":"2022-07-13T09:53:20","guid":{"rendered":"https:\/\/artforart.at\/?page_id=2039"},"modified":"2025-11-17T10:53:52","modified_gmt":"2025-11-17T10:53:52","slug":"cookie-explanation","status":"publish","type":"page","link":"https:\/\/artforart.at\/en\/cookie-erklaerung","title":{"rendered":"Cookie declaration"},"content":{"rendered":"<section id=\"section-561-4465\" class=\"ct-section center\" ><div class=\"ct-section-inner-wrap\"><h1 id=\"headline-564-4465\" class=\"ct-headline h2 break-with-hyphen mb-40\">Cookie declaration\n<\/h1><div id=\"div_block-565-4465\" class=\"ct-div-block w-970 grid-2\" ><div id=\"div_block-566-4465\" class=\"ct-div-block\" ><div id=\"_rich_text-572-4465\" class=\"oxy-rich-text w-100 bodycopy\" ><div id=\"text_block-7-2039\" class=\"ct-text-block subheading\" style=\"box-sizing: inherit; font-family: lufga; line-height: 1.2; margin-left: 0px; font-size: 24.04px; margin-bottom: 30px;\">Access data<\/div>\n<div id=\"text_block-8-2039\" class=\"ct-text-block bodycopy\" style=\"box-sizing: inherit; font-family: lufga; font-size: 18px; line-height: 1.5;\">When you visit our website, the web server saves your accesses anonymised in server log files. For this purpose, the last quarter of the IP address is set to 0. We therefore do not process any personal user data. It is not possible for us to identify you personally. We store the log files on the servers for 30 days, after which they are automatically deleted. The following data is recorded in the log files: anonymised IP address, browser type and version, operating system, website visited, date and time of retrieval, notification of successful retrieval, amount of data sent in bytes, referrer URL (if the retrieval was made via a link). This information is used for statistical evaluations for the purpose of operation, security and optimisation of the website (see \u201eMatomo\u201c).&nbsp;<\/div>\n<div id=\"text_block-9-2039\" class=\"ct-text-block subheading\" style=\"box-sizing: inherit; font-family: lufga; line-height: 1.2; margin-left: 0px; font-size: 24.04px; margin-top: 50px; margin-bottom: 30px;\">Cookies<\/div>\n<div id=\"text_block-10-2039\" class=\"ct-text-block bodycopy\" style=\"box-sizing: inherit; font-family: lufga; font-size: 18px; line-height: 1.5;\">Cookies are small text files that are placed on your end device with the help of the browser and temporarily stored there. The cookies used on our website are technically necessary (functional) and serve exclusively to optimise the user-friendliness and security of this website.<br style=\"box-sizing: inherit;\" \/><br style=\"box-sizing: inherit;\" \/>You can specify in your browser settings whether cookies should be accepted, selected or rejected. Cookies that have already been saved can be deleted at any time. However, we would like to point out that the user-friendliness of this website may be restricted if cookies are deactivated.<\/div>\n<div id=\"text_block-12-2039\" class=\"ct-text-block subheading\" style=\"box-sizing: inherit; font-family: lufga; line-height: 1.2; margin-left: 0px; font-size: 24.04px; margin-top: 50px; margin-bottom: 30px; padding-left: 0px;\">Matomo<\/div>\n<div id=\"text_block-13-2039\" class=\"ct-text-block bodycopy\" style=\"box-sizing: inherit; font-family: lufga; font-size: 18px; line-height: 1.5;\">As part of our Internet service, through which we want to further improve the online presence of ART for ART Theaterservice GmbH and adapt it to the needs of users, we analyse access to our website using Matomo. No cookies are set for this analysis, Matomo only analyses the log files of our website.<br style=\"box-sizing: inherit;\" \/><br style=\"box-sizing: inherit;\" \/>We have configured the web server so that your IP address is only recorded in abbreviated form. We therefore do not process any personal usage data. It is not possible for us to draw any conclusions about your person. Further information on Matomo's terms of use and data protection regulations can be found at&nbsp;<a style=\"box-sizing: inherit; background-color: transparent; color: #e30513; text-decoration-line: none;\" href=\"https:\/\/matomo.org\/privacy-policy\/\" target=\"_blank\" rel=\"noopener\">https:\/\/matomo.org\/privacy-policy\/<\/a><\/div><\/div><\/div><div id=\"div_block-569-4465\" class=\"ct-div-block\" ><div id=\"_rich_text-573-4465\" class=\"oxy-rich-text w-100 bodycopy\" ><div id=\"text_block-17-2039\" class=\"ct-text-block subheading\" style=\"box-sizing: inherit; font-family: lufga; line-height: 1.2; margin-left: 0px; font-size: 24.04px; margin-top: 0px; margin-bottom: 30px; padding-left: 0px;\">Social networks<\/div>\n<div id=\"text_block-31-2039\" class=\"ct-text-block bodycopy\" style=\"box-sizing: inherit; font-family: lufga; font-size: 18px; line-height: 1.5;\">To ensure the best possible protection of your data when you visit our website, we only use links to the respective social networks, but no social media plugins. This means that your data is only transferred to the social networks if you actively click on the respective buttons. If the button is not clicked, however, there is no exchange between you and the social networks. For information on the scope of data collection and the further processing and use of the data by the social networks themselves, please refer to the providers' privacy policies:<br style=\"box-sizing: inherit;\" \/><br style=\"box-sizing: inherit;\" \/><a style=\"box-sizing: inherit; background-color: transparent; color: #e30513; text-decoration-line: none;\" href=\"https:\/\/de-de.facebook.com\/policy.php\" target=\"_blank\" rel=\"noopener\">https:\/\/de-de.facebook.com\/policy.php<\/a><br style=\"box-sizing: inherit;\" \/><a style=\"box-sizing: inherit; background-color: transparent; color: #e30513; text-decoration-line: none;\" href=\"https:\/\/privacycenter.instagram.com\/\" target=\"_blank\" rel=\"noopener\">https:\/\/privacycenter.instagram.com<\/a><br style=\"box-sizing: inherit;\" \/><a style=\"box-sizing: inherit; background-color: transparent; color: #e30513; text-decoration-line: none;\" href=\"https:\/\/de.linkedin.com\/legal\/privacy-policy\" target=\"_blank\" rel=\"noopener\">https:\/\/de.linkedin.com\/legal\/privacy-policy<\/a><\/div>\n<div id=\"text_block-29-2039\" class=\"ct-text-block subheading\" style=\"box-sizing: inherit; font-family: lufga; line-height: 1.2; margin-left: 0px; font-size: 24.04px; margin-top: 50px; margin-bottom: 30px; padding-left: 0px;\">Use of YouTube components with extended data protection mode<\/div>\n<div id=\"text_block-19-2039\" class=\"ct-text-block bodycopy\" style=\"box-sizing: inherit; font-family: lufga; font-size: 18px; line-height: 1.5;\">We use YouTube components on our website to embed videos. The videos are embedded in the \u201eextended data protection mode\u201c provided by YouTube. This means that information about your visit to the website is only saved when you activate YouTube and watch a video. At this moment, your browser establishes a connection to YouTube, whereby at least your IP address in combination with the information of the video played and your visit to our website is transmitted to YouTube. Like most websites, however, YouTube also uses cookies to collect information about visitors to its website. YouTube uses these to collect video statistics, prevent fraud and improve user-friendliness, among other things. This also leads to a connection being established with the Google DoubleClick network. We have no influence on further data processing operations by YouTube associated with this. YouTube's servers may also be located outside the European Union.<br style=\"box-sizing: inherit;\" \/>Further information on the collection and use of your data by YouTube can be found at the following link:&nbsp;<br style=\"box-sizing: inherit;\" \/><a style=\"box-sizing: inherit; background-color: transparent; color: #e30513; text-decoration-line: none;\" href=\"https:\/\/www.youtube-nocookie.com\/intl\/de\/yt\/about\/policies\/\" target=\"_blank\" rel=\"noopener\">https:\/\/www.youtube-nocookie.com\/intl\/de\/yt\/about\/policies\/<\/a><\/div>\n<div id=\"text_block-34-2039\" class=\"ct-text-block subheading\" style=\"box-sizing: inherit; font-family: lufga; line-height: 1.2; margin-left: 0px; font-size: 24.04px; margin-top: 50px; margin-bottom: 30px; padding-left: 0px;\">Links to websites of other providers<\/div>\n<div id=\"text_block-36-2039\" class=\"ct-text-block bodycopy\" style=\"box-sizing: inherit; font-family: lufga; font-size: 18px; line-height: 1.5;\">Our online offer contains links to websites of other providers. When using these links, please observe the data protection provisions of the respective website.Further information on data protection can be found in our&nbsp;<a style=\"box-sizing: inherit; background-color: transparent; color: #e30513; text-decoration-line: none;\" href=\"https:\/\/artforart.at\/en\/data-protection-declaration\/\" target=\"_blank\" rel=\"noopener\">Privacy policy<\/a>.<\/div><\/div><\/div><\/div><\/div><\/section>","protected":false},"excerpt":{"rendered":"","protected":false},"author":2,"featured_media":0,"parent":0,"menu_order":0,"comment_status":"closed","ping_status":"closed","template":"","meta":{"_acf_changed":false,"inline_featured_image":false,"footnotes":""},"class_list":["post-2039","page","type-page","status-publish","hentry"],"acf":[],"yoast_head":"<!-- This site is optimized with the Yoast SEO plugin v27.3 - https:\/\/yoast.com\/product\/yoast-seo-wordpress\/ -->\n<title>Cookie-Erkl\u00e4rung - ART for ART<\/title>\n<meta name=\"description\" content=\"Cookie-Erkl\u00e4rung Zugriffsdaten\nBei Aufruf unserer Website speichert der Webserver Ihre Zugriffe anonymisiert in Server-Logfiles. Dazu wird das letzte Vier\" \/>\n<meta name=\"robots\" content=\"index, follow, max-snippet:-1, max-image-preview:large, max-video-preview:-1\" \/>\n<link rel=\"canonical\" href=\"https:\/\/artforart.at\/en\/cookie-explanation\/\" \/>\n<meta property=\"og:locale\" content=\"en_GB\" \/>\n<meta property=\"og:type\" content=\"article\" \/>\n<meta property=\"og:title\" content=\"Cookie-Erkl\u00e4rung - ART for ART\" \/>\n<meta property=\"og:url\" content=\"https:\/\/artforart.at\/en\/cookie-explanation\/\" \/>\n<meta property=\"og:site_name\" content=\"ART for ART\" \/>\n<meta property=\"article:publisher\" content=\"https:\/\/www.facebook.com\/profile.php?id=100066845842584\" \/>\n<meta property=\"article:modified_time\" content=\"2025-11-17T10:53:52+00:00\" \/>\n<meta property=\"og:image\" content=\"https:\/\/artforart.at\/wp-content\/uploads\/2025\/12\/AfA-Logo-grau-mit-WE.png\" \/>\n\t<meta property=\"og:image:width\" content=\"591\" \/>\n\t<meta property=\"og:image:height\" content=\"591\" \/>\n\t<meta property=\"og:image:type\" content=\"image\/png\" \/>\n<meta name=\"twitter:card\" content=\"summary_large_image\" \/>\n<script type=\"application\/ld+json\" class=\"yoast-schema-graph\">{\"@context\":\"https:\\\/\\\/schema.org\",\"@graph\":[{\"@type\":\"WebPage\",\"@id\":\"https:\\\/\\\/artforart.at\\\/cookie-erklaerung\",\"url\":\"https:\\\/\\\/artforart.at\\\/cookie-erklaerung\",\"name\":\"Cookie-Erkl\u00e4rung - ART for ART\",\"isPartOf\":{\"@id\":\"https:\\\/\\\/artforart.at\\\/#website\"},\"datePublished\":\"2022-07-13T09:53:20+00:00\",\"dateModified\":\"2025-11-17T10:53:52+00:00\",\"breadcrumb\":{\"@id\":\"https:\\\/\\\/artforart.at\\\/cookie-erklaerung#breadcrumb\"},\"inLanguage\":\"en-GB\",\"potentialAction\":[{\"@type\":\"ReadAction\",\"target\":[\"https:\\\/\\\/artforart.at\\\/cookie-erklaerung\"]}]},{\"@type\":\"BreadcrumbList\",\"@id\":\"https:\\\/\\\/artforart.at\\\/cookie-erklaerung#breadcrumb\",\"itemListElement\":[{\"@type\":\"ListItem\",\"position\":1,\"name\":\"Startseite\",\"item\":\"https:\\\/\\\/artforart.at\\\/\"},{\"@type\":\"ListItem\",\"position\":2,\"name\":\"Cookie-Erkl\u00e4rung\"}]},{\"@type\":\"WebSite\",\"@id\":\"https:\\\/\\\/artforart.at\\\/#website\",\"url\":\"https:\\\/\\\/artforart.at\\\/\",\"name\":\"ART for ART\",\"description\":\"Traditionelles Theaterhandwerk trifft moderne Technik. ART for ART fertigt Kost\u00fcme, Kulissen und B\u00fchnenausstattung f\u00fcr Opern, Theater und Film \u2013 alles aus einer Hand.\",\"publisher\":{\"@id\":\"https:\\\/\\\/artforart.at\\\/#organization\"},\"alternateName\":\"ART for ART Theaterservice GmbH\",\"potentialAction\":[{\"@type\":\"SearchAction\",\"target\":{\"@type\":\"EntryPoint\",\"urlTemplate\":\"https:\\\/\\\/artforart.at\\\/?s={search_term_string}\"},\"query-input\":{\"@type\":\"PropertyValueSpecification\",\"valueRequired\":true,\"valueName\":\"search_term_string\"}}],\"inLanguage\":\"en-GB\"},{\"@type\":\"Organization\",\"@id\":\"https:\\\/\\\/artforart.at\\\/#organization\",\"name\":\"ART for ART\",\"alternateName\":\"Art4Art, ArtForArt\",\"url\":\"https:\\\/\\\/artforart.at\\\/\",\"logo\":{\"@type\":\"ImageObject\",\"inLanguage\":\"en-GB\",\"@id\":\"https:\\\/\\\/artforart.at\\\/#\\\/schema\\\/logo\\\/image\\\/\",\"url\":\"https:\\\/\\\/artforart.at\\\/wp-content\\\/uploads\\\/2021\\\/11\\\/logo.png\",\"contentUrl\":\"https:\\\/\\\/artforart.at\\\/wp-content\\\/uploads\\\/2021\\\/11\\\/logo.png\",\"width\":322,\"height\":301,\"caption\":\"ART for ART\"},\"image\":{\"@id\":\"https:\\\/\\\/artforart.at\\\/#\\\/schema\\\/logo\\\/image\\\/\"},\"sameAs\":[\"https:\\\/\\\/www.facebook.com\\\/profile.php?id=100066845842584\",\"https:\\\/\\\/www.instagram.com\\\/artforarttheaterservice\\\/\",\"https:\\\/\\\/www.linkedin.com\\\/company\\\/art-for-art-theaterservice-gmbh\\\/\"]}]}<\/script>\n<!-- \/ Yoast SEO plugin. -->","yoast_head_json":{"title":"Cookie statement - ART for ART","description":"Cookie-Erkl\u00e4rung Zugriffsdaten\nBei Aufruf unserer Website speichert der Webserver Ihre Zugriffe anonymisiert in Server-Logfiles. Dazu wird das letzte Vier","robots":{"index":"index","follow":"follow","max-snippet":"max-snippet:-1","max-image-preview":"max-image-preview:large","max-video-preview":"max-video-preview:-1"},"canonical":"https:\/\/artforart.at\/en\/cookie-explanation\/","og_locale":"en_GB","og_type":"article","og_title":"Cookie-Erkl\u00e4rung - ART for ART","og_url":"https:\/\/artforart.at\/en\/cookie-explanation\/","og_site_name":"ART for ART","article_publisher":"https:\/\/www.facebook.com\/profile.php?id=100066845842584","article_modified_time":"2025-11-17T10:53:52+00:00","og_image":[{"width":591,"height":591,"url":"https:\/\/artforart.at\/wp-content\/uploads\/2025\/12\/AfA-Logo-grau-mit-WE.png","type":"image\/png"}],"twitter_card":"summary_large_image","schema":{"@context":"https:\/\/schema.org","@graph":[{"@type":"WebPage","@id":"https:\/\/artforart.at\/cookie-erklaerung","url":"https:\/\/artforart.at\/cookie-erklaerung","name":"Cookie statement - ART for ART","isPartOf":{"@id":"https:\/\/artforart.at\/#website"},"datePublished":"2022-07-13T09:53:20+00:00","dateModified":"2025-11-17T10:53:52+00:00","breadcrumb":{"@id":"https:\/\/artforart.at\/cookie-erklaerung#breadcrumb"},"inLanguage":"en-GB","potentialAction":[{"@type":"ReadAction","target":["https:\/\/artforart.at\/cookie-erklaerung"]}]},{"@type":"BreadcrumbList","@id":"https:\/\/artforart.at\/cookie-erklaerung#breadcrumb","itemListElement":[{"@type":"ListItem","position":1,"name":"Startseite","item":"https:\/\/artforart.at\/"},{"@type":"ListItem","position":2,"name":"Cookie-Erkl\u00e4rung"}]},{"@type":"WebSite","@id":"https:\/\/artforart.at\/#website","url":"https:\/\/artforart.at\/","name":"ART for ART","description":"Traditional theatre craftsmanship meets modern technology. ART for ART manufactures costumes, backdrops and stage sets for opera, theatre and film - all from a single source.","publisher":{"@id":"https:\/\/artforart.at\/#organization"},"alternateName":"ART for ART Theaterservice GmbH","potentialAction":[{"@type":"SearchAction","target":{"@type":"EntryPoint","urlTemplate":"https:\/\/artforart.at\/?s={search_term_string}"},"query-input":{"@type":"PropertyValueSpecification","valueRequired":true,"valueName":"search_term_string"}}],"inLanguage":"en-GB"},{"@type":"Organization","@id":"https:\/\/artforart.at\/#organization","name":"ART for ART","alternateName":"Art4Art, ArtForArt","url":"https:\/\/artforart.at\/","logo":{"@type":"ImageObject","inLanguage":"en-GB","@id":"https:\/\/artforart.at\/#\/schema\/logo\/image\/","url":"https:\/\/artforart.at\/wp-content\/uploads\/2021\/11\/logo.png","contentUrl":"https:\/\/artforart.at\/wp-content\/uploads\/2021\/11\/logo.png","width":322,"height":301,"caption":"ART for ART"},"image":{"@id":"https:\/\/artforart.at\/#\/schema\/logo\/image\/"},"sameAs":["https:\/\/www.facebook.com\/profile.php?id=100066845842584","https:\/\/www.instagram.com\/artforarttheaterservice\/","https:\/\/www.linkedin.com\/company\/art-for-art-theaterservice-gmbh\/"]}]}},"_links":{"self":[{"href":"https:\/\/artforart.at\/en\/wp-json\/wp\/v2\/pages\/2039","targetHints":{"allow":["GET"]}}],"collection":[{"href":"https:\/\/artforart.at\/en\/wp-json\/wp\/v2\/pages"}],"about":[{"href":"https:\/\/artforart.at\/en\/wp-json\/wp\/v2\/types\/page"}],"author":[{"embeddable":true,"href":"https:\/\/artforart.at\/en\/wp-json\/wp\/v2\/users\/2"}],"replies":[{"embeddable":true,"href":"https:\/\/artforart.at\/en\/wp-json\/wp\/v2\/comments?post=2039"}],"version-history":[{"count":0,"href":"https:\/\/artforart.at\/en\/wp-json\/wp\/v2\/pages\/2039\/revisions"}],"wp:attachment":[{"href":"https:\/\/artforart.at\/en\/wp-json\/wp\/v2\/media?parent=2039"}],"curies":[{"name":"wp","href":"https:\/\/api.w.org\/{rel}","templated":true}]}}