{"id":2013,"date":"2022-06-10T13:10:28","date_gmt":"2022-06-10T13:10:28","guid":{"rendered":"https:\/\/artforart.at\/?page_id=2013"},"modified":"2025-11-14T14:39:22","modified_gmt":"2025-11-14T14:39:22","slug":"mobile-advertising-2","status":"publish","type":"page","link":"https:\/\/artforart.at\/en\/services\/verleih-und-miete\/mobile-werbung","title":{"rendered":"Mobile advertising"},"content":{"rendered":"<section id=\"section-11-4467\" class=\"ct-section hero-section p-0\"><div class=\"ct-section-inner-wrap\"><div id=\"div_block-12-4467\" class=\"ct-div-block w-100 grid-center-vertical grid-2-main grid-gap-lg\"><div id=\"div_block-13-4467\" class=\"ct-div-block pos-relative hero-section__left\"><img width=\"1536\" height=\"1024\" data-src=\"https:\/\/artforart.at\/wp-content\/uploads\/2022\/04\/IMG_1921-1536x1024.jpg\" class=\"ct-image hero-image--top-left w-100 lazyload\" alt=\"Lorries with advertising posters park side by side in a sunny industrial courtyard entrance between brick and industrial buildings.\" decoding=\"async\" data-srcset=\"https:\/\/artforart.at\/wp-content\/uploads\/2022\/04\/IMG_1921-1536x1024.jpg 1536w, https:\/\/artforart.at\/wp-content\/uploads\/2022\/04\/IMG_1921-500x333.jpg 500w, https:\/\/artforart.at\/wp-content\/uploads\/2022\/04\/IMG_1921-1024x683.jpg 1024w, https:\/\/artforart.at\/wp-content\/uploads\/2022\/04\/IMG_1921-768x512.jpg 768w, https:\/\/artforart.at\/wp-content\/uploads\/2022\/04\/IMG_1921-2048x1365.jpg 2048w, https:\/\/artforart.at\/wp-content\/uploads\/2022\/04\/IMG_1921-scaled.jpg 2560w\" data-sizes=\"auto, (max-width: 1536px) 100vw, 1536px\" src=\"data:image\/svg+xml;base64,PHN2ZyB3aWR0aD0iMSIgaGVpZ2h0PSIxIiB4bWxucz0iaHR0cDovL3d3dy53My5vcmcvMjAwMC9zdmciPjwvc3ZnPg==\" style=\"--smush-placeholder-width: 1536px; --smush-placeholder-aspect-ratio: 1536\/1024;\"><\/div><div id=\"div_block-17-4467\" class=\"ct-div-block break-with-hyphen hero-section__right\"><h1 id=\"div_block-18-4467\" class=\"ct-div-block hero-text-block--home gap-sm\"><div id=\"headline-19-4467\" class=\"ct-headline h1\">Mobile<\/div><div id=\"text_block-20-4467\" class=\"ct-text-block h2\">ADVERTISING<\/div><\/h1><\/div><\/div><\/div><\/section>\n\n<section id=\"section-21-4465\" class=\"ct-section center text-center\"><div class=\"ct-section-inner-wrap\"><div id=\"text_block-22-4465\" class=\"ct-text-block subheading bold\">Your advertising gets going with us!\u00a0<\/div><\/div><\/section>\n\n<section id=\"section-305-4465\" class=\"ct-section\"><div class=\"ct-section-inner-wrap\"><div id=\"div_block-307-4465\" class=\"ct-div-block grid-60-40 grid-center-vertical\"><div id=\"div_block-308-4465\" class=\"ct-div-block pd-5 gap-md\"><h2 id=\"headline-309-4465\" class=\"ct-headline h3\">Mobile advertising\n<\/h2><div id=\"text_block-310-4465\" class=\"ct-text-block bodycopy w-580\">Our fleet includes almost 30 scenery trailers, which are perfectly suited as mobile advertising space due to their size. With almost 6000 trips a year, mainly in Vienna's city centre, your advertising is prominently placed.\n<\/div><\/div><img width=\"1024\" height=\"768\" data-src=\"https:\/\/artforart.at\/wp-content\/uploads\/2022\/04\/IMG_7016-1024x768.jpeg\" class=\"ct-image lazyload\" alt=\"A lorry with the words \u201eART FOR ART\u201c is parked in front of a historic building at night, with several people standing next to it.\" decoding=\"async\" data-srcset=\"https:\/\/artforart.at\/wp-content\/uploads\/2022\/04\/IMG_7016-1024x768.jpeg 1024w, https:\/\/artforart.at\/wp-content\/uploads\/2022\/04\/IMG_7016-500x375.jpeg 500w, https:\/\/artforart.at\/wp-content\/uploads\/2022\/04\/IMG_7016-768x576.jpeg 768w, https:\/\/artforart.at\/wp-content\/uploads\/2022\/04\/IMG_7016-1536x1152.jpeg 1536w, https:\/\/artforart.at\/wp-content\/uploads\/2022\/04\/IMG_7016.jpeg 2048w\" data-sizes=\"auto, (max-width: 1024px) 100vw, 1024px\" src=\"data:image\/svg+xml;base64,PHN2ZyB3aWR0aD0iMSIgaGVpZ2h0PSIxIiB4bWxucz0iaHR0cDovL3d3dy53My5vcmcvMjAwMC9zdmciPjwvc3ZnPg==\" style=\"--smush-placeholder-width: 1024px; --smush-placeholder-aspect-ratio: 1024\/768;\"><\/div><\/div><\/section>\n\n<section id=\"section-88-4465\" class=\"ct-section\"><div class=\"ct-section-inner-wrap\"><div id=\"div_block-89-4465\" class=\"ct-div-block\"><h2 id=\"text_block-90-4465\" class=\"ct-text-block h2\">Interested?\n<\/h2><div id=\"text_block-91-4465\" class=\"ct-text-block subheading\">We look forward to hearing from you!\n<br><\/div><\/div><img width=\"1024\" height=\"683\" data-src=\"https:\/\/artforart.at\/wp-content\/uploads\/2022\/07\/art4art-Thomas-Thaller-6205-1024x683.jpg\" class=\"ct-image lazyload\" alt='A man in a white shirt stands smiling in front of a silver lorry with the words &quot;ART ART&quot; on the tarpaulin.' decoding=\"async\" data-srcset=\"https:\/\/artforart.at\/wp-content\/uploads\/2022\/07\/art4art-Thomas-Thaller-6205-1024x683.jpg 1024w, https:\/\/artforart.at\/wp-content\/uploads\/2022\/07\/art4art-Thomas-Thaller-6205-500x333.jpg 500w, https:\/\/artforart.at\/wp-content\/uploads\/2022\/07\/art4art-Thomas-Thaller-6205-768x512.jpg 768w, https:\/\/artforart.at\/wp-content\/uploads\/2022\/07\/art4art-Thomas-Thaller-6205-1536x1024.jpg 1536w, https:\/\/artforart.at\/wp-content\/uploads\/2022\/07\/art4art-Thomas-Thaller-6205-2048x1365.jpg 2048w, https:\/\/artforart.at\/wp-content\/uploads\/2022\/07\/art4art-Thomas-Thaller-6205-scaled.jpg 2560w\" data-sizes=\"auto, (max-width: 1024px) 100vw, 1024px\" src=\"data:image\/svg+xml;base64,PHN2ZyB3aWR0aD0iMSIgaGVpZ2h0PSIxIiB4bWxucz0iaHR0cDovL3d3dy53My5vcmcvMjAwMC9zdmciPjwvc3ZnPg==\" style=\"--smush-placeholder-width: 1024px; --smush-placeholder-aspect-ratio: 1024\/683;\"><div id=\"div_block-93-4465\" class=\"ct-div-block bg-red\"><div id=\"div_block-94-4465\" class=\"ct-div-block\"><\/div><div id=\"text_block-95-4465\" class=\"ct-text-block link line_before mb-20\">Decoration workshops\nLogistics &amp; vehicle fleet<\/div><div id=\"text_block-96-4465\" class=\"ct-text-block subheading mb-20\">Thomas Thaller\u00a0<\/div><div id=\"text_block-98-4465\" class=\"ct-text-block bodycopy mb-8\">ART for ART Theaterservice GmbH <br>Arsenal object 19\u00a0<div>1030 Vienna\u00a0<\/div><div>T +43 1 51444-3726<\/div><\/div><a id=\"link_text-99-4465\" class=\"ct-link-text link-button underlined\" href=\"\/en\/about-us\/team\/#kontakt\">write to us<\/a><\/div><\/div><\/section>","protected":false},"excerpt":{"rendered":"","protected":false},"author":2,"featured_media":0,"parent":2000,"menu_order":0,"comment_status":"closed","ping_status":"closed","template":"","meta":{"_acf_changed":false,"inline_featured_image":false,"footnotes":""},"class_list":["post-2013","page","type-page","status-publish","hentry"],"acf":[],"yoast_head":"<!-- This site is optimized with the Yoast SEO plugin v27.4 - https:\/\/yoast.com\/product\/yoast-seo-wordpress\/ -->\n<title>Mobile Werbung - ART for ART<\/title>\n<meta name=\"description\" content=\"Mobile WERBUNG Mit uns kommt Ihre Werbung in Fahrt!&nbsp; Mobile Werbung Unser Fuhrpark umfasst unter anderem knapp 30 Kulissenanh\u00e4nger, die sich aufgrund\" \/>\n<meta name=\"robots\" content=\"index, follow, max-snippet:-1, max-image-preview:large, max-video-preview:-1\" \/>\n<link rel=\"canonical\" href=\"https:\/\/artforart.at\/en\/services\/rental-and-hire\/mobile-advertising-2\/\" \/>\n<meta property=\"og:locale\" content=\"en_GB\" \/>\n<meta property=\"og:type\" content=\"article\" \/>\n<meta property=\"og:title\" content=\"Mobile Werbung - ART for ART\" \/>\n<meta property=\"og:url\" content=\"https:\/\/artforart.at\/en\/services\/rental-and-hire\/mobile-advertising-2\/\" \/>\n<meta property=\"og:site_name\" content=\"ART for ART\" \/>\n<meta property=\"article:publisher\" content=\"https:\/\/www.facebook.com\/profile.php?id=100066845842584\" \/>\n<meta property=\"article:modified_time\" content=\"2025-11-14T14:39:22+00:00\" \/>\n<meta property=\"og:image\" content=\"https:\/\/artforart.at\/wp-content\/uploads\/2025\/12\/AfA-Logo-grau-mit-WE.png\" \/>\n\t<meta property=\"og:image:width\" content=\"591\" \/>\n\t<meta property=\"og:image:height\" content=\"591\" \/>\n\t<meta property=\"og:image:type\" content=\"image\/png\" \/>\n<meta name=\"twitter:card\" content=\"summary_large_image\" \/>\n<script type=\"application\/ld+json\" class=\"yoast-schema-graph\">{\"@context\":\"https:\\\/\\\/schema.org\",\"@graph\":[{\"@type\":\"WebPage\",\"@id\":\"https:\\\/\\\/artforart.at\\\/services\\\/verleih-und-miete\\\/mobile-werbung\",\"url\":\"https:\\\/\\\/artforart.at\\\/services\\\/verleih-und-miete\\\/mobile-werbung\",\"name\":\"Mobile Werbung - ART for ART\",\"isPartOf\":{\"@id\":\"https:\\\/\\\/artforart.at\\\/#website\"},\"datePublished\":\"2022-06-10T13:10:28+00:00\",\"dateModified\":\"2025-11-14T14:39:22+00:00\",\"breadcrumb\":{\"@id\":\"https:\\\/\\\/artforart.at\\\/services\\\/verleih-und-miete\\\/mobile-werbung#breadcrumb\"},\"inLanguage\":\"en-GB\",\"potentialAction\":[{\"@type\":\"ReadAction\",\"target\":[\"https:\\\/\\\/artforart.at\\\/services\\\/verleih-und-miete\\\/mobile-werbung\"]}]},{\"@type\":\"BreadcrumbList\",\"@id\":\"https:\\\/\\\/artforart.at\\\/services\\\/verleih-und-miete\\\/mobile-werbung#breadcrumb\",\"itemListElement\":[{\"@type\":\"ListItem\",\"position\":1,\"name\":\"Startseite\",\"item\":\"https:\\\/\\\/artforart.at\\\/\"},{\"@type\":\"ListItem\",\"position\":2,\"name\":\"Services\",\"item\":\"https:\\\/\\\/artforart.at\\\/services\"},{\"@type\":\"ListItem\",\"position\":3,\"name\":\"Verleih und Miete\",\"item\":\"https:\\\/\\\/artforart.at\\\/services\\\/verleih-und-miete\"},{\"@type\":\"ListItem\",\"position\":4,\"name\":\"Mobile Werbung\"}]},{\"@type\":\"WebSite\",\"@id\":\"https:\\\/\\\/artforart.at\\\/#website\",\"url\":\"https:\\\/\\\/artforart.at\\\/\",\"name\":\"ART for ART\",\"description\":\"Traditionelles Theaterhandwerk trifft moderne Technik. ART for ART fertigt Kost\u00fcme, Kulissen und B\u00fchnenausstattung f\u00fcr Opern, Theater und Film \u2013 alles aus einer Hand.\",\"publisher\":{\"@id\":\"https:\\\/\\\/artforart.at\\\/#organization\"},\"alternateName\":\"ART for ART Theaterservice GmbH\",\"potentialAction\":[{\"@type\":\"SearchAction\",\"target\":{\"@type\":\"EntryPoint\",\"urlTemplate\":\"https:\\\/\\\/artforart.at\\\/?s={search_term_string}\"},\"query-input\":{\"@type\":\"PropertyValueSpecification\",\"valueRequired\":true,\"valueName\":\"search_term_string\"}}],\"inLanguage\":\"en-GB\"},{\"@type\":\"Organization\",\"@id\":\"https:\\\/\\\/artforart.at\\\/#organization\",\"name\":\"ART for ART\",\"alternateName\":\"Art4Art, ArtForArt\",\"url\":\"https:\\\/\\\/artforart.at\\\/\",\"logo\":{\"@type\":\"ImageObject\",\"inLanguage\":\"en-GB\",\"@id\":\"https:\\\/\\\/artforart.at\\\/#\\\/schema\\\/logo\\\/image\\\/\",\"url\":\"https:\\\/\\\/artforart.at\\\/wp-content\\\/uploads\\\/2021\\\/11\\\/logo.png\",\"contentUrl\":\"https:\\\/\\\/artforart.at\\\/wp-content\\\/uploads\\\/2021\\\/11\\\/logo.png\",\"width\":322,\"height\":301,\"caption\":\"ART for ART\"},\"image\":{\"@id\":\"https:\\\/\\\/artforart.at\\\/#\\\/schema\\\/logo\\\/image\\\/\"},\"sameAs\":[\"https:\\\/\\\/www.facebook.com\\\/profile.php?id=100066845842584\",\"https:\\\/\\\/www.instagram.com\\\/artforarttheaterservice\\\/\",\"https:\\\/\\\/www.linkedin.com\\\/company\\\/art-for-art-theaterservice-gmbh\\\/\"]}]}<\/script>\n<!-- \/ Yoast SEO plugin. -->","yoast_head_json":{"title":"Mobile advertising - ART for ART","description":"Mobile WERBUNG Mit uns kommt Ihre Werbung in Fahrt!&nbsp; Mobile Werbung Unser Fuhrpark umfasst unter anderem knapp 30 Kulissenanh\u00e4nger, die sich aufgrund","robots":{"index":"index","follow":"follow","max-snippet":"max-snippet:-1","max-image-preview":"max-image-preview:large","max-video-preview":"max-video-preview:-1"},"canonical":"https:\/\/artforart.at\/en\/services\/rental-and-hire\/mobile-advertising-2\/","og_locale":"en_GB","og_type":"article","og_title":"Mobile Werbung - ART for ART","og_url":"https:\/\/artforart.at\/en\/services\/rental-and-hire\/mobile-advertising-2\/","og_site_name":"ART for ART","article_publisher":"https:\/\/www.facebook.com\/profile.php?id=100066845842584","article_modified_time":"2025-11-14T14:39:22+00:00","og_image":[{"width":591,"height":591,"url":"https:\/\/artforart.at\/wp-content\/uploads\/2025\/12\/AfA-Logo-grau-mit-WE.png","type":"image\/png"}],"twitter_card":"summary_large_image","schema":{"@context":"https:\/\/schema.org","@graph":[{"@type":"WebPage","@id":"https:\/\/artforart.at\/services\/verleih-und-miete\/mobile-werbung","url":"https:\/\/artforart.at\/services\/verleih-und-miete\/mobile-werbung","name":"Mobile advertising - ART for ART","isPartOf":{"@id":"https:\/\/artforart.at\/#website"},"datePublished":"2022-06-10T13:10:28+00:00","dateModified":"2025-11-14T14:39:22+00:00","breadcrumb":{"@id":"https:\/\/artforart.at\/services\/verleih-und-miete\/mobile-werbung#breadcrumb"},"inLanguage":"en-GB","potentialAction":[{"@type":"ReadAction","target":["https:\/\/artforart.at\/services\/verleih-und-miete\/mobile-werbung"]}]},{"@type":"BreadcrumbList","@id":"https:\/\/artforart.at\/services\/verleih-und-miete\/mobile-werbung#breadcrumb","itemListElement":[{"@type":"ListItem","position":1,"name":"Startseite","item":"https:\/\/artforart.at\/"},{"@type":"ListItem","position":2,"name":"Services","item":"https:\/\/artforart.at\/services"},{"@type":"ListItem","position":3,"name":"Verleih und Miete","item":"https:\/\/artforart.at\/services\/verleih-und-miete"},{"@type":"ListItem","position":4,"name":"Mobile Werbung"}]},{"@type":"WebSite","@id":"https:\/\/artforart.at\/#website","url":"https:\/\/artforart.at\/","name":"ART for ART","description":"Traditional theatre craftsmanship meets modern technology. ART for ART manufactures costumes, backdrops and stage sets for opera, theatre and film - all from a single source.","publisher":{"@id":"https:\/\/artforart.at\/#organization"},"alternateName":"ART for ART Theaterservice GmbH","potentialAction":[{"@type":"SearchAction","target":{"@type":"EntryPoint","urlTemplate":"https:\/\/artforart.at\/?s={search_term_string}"},"query-input":{"@type":"PropertyValueSpecification","valueRequired":true,"valueName":"search_term_string"}}],"inLanguage":"en-GB"},{"@type":"Organization","@id":"https:\/\/artforart.at\/#organization","name":"ART for ART","alternateName":"Art4Art, ArtForArt","url":"https:\/\/artforart.at\/","logo":{"@type":"ImageObject","inLanguage":"en-GB","@id":"https:\/\/artforart.at\/#\/schema\/logo\/image\/","url":"https:\/\/artforart.at\/wp-content\/uploads\/2021\/11\/logo.png","contentUrl":"https:\/\/artforart.at\/wp-content\/uploads\/2021\/11\/logo.png","width":322,"height":301,"caption":"ART for ART"},"image":{"@id":"https:\/\/artforart.at\/#\/schema\/logo\/image\/"},"sameAs":["https:\/\/www.facebook.com\/profile.php?id=100066845842584","https:\/\/www.instagram.com\/artforarttheaterservice\/","https:\/\/www.linkedin.com\/company\/art-for-art-theaterservice-gmbh\/"]}]}},"_links":{"self":[{"href":"https:\/\/artforart.at\/en\/wp-json\/wp\/v2\/pages\/2013","targetHints":{"allow":["GET"]}}],"collection":[{"href":"https:\/\/artforart.at\/en\/wp-json\/wp\/v2\/pages"}],"about":[{"href":"https:\/\/artforart.at\/en\/wp-json\/wp\/v2\/types\/page"}],"author":[{"embeddable":true,"href":"https:\/\/artforart.at\/en\/wp-json\/wp\/v2\/users\/2"}],"replies":[{"embeddable":true,"href":"https:\/\/artforart.at\/en\/wp-json\/wp\/v2\/comments?post=2013"}],"version-history":[{"count":0,"href":"https:\/\/artforart.at\/en\/wp-json\/wp\/v2\/pages\/2013\/revisions"}],"up":[{"embeddable":true,"href":"https:\/\/artforart.at\/en\/wp-json\/wp\/v2\/pages\/2000"}],"wp:attachment":[{"href":"https:\/\/artforart.at\/en\/wp-json\/wp\/v2\/media?parent=2013"}],"curies":[{"name":"wp","href":"https:\/\/api.w.org\/{rel}","templated":true}]}}