{"id":2000,"date":"2022-06-10T12:35:14","date_gmt":"2022-06-10T12:35:14","guid":{"rendered":"https:\/\/artforart.at\/?page_id=2000"},"modified":"2026-01-13T08:46:05","modified_gmt":"2026-01-13T08:46:05","slug":"rental-and-hire","status":"publish","type":"page","link":"https:\/\/artforart.at\/en\/services\/verleih-und-miete","title":{"rendered":"Rental"},"content":{"rendered":"<section id=\"section-10-4465\" class=\"ct-section hero-section p-0\"><div class=\"ct-section-inner-wrap\"><div id=\"div_block-11-4465\" class=\"ct-div-block w-100 grid-center-vertical grid-2-main grid-gap-lg\"><div id=\"div_block-12-4465\" class=\"ct-div-block pos-relative hero-section__left\"><img width=\"1024\" height=\"683\" data-src=\"https:\/\/artforart.at\/wp-content\/uploads\/2022\/04\/IMG_1921-1024x683.jpg\" class=\"ct-image hero-image--top-left w-100 lazyload\" alt=\"Three colourful, eye-catching costumes, one red with large circles, one with round stripes and one black and white with glitter, stand on clothes racks.\" decoding=\"async\" data-srcset=\"https:\/\/artforart.at\/wp-content\/uploads\/2022\/04\/IMG_1921-1024x683.jpg 1024w, https:\/\/artforart.at\/wp-content\/uploads\/2022\/04\/IMG_1921-500x333.jpg 500w, https:\/\/artforart.at\/wp-content\/uploads\/2022\/04\/IMG_1921-768x512.jpg 768w, https:\/\/artforart.at\/wp-content\/uploads\/2022\/04\/IMG_1921-1536x1024.jpg 1536w, https:\/\/artforart.at\/wp-content\/uploads\/2022\/04\/IMG_1921-2048x1365.jpg 2048w, https:\/\/artforart.at\/wp-content\/uploads\/2022\/04\/IMG_1921-scaled.jpg 2560w\" data-sizes=\"auto, (max-width: 1024px) 100vw, 1024px\" src=\"data:image\/svg+xml;base64,PHN2ZyB3aWR0aD0iMSIgaGVpZ2h0PSIxIiB4bWxucz0iaHR0cDovL3d3dy53My5vcmcvMjAwMC9zdmciPjwvc3ZnPg==\" style=\"--smush-placeholder-width: 1024px; --smush-placeholder-aspect-ratio: 1024\/683;\"><div id=\"div_block-14-4465\" class=\"ct-div-block pos-absolute pos-absolute--bottom-right\"><img width=\"102\" height=\"102\" data-src=\"https:\/\/artforart.at\/wp-content\/uploads\/2021\/12\/wiener-exzellenz.png\" class=\"ct-image css-anim-rotate lazyload\" alt=\"Viennese Excellence Logo\" decoding=\"async\" src=\"data:image\/svg+xml;base64,PHN2ZyB3aWR0aD0iMSIgaGVpZ2h0PSIxIiB4bWxucz0iaHR0cDovL3d3dy53My5vcmcvMjAwMC9zdmciPjwvc3ZnPg==\" style=\"--smush-placeholder-width: 102px; --smush-placeholder-aspect-ratio: 102\/102;\"><\/div><\/div><div id=\"div_block-16-4465\" class=\"ct-div-block break-with-hyphen hero-section__right\"><h1 id=\"div_block-17-4465\" class=\"ct-div-block hero-text-block--home gap-sm\"><div id=\"headline-18-4465\" class=\"ct-headline h1\">Rental &amp;\u00a0<\/div><div id=\"text_block-19-4465\" class=\"ct-text-block h2\">Rental service<\/div><\/h1><\/div><\/div><\/div><\/section>\n\n<section id=\"section-21-4465\" class=\"ct-section center text-center\"><div class=\"ct-section-inner-wrap\"><div id=\"text_block-22-4465\" class=\"ct-text-block subheading bold\">Too little space?\u00a0<div>We have a solution for you!<\/div><\/div><\/div><\/section>\n\n<section id=\"section-350-4465\" class=\"ct-section\"><div class=\"ct-section-inner-wrap\"><div id=\"div_block-352-4465\" class=\"ct-div-block grid-40-60\"><div id=\"div_block-363-4465\" class=\"ct-div-block\"><img width=\"1024\" height=\"768\" data-src=\"https:\/\/artforart.at\/wp-content\/uploads\/2022\/04\/IMG_9386-1-1024x768.jpeg\" class=\"ct-image lazyload\" alt=\"Several mannequins wear striking black headgear with large feathers shaped like raven heads.\" decoding=\"async\" data-srcset=\"https:\/\/artforart.at\/wp-content\/uploads\/2022\/04\/IMG_9386-1-1024x768.jpeg 1024w, https:\/\/artforart.at\/wp-content\/uploads\/2022\/04\/IMG_9386-1-500x375.jpeg 500w, https:\/\/artforart.at\/wp-content\/uploads\/2022\/04\/IMG_9386-1-768x576.jpeg 768w, https:\/\/artforart.at\/wp-content\/uploads\/2022\/04\/IMG_9386-1-1536x1152.jpeg 1536w, https:\/\/artforart.at\/wp-content\/uploads\/2022\/04\/IMG_9386-1.jpeg 2048w\" data-sizes=\"auto, (max-width: 1024px) 100vw, 1024px\" src=\"data:image\/svg+xml;base64,PHN2ZyB3aWR0aD0iMSIgaGVpZ2h0PSIxIiB4bWxucz0iaHR0cDovL3d3dy53My5vcmcvMjAwMC9zdmciPjwvc3ZnPg==\" style=\"--smush-placeholder-width: 1024px; --smush-placeholder-aspect-ratio: 1024\/768;\"><\/div><div id=\"div_block-353-4465\" class=\"ct-div-block pd-5 gap-md pt-40\"><h2 id=\"headline-354-4465\" class=\"ct-headline h3\">Modisterei<\/h2><div id=\"text_block-355-4465\" class=\"ct-text-block bodycopy w-700\">Our milliners don't just make hats, they conjure up headdresses of the highest quality. They don't just work with classic materials such as felt and feathers. They also use ultra-modern materials, which are mainly used in orthopaedic technology, to model any desired shape.<\/div><div><br><\/div><\/div><\/div><\/div><\/section>\n\n<section id=\"section-24-4465\" class=\"ct-section\"><div class=\"ct-section-inner-wrap\"><div id=\"div_block-25-4465\" class=\"ct-div-block w-100 pl-auto\"><div id=\"div_block-26-4465\" class=\"ct-div-block grid-2-main grid-align-bottom\"><div id=\"div_block-27-4465\" class=\"ct-div-block pd-5 gap-md\"><h2 id=\"headline-28-4465\" class=\"ct-headline h3\">Ladies' &amp; Men's<br>tailoring<\/h2><div id=\"text_block-29-4465\" class=\"ct-text-block\">The centrepiece of our workshops is the ladies' and men's tailoring department. Here we create elaborate stage costumes as well as customised haute couture according to your ideas. Our tailors have specialised knowledge and are well-versed in ancient craft techniques that are no longer taught today. There is hardly a costume wish that our colleagues cannot fulfil. We make almost anything possible.<\/div><div><br><\/div><\/div><img width=\"1024\" height=\"672\" data-src=\"https:\/\/artforart.at\/wp-content\/uploads\/2022\/04\/874A8154-2-1024x672.jpg\" class=\"ct-image lazyload\" alt=\"A smiling woman in a tailor&#039;s workshop works on fabric, with a tape measure around her neck and dresses in the background.\" decoding=\"async\" data-srcset=\"https:\/\/artforart.at\/wp-content\/uploads\/2022\/04\/874A8154-2-1024x672.jpg 1024w, https:\/\/artforart.at\/wp-content\/uploads\/2022\/04\/874A8154-2-500x328.jpg 500w, https:\/\/artforart.at\/wp-content\/uploads\/2022\/04\/874A8154-2-768x504.jpg 768w, https:\/\/artforart.at\/wp-content\/uploads\/2022\/04\/874A8154-2.jpg 1500w\" data-sizes=\"auto, (max-width: 1024px) 100vw, 1024px\" src=\"data:image\/svg+xml;base64,PHN2ZyB3aWR0aD0iMSIgaGVpZ2h0PSIxIiB4bWxucz0iaHR0cDovL3d3dy53My5vcmcvMjAwMC9zdmciPjwvc3ZnPg==\" style=\"--smush-placeholder-width: 1024px; --smush-placeholder-aspect-ratio: 1024\/672;\"><\/div><\/div><\/div><\/section>\n\n<section id=\"section-88-4465\" class=\"ct-section\"><div class=\"ct-section-inner-wrap\"><div id=\"div_block-89-4465\" class=\"ct-div-block\"><h2 id=\"text_block-90-4465\" class=\"ct-text-block h2\">Enquiry:<\/h2><div id=\"text_block-91-4465\" class=\"ct-text-block subheading\">Do you have a costume project waiting to be realised?<br><\/div><\/div><img width=\"907\" height=\"611\" data-src=\"https:\/\/artforart.at\/wp-content\/uploads\/2022\/04\/FOTO-Pfeiler-Wand.jpg\" class=\"ct-image lazyload\" alt=\"A woman and a man smile and pose next to each other in front of a neutral background.\" decoding=\"async\" data-srcset=\"https:\/\/artforart.at\/wp-content\/uploads\/2022\/04\/FOTO-Pfeiler-Wand.jpg 907w, https:\/\/artforart.at\/wp-content\/uploads\/2022\/04\/FOTO-Pfeiler-Wand-500x337.jpg 500w, https:\/\/artforart.at\/wp-content\/uploads\/2022\/04\/FOTO-Pfeiler-Wand-768x517.jpg 768w\" data-sizes=\"auto, (max-width: 907px) 100vw, 907px\" src=\"data:image\/svg+xml;base64,PHN2ZyB3aWR0aD0iMSIgaGVpZ2h0PSIxIiB4bWxucz0iaHR0cDovL3d3dy53My5vcmcvMjAwMC9zdmciPjwvc3ZnPg==\" style=\"--smush-placeholder-width: 907px; --smush-placeholder-aspect-ratio: 907\/611;\"><div id=\"div_block-93-4465\" class=\"ct-div-block bg-red\"><div id=\"div_block-94-4465\" class=\"ct-div-block\"><\/div><div id=\"text_block-95-4465\" class=\"ct-text-block link line_before mb-20\">COSTUME WORKSHOPS<\/div><div id=\"text_block-96-4465\" class=\"ct-text-block subheading mb-20\"><span id=\"span-456-4465\" class=\"ct-span\">Barbara Pfeiler &amp; Benno Wand,\u00a0<span id=\"ct-placeholder-97\"><\/span><\/span><span id=\"span-97-4465\" class=\"ct-span LABEL\">Bakk.phil. BA<\/span><br><\/div><div id=\"text_block-98-4465\" class=\"ct-text-block bodycopy mb-8\">ART for ART Theaterservice GmbH <br>Goethegasse 1\u00a0<br>1010 Vienna <br>T +43 1 51444-7200 <br><\/div><a id=\"link_text-99-4465\" class=\"ct-link-text link-button underlined\" href=\"\/en\/about-us\/team\/#kontakt\">write to us<\/a><\/div><\/div><\/section>\n\n<section id=\"section-24-4465\" class=\"ct-section\"><div class=\"ct-section-inner-wrap\"><div id=\"div_block-25-4465\" class=\"ct-div-block w-100 pl-auto\"><div id=\"div_block-26-4465\" class=\"ct-div-block grid-2-main grid-align-bottom\"><div id=\"div_block-27-4465\" class=\"ct-div-block pd-5 gap-md\"><h2 id=\"headline-28-4465\" class=\"ct-headline h3\">Scenery storage<\/h2><div id=\"text_block-29-4465\" class=\"ct-text-block\">Large opera houses and theatres need appropriate space for the storage of scenery. Our ART for ART central warehouse is located in Haringsee in Lower Austria and covers an area of almost 70,000 m\u00b2.\n<\/div><a id=\"link_text-9-4470\" class=\"ct-link-text underlined link-button text-20\" href=\"\/en\/services\/rental-and-hire\/scenery-camp\/\">Go to the scenery storage<\/a><\/div><img width=\"1024\" height=\"768\" data-src=\"https:\/\/artforart.at\/wp-content\/uploads\/2022\/04\/IMG_7298-1024x768.jpeg\" class=\"ct-image lazyload\" alt=\"Several metal scaffolding structures on rolling platforms stand side by side in a large hall with a high ceiling.\" decoding=\"async\" data-srcset=\"https:\/\/artforart.at\/wp-content\/uploads\/2022\/04\/IMG_7298-1024x768.jpeg 1024w, https:\/\/artforart.at\/wp-content\/uploads\/2022\/04\/IMG_7298-500x375.jpeg 500w, https:\/\/artforart.at\/wp-content\/uploads\/2022\/04\/IMG_7298-768x576.jpeg 768w, https:\/\/artforart.at\/wp-content\/uploads\/2022\/04\/IMG_7298-1536x1152.jpeg 1536w, https:\/\/artforart.at\/wp-content\/uploads\/2022\/04\/IMG_7298.jpeg 2048w\" data-sizes=\"auto, (max-width: 1024px) 100vw, 1024px\" src=\"data:image\/svg+xml;base64,PHN2ZyB3aWR0aD0iMSIgaGVpZ2h0PSIxIiB4bWxucz0iaHR0cDovL3d3dy53My5vcmcvMjAwMC9zdmciPjwvc3ZnPg==\" style=\"--smush-placeholder-width: 1024px; --smush-placeholder-aspect-ratio: 1024\/768;\"><\/div><\/div><\/div><\/section>\n\n<section id=\"section-350-4465\" class=\"ct-section\"><div class=\"ct-section-inner-wrap\"><div id=\"div_block-352-4465\" class=\"ct-div-block grid-40-60\"><div id=\"div_block-363-4465\" class=\"ct-div-block\"><img width=\"1024\" height=\"683\" data-src=\"https:\/\/artforart.at\/wp-content\/uploads\/2022\/04\/IMG_1921-1024x683.jpg\" class=\"ct-image lazyload\" alt=\"Lorries with advertising posters park side by side in a sunny industrial courtyard entrance between brick and industrial buildings.\" decoding=\"async\" data-srcset=\"https:\/\/artforart.at\/wp-content\/uploads\/2022\/04\/IMG_1921-1024x683.jpg 1024w, https:\/\/artforart.at\/wp-content\/uploads\/2022\/04\/IMG_1921-500x333.jpg 500w, https:\/\/artforart.at\/wp-content\/uploads\/2022\/04\/IMG_1921-768x512.jpg 768w, https:\/\/artforart.at\/wp-content\/uploads\/2022\/04\/IMG_1921-1536x1024.jpg 1536w, https:\/\/artforart.at\/wp-content\/uploads\/2022\/04\/IMG_1921-2048x1365.jpg 2048w, https:\/\/artforart.at\/wp-content\/uploads\/2022\/04\/IMG_1921-scaled.jpg 2560w\" data-sizes=\"auto, (max-width: 1024px) 100vw, 1024px\" src=\"data:image\/svg+xml;base64,PHN2ZyB3aWR0aD0iMSIgaGVpZ2h0PSIxIiB4bWxucz0iaHR0cDovL3d3dy53My5vcmcvMjAwMC9zdmciPjwvc3ZnPg==\" style=\"--smush-placeholder-width: 1024px; --smush-placeholder-aspect-ratio: 1024\/683;\"><\/div><div id=\"div_block-353-4465\" class=\"ct-div-block pd-5 gap-md pt-40\"><h2 id=\"headline-354-4465\" class=\"ct-headline h3\">Mobile advertising<\/h2><div id=\"text_block-355-4465\" class=\"ct-text-block bodycopy w-700\">Our fleet includes almost 30 scenery trailers, which are perfectly suited as mobile advertising space due to their size. With almost 6000 trips a year, mainly in Vienna's city centre, your advertising is prominently placed.\n<\/div><a id=\"link_text-9-4476\" class=\"ct-link-text underlined link-button text-20\" href=\"\/en\/services\/rental-and-hire\/mobile-advertising-2\/\">Go to mobile advertising<\/a><\/div><\/div><\/div><\/section>\n\n<section id=\"section-32-4465\" class=\"ct-section\"><div class=\"ct-section-inner-wrap\"><div id=\"div_block-33-4465\" class=\"ct-div-block w-100 pl-auto\"><div id=\"div_block-34-4465\" class=\"ct-div-block grid-2-main grid-center-vertical w-100\"><img width=\"1024\" height=\"768\" data-src=\"https:\/\/artforart.at\/wp-content\/uploads\/2022\/04\/InkedIMG_0400_LI-1024x768.jpg\" class=\"ct-image Object-fit lazyload\" alt=\"A lorry with the inscription \u201eART ART\u201c is parked in front of a brick building with a large sign and several parked cars.\" decoding=\"async\" data-srcset=\"https:\/\/artforart.at\/wp-content\/uploads\/2022\/04\/InkedIMG_0400_LI-1024x768.jpg 1024w, https:\/\/artforart.at\/wp-content\/uploads\/2022\/04\/InkedIMG_0400_LI-500x375.jpg 500w, https:\/\/artforart.at\/wp-content\/uploads\/2022\/04\/InkedIMG_0400_LI-768x576.jpg 768w, https:\/\/artforart.at\/wp-content\/uploads\/2022\/04\/InkedIMG_0400_LI-1536x1152.jpg 1536w, https:\/\/artforart.at\/wp-content\/uploads\/2022\/04\/InkedIMG_0400_LI-2048x1536.jpg 2048w, https:\/\/artforart.at\/wp-content\/uploads\/2022\/04\/InkedIMG_0400_LI-scaled.jpg 2560w\" data-sizes=\"auto, (max-width: 1024px) 100vw, 1024px\" src=\"data:image\/svg+xml;base64,PHN2ZyB3aWR0aD0iMSIgaGVpZ2h0PSIxIiB4bWxucz0iaHR0cDovL3d3dy53My5vcmcvMjAwMC9zdmciPjwvc3ZnPg==\" style=\"--smush-placeholder-width: 1024px; --smush-placeholder-aspect-ratio: 1024\/768;\"><div id=\"div_block-8-4478\" class=\"ct-div-block gap-md\"><div id=\"text_block-36-4465\" class=\"ct-text-block w-460\"><br>Our logistics department specialises in the fast and smooth transport of scenery. Our fleet of vehicles and pallet lorries are specially tailored to the needs of our stages. We are also happy to provide these services to external partners.\n<\/div><a id=\"link_text-7-4478\" class=\"ct-link-text underlined link-button text-20\" href=\"\/en\/services\/rental-and-hire\/transports-2\/\">Transports<\/a><\/div><\/div><\/div><\/div><\/section>\n\n<section id=\"section-88-4465\" class=\"ct-section\"><div class=\"ct-section-inner-wrap\"><div id=\"div_block-89-4465\" class=\"ct-div-block\"><h2 id=\"text_block-90-4465\" class=\"ct-text-block h2\">Interested?\n<\/h2><div id=\"text_block-91-4465\" class=\"ct-text-block subheading\">We look forward to hearing from you!\n<br><\/div><\/div><img width=\"1024\" height=\"683\" data-src=\"https:\/\/artforart.at\/wp-content\/uploads\/2022\/07\/art4art-Thomas-Thaller-6205-1024x683.jpg\" class=\"ct-image lazyload\" alt='A man in a white shirt stands smiling in front of a silver lorry with the words &quot;ART ART&quot; on the tarpaulin.' decoding=\"async\" data-srcset=\"https:\/\/artforart.at\/wp-content\/uploads\/2022\/07\/art4art-Thomas-Thaller-6205-1024x683.jpg 1024w, https:\/\/artforart.at\/wp-content\/uploads\/2022\/07\/art4art-Thomas-Thaller-6205-500x333.jpg 500w, https:\/\/artforart.at\/wp-content\/uploads\/2022\/07\/art4art-Thomas-Thaller-6205-768x512.jpg 768w, https:\/\/artforart.at\/wp-content\/uploads\/2022\/07\/art4art-Thomas-Thaller-6205-1536x1024.jpg 1536w, https:\/\/artforart.at\/wp-content\/uploads\/2022\/07\/art4art-Thomas-Thaller-6205-2048x1365.jpg 2048w, https:\/\/artforart.at\/wp-content\/uploads\/2022\/07\/art4art-Thomas-Thaller-6205-scaled.jpg 2560w\" data-sizes=\"auto, (max-width: 1024px) 100vw, 1024px\" src=\"data:image\/svg+xml;base64,PHN2ZyB3aWR0aD0iMSIgaGVpZ2h0PSIxIiB4bWxucz0iaHR0cDovL3d3dy53My5vcmcvMjAwMC9zdmciPjwvc3ZnPg==\" style=\"--smush-placeholder-width: 1024px; --smush-placeholder-aspect-ratio: 1024\/683;\"><div id=\"div_block-93-4465\" class=\"ct-div-block bg-red\"><div id=\"div_block-94-4465\" class=\"ct-div-block\"><\/div><div id=\"text_block-95-4465\" class=\"ct-text-block link line_before mb-20\">DECORATION WORKSHOPS\nLOGISTICS AND VEHICLE FLEET<\/div><div id=\"text_block-96-4465\" class=\"ct-text-block subheading mb-20\">Thomas Thaller\u00a0<\/div><div id=\"text_block-98-4465\" class=\"ct-text-block bodycopy mb-8\">ART for ART Theaterservice GmbH <br>Arsenal object 19\u00a0<div>1030 Vienna\u00a0<\/div><div>T +43 1 51444-7326<\/div><\/div><a id=\"link_text-99-4465\" class=\"ct-link-text link-button underlined\" href=\"\/en\/about-us\/team\/#kontakt\">write to us<\/a><\/div><\/div><\/section>","protected":false},"excerpt":{"rendered":"","protected":false},"author":2,"featured_media":0,"parent":26,"menu_order":0,"comment_status":"closed","ping_status":"closed","template":"","meta":{"_acf_changed":false,"inline_featured_image":false,"footnotes":""},"class_list":["post-2000","page","type-page","status-publish","hentry"],"acf":[],"yoast_head":"<!-- This site is optimized with the Yoast SEO plugin v27.4 - https:\/\/yoast.com\/product\/yoast-seo-wordpress\/ -->\n<title>Verleih und Miete - ART for ART<\/title>\n<meta name=\"description\" content=\"Verleih &amp;&nbsp; Mietservice Zu wenig Platz?&nbsp;Wir haben eine L\u00f6sung f\u00fcr Sie! Kulissenlager Gro\u00dfe Opernh\u00e4user und Theater brauchen entsprechenden P\" \/>\n<meta name=\"robots\" content=\"index, follow, max-snippet:-1, max-image-preview:large, max-video-preview:-1\" \/>\n<link rel=\"canonical\" href=\"https:\/\/artforart.at\/en\/services\/rental-and-hire\/\" \/>\n<meta property=\"og:locale\" content=\"en_GB\" \/>\n<meta property=\"og:type\" content=\"article\" \/>\n<meta property=\"og:title\" content=\"Verleih und Miete - ART for ART\" \/>\n<meta property=\"og:url\" content=\"https:\/\/artforart.at\/en\/services\/rental-and-hire\/\" \/>\n<meta property=\"og:site_name\" content=\"ART for ART\" \/>\n<meta property=\"article:publisher\" content=\"https:\/\/www.facebook.com\/profile.php?id=100066845842584\" \/>\n<meta property=\"article:modified_time\" content=\"2026-01-13T08:46:05+00:00\" \/>\n<meta property=\"og:image\" content=\"https:\/\/artforart.at\/wp-content\/uploads\/2025\/12\/AfA-Logo-grau-mit-WE.png\" \/>\n\t<meta property=\"og:image:width\" content=\"591\" \/>\n\t<meta property=\"og:image:height\" content=\"591\" \/>\n\t<meta property=\"og:image:type\" content=\"image\/png\" \/>\n<meta name=\"twitter:card\" content=\"summary_large_image\" \/>\n<script type=\"application\/ld+json\" class=\"yoast-schema-graph\">{\"@context\":\"https:\\\/\\\/schema.org\",\"@graph\":[{\"@type\":\"WebPage\",\"@id\":\"https:\\\/\\\/artforart.at\\\/services\\\/verleih-und-miete\",\"url\":\"https:\\\/\\\/artforart.at\\\/services\\\/verleih-und-miete\",\"name\":\"Verleih und Miete - ART for ART\",\"isPartOf\":{\"@id\":\"https:\\\/\\\/artforart.at\\\/#website\"},\"datePublished\":\"2022-06-10T12:35:14+00:00\",\"dateModified\":\"2026-01-13T08:46:05+00:00\",\"breadcrumb\":{\"@id\":\"https:\\\/\\\/artforart.at\\\/services\\\/verleih-und-miete#breadcrumb\"},\"inLanguage\":\"en-GB\",\"potentialAction\":[{\"@type\":\"ReadAction\",\"target\":[\"https:\\\/\\\/artforart.at\\\/services\\\/verleih-und-miete\"]}]},{\"@type\":\"BreadcrumbList\",\"@id\":\"https:\\\/\\\/artforart.at\\\/services\\\/verleih-und-miete#breadcrumb\",\"itemListElement\":[{\"@type\":\"ListItem\",\"position\":1,\"name\":\"Startseite\",\"item\":\"https:\\\/\\\/artforart.at\\\/\"},{\"@type\":\"ListItem\",\"position\":2,\"name\":\"Services\",\"item\":\"https:\\\/\\\/artforart.at\\\/services\"},{\"@type\":\"ListItem\",\"position\":3,\"name\":\"Verleih und Miete\"}]},{\"@type\":\"WebSite\",\"@id\":\"https:\\\/\\\/artforart.at\\\/#website\",\"url\":\"https:\\\/\\\/artforart.at\\\/\",\"name\":\"ART for ART\",\"description\":\"Traditionelles Theaterhandwerk trifft moderne Technik. ART for ART fertigt Kost\u00fcme, Kulissen und B\u00fchnenausstattung f\u00fcr Opern, Theater und Film \u2013 alles aus einer Hand.\",\"publisher\":{\"@id\":\"https:\\\/\\\/artforart.at\\\/#organization\"},\"alternateName\":\"ART for ART Theaterservice GmbH\",\"potentialAction\":[{\"@type\":\"SearchAction\",\"target\":{\"@type\":\"EntryPoint\",\"urlTemplate\":\"https:\\\/\\\/artforart.at\\\/?s={search_term_string}\"},\"query-input\":{\"@type\":\"PropertyValueSpecification\",\"valueRequired\":true,\"valueName\":\"search_term_string\"}}],\"inLanguage\":\"en-GB\"},{\"@type\":\"Organization\",\"@id\":\"https:\\\/\\\/artforart.at\\\/#organization\",\"name\":\"ART for ART\",\"alternateName\":\"Art4Art, ArtForArt\",\"url\":\"https:\\\/\\\/artforart.at\\\/\",\"logo\":{\"@type\":\"ImageObject\",\"inLanguage\":\"en-GB\",\"@id\":\"https:\\\/\\\/artforart.at\\\/#\\\/schema\\\/logo\\\/image\\\/\",\"url\":\"https:\\\/\\\/artforart.at\\\/wp-content\\\/uploads\\\/2021\\\/11\\\/logo.png\",\"contentUrl\":\"https:\\\/\\\/artforart.at\\\/wp-content\\\/uploads\\\/2021\\\/11\\\/logo.png\",\"width\":322,\"height\":301,\"caption\":\"ART for ART\"},\"image\":{\"@id\":\"https:\\\/\\\/artforart.at\\\/#\\\/schema\\\/logo\\\/image\\\/\"},\"sameAs\":[\"https:\\\/\\\/www.facebook.com\\\/profile.php?id=100066845842584\",\"https:\\\/\\\/www.instagram.com\\\/artforarttheaterservice\\\/\",\"https:\\\/\\\/www.linkedin.com\\\/company\\\/art-for-art-theaterservice-gmbh\\\/\"]}]}<\/script>\n<!-- \/ Yoast SEO plugin. -->","yoast_head_json":{"title":"Rental and hire - ART for ART","description":"Verleih &amp;&nbsp; Mietservice Zu wenig Platz?&nbsp;Wir haben eine L\u00f6sung f\u00fcr Sie! Kulissenlager Gro\u00dfe Opernh\u00e4user und Theater brauchen entsprechenden P","robots":{"index":"index","follow":"follow","max-snippet":"max-snippet:-1","max-image-preview":"max-image-preview:large","max-video-preview":"max-video-preview:-1"},"canonical":"https:\/\/artforart.at\/en\/services\/rental-and-hire\/","og_locale":"en_GB","og_type":"article","og_title":"Verleih und Miete - ART for ART","og_url":"https:\/\/artforart.at\/en\/services\/rental-and-hire\/","og_site_name":"ART for ART","article_publisher":"https:\/\/www.facebook.com\/profile.php?id=100066845842584","article_modified_time":"2026-01-13T08:46:05+00:00","og_image":[{"width":591,"height":591,"url":"https:\/\/artforart.at\/wp-content\/uploads\/2025\/12\/AfA-Logo-grau-mit-WE.png","type":"image\/png"}],"twitter_card":"summary_large_image","schema":{"@context":"https:\/\/schema.org","@graph":[{"@type":"WebPage","@id":"https:\/\/artforart.at\/services\/verleih-und-miete","url":"https:\/\/artforart.at\/services\/verleih-und-miete","name":"Rental and hire - ART for ART","isPartOf":{"@id":"https:\/\/artforart.at\/#website"},"datePublished":"2022-06-10T12:35:14+00:00","dateModified":"2026-01-13T08:46:05+00:00","breadcrumb":{"@id":"https:\/\/artforart.at\/services\/verleih-und-miete#breadcrumb"},"inLanguage":"en-GB","potentialAction":[{"@type":"ReadAction","target":["https:\/\/artforart.at\/services\/verleih-und-miete"]}]},{"@type":"BreadcrumbList","@id":"https:\/\/artforart.at\/services\/verleih-und-miete#breadcrumb","itemListElement":[{"@type":"ListItem","position":1,"name":"Startseite","item":"https:\/\/artforart.at\/"},{"@type":"ListItem","position":2,"name":"Services","item":"https:\/\/artforart.at\/services"},{"@type":"ListItem","position":3,"name":"Verleih und Miete"}]},{"@type":"WebSite","@id":"https:\/\/artforart.at\/#website","url":"https:\/\/artforart.at\/","name":"ART for ART","description":"Traditional theatre craftsmanship meets modern technology. ART for ART manufactures costumes, backdrops and stage sets for opera, theatre and film - all from a single source.","publisher":{"@id":"https:\/\/artforart.at\/#organization"},"alternateName":"ART for ART Theaterservice GmbH","potentialAction":[{"@type":"SearchAction","target":{"@type":"EntryPoint","urlTemplate":"https:\/\/artforart.at\/?s={search_term_string}"},"query-input":{"@type":"PropertyValueSpecification","valueRequired":true,"valueName":"search_term_string"}}],"inLanguage":"en-GB"},{"@type":"Organization","@id":"https:\/\/artforart.at\/#organization","name":"ART for ART","alternateName":"Art4Art, ArtForArt","url":"https:\/\/artforart.at\/","logo":{"@type":"ImageObject","inLanguage":"en-GB","@id":"https:\/\/artforart.at\/#\/schema\/logo\/image\/","url":"https:\/\/artforart.at\/wp-content\/uploads\/2021\/11\/logo.png","contentUrl":"https:\/\/artforart.at\/wp-content\/uploads\/2021\/11\/logo.png","width":322,"height":301,"caption":"ART for ART"},"image":{"@id":"https:\/\/artforart.at\/#\/schema\/logo\/image\/"},"sameAs":["https:\/\/www.facebook.com\/profile.php?id=100066845842584","https:\/\/www.instagram.com\/artforarttheaterservice\/","https:\/\/www.linkedin.com\/company\/art-for-art-theaterservice-gmbh\/"]}]}},"_links":{"self":[{"href":"https:\/\/artforart.at\/en\/wp-json\/wp\/v2\/pages\/2000","targetHints":{"allow":["GET"]}}],"collection":[{"href":"https:\/\/artforart.at\/en\/wp-json\/wp\/v2\/pages"}],"about":[{"href":"https:\/\/artforart.at\/en\/wp-json\/wp\/v2\/types\/page"}],"author":[{"embeddable":true,"href":"https:\/\/artforart.at\/en\/wp-json\/wp\/v2\/users\/2"}],"replies":[{"embeddable":true,"href":"https:\/\/artforart.at\/en\/wp-json\/wp\/v2\/comments?post=2000"}],"version-history":[{"count":0,"href":"https:\/\/artforart.at\/en\/wp-json\/wp\/v2\/pages\/2000\/revisions"}],"up":[{"embeddable":true,"href":"https:\/\/artforart.at\/en\/wp-json\/wp\/v2\/pages\/26"}],"wp:attachment":[{"href":"https:\/\/artforart.at\/en\/wp-json\/wp\/v2\/media?parent=2000"}],"curies":[{"name":"wp","href":"https:\/\/api.w.org\/{rel}","templated":true}]}}