{"id":1991,"date":"2022-06-10T12:00:27","date_gmt":"2022-06-10T12:00:27","guid":{"rendered":"https:\/\/artforart.at\/?page_id=1991"},"modified":"2026-01-22T08:06:11","modified_gmt":"2026-01-22T08:06:11","slug":"costume-hire","status":"publish","type":"page","link":"https:\/\/artforart.at\/en\/services\/verleih-und-miete\/kostuemverleih","title":{"rendered":"Costume rental"},"content":{"rendered":"<section id=\"section-10-4465\" class=\"ct-section hero-section p-0\"><div class=\"ct-section-inner-wrap\"><div id=\"div_block-11-4465\" class=\"ct-div-block w-100 grid-center-vertical grid-2-main grid-gap-lg\"><div id=\"div_block-12-4465\" class=\"ct-div-block pos-relative hero-section__left\"><img width=\"1024\" height=\"768\" data-src=\"https:\/\/artforart.at\/wp-content\/uploads\/2022\/04\/IMG_9794-1024x768.jpeg\" class=\"ct-image hero-image--top-left w-100 lazyload\" alt=\"Three colourful, eye-catching costumes, one red with large circles, one with round stripes and one black and white with glitter, stand on clothes racks.\" decoding=\"async\" data-srcset=\"https:\/\/artforart.at\/wp-content\/uploads\/2022\/04\/IMG_9794-1024x768.jpeg 1024w, https:\/\/artforart.at\/wp-content\/uploads\/2022\/04\/IMG_9794-500x375.jpeg 500w, https:\/\/artforart.at\/wp-content\/uploads\/2022\/04\/IMG_9794-768x576.jpeg 768w, https:\/\/artforart.at\/wp-content\/uploads\/2022\/04\/IMG_9794-1536x1152.jpeg 1536w, https:\/\/artforart.at\/wp-content\/uploads\/2022\/04\/IMG_9794.jpeg 2048w\" data-sizes=\"auto, (max-width: 1024px) 100vw, 1024px\" src=\"data:image\/svg+xml;base64,PHN2ZyB3aWR0aD0iMSIgaGVpZ2h0PSIxIiB4bWxucz0iaHR0cDovL3d3dy53My5vcmcvMjAwMC9zdmciPjwvc3ZnPg==\" style=\"--smush-placeholder-width: 1024px; --smush-placeholder-aspect-ratio: 1024\/768;\"><div id=\"div_block-14-4465\" class=\"ct-div-block pos-absolute pos-absolute--bottom-right\"><img width=\"102\" height=\"102\" data-src=\"https:\/\/artforart.at\/wp-content\/uploads\/2021\/12\/wiener-exzellenz.png\" class=\"ct-image css-anim-rotate lazyload\" alt=\"Viennese Excellence Logo\" decoding=\"async\" src=\"data:image\/svg+xml;base64,PHN2ZyB3aWR0aD0iMSIgaGVpZ2h0PSIxIiB4bWxucz0iaHR0cDovL3d3dy53My5vcmcvMjAwMC9zdmciPjwvc3ZnPg==\" style=\"--smush-placeholder-width: 102px; --smush-placeholder-aspect-ratio: 102\/102;\"><\/div><\/div><div id=\"div_block-16-4465\" class=\"ct-div-block break-with-hyphen hero-section__right\"><h1 id=\"div_block-17-4465\" class=\"ct-div-block hero-text-block--home gap-sm\"><div id=\"headline-18-4465\" class=\"ct-headline h1\">Stage history up close<\/div><div id=\"text_block-19-4465\" class=\"ct-text-block h2\">COSTUME RENTAL<\/div><\/h1><\/div><\/div><\/div><\/section>\n\n<section id=\"section-24-4465\" class=\"ct-section\"><div class=\"ct-section-inner-wrap\"><div id=\"div_block-25-4465\" class=\"ct-div-block w-100 pl-auto\"><div id=\"div_block-26-4465\" class=\"ct-div-block grid-2-main grid-align-bottom\"><div id=\"div_block-27-4465\" class=\"ct-div-block pd-5 gap-md\"><h2 id=\"headline-28-4465\" class=\"ct-headline h3\">Fundus<\/h2><div id=\"text_block-29-4465\" class=\"ct-text-block\"><div><br><\/div><div>Our costume collection is one of the largest and most important theatre collections in Europe. Costume designers and outfitters of large theatres, small theatres, clubs, film, television and festivals will find a wide range of items here: futuristic, historical, military, curious, everyday, royal and profane. Each of our costumes and accessories has already had an exciting life on one of the stages of the Austrian Federal Theatres and has been made to measure with great attention to detail and often in elaborate handwork in our costume workshops in the 1st district.\u00a0<\/div><div><br><\/div><\/div><div><br><\/div><\/div><img width=\"768\" height=\"1024\" data-src=\"https:\/\/artforart.at\/wp-content\/uploads\/2022\/04\/IMG_9642-768x1024.jpeg\" class=\"ct-image lazyload\" alt=\"An elaborate, historic blue dress with silver embellishments and a long train on a dressmaker&#039;s dummy.\" decoding=\"async\" data-srcset=\"https:\/\/artforart.at\/wp-content\/uploads\/2022\/04\/IMG_9642-768x1024.jpeg 768w, https:\/\/artforart.at\/wp-content\/uploads\/2022\/04\/IMG_9642-375x500.jpeg 375w, https:\/\/artforart.at\/wp-content\/uploads\/2022\/04\/IMG_9642-1152x1536.jpeg 1152w, https:\/\/artforart.at\/wp-content\/uploads\/2022\/04\/IMG_9642.jpeg 1536w\" data-sizes=\"auto, (max-width: 768px) 100vw, 768px\" src=\"data:image\/svg+xml;base64,PHN2ZyB3aWR0aD0iMSIgaGVpZ2h0PSIxIiB4bWxucz0iaHR0cDovL3d3dy53My5vcmcvMjAwMC9zdmciPjwvc3ZnPg==\" style=\"--smush-placeholder-width: 768px; --smush-placeholder-aspect-ratio: 768\/1024;\"><\/div><\/div><\/div><\/section>\n\n<section id=\"section-521-2\" class=\"ct-section bg-70-percent-gray mb-percent\"><div class=\"ct-section-inner-wrap\"><div id=\"div_block-522-2\" class=\"ct-div-block w-50 center pl-auto\"><h2 id=\"div_block-523-2\" class=\"ct-div-block headline-combined\"><div id=\"text_block-524-2\" class=\"ct-text-block faubourg h2\">OPENING<\/div><div id=\"text_block-525-2\" class=\"ct-text-block h2\">TIMES<\/div><\/h2><\/div><div id=\"div_block-526-2\" class=\"ct-div-block grid-2 w-100 pd-y-5 grid-gap-0 grid-2-main\"><div id=\"div_block-527-2\" class=\"ct-div-block\"><div id=\"div_block-539-2\" class=\"ct-div-block pl-auto\"><div id=\"div_block-528-2\" class=\"ct-div-block gap-md pd-5 pl-md pr-md\"><div id=\"_rich_text-531-2\" class=\"oxy-rich-text subheading\"><p>MO to FR 8:00 am to 4:00 pm<\/p>\n<p>Please visit us only after making an appointment by telephone or in writing at: <br>T +43 1 51444-7290<\/p>\n<p>ART for ART costume shop<br>Montleartstrasse 8<br>1140 Vienna<\/p><\/div><a id=\"link_text-532-2\" class=\"ct-link-text underlined link-button text-20\" href=\"\/en\/about-us\/team\/#kontakt\" target=\"_self\">Write to us!<\/a><\/div><\/div><\/div><div id=\"div_block-530-2\" class=\"ct-div-block gap-md pos-relative pl-md\"><img width=\"1536\" height=\"1152\" data-src=\"https:\/\/artforart.at\/wp-content\/uploads\/2022\/04\/IMG_9794-1536x1152.jpeg\" class=\"ct-image pos-absolute pos-relative-md lazyload\" alt=\"A row of elegant dresses in various pastel colours hangs neatly on hangers in a wardrobe.\" decoding=\"async\" data-srcset=\"https:\/\/artforart.at\/wp-content\/uploads\/2022\/04\/IMG_9794-1536x1152.jpeg 1536w, https:\/\/artforart.at\/wp-content\/uploads\/2022\/04\/IMG_9794-500x375.jpeg 500w, https:\/\/artforart.at\/wp-content\/uploads\/2022\/04\/IMG_9794-1024x768.jpeg 1024w, https:\/\/artforart.at\/wp-content\/uploads\/2022\/04\/IMG_9794-768x576.jpeg 768w, https:\/\/artforart.at\/wp-content\/uploads\/2022\/04\/IMG_9794.jpeg 2048w\" data-sizes=\"auto, (max-width: 1536px) 100vw, 1536px\" src=\"data:image\/svg+xml;base64,PHN2ZyB3aWR0aD0iMSIgaGVpZ2h0PSIxIiB4bWxucz0iaHR0cDovL3d3dy53My5vcmcvMjAwMC9zdmciPjwvc3ZnPg==\" style=\"--smush-placeholder-width: 1536px; --smush-placeholder-aspect-ratio: 1536\/1152;\"><\/div><\/div><\/div><\/section>\n\n<section id=\"section-561-4465\" class=\"ct-section center\"><div class=\"ct-section-inner-wrap\"><h1 id=\"headline-564-4465\" class=\"ct-headline h2 break-with-hyphen mb-40\">More info\n<\/h1><div id=\"div_block-565-4465\" class=\"ct-div-block w-970 grid-2\"><div id=\"div_block-566-4465\" class=\"ct-div-block\"><div id=\"_rich_text-572-4465\" class=\"oxy-rich-text w-100 bodycopy\"><p><strong>General information:<br><\/strong><\/p>\n<p>We ask for your understanding that we will no longer be able to serve private customers from March 2026. Our flea market will remain open for you.\u00a0<\/p>\n<p>Please note that dogs are not allowed in our costume museum.\u00a0<\/p>\n<p>Attention short-stay car park!<\/p>\n<p><strong>Public access:<\/strong><\/p>\n<p>U3 station Kendlergasse<br>Exit Steinbruchstrasse<br>Footpath 8 min.<\/p><\/div><\/div><div id=\"div_block-569-4465\" class=\"ct-div-block\"><div id=\"_rich_text-573-4465\" class=\"oxy-rich-text w-100 bodycopy\"><p><strong>Prices:<\/strong><\/p>\n<p>The rental fees for our costumes and accessories are based on the production costs. The maximum loan period is 3 months, cleaning is included in the price.<\/p>\n<p><strong>Please note:<\/strong><\/p>\n<p>Our costumes were made for use in the theatre. Many of them are based on historical models, but do not claim to be completely historically accurate.<\/p><\/div><\/div><\/div><\/div><\/section>\n\n<section id=\"section-88-4465\" class=\"ct-section\"><div class=\"ct-section-inner-wrap\"><div id=\"div_block-89-4465\" class=\"ct-div-block\"><h2 id=\"text_block-90-4465\" class=\"ct-text-block h2\">YOU are a set designer or costume designer and would like to LIKE A COSTUME?\n<\/h2><div id=\"text_block-91-4465\" class=\"ct-text-block subheading\">Give us a call and make an appointment!\n<br><\/div><\/div><img width=\"1024\" height=\"683\" data-src=\"https:\/\/artforart.at\/wp-content\/uploads\/2022\/07\/art4art-Sonja-Hirmann-6022-1024x683.jpg\" class=\"ct-image lazyload\" alt='A woman in a blue dress stands in a costume shop with a row of theatre costumes and a box labelled &quot;Volksoper&quot;.' decoding=\"async\" data-srcset=\"https:\/\/artforart.at\/wp-content\/uploads\/2022\/07\/art4art-Sonja-Hirmann-6022-1024x683.jpg 1024w, https:\/\/artforart.at\/wp-content\/uploads\/2022\/07\/art4art-Sonja-Hirmann-6022-500x333.jpg 500w, https:\/\/artforart.at\/wp-content\/uploads\/2022\/07\/art4art-Sonja-Hirmann-6022-768x512.jpg 768w, https:\/\/artforart.at\/wp-content\/uploads\/2022\/07\/art4art-Sonja-Hirmann-6022-1536x1024.jpg 1536w, https:\/\/artforart.at\/wp-content\/uploads\/2022\/07\/art4art-Sonja-Hirmann-6022-2048x1365.jpg 2048w, https:\/\/artforart.at\/wp-content\/uploads\/2022\/07\/art4art-Sonja-Hirmann-6022-scaled.jpg 2560w\" data-sizes=\"auto, (max-width: 1024px) 100vw, 1024px\" src=\"data:image\/svg+xml;base64,PHN2ZyB3aWR0aD0iMSIgaGVpZ2h0PSIxIiB4bWxucz0iaHR0cDovL3d3dy53My5vcmcvMjAwMC9zdmciPjwvc3ZnPg==\" style=\"--smush-placeholder-width: 1024px; --smush-placeholder-aspect-ratio: 1024\/683;\"><div id=\"div_block-93-4465\" class=\"ct-div-block bg-red\"><div id=\"div_block-94-4465\" class=\"ct-div-block\"><\/div><div id=\"text_block-95-4465\" class=\"ct-text-block link line_before mb-20\">COSTUME FUND<\/div><div id=\"text_block-96-4465\" class=\"ct-text-block subheading mb-20\">Sonja Hirmann\u00a0<\/div><div id=\"text_block-98-4465\" class=\"ct-text-block bodycopy mb-8\">ART for ART Theaterservice GmbH <br>Montleartstrasse 8\u00a0<div>1140 Vienna\u00a0<\/div><div>T +43 1 51444-7290<\/div><\/div><a id=\"link_text-99-4465\" class=\"ct-link-text link-button underlined\" href=\"\/en\/about-us\/team\/#kontakt\">write to us<\/a><\/div><\/div><\/section>","protected":false},"excerpt":{"rendered":"","protected":false},"author":2,"featured_media":0,"parent":2000,"menu_order":0,"comment_status":"closed","ping_status":"closed","template":"","meta":{"_acf_changed":false,"inline_featured_image":false,"footnotes":""},"class_list":["post-1991","page","type-page","status-publish","hentry"],"acf":[],"yoast_head":"<!-- This site is optimized with the Yoast SEO plugin v27.4 - https:\/\/yoast.com\/product\/yoast-seo-wordpress\/ -->\n<title>Kost\u00fcmverleih - ART for ART<\/title>\n<meta name=\"description\" content=\"B\u00fchnengeschichte hautnah KOST\u00dcMVERLEIH Fundus Unser Kost\u00fcmfundus geh\u00f6rt zu den gr\u00f6\u00dften und bedeutendsten Theaterfundi Europas. Kost\u00fcmbildner:innen und Au\" \/>\n<meta name=\"robots\" content=\"index, follow, max-snippet:-1, max-image-preview:large, max-video-preview:-1\" \/>\n<link rel=\"canonical\" href=\"https:\/\/artforart.at\/en\/services\/rental-and-hire\/costume-hire\/\" \/>\n<meta property=\"og:locale\" content=\"en_GB\" \/>\n<meta property=\"og:type\" content=\"article\" \/>\n<meta property=\"og:title\" content=\"Kost\u00fcmverleih - ART for ART\" \/>\n<meta property=\"og:url\" content=\"https:\/\/artforart.at\/en\/services\/rental-and-hire\/costume-hire\/\" \/>\n<meta property=\"og:site_name\" content=\"ART for ART\" \/>\n<meta property=\"article:publisher\" content=\"https:\/\/www.facebook.com\/profile.php?id=100066845842584\" \/>\n<meta property=\"article:modified_time\" content=\"2026-01-22T08:06:11+00:00\" \/>\n<meta property=\"og:image\" content=\"https:\/\/artforart.at\/wp-content\/uploads\/2025\/12\/AfA-Logo-grau-mit-WE.png\" \/>\n\t<meta property=\"og:image:width\" content=\"591\" \/>\n\t<meta property=\"og:image:height\" content=\"591\" \/>\n\t<meta property=\"og:image:type\" content=\"image\/png\" \/>\n<meta name=\"twitter:card\" content=\"summary_large_image\" \/>\n<script type=\"application\/ld+json\" class=\"yoast-schema-graph\">{\"@context\":\"https:\\\/\\\/schema.org\",\"@graph\":[{\"@type\":\"WebPage\",\"@id\":\"https:\\\/\\\/artforart.at\\\/services\\\/verleih-und-miete\\\/kostuemverleih\",\"url\":\"https:\\\/\\\/artforart.at\\\/services\\\/verleih-und-miete\\\/kostuemverleih\",\"name\":\"Kost\u00fcmverleih - ART for ART\",\"isPartOf\":{\"@id\":\"https:\\\/\\\/artforart.at\\\/#website\"},\"datePublished\":\"2022-06-10T12:00:27+00:00\",\"dateModified\":\"2026-01-22T08:06:11+00:00\",\"breadcrumb\":{\"@id\":\"https:\\\/\\\/artforart.at\\\/services\\\/verleih-und-miete\\\/kostuemverleih#breadcrumb\"},\"inLanguage\":\"en-GB\",\"potentialAction\":[{\"@type\":\"ReadAction\",\"target\":[\"https:\\\/\\\/artforart.at\\\/services\\\/verleih-und-miete\\\/kostuemverleih\"]}]},{\"@type\":\"BreadcrumbList\",\"@id\":\"https:\\\/\\\/artforart.at\\\/services\\\/verleih-und-miete\\\/kostuemverleih#breadcrumb\",\"itemListElement\":[{\"@type\":\"ListItem\",\"position\":1,\"name\":\"Startseite\",\"item\":\"https:\\\/\\\/artforart.at\\\/\"},{\"@type\":\"ListItem\",\"position\":2,\"name\":\"Services\",\"item\":\"https:\\\/\\\/artforart.at\\\/services\"},{\"@type\":\"ListItem\",\"position\":3,\"name\":\"Verleih und Miete\",\"item\":\"https:\\\/\\\/artforart.at\\\/services\\\/verleih-und-miete\"},{\"@type\":\"ListItem\",\"position\":4,\"name\":\"Kost\u00fcmverleih\"}]},{\"@type\":\"WebSite\",\"@id\":\"https:\\\/\\\/artforart.at\\\/#website\",\"url\":\"https:\\\/\\\/artforart.at\\\/\",\"name\":\"ART for ART\",\"description\":\"Traditionelles Theaterhandwerk trifft moderne Technik. ART for ART fertigt Kost\u00fcme, Kulissen und B\u00fchnenausstattung f\u00fcr Opern, Theater und Film \u2013 alles aus einer Hand.\",\"publisher\":{\"@id\":\"https:\\\/\\\/artforart.at\\\/#organization\"},\"alternateName\":\"ART for ART Theaterservice GmbH\",\"potentialAction\":[{\"@type\":\"SearchAction\",\"target\":{\"@type\":\"EntryPoint\",\"urlTemplate\":\"https:\\\/\\\/artforart.at\\\/?s={search_term_string}\"},\"query-input\":{\"@type\":\"PropertyValueSpecification\",\"valueRequired\":true,\"valueName\":\"search_term_string\"}}],\"inLanguage\":\"en-GB\"},{\"@type\":\"Organization\",\"@id\":\"https:\\\/\\\/artforart.at\\\/#organization\",\"name\":\"ART for ART\",\"alternateName\":\"Art4Art, ArtForArt\",\"url\":\"https:\\\/\\\/artforart.at\\\/\",\"logo\":{\"@type\":\"ImageObject\",\"inLanguage\":\"en-GB\",\"@id\":\"https:\\\/\\\/artforart.at\\\/#\\\/schema\\\/logo\\\/image\\\/\",\"url\":\"https:\\\/\\\/artforart.at\\\/wp-content\\\/uploads\\\/2021\\\/11\\\/logo.png\",\"contentUrl\":\"https:\\\/\\\/artforart.at\\\/wp-content\\\/uploads\\\/2021\\\/11\\\/logo.png\",\"width\":322,\"height\":301,\"caption\":\"ART for ART\"},\"image\":{\"@id\":\"https:\\\/\\\/artforart.at\\\/#\\\/schema\\\/logo\\\/image\\\/\"},\"sameAs\":[\"https:\\\/\\\/www.facebook.com\\\/profile.php?id=100066845842584\",\"https:\\\/\\\/www.instagram.com\\\/artforarttheaterservice\\\/\",\"https:\\\/\\\/www.linkedin.com\\\/company\\\/art-for-art-theaterservice-gmbh\\\/\"]}]}<\/script>\n<!-- \/ Yoast SEO plugin. -->","yoast_head_json":{"title":"Costume hire - ART for ART","description":"Stage history up close COSTUME RENTAL Our costume collection is one of the largest and most important theatre collections in Europe. Costume designers and","robots":{"index":"index","follow":"follow","max-snippet":"max-snippet:-1","max-image-preview":"max-image-preview:large","max-video-preview":"max-video-preview:-1"},"canonical":"https:\/\/artforart.at\/en\/services\/rental-and-hire\/costume-hire\/","og_locale":"en_GB","og_type":"article","og_title":"Kost\u00fcmverleih - ART for ART","og_url":"https:\/\/artforart.at\/en\/services\/rental-and-hire\/costume-hire\/","og_site_name":"ART for ART","article_publisher":"https:\/\/www.facebook.com\/profile.php?id=100066845842584","article_modified_time":"2026-01-22T08:06:11+00:00","og_image":[{"width":591,"height":591,"url":"https:\/\/artforart.at\/wp-content\/uploads\/2025\/12\/AfA-Logo-grau-mit-WE.png","type":"image\/png"}],"twitter_card":"summary_large_image","schema":{"@context":"https:\/\/schema.org","@graph":[{"@type":"WebPage","@id":"https:\/\/artforart.at\/services\/verleih-und-miete\/kostuemverleih","url":"https:\/\/artforart.at\/services\/verleih-und-miete\/kostuemverleih","name":"Costume hire - ART for ART","isPartOf":{"@id":"https:\/\/artforart.at\/#website"},"datePublished":"2022-06-10T12:00:27+00:00","dateModified":"2026-01-22T08:06:11+00:00","breadcrumb":{"@id":"https:\/\/artforart.at\/services\/verleih-und-miete\/kostuemverleih#breadcrumb"},"inLanguage":"en-GB","potentialAction":[{"@type":"ReadAction","target":["https:\/\/artforart.at\/services\/verleih-und-miete\/kostuemverleih"]}]},{"@type":"BreadcrumbList","@id":"https:\/\/artforart.at\/services\/verleih-und-miete\/kostuemverleih#breadcrumb","itemListElement":[{"@type":"ListItem","position":1,"name":"Startseite","item":"https:\/\/artforart.at\/"},{"@type":"ListItem","position":2,"name":"Services","item":"https:\/\/artforart.at\/services"},{"@type":"ListItem","position":3,"name":"Verleih und Miete","item":"https:\/\/artforart.at\/services\/verleih-und-miete"},{"@type":"ListItem","position":4,"name":"Kost\u00fcmverleih"}]},{"@type":"WebSite","@id":"https:\/\/artforart.at\/#website","url":"https:\/\/artforart.at\/","name":"ART for ART","description":"Traditional theatre craftsmanship meets modern technology. ART for ART manufactures costumes, backdrops and stage sets for opera, theatre and film - all from a single source.","publisher":{"@id":"https:\/\/artforart.at\/#organization"},"alternateName":"ART for ART Theaterservice GmbH","potentialAction":[{"@type":"SearchAction","target":{"@type":"EntryPoint","urlTemplate":"https:\/\/artforart.at\/?s={search_term_string}"},"query-input":{"@type":"PropertyValueSpecification","valueRequired":true,"valueName":"search_term_string"}}],"inLanguage":"en-GB"},{"@type":"Organization","@id":"https:\/\/artforart.at\/#organization","name":"ART for ART","alternateName":"Art4Art, ArtForArt","url":"https:\/\/artforart.at\/","logo":{"@type":"ImageObject","inLanguage":"en-GB","@id":"https:\/\/artforart.at\/#\/schema\/logo\/image\/","url":"https:\/\/artforart.at\/wp-content\/uploads\/2021\/11\/logo.png","contentUrl":"https:\/\/artforart.at\/wp-content\/uploads\/2021\/11\/logo.png","width":322,"height":301,"caption":"ART for ART"},"image":{"@id":"https:\/\/artforart.at\/#\/schema\/logo\/image\/"},"sameAs":["https:\/\/www.facebook.com\/profile.php?id=100066845842584","https:\/\/www.instagram.com\/artforarttheaterservice\/","https:\/\/www.linkedin.com\/company\/art-for-art-theaterservice-gmbh\/"]}]}},"_links":{"self":[{"href":"https:\/\/artforart.at\/en\/wp-json\/wp\/v2\/pages\/1991","targetHints":{"allow":["GET"]}}],"collection":[{"href":"https:\/\/artforart.at\/en\/wp-json\/wp\/v2\/pages"}],"about":[{"href":"https:\/\/artforart.at\/en\/wp-json\/wp\/v2\/types\/page"}],"author":[{"embeddable":true,"href":"https:\/\/artforart.at\/en\/wp-json\/wp\/v2\/users\/2"}],"replies":[{"embeddable":true,"href":"https:\/\/artforart.at\/en\/wp-json\/wp\/v2\/comments?post=1991"}],"version-history":[{"count":0,"href":"https:\/\/artforart.at\/en\/wp-json\/wp\/v2\/pages\/1991\/revisions"}],"up":[{"embeddable":true,"href":"https:\/\/artforart.at\/en\/wp-json\/wp\/v2\/pages\/2000"}],"wp:attachment":[{"href":"https:\/\/artforart.at\/en\/wp-json\/wp\/v2\/media?parent=1991"}],"curies":[{"name":"wp","href":"https:\/\/api.w.org\/{rel}","templated":true}]}}