{"id":1896,"date":"2022-06-01T07:29:17","date_gmt":"2022-06-01T07:29:17","guid":{"rendered":"https:\/\/artforart.at\/?page_id=1896"},"modified":"2025-11-14T15:52:10","modified_gmt":"2025-11-14T15:52:10","slug":"card-sales-information","status":"publish","type":"page","link":"https:\/\/artforart.at\/en\/services\/kartenvertrieb-information","title":{"rendered":"Ticket sales &amp; information"},"content":{"rendered":"<section id=\"section-11-4467\" class=\"ct-section hero-section p-0\"><div class=\"ct-section-inner-wrap\"><div id=\"div_block-12-4467\" class=\"ct-div-block w-100 grid-center-vertical grid-2-main grid-gap-lg\"><div id=\"div_block-13-4467\" class=\"ct-div-block pos-relative hero-section__left\"><img width=\"1152\" height=\"1536\" data-src=\"https:\/\/artforart.at\/wp-content\/uploads\/2022\/04\/IMG_9842-1152x1536.jpeg\" class=\"ct-image hero-image--top-left w-100 lazyload\" alt=\"Several people work at desks with golden lamps in an elegant hall with high ceilings and pillars.\" decoding=\"async\" data-srcset=\"https:\/\/artforart.at\/wp-content\/uploads\/2022\/04\/IMG_9842-1152x1536.jpeg 1152w, https:\/\/artforart.at\/wp-content\/uploads\/2022\/04\/IMG_9842-375x500.jpeg 375w, https:\/\/artforart.at\/wp-content\/uploads\/2022\/04\/IMG_9842-768x1024.jpeg 768w, https:\/\/artforart.at\/wp-content\/uploads\/2022\/04\/IMG_9842.jpeg 1536w\" data-sizes=\"auto, (max-width: 1152px) 100vw, 1152px\" src=\"data:image\/svg+xml;base64,PHN2ZyB3aWR0aD0iMSIgaGVpZ2h0PSIxIiB4bWxucz0iaHR0cDovL3d3dy53My5vcmcvMjAwMC9zdmciPjwvc3ZnPg==\" style=\"--smush-placeholder-width: 1152px; --smush-placeholder-aspect-ratio: 1152\/1536;\"><\/div><div id=\"div_block-17-4467\" class=\"ct-div-block break-with-hyphen hero-section__right\"><h1 id=\"div_block-18-4467\" class=\"ct-div-block hero-text-block--home gap-sm\"><div id=\"headline-19-4467\" class=\"ct-headline h1\">Card distribution\u00a0<\/div><div id=\"text_block-20-4467\" class=\"ct-text-block h2\">&amp; INFORMATION\n<\/div><\/h1><\/div><\/div><\/div><\/section>\n\n<section id=\"section-21-4465\" class=\"ct-section center text-center\"><div class=\"ct-section-inner-wrap\"><div id=\"text_block-22-4465\" class=\"ct-text-block subheading bold\">We write service in capital letters!\u00a0<\/div><\/div><\/section>\n\n<section id=\"section-24-4465\" class=\"ct-section\"><div class=\"ct-section-inner-wrap\"><div id=\"div_block-25-4465\" class=\"ct-div-block w-100 pl-auto\"><div id=\"div_block-26-4465\" class=\"ct-div-block grid-2-main grid-align-bottom\"><div id=\"div_block-27-4465\" class=\"ct-div-block pd-5 gap-md\"><h2 id=\"headline-28-4465\" class=\"ct-headline h3\">Opera foyer\u00a0<\/h2><div id=\"text_block-29-4465\" class=\"ct-text-block\">The central box offices of the Austrian federal theatres are located in the opera foyer. Here you can buy tickets for all stages of the federal theatres:\nBurgtheater, Akademietheater, Kasino am Schwarzenbergplatz, Vestib\u00fcl, Volksoper Wien, Vienna State Opera and NEST.\u00a0<div><br><\/div><div>ART for ART is an important link between the audience and the theatres.\nWe operate information desks where you can obtain information on all performances, performers, seat descriptions and all ticket purchase options.<\/div><\/div><div><br><\/div><\/div><img width=\"768\" height=\"1024\" data-src=\"https:\/\/artforart.at\/wp-content\/uploads\/2022\/06\/IMG_9850-768x1024.jpg\" class=\"ct-image lazyload\" alt=\"Large brown sign in front of a historic building with the inscription \u201eOPERN FOYER\u201c, indicating tickets, shop and caf\u00e9.\" decoding=\"async\" data-srcset=\"https:\/\/artforart.at\/wp-content\/uploads\/2022\/06\/IMG_9850-768x1024.jpg 768w, https:\/\/artforart.at\/wp-content\/uploads\/2022\/06\/IMG_9850-375x500.jpg 375w, https:\/\/artforart.at\/wp-content\/uploads\/2022\/06\/IMG_9850-1152x1536.jpg 1152w, https:\/\/artforart.at\/wp-content\/uploads\/2022\/06\/IMG_9850.jpg 1536w\" data-sizes=\"auto, (max-width: 768px) 100vw, 768px\" src=\"data:image\/svg+xml;base64,PHN2ZyB3aWR0aD0iMSIgaGVpZ2h0PSIxIiB4bWxucz0iaHR0cDovL3d3dy53My5vcmcvMjAwMC9zdmciPjwvc3ZnPg==\" style=\"--smush-placeholder-width: 768px; --smush-placeholder-aspect-ratio: 768\/1024;\"><\/div><\/div><\/div><\/section>\n\n<section id=\"section-350-4465\" class=\"ct-section\"><div class=\"ct-section-inner-wrap\"><div id=\"div_block-352-4465\" class=\"ct-div-block grid-40-60\"><div id=\"div_block-363-4465\" class=\"ct-div-block\"><img width=\"768\" height=\"1024\" data-src=\"https:\/\/artforart.at\/wp-content\/uploads\/2022\/04\/IMG_9842-768x1024.jpeg\" class=\"ct-image lazyload\" alt=\"Several people work at desks with golden lamps in an elegant hall with high ceilings and pillars.\" decoding=\"async\" data-srcset=\"https:\/\/artforart.at\/wp-content\/uploads\/2022\/04\/IMG_9842-768x1024.jpeg 768w, https:\/\/artforart.at\/wp-content\/uploads\/2022\/04\/IMG_9842-375x500.jpeg 375w, https:\/\/artforart.at\/wp-content\/uploads\/2022\/04\/IMG_9842-1152x1536.jpeg 1152w, https:\/\/artforart.at\/wp-content\/uploads\/2022\/04\/IMG_9842.jpeg 1536w\" data-sizes=\"auto, (max-width: 768px) 100vw, 768px\" src=\"data:image\/svg+xml;base64,PHN2ZyB3aWR0aD0iMSIgaGVpZ2h0PSIxIiB4bWxucz0iaHR0cDovL3d3dy53My5vcmcvMjAwMC9zdmciPjwvc3ZnPg==\" style=\"--smush-placeholder-width: 768px; --smush-placeholder-aspect-ratio: 768\/1024;\"><\/div><div id=\"div_block-353-4465\" class=\"ct-div-block pd-5 gap-md pt-40\"><h2 id=\"headline-354-4465\" class=\"ct-headline h3\">Box offices<\/h2><div id=\"text_block-355-4465\" class=\"ct-text-block bodycopy w-700\">Federal theatre box office in the opera foyer of the Vienna State Opera\n<br>Mon. - Sat. from 10:00 - 18:00\n<br>Sun. and public holidays from 10:00 - 13:00\n<br>Opernring 2 \/ Herbert-von-Karajan-Platz, 1010 Vienna\u00a0<div><br><\/div><div>Box office at the Burgtheater\n<br>Mon. - Fri. from 10:00 - 18:00\n<br>Sat., Sun. and public holidays from 10:00 - 13:00\u00a0<\/div><div><br><\/div><div>Box office Volksoper Vienna\n<br>Mon. - Fri. from 10:00 - 18:00\n<br>Sat., Sun. and public holidays from 10:00 - 13:00\n<br>W\u00e4hringer Stra\u00dfe 78, 1090 Vienna<\/div><\/div><div><br><\/div><\/div><\/div><\/div><\/section>\n\n<section id=\"section-24-4465\" class=\"ct-section\"><div class=\"ct-section-inner-wrap\"><div id=\"div_block-25-4465\" class=\"ct-div-block w-100 pl-auto\"><div id=\"div_block-26-4465\" class=\"ct-div-block grid-2-main grid-align-bottom\"><div id=\"div_block-27-4465\" class=\"ct-div-block pd-5 gap-md\"><h2 id=\"headline-28-4465\" class=\"ct-headline h3\">Infopoint &amp; point of sale management\n<\/h2><div id=\"text_block-29-4465\" class=\"ct-text-block\"><div>ART for ART looks after the central federal theatre box offices in the opera foyer and takes care of all ticket sales processes in the background for the companies of the Austrian Federal Theatres.<\/div><div>\u00a0<\/div>Information in the opera foyer of the Vienna State Opera\n<br>Mon. - Sat. from 10:00 - 18:00\n<br><br>Opernring 2 \/ Herbert-von-Karajan-Platz, <br>1010 Vienna\u00a0<div>T +43 1 51444\/ 7880<\/div><\/div><a id=\"link_text-9-4470\" class=\"ct-link-text underlined link-button text-20\" href=\"\/en\/about-us\/team\/#kontakt\">write to us<\/a><\/div><img width=\"768\" height=\"1024\" data-src=\"https:\/\/artforart.at\/wp-content\/uploads\/2022\/04\/IMG_9842-768x1024.jpeg\" class=\"ct-image lazyload\" alt=\"Several people work at desks with golden lamps in an elegant hall with high ceilings and pillars.\" decoding=\"async\" data-srcset=\"https:\/\/artforart.at\/wp-content\/uploads\/2022\/04\/IMG_9842-768x1024.jpeg 768w, https:\/\/artforart.at\/wp-content\/uploads\/2022\/04\/IMG_9842-375x500.jpeg 375w, https:\/\/artforart.at\/wp-content\/uploads\/2022\/04\/IMG_9842-1152x1536.jpeg 1152w, https:\/\/artforart.at\/wp-content\/uploads\/2022\/04\/IMG_9842.jpeg 1536w\" data-sizes=\"auto, (max-width: 768px) 100vw, 768px\" src=\"data:image\/svg+xml;base64,PHN2ZyB3aWR0aD0iMSIgaGVpZ2h0PSIxIiB4bWxucz0iaHR0cDovL3d3dy53My5vcmcvMjAwMC9zdmciPjwvc3ZnPg==\" style=\"--smush-placeholder-width: 768px; --smush-placeholder-aspect-ratio: 768\/1024;\"><\/div><\/div><\/div><\/section>\n\n<section id=\"section-88-4465\" class=\"ct-section\"><div class=\"ct-section-inner-wrap\"><div id=\"div_block-89-4465\" class=\"ct-div-block\"><h2 id=\"text_block-90-4465\" class=\"ct-text-block h2\">DO YOU NEED MORE INFORMATION?\n<\/h2><div id=\"text_block-91-4465\" class=\"ct-text-block subheading\">We look forward to hearing from you!\n<br><\/div><\/div><img width=\"1024\" height=\"683\" data-src=\"https:\/\/artforart.at\/wp-content\/uploads\/2025\/04\/Opernfoyer_0054_print-%C2%A9-Severin-Wurnig-_-Bundestheater-Holding-GmbH-1024x683.jpg\" class=\"ct-image lazyload\" alt=\"Spacious hall with high, vaulted ceilings, ornate columns and several people in motion, elegant lighting and decor.\" decoding=\"async\" data-srcset=\"https:\/\/artforart.at\/wp-content\/uploads\/2025\/04\/Opernfoyer_0054_print-\u00a9-Severin-Wurnig-_-Bundestheater-Holding-GmbH-1024x683.jpg 1024w, https:\/\/artforart.at\/wp-content\/uploads\/2025\/04\/Opernfoyer_0054_print-\u00a9-Severin-Wurnig-_-Bundestheater-Holding-GmbH-500x333.jpg 500w, https:\/\/artforart.at\/wp-content\/uploads\/2025\/04\/Opernfoyer_0054_print-\u00a9-Severin-Wurnig-_-Bundestheater-Holding-GmbH-768x512.jpg 768w, https:\/\/artforart.at\/wp-content\/uploads\/2025\/04\/Opernfoyer_0054_print-\u00a9-Severin-Wurnig-_-Bundestheater-Holding-GmbH-1536x1025.jpg 1536w, https:\/\/artforart.at\/wp-content\/uploads\/2025\/04\/Opernfoyer_0054_print-\u00a9-Severin-Wurnig-_-Bundestheater-Holding-GmbH-2048x1366.jpg 2048w, https:\/\/artforart.at\/wp-content\/uploads\/2025\/04\/Opernfoyer_0054_print-\u00a9-Severin-Wurnig-_-Bundestheater-Holding-GmbH-scaled.jpg 2560w\" data-sizes=\"auto, (max-width: 1024px) 100vw, 1024px\" src=\"data:image\/svg+xml;base64,PHN2ZyB3aWR0aD0iMSIgaGVpZ2h0PSIxIiB4bWxucz0iaHR0cDovL3d3dy53My5vcmcvMjAwMC9zdmciPjwvc3ZnPg==\" style=\"--smush-placeholder-width: 1024px; --smush-placeholder-aspect-ratio: 1024\/683;\"><div id=\"div_block-93-4465\" class=\"ct-div-block bg-red\"><div id=\"div_block-94-4465\" class=\"ct-div-block\"><\/div><div id=\"text_block-95-4465\" class=\"ct-text-block link line_before mb-20\">CARD DISTRIBUTION<\/div><div id=\"text_block-96-4465\" class=\"ct-text-block subheading mb-20\"><span id=\"span-456-4465\" class=\"ct-span oxygenberg-span-456-4465 oxygenberg-element\">Valerie Kleiser,\u00a0<\/span><span id=\"span-97-4465\" class=\"ct-span LABEL oxygenberg-span-97-4465 oxygenberg-element\">MA<\/span><br><\/div><div id=\"text_block-98-4465\" class=\"ct-text-block bodycopy mb-8\">ART for ART Theaterservice GmbH <br>Goethegasse 1\u00a0<br>1010 Vienna <br>T +43 1 51444-7800\n <br><\/div><a id=\"link_text-99-4465\" class=\"ct-link-text link-button underlined\" href=\"\/en\/about-us\/team\/#kontakt\">write to us<\/a><\/div><\/div><\/section>","protected":false},"excerpt":{"rendered":"","protected":false},"author":2,"featured_media":0,"parent":26,"menu_order":0,"comment_status":"closed","ping_status":"closed","template":"","meta":{"_acf_changed":false,"inline_featured_image":false,"footnotes":""},"class_list":["post-1896","page","type-page","status-publish","hentry"],"acf":[],"yoast_head":"<!-- This site is optimized with the Yoast SEO plugin v27.4 - https:\/\/yoast.com\/product\/yoast-seo-wordpress\/ -->\n<title>Kartenvertrieb &amp; Information - ART for ART<\/title>\n<meta name=\"description\" content=\"Kartenvertrieb&nbsp; &amp; INFORMATION Wir schreiben Service gro\u00df!&nbsp; Opernfoyer&nbsp; Im Opernfoyer befinden sich die zentralen Kassen der \u00f6sterreichi\" \/>\n<meta name=\"robots\" content=\"index, follow, max-snippet:-1, max-image-preview:large, max-video-preview:-1\" \/>\n<link rel=\"canonical\" href=\"https:\/\/artforart.at\/en\/services\/card-sales-information\/\" \/>\n<meta property=\"og:locale\" content=\"en_GB\" \/>\n<meta property=\"og:type\" content=\"article\" \/>\n<meta property=\"og:title\" content=\"Kartenvertrieb &amp; Information - ART for ART\" \/>\n<meta property=\"og:url\" content=\"https:\/\/artforart.at\/en\/services\/card-sales-information\/\" \/>\n<meta property=\"og:site_name\" content=\"ART for ART\" \/>\n<meta property=\"article:publisher\" content=\"https:\/\/www.facebook.com\/profile.php?id=100066845842584\" \/>\n<meta property=\"article:modified_time\" content=\"2025-11-14T15:52:10+00:00\" \/>\n<meta property=\"og:image\" content=\"https:\/\/artforart.at\/wp-content\/uploads\/2025\/12\/AfA-Logo-grau-mit-WE.png\" \/>\n\t<meta property=\"og:image:width\" content=\"591\" \/>\n\t<meta property=\"og:image:height\" content=\"591\" \/>\n\t<meta property=\"og:image:type\" content=\"image\/png\" \/>\n<meta name=\"twitter:card\" content=\"summary_large_image\" \/>\n<script type=\"application\/ld+json\" class=\"yoast-schema-graph\">{\"@context\":\"https:\\\/\\\/schema.org\",\"@graph\":[{\"@type\":\"WebPage\",\"@id\":\"https:\\\/\\\/artforart.at\\\/services\\\/kartenvertrieb-information\",\"url\":\"https:\\\/\\\/artforart.at\\\/services\\\/kartenvertrieb-information\",\"name\":\"Kartenvertrieb & Information - ART for ART\",\"isPartOf\":{\"@id\":\"https:\\\/\\\/artforart.at\\\/#website\"},\"datePublished\":\"2022-06-01T07:29:17+00:00\",\"dateModified\":\"2025-11-14T15:52:10+00:00\",\"breadcrumb\":{\"@id\":\"https:\\\/\\\/artforart.at\\\/services\\\/kartenvertrieb-information#breadcrumb\"},\"inLanguage\":\"en-GB\",\"potentialAction\":[{\"@type\":\"ReadAction\",\"target\":[\"https:\\\/\\\/artforart.at\\\/services\\\/kartenvertrieb-information\"]}]},{\"@type\":\"BreadcrumbList\",\"@id\":\"https:\\\/\\\/artforart.at\\\/services\\\/kartenvertrieb-information#breadcrumb\",\"itemListElement\":[{\"@type\":\"ListItem\",\"position\":1,\"name\":\"Startseite\",\"item\":\"https:\\\/\\\/artforart.at\\\/\"},{\"@type\":\"ListItem\",\"position\":2,\"name\":\"Services\",\"item\":\"https:\\\/\\\/artforart.at\\\/services\"},{\"@type\":\"ListItem\",\"position\":3,\"name\":\"Kartenvertrieb &#038; Information\"}]},{\"@type\":\"WebSite\",\"@id\":\"https:\\\/\\\/artforart.at\\\/#website\",\"url\":\"https:\\\/\\\/artforart.at\\\/\",\"name\":\"ART for ART\",\"description\":\"Traditionelles Theaterhandwerk trifft moderne Technik. ART for ART fertigt Kost\u00fcme, Kulissen und B\u00fchnenausstattung f\u00fcr Opern, Theater und Film \u2013 alles aus einer Hand.\",\"publisher\":{\"@id\":\"https:\\\/\\\/artforart.at\\\/#organization\"},\"alternateName\":\"ART for ART Theaterservice GmbH\",\"potentialAction\":[{\"@type\":\"SearchAction\",\"target\":{\"@type\":\"EntryPoint\",\"urlTemplate\":\"https:\\\/\\\/artforart.at\\\/?s={search_term_string}\"},\"query-input\":{\"@type\":\"PropertyValueSpecification\",\"valueRequired\":true,\"valueName\":\"search_term_string\"}}],\"inLanguage\":\"en-GB\"},{\"@type\":\"Organization\",\"@id\":\"https:\\\/\\\/artforart.at\\\/#organization\",\"name\":\"ART for ART\",\"alternateName\":\"Art4Art, ArtForArt\",\"url\":\"https:\\\/\\\/artforart.at\\\/\",\"logo\":{\"@type\":\"ImageObject\",\"inLanguage\":\"en-GB\",\"@id\":\"https:\\\/\\\/artforart.at\\\/#\\\/schema\\\/logo\\\/image\\\/\",\"url\":\"https:\\\/\\\/artforart.at\\\/wp-content\\\/uploads\\\/2021\\\/11\\\/logo.png\",\"contentUrl\":\"https:\\\/\\\/artforart.at\\\/wp-content\\\/uploads\\\/2021\\\/11\\\/logo.png\",\"width\":322,\"height\":301,\"caption\":\"ART for ART\"},\"image\":{\"@id\":\"https:\\\/\\\/artforart.at\\\/#\\\/schema\\\/logo\\\/image\\\/\"},\"sameAs\":[\"https:\\\/\\\/www.facebook.com\\\/profile.php?id=100066845842584\",\"https:\\\/\\\/www.instagram.com\\\/artforarttheaterservice\\\/\",\"https:\\\/\\\/www.linkedin.com\\\/company\\\/art-for-art-theaterservice-gmbh\\\/\"]}]}<\/script>\n<!-- \/ Yoast SEO plugin. -->","yoast_head_json":{"title":"Ticket Sales &amp; Information - ART for ART","description":"Kartenvertrieb&nbsp; &amp; INFORMATION Wir schreiben Service gro\u00df!&nbsp; Opernfoyer&nbsp; Im Opernfoyer befinden sich die zentralen Kassen der \u00f6sterreichi","robots":{"index":"index","follow":"follow","max-snippet":"max-snippet:-1","max-image-preview":"max-image-preview:large","max-video-preview":"max-video-preview:-1"},"canonical":"https:\/\/artforart.at\/en\/services\/card-sales-information\/","og_locale":"en_GB","og_type":"article","og_title":"Kartenvertrieb & Information - ART for ART","og_url":"https:\/\/artforart.at\/en\/services\/card-sales-information\/","og_site_name":"ART for ART","article_publisher":"https:\/\/www.facebook.com\/profile.php?id=100066845842584","article_modified_time":"2025-11-14T15:52:10+00:00","og_image":[{"width":591,"height":591,"url":"https:\/\/artforart.at\/wp-content\/uploads\/2025\/12\/AfA-Logo-grau-mit-WE.png","type":"image\/png"}],"twitter_card":"summary_large_image","schema":{"@context":"https:\/\/schema.org","@graph":[{"@type":"WebPage","@id":"https:\/\/artforart.at\/services\/kartenvertrieb-information","url":"https:\/\/artforart.at\/services\/kartenvertrieb-information","name":"Ticket Sales &amp; Information - ART for ART","isPartOf":{"@id":"https:\/\/artforart.at\/#website"},"datePublished":"2022-06-01T07:29:17+00:00","dateModified":"2025-11-14T15:52:10+00:00","breadcrumb":{"@id":"https:\/\/artforart.at\/services\/kartenvertrieb-information#breadcrumb"},"inLanguage":"en-GB","potentialAction":[{"@type":"ReadAction","target":["https:\/\/artforart.at\/services\/kartenvertrieb-information"]}]},{"@type":"BreadcrumbList","@id":"https:\/\/artforart.at\/services\/kartenvertrieb-information#breadcrumb","itemListElement":[{"@type":"ListItem","position":1,"name":"Startseite","item":"https:\/\/artforart.at\/"},{"@type":"ListItem","position":2,"name":"Services","item":"https:\/\/artforart.at\/services"},{"@type":"ListItem","position":3,"name":"Kartenvertrieb &#038; Information"}]},{"@type":"WebSite","@id":"https:\/\/artforart.at\/#website","url":"https:\/\/artforart.at\/","name":"ART for ART","description":"Traditional theatre craftsmanship meets modern technology. ART for ART manufactures costumes, backdrops and stage sets for opera, theatre and film - all from a single source.","publisher":{"@id":"https:\/\/artforart.at\/#organization"},"alternateName":"ART for ART Theaterservice GmbH","potentialAction":[{"@type":"SearchAction","target":{"@type":"EntryPoint","urlTemplate":"https:\/\/artforart.at\/?s={search_term_string}"},"query-input":{"@type":"PropertyValueSpecification","valueRequired":true,"valueName":"search_term_string"}}],"inLanguage":"en-GB"},{"@type":"Organization","@id":"https:\/\/artforart.at\/#organization","name":"ART for ART","alternateName":"Art4Art, ArtForArt","url":"https:\/\/artforart.at\/","logo":{"@type":"ImageObject","inLanguage":"en-GB","@id":"https:\/\/artforart.at\/#\/schema\/logo\/image\/","url":"https:\/\/artforart.at\/wp-content\/uploads\/2021\/11\/logo.png","contentUrl":"https:\/\/artforart.at\/wp-content\/uploads\/2021\/11\/logo.png","width":322,"height":301,"caption":"ART for ART"},"image":{"@id":"https:\/\/artforart.at\/#\/schema\/logo\/image\/"},"sameAs":["https:\/\/www.facebook.com\/profile.php?id=100066845842584","https:\/\/www.instagram.com\/artforarttheaterservice\/","https:\/\/www.linkedin.com\/company\/art-for-art-theaterservice-gmbh\/"]}]}},"_links":{"self":[{"href":"https:\/\/artforart.at\/en\/wp-json\/wp\/v2\/pages\/1896","targetHints":{"allow":["GET"]}}],"collection":[{"href":"https:\/\/artforart.at\/en\/wp-json\/wp\/v2\/pages"}],"about":[{"href":"https:\/\/artforart.at\/en\/wp-json\/wp\/v2\/types\/page"}],"author":[{"embeddable":true,"href":"https:\/\/artforart.at\/en\/wp-json\/wp\/v2\/users\/2"}],"replies":[{"embeddable":true,"href":"https:\/\/artforart.at\/en\/wp-json\/wp\/v2\/comments?post=1896"}],"version-history":[{"count":0,"href":"https:\/\/artforart.at\/en\/wp-json\/wp\/v2\/pages\/1896\/revisions"}],"up":[{"embeddable":true,"href":"https:\/\/artforart.at\/en\/wp-json\/wp\/v2\/pages\/26"}],"wp:attachment":[{"href":"https:\/\/artforart.at\/en\/wp-json\/wp\/v2\/media?parent=1896"}],"curies":[{"name":"wp","href":"https:\/\/api.w.org\/{rel}","templated":true}]}}