{"id":1809,"date":"2022-05-25T13:27:55","date_gmt":"2022-05-25T13:27:55","guid":{"rendered":"https:\/\/artforart.at\/?page_id=1809"},"modified":"2025-11-14T15:56:27","modified_gmt":"2025-11-14T15:56:27","slug":"digital-technologies-3","status":"publish","type":"page","link":"https:\/\/artforart.at\/en\/services\/digitale-technologien","title":{"rendered":"Digital technologies"},"content":{"rendered":"<section id=\"section-11-4467\" class=\"ct-section hero-section p-0\"><div class=\"ct-section-inner-wrap\"><div id=\"div_block-12-4467\" class=\"ct-div-block w-100 grid-center-vertical grid-2-main grid-gap-lg\"><div id=\"div_block-13-4467\" class=\"ct-div-block pos-relative hero-section__left\"><img width=\"1536\" height=\"1024\" data-src=\"https:\/\/artforart.at\/wp-content\/uploads\/2022\/05\/pexels-valentine-tanasovich-2588757-1536x1024.jpg\" class=\"ct-image hero-image--top-left w-100 lazyload\" alt=\"Close-up of RAM modules inserted into the slots of a computer mainboard.\" decoding=\"async\" data-srcset=\"https:\/\/artforart.at\/wp-content\/uploads\/2022\/05\/pexels-valentine-tanasovich-2588757-1536x1024.jpg 1536w, https:\/\/artforart.at\/wp-content\/uploads\/2022\/05\/pexels-valentine-tanasovich-2588757-2048x1365.jpg 2048w, https:\/\/artforart.at\/wp-content\/uploads\/2022\/05\/pexels-valentine-tanasovich-2588757-18x12.jpg 18w, https:\/\/artforart.at\/wp-content\/uploads\/2022\/05\/pexels-valentine-tanasovich-2588757-500x333.jpg 500w, https:\/\/artforart.at\/wp-content\/uploads\/2022\/05\/pexels-valentine-tanasovich-2588757-768x512.jpg 768w, https:\/\/artforart.at\/wp-content\/uploads\/2022\/05\/pexels-valentine-tanasovich-2588757-1024x683.jpg 1024w, https:\/\/artforart.at\/wp-content\/uploads\/2022\/05\/pexels-valentine-tanasovich-2588757-scaled.jpg 2560w\" data-sizes=\"auto, (max-width: 1536px) 100vw, 1536px\" src=\"data:image\/svg+xml;base64,PHN2ZyB3aWR0aD0iMSIgaGVpZ2h0PSIxIiB4bWxucz0iaHR0cDovL3d3dy53My5vcmcvMjAwMC9zdmciPjwvc3ZnPg==\" style=\"--smush-placeholder-width: 1536px; --smush-placeholder-aspect-ratio: 1536\/1024;\"><\/div><div id=\"div_block-17-4467\" class=\"ct-div-block break-with-hyphen hero-section__right\"><h1 id=\"div_block-18-4467\" class=\"ct-div-block hero-text-block--home gap-sm\"><div id=\"headline-19-4467\" class=\"ct-headline h1\">Digital<\/div><div id=\"text_block-20-4467\" class=\"ct-text-block h2\">TECHNOLOGIES<\/div><\/h1><\/div><\/div><\/div><\/section>\n\n<section id=\"section-21-4465\" class=\"ct-section center text-center\"><div class=\"ct-section-inner-wrap\"><div id=\"text_block-22-4465\" class=\"ct-text-block subheading bold\">Service from a single source.\u00a0<\/div><\/div><\/section>\n\n<section id=\"section-24-4465\" class=\"ct-section\"><div class=\"ct-section-inner-wrap\"><div id=\"div_block-25-4465\" class=\"ct-div-block w-100 pl-auto\"><div id=\"div_block-26-4465\" class=\"ct-div-block grid-2-main grid-align-bottom\"><div id=\"div_block-27-4465\" class=\"ct-div-block pd-5 gap-md\"><h2 id=\"headline-28-4465\" class=\"ct-headline h3\">Digital expertise\u00a0<\/h2><div id=\"text_block-29-4465\" class=\"ct-text-block\">The Digital Technologies department ensures ongoing operations (IT operations), maintains all central IT systems and ensures the necessary IT security. It also implements Group-wide digitalisation plans and IT projects based on state-of-the-art technologies.\n<\/div><div><br><\/div><\/div><img width=\"1024\" height=\"683\" data-src=\"https:\/\/artforart.at\/wp-content\/uploads\/2022\/05\/pexels-federico-orlandi-3260626-1024x683.jpg\" class=\"ct-image lazyload\" alt=\"An unfolded laptop keyboard with illuminated keys and a mirror-like screen reflection.\" decoding=\"async\" data-srcset=\"https:\/\/artforart.at\/wp-content\/uploads\/2022\/05\/pexels-federico-orlandi-3260626-1024x683.jpg 1024w, https:\/\/artforart.at\/wp-content\/uploads\/2022\/05\/pexels-federico-orlandi-3260626-500x333.jpg 500w, https:\/\/artforart.at\/wp-content\/uploads\/2022\/05\/pexels-federico-orlandi-3260626-768x512.jpg 768w, https:\/\/artforart.at\/wp-content\/uploads\/2022\/05\/pexels-federico-orlandi-3260626-1536x1024.jpg 1536w, https:\/\/artforart.at\/wp-content\/uploads\/2022\/05\/pexels-federico-orlandi-3260626-2048x1365.jpg 2048w, https:\/\/artforart.at\/wp-content\/uploads\/2022\/05\/pexels-federico-orlandi-3260626-scaled.jpg 2560w\" data-sizes=\"auto, (max-width: 1024px) 100vw, 1024px\" src=\"data:image\/svg+xml;base64,PHN2ZyB3aWR0aD0iMSIgaGVpZ2h0PSIxIiB4bWxucz0iaHR0cDovL3d3dy53My5vcmcvMjAwMC9zdmciPjwvc3ZnPg==\" style=\"--smush-placeholder-width: 1024px; --smush-placeholder-aspect-ratio: 1024\/683;\"><\/div><\/div><\/div><\/section>\n\n<section id=\"section-88-4465\" class=\"ct-section\"><div class=\"ct-section-inner-wrap\"><div id=\"div_block-89-4465\" class=\"ct-div-block\"><h2 id=\"text_block-90-4465\" class=\"ct-text-block h2\">Do you have any questions?\n<\/h2><div id=\"text_block-91-4465\" class=\"ct-text-block subheading\">Please contact me!\n<br><\/div><\/div><img width=\"1024\" height=\"819\" data-src=\"https:\/\/artforart.at\/wp-content\/uploads\/2022\/07\/art4art-Andreas-Rurlaender-6322-scaled-e1658154980331-1024x819.jpg\" class=\"ct-image lazyload\" alt=\"A man in a white suit stands with his arms folded in front of server cabinets in a data centre.\" decoding=\"async\" data-srcset=\"https:\/\/artforart.at\/wp-content\/uploads\/2022\/07\/art4art-Andreas-Rurlaender-6322-scaled-e1658154980331-1024x819.jpg 1024w, https:\/\/artforart.at\/wp-content\/uploads\/2022\/07\/art4art-Andreas-Rurlaender-6322-scaled-e1658154980331-500x400.jpg 500w, https:\/\/artforart.at\/wp-content\/uploads\/2022\/07\/art4art-Andreas-Rurlaender-6322-scaled-e1658154980331-768x614.jpg 768w, https:\/\/artforart.at\/wp-content\/uploads\/2022\/07\/art4art-Andreas-Rurlaender-6322-scaled-e1658154980331-1536x1228.jpg 1536w, https:\/\/artforart.at\/wp-content\/uploads\/2022\/07\/art4art-Andreas-Rurlaender-6322-scaled-e1658154980331.jpg 2041w\" data-sizes=\"auto, (max-width: 1024px) 100vw, 1024px\" src=\"data:image\/svg+xml;base64,PHN2ZyB3aWR0aD0iMSIgaGVpZ2h0PSIxIiB4bWxucz0iaHR0cDovL3d3dy53My5vcmcvMjAwMC9zdmciPjwvc3ZnPg==\" style=\"--smush-placeholder-width: 1024px; --smush-placeholder-aspect-ratio: 1024\/819;\"><div id=\"div_block-93-4465\" class=\"ct-div-block bg-red\"><div id=\"div_block-94-4465\" class=\"ct-div-block\"><\/div><div id=\"text_block-95-4465\" class=\"ct-text-block link line_before mb-20\">Digital technologies\n<\/div><div id=\"text_block-96-4465\" class=\"ct-text-block subheading mb-20\">Andreas Rurl\u00e4nder\u00a0<\/div><div id=\"text_block-98-4465\" class=\"ct-text-block bodycopy mb-8\">ART for ART Theaterservice GmbH <br>Arsenal object 19\u00a0<div>1030 Vienna\u00a0<\/div><div>T +43 1 51444-7694<\/div><\/div><a id=\"link_text-99-4465\" class=\"ct-link-text link-button underlined\" href=\"\/en\/about-us\/team\/#kontakt\">write to us<\/a><\/div><\/div><\/section>","protected":false},"excerpt":{"rendered":"","protected":false},"author":2,"featured_media":1204,"parent":26,"menu_order":0,"comment_status":"closed","ping_status":"closed","template":"","meta":{"_acf_changed":false,"inline_featured_image":false,"footnotes":""},"class_list":["post-1809","page","type-page","status-publish","has-post-thumbnail","hentry"],"acf":[],"yoast_head":"<!-- This site is optimized with the Yoast SEO plugin v27.3 - https:\/\/yoast.com\/product\/yoast-seo-wordpress\/ -->\n<title>Digitale Technologien - ART for ART<\/title>\n<meta name=\"description\" content=\"Digitale TECHNOLOGIEN Service aus einer Hand.&nbsp; digitale Kompetenz&nbsp; Die Abteilung Digitale Technologien stellt den laufenden Betrieb (IT-Operation\" \/>\n<meta name=\"robots\" content=\"index, follow, max-snippet:-1, max-image-preview:large, max-video-preview:-1\" \/>\n<link rel=\"canonical\" href=\"https:\/\/artforart.at\/en\/services\/digital-technologies-3\/\" \/>\n<meta property=\"og:locale\" content=\"en_GB\" \/>\n<meta property=\"og:type\" content=\"article\" \/>\n<meta property=\"og:title\" content=\"Digitale Technologien - ART for ART\" \/>\n<meta property=\"og:url\" content=\"https:\/\/artforart.at\/en\/services\/digital-technologies-3\/\" \/>\n<meta property=\"og:site_name\" content=\"ART for ART\" \/>\n<meta property=\"article:publisher\" content=\"https:\/\/www.facebook.com\/profile.php?id=100066845842584\" \/>\n<meta property=\"article:modified_time\" content=\"2025-11-14T15:56:27+00:00\" \/>\n<meta property=\"og:image\" content=\"https:\/\/artforart.at\/wp-content\/uploads\/2022\/05\/pexels-valentine-tanasovich-2588757-scaled.jpg\" \/>\n\t<meta property=\"og:image:width\" content=\"2560\" \/>\n\t<meta property=\"og:image:height\" content=\"1707\" \/>\n\t<meta property=\"og:image:type\" content=\"image\/jpeg\" \/>\n<meta name=\"twitter:card\" content=\"summary_large_image\" \/>\n<meta name=\"twitter:label1\" content=\"Estimated reading time\" \/>\n\t<meta name=\"twitter:data1\" content=\"1 minute\" \/>\n<script type=\"application\/ld+json\" class=\"yoast-schema-graph\">{\"@context\":\"https:\\\/\\\/schema.org\",\"@graph\":[{\"@type\":\"WebPage\",\"@id\":\"https:\\\/\\\/artforart.at\\\/services\\\/digitale-technologien\",\"url\":\"https:\\\/\\\/artforart.at\\\/services\\\/digitale-technologien\",\"name\":\"Digitale Technologien - ART for ART\",\"isPartOf\":{\"@id\":\"https:\\\/\\\/artforart.at\\\/#website\"},\"primaryImageOfPage\":{\"@id\":\"https:\\\/\\\/artforart.at\\\/services\\\/digitale-technologien#primaryimage\"},\"image\":{\"@id\":\"https:\\\/\\\/artforart.at\\\/services\\\/digitale-technologien#primaryimage\"},\"thumbnailUrl\":\"https:\\\/\\\/artforart.at\\\/wp-content\\\/uploads\\\/2022\\\/05\\\/pexels-valentine-tanasovich-2588757-scaled.jpg\",\"datePublished\":\"2022-05-25T13:27:55+00:00\",\"dateModified\":\"2025-11-14T15:56:27+00:00\",\"breadcrumb\":{\"@id\":\"https:\\\/\\\/artforart.at\\\/services\\\/digitale-technologien#breadcrumb\"},\"inLanguage\":\"en-GB\",\"potentialAction\":[{\"@type\":\"ReadAction\",\"target\":[\"https:\\\/\\\/artforart.at\\\/services\\\/digitale-technologien\"]}]},{\"@type\":\"ImageObject\",\"inLanguage\":\"en-GB\",\"@id\":\"https:\\\/\\\/artforart.at\\\/services\\\/digitale-technologien#primaryimage\",\"url\":\"https:\\\/\\\/artforart.at\\\/wp-content\\\/uploads\\\/2022\\\/05\\\/pexels-valentine-tanasovich-2588757-scaled.jpg\",\"contentUrl\":\"https:\\\/\\\/artforart.at\\\/wp-content\\\/uploads\\\/2022\\\/05\\\/pexels-valentine-tanasovich-2588757-scaled.jpg\",\"width\":2560,\"height\":1707,\"caption\":\"Nahaufnahme von RAM-Modulen, die in die Steckpl\u00e4tze eines Computer-Mainboards eingesetzt sind.\"},{\"@type\":\"BreadcrumbList\",\"@id\":\"https:\\\/\\\/artforart.at\\\/services\\\/digitale-technologien#breadcrumb\",\"itemListElement\":[{\"@type\":\"ListItem\",\"position\":1,\"name\":\"Startseite\",\"item\":\"https:\\\/\\\/artforart.at\\\/\"},{\"@type\":\"ListItem\",\"position\":2,\"name\":\"Services\",\"item\":\"https:\\\/\\\/artforart.at\\\/services\"},{\"@type\":\"ListItem\",\"position\":3,\"name\":\"Digitale Technologien\"}]},{\"@type\":\"WebSite\",\"@id\":\"https:\\\/\\\/artforart.at\\\/#website\",\"url\":\"https:\\\/\\\/artforart.at\\\/\",\"name\":\"ART for ART\",\"description\":\"Traditionelles Theaterhandwerk trifft moderne Technik. ART for ART fertigt Kost\u00fcme, Kulissen und B\u00fchnenausstattung f\u00fcr Opern, Theater und Film \u2013 alles aus einer Hand.\",\"publisher\":{\"@id\":\"https:\\\/\\\/artforart.at\\\/#organization\"},\"alternateName\":\"ART for ART Theaterservice GmbH\",\"potentialAction\":[{\"@type\":\"SearchAction\",\"target\":{\"@type\":\"EntryPoint\",\"urlTemplate\":\"https:\\\/\\\/artforart.at\\\/?s={search_term_string}\"},\"query-input\":{\"@type\":\"PropertyValueSpecification\",\"valueRequired\":true,\"valueName\":\"search_term_string\"}}],\"inLanguage\":\"en-GB\"},{\"@type\":\"Organization\",\"@id\":\"https:\\\/\\\/artforart.at\\\/#organization\",\"name\":\"ART for ART\",\"alternateName\":\"Art4Art, ArtForArt\",\"url\":\"https:\\\/\\\/artforart.at\\\/\",\"logo\":{\"@type\":\"ImageObject\",\"inLanguage\":\"en-GB\",\"@id\":\"https:\\\/\\\/artforart.at\\\/#\\\/schema\\\/logo\\\/image\\\/\",\"url\":\"https:\\\/\\\/artforart.at\\\/wp-content\\\/uploads\\\/2021\\\/11\\\/logo.png\",\"contentUrl\":\"https:\\\/\\\/artforart.at\\\/wp-content\\\/uploads\\\/2021\\\/11\\\/logo.png\",\"width\":322,\"height\":301,\"caption\":\"ART for ART\"},\"image\":{\"@id\":\"https:\\\/\\\/artforart.at\\\/#\\\/schema\\\/logo\\\/image\\\/\"},\"sameAs\":[\"https:\\\/\\\/www.facebook.com\\\/profile.php?id=100066845842584\",\"https:\\\/\\\/www.instagram.com\\\/artforarttheaterservice\\\/\",\"https:\\\/\\\/www.linkedin.com\\\/company\\\/art-for-art-theaterservice-gmbh\\\/\"]}]}<\/script>\n<!-- \/ Yoast SEO plugin. -->","yoast_head_json":{"title":"Digital technologies - ART for ART","description":"Digitale TECHNOLOGIEN Service aus einer Hand.&nbsp; digitale Kompetenz&nbsp; Die Abteilung Digitale Technologien stellt den laufenden Betrieb (IT-Operation","robots":{"index":"index","follow":"follow","max-snippet":"max-snippet:-1","max-image-preview":"max-image-preview:large","max-video-preview":"max-video-preview:-1"},"canonical":"https:\/\/artforart.at\/en\/services\/digital-technologies-3\/","og_locale":"en_GB","og_type":"article","og_title":"Digitale Technologien - ART for ART","og_url":"https:\/\/artforart.at\/en\/services\/digital-technologies-3\/","og_site_name":"ART for ART","article_publisher":"https:\/\/www.facebook.com\/profile.php?id=100066845842584","article_modified_time":"2025-11-14T15:56:27+00:00","og_image":[{"width":2560,"height":1707,"url":"https:\/\/artforart.at\/wp-content\/uploads\/2022\/05\/pexels-valentine-tanasovich-2588757-scaled.jpg","type":"image\/jpeg"}],"twitter_card":"summary_large_image","twitter_misc":{"Estimated reading time":"1 minute"},"schema":{"@context":"https:\/\/schema.org","@graph":[{"@type":"WebPage","@id":"https:\/\/artforart.at\/services\/digitale-technologien","url":"https:\/\/artforart.at\/services\/digitale-technologien","name":"Digital technologies - ART for ART","isPartOf":{"@id":"https:\/\/artforart.at\/#website"},"primaryImageOfPage":{"@id":"https:\/\/artforart.at\/services\/digitale-technologien#primaryimage"},"image":{"@id":"https:\/\/artforart.at\/services\/digitale-technologien#primaryimage"},"thumbnailUrl":"https:\/\/artforart.at\/wp-content\/uploads\/2022\/05\/pexels-valentine-tanasovich-2588757-scaled.jpg","datePublished":"2022-05-25T13:27:55+00:00","dateModified":"2025-11-14T15:56:27+00:00","breadcrumb":{"@id":"https:\/\/artforart.at\/services\/digitale-technologien#breadcrumb"},"inLanguage":"en-GB","potentialAction":[{"@type":"ReadAction","target":["https:\/\/artforart.at\/services\/digitale-technologien"]}]},{"@type":"ImageObject","inLanguage":"en-GB","@id":"https:\/\/artforart.at\/services\/digitale-technologien#primaryimage","url":"https:\/\/artforart.at\/wp-content\/uploads\/2022\/05\/pexels-valentine-tanasovich-2588757-scaled.jpg","contentUrl":"https:\/\/artforart.at\/wp-content\/uploads\/2022\/05\/pexels-valentine-tanasovich-2588757-scaled.jpg","width":2560,"height":1707,"caption":"Nahaufnahme von RAM-Modulen, die in die Steckpl\u00e4tze eines Computer-Mainboards eingesetzt sind."},{"@type":"BreadcrumbList","@id":"https:\/\/artforart.at\/services\/digitale-technologien#breadcrumb","itemListElement":[{"@type":"ListItem","position":1,"name":"Startseite","item":"https:\/\/artforart.at\/"},{"@type":"ListItem","position":2,"name":"Services","item":"https:\/\/artforart.at\/services"},{"@type":"ListItem","position":3,"name":"Digitale Technologien"}]},{"@type":"WebSite","@id":"https:\/\/artforart.at\/#website","url":"https:\/\/artforart.at\/","name":"ART for ART","description":"Traditional theatre craftsmanship meets modern technology. ART for ART manufactures costumes, backdrops and stage sets for opera, theatre and film - all from a single source.","publisher":{"@id":"https:\/\/artforart.at\/#organization"},"alternateName":"ART for ART Theaterservice GmbH","potentialAction":[{"@type":"SearchAction","target":{"@type":"EntryPoint","urlTemplate":"https:\/\/artforart.at\/?s={search_term_string}"},"query-input":{"@type":"PropertyValueSpecification","valueRequired":true,"valueName":"search_term_string"}}],"inLanguage":"en-GB"},{"@type":"Organization","@id":"https:\/\/artforart.at\/#organization","name":"ART for ART","alternateName":"Art4Art, ArtForArt","url":"https:\/\/artforart.at\/","logo":{"@type":"ImageObject","inLanguage":"en-GB","@id":"https:\/\/artforart.at\/#\/schema\/logo\/image\/","url":"https:\/\/artforart.at\/wp-content\/uploads\/2021\/11\/logo.png","contentUrl":"https:\/\/artforart.at\/wp-content\/uploads\/2021\/11\/logo.png","width":322,"height":301,"caption":"ART for ART"},"image":{"@id":"https:\/\/artforart.at\/#\/schema\/logo\/image\/"},"sameAs":["https:\/\/www.facebook.com\/profile.php?id=100066845842584","https:\/\/www.instagram.com\/artforarttheaterservice\/","https:\/\/www.linkedin.com\/company\/art-for-art-theaterservice-gmbh\/"]}]}},"_links":{"self":[{"href":"https:\/\/artforart.at\/en\/wp-json\/wp\/v2\/pages\/1809","targetHints":{"allow":["GET"]}}],"collection":[{"href":"https:\/\/artforart.at\/en\/wp-json\/wp\/v2\/pages"}],"about":[{"href":"https:\/\/artforart.at\/en\/wp-json\/wp\/v2\/types\/page"}],"author":[{"embeddable":true,"href":"https:\/\/artforart.at\/en\/wp-json\/wp\/v2\/users\/2"}],"replies":[{"embeddable":true,"href":"https:\/\/artforart.at\/en\/wp-json\/wp\/v2\/comments?post=1809"}],"version-history":[{"count":0,"href":"https:\/\/artforart.at\/en\/wp-json\/wp\/v2\/pages\/1809\/revisions"}],"up":[{"embeddable":true,"href":"https:\/\/artforart.at\/en\/wp-json\/wp\/v2\/pages\/26"}],"wp:featuredmedia":[{"embeddable":true,"href":"https:\/\/artforart.at\/en\/wp-json\/wp\/v2\/media\/1204"}],"wp:attachment":[{"href":"https:\/\/artforart.at\/en\/wp-json\/wp\/v2\/media?parent=1809"}],"curies":[{"name":"wp","href":"https:\/\/api.w.org\/{rel}","templated":true}]}}