{"id":122,"date":"2021-12-22T17:19:04","date_gmt":"2021-12-22T17:19:04","guid":{"rendered":"https:\/\/artforart.at\/?page_id=122"},"modified":"2026-01-13T08:18:18","modified_gmt":"2026-01-13T08:18:18","slug":"360-tour-paintings","status":"publish","type":"page","link":"https:\/\/artforart.at\/en\/event-location\/360-tour-malersaele","title":{"rendered":"360\u00b0 Tour Painting Rooms"},"content":{"rendered":"<section id=\"section-11-4467\" class=\"ct-section hero-section p-0\"><div class=\"ct-section-inner-wrap\"><div id=\"div_block-12-4467\" class=\"ct-div-block w-100 grid-center-vertical grid-2-main grid-gap-lg\"><div id=\"div_block-13-4467\" class=\"ct-div-block pos-relative hero-section__left\"><img width=\"1229\" height=\"818\" data-src=\"https:\/\/artforart.at\/wp-content\/uploads\/2022\/04\/Malersaal-Event.jpg\" class=\"ct-image hero-image--top-left w-100 lazyload\" alt=\"Large ballroom with red carpet, golden barriers and elegantly dressed guests in the distance, chandeliers and stage lighting.\" decoding=\"async\" data-srcset=\"https:\/\/artforart.at\/wp-content\/uploads\/2022\/04\/Malersaal-Event.jpg 1229w, https:\/\/artforart.at\/wp-content\/uploads\/2022\/04\/Malersaal-Event-500x333.jpg 500w, https:\/\/artforart.at\/wp-content\/uploads\/2022\/04\/Malersaal-Event-1024x682.jpg 1024w, https:\/\/artforart.at\/wp-content\/uploads\/2022\/04\/Malersaal-Event-768x511.jpg 768w\" data-sizes=\"auto, (max-width: 1229px) 100vw, 1229px\" src=\"data:image\/svg+xml;base64,PHN2ZyB3aWR0aD0iMSIgaGVpZ2h0PSIxIiB4bWxucz0iaHR0cDovL3d3dy53My5vcmcvMjAwMC9zdmciPjwvc3ZnPg==\" style=\"--smush-placeholder-width: 1229px; --smush-placeholder-aspect-ratio: 1229\/818;\"><\/div><div id=\"div_block-17-4467\" class=\"ct-div-block break-with-hyphen hero-section__right\"><h1 id=\"div_block-18-4467\" class=\"ct-div-block hero-text-block--home gap-sm\"><div id=\"headline-19-4467\" class=\"ct-headline h1\">Malers\u00e4le\u00a0<\/div><div id=\"text_block-20-4467\" class=\"ct-text-block h2\">360\u00b0 ROUTE<\/div><\/h1><\/div><\/div><\/div><\/section>\n\n<section id=\"section-21-4465\" class=\"ct-section center text-center\"><div class=\"ct-section-inner-wrap\"><div id=\"text_block-22-4465\" class=\"ct-text-block subheading bold\">Are you considering organising your next company event in our painting rooms?<div>Take a virtual look at our unique location.<\/div><\/div><\/div><\/section>\n\n<section id=\"section-2-122\" class=\"ct-section\"><div class=\"ct-section-inner-wrap\"><div id=\"shortcode-14-122\" class=\"ct-shortcode\">\n<!-- iframe plugin v.6.0 wordpress.org\/plugins\/iframe\/ -->\n<iframe style=\"min-width:100%;\" width=\"853\" height=\"480\" data-src=\"https:\/\/my.matterport.com\/show\/?m=9gkEjzsYVXS&amp;brand=0\" frameborder=\"0\" allowfullscreen allow=\"xr-spatial-tracking\" scrolling=\"yes\" class=\"iframe-class lazyload\" src=\"data:image\/svg+xml;base64,PHN2ZyB3aWR0aD0iMSIgaGVpZ2h0PSIxIiB4bWxucz0iaHR0cDovL3d3dy53My5vcmcvMjAwMC9zdmciPjwvc3ZnPg==\" data-load-mode=\"1\"><\/iframe>\n<\/div><\/div><\/section>\n\n<section id=\"section-88-4465\" class=\"ct-section\"><div class=\"ct-section-inner-wrap\"><div id=\"div_block-89-4465\" class=\"ct-div-block\"><h2 id=\"text_block-90-4465\" class=\"ct-text-block h2\">Interested?\n<\/h2><div id=\"text_block-91-4465\" class=\"ct-text-block subheading\">I look forward to hearing from you!\n<br><\/div><\/div><img width=\"1024\" height=\"722\" data-src=\"https:\/\/artforart.at\/wp-content\/uploads\/2022\/07\/art4art-Barbara-Vogel-6509-scaled-e1658154803888-1024x722.jpg\" class=\"ct-image lazyload\" alt=\"A woman sits on a chair in a bright, industrial room, surrounded by large white blocks and workshop materials.\" decoding=\"async\" data-srcset=\"https:\/\/artforart.at\/wp-content\/uploads\/2022\/07\/art4art-Barbara-Vogel-6509-scaled-e1658154803888-1024x722.jpg 1024w, https:\/\/artforart.at\/wp-content\/uploads\/2022\/07\/art4art-Barbara-Vogel-6509-scaled-e1658154803888-500x352.jpg 500w, https:\/\/artforart.at\/wp-content\/uploads\/2022\/07\/art4art-Barbara-Vogel-6509-scaled-e1658154803888-768x541.jpg 768w, https:\/\/artforart.at\/wp-content\/uploads\/2022\/07\/art4art-Barbara-Vogel-6509-scaled-e1658154803888-1536x1083.jpg 1536w, https:\/\/artforart.at\/wp-content\/uploads\/2022\/07\/art4art-Barbara-Vogel-6509-scaled-e1658154803888.jpg 1779w\" data-sizes=\"auto, (max-width: 1024px) 100vw, 1024px\" src=\"data:image\/svg+xml;base64,PHN2ZyB3aWR0aD0iMSIgaGVpZ2h0PSIxIiB4bWxucz0iaHR0cDovL3d3dy53My5vcmcvMjAwMC9zdmciPjwvc3ZnPg==\" style=\"--smush-placeholder-width: 1024px; --smush-placeholder-aspect-ratio: 1024\/722;\"><div id=\"div_block-93-4465\" class=\"ct-div-block bg-red\"><div id=\"div_block-94-4465\" class=\"ct-div-block\"><\/div><div id=\"text_block-95-4465\" class=\"ct-text-block link line_before mb-20\">Communication and Marketing\/Events\n<\/div><div id=\"text_block-96-4465\" class=\"ct-text-block subheading mb-20\"><span id=\"span-456-4465\" class=\"ct-span oxygenberg-span-456-4465 oxygenberg-element\">Barbara Vogel,\u00a0<span id=\"ct-placeholder-97\"><\/span><\/span><span id=\"span-97-4465\" class=\"ct-span LABEL oxygenberg-span-97-4465 oxygenberg-element\">Bakk.phil. BA<\/span><br><\/div><div id=\"text_block-98-4465\" class=\"ct-text-block bodycopy mb-8\">Arsenal object 19<div>1030 Vienna<\/div><div>T +43 1 51444-7403<\/div><\/div><a id=\"link_text-99-4465\" class=\"ct-link-text link-button underlined\" href=\"\/en\/about-us\/team\/#kontakt\">write to us<\/a><\/div><\/div><\/section>","protected":false},"excerpt":{"rendered":"","protected":false},"author":2,"featured_media":0,"parent":36,"menu_order":0,"comment_status":"closed","ping_status":"closed","template":"","meta":{"_acf_changed":false,"inline_featured_image":false,"footnotes":""},"class_list":["post-122","page","type-page","status-publish","hentry"],"acf":[],"yoast_head":"<!-- This site is optimized with the Yoast SEO plugin v27.4 - https:\/\/yoast.com\/product\/yoast-seo-wordpress\/ -->\n<title>360\u00b0 Tour Malers\u00e4le - ART for ART<\/title>\n<meta name=\"description\" content=\"Malers\u00e4le&nbsp; 360\u00b0 RUNDGANG Sie \u00fcberlegen Ihre n\u00e4chste Firmenfeier in unseren Malers\u00e4len auszurichten?Werfen Sie doch einen virtuellen Blick in unsere\" \/>\n<meta name=\"robots\" content=\"index, follow, max-snippet:-1, max-image-preview:large, max-video-preview:-1\" \/>\n<link rel=\"canonical\" href=\"https:\/\/artforart.at\/en\/event-location\/360-tour-paintings\/\" \/>\n<meta property=\"og:locale\" content=\"en_GB\" \/>\n<meta property=\"og:type\" content=\"article\" \/>\n<meta property=\"og:title\" content=\"360\u00b0 Tour Malers\u00e4le - ART for ART\" \/>\n<meta property=\"og:url\" content=\"https:\/\/artforart.at\/en\/event-location\/360-tour-paintings\/\" \/>\n<meta property=\"og:site_name\" content=\"ART for ART\" \/>\n<meta property=\"article:publisher\" content=\"https:\/\/www.facebook.com\/profile.php?id=100066845842584\" \/>\n<meta property=\"article:modified_time\" content=\"2026-01-13T08:18:18+00:00\" \/>\n<meta property=\"og:image\" content=\"https:\/\/artforart.at\/wp-content\/uploads\/2025\/12\/AfA-Logo-grau-mit-WE.png\" \/>\n\t<meta property=\"og:image:width\" content=\"591\" \/>\n\t<meta property=\"og:image:height\" content=\"591\" \/>\n\t<meta property=\"og:image:type\" content=\"image\/png\" \/>\n<meta name=\"twitter:card\" content=\"summary_large_image\" \/>\n<script type=\"application\/ld+json\" class=\"yoast-schema-graph\">{\"@context\":\"https:\\\/\\\/schema.org\",\"@graph\":[{\"@type\":\"WebPage\",\"@id\":\"https:\\\/\\\/artforart.at\\\/event-location\\\/360-tour-malersaele\",\"url\":\"https:\\\/\\\/artforart.at\\\/event-location\\\/360-tour-malersaele\",\"name\":\"360\u00b0 Tour Malers\u00e4le - ART for ART\",\"isPartOf\":{\"@id\":\"https:\\\/\\\/artforart.at\\\/#website\"},\"datePublished\":\"2021-12-22T17:19:04+00:00\",\"dateModified\":\"2026-01-13T08:18:18+00:00\",\"breadcrumb\":{\"@id\":\"https:\\\/\\\/artforart.at\\\/event-location\\\/360-tour-malersaele#breadcrumb\"},\"inLanguage\":\"en-GB\",\"potentialAction\":[{\"@type\":\"ReadAction\",\"target\":[\"https:\\\/\\\/artforart.at\\\/event-location\\\/360-tour-malersaele\"]}]},{\"@type\":\"BreadcrumbList\",\"@id\":\"https:\\\/\\\/artforart.at\\\/event-location\\\/360-tour-malersaele#breadcrumb\",\"itemListElement\":[{\"@type\":\"ListItem\",\"position\":1,\"name\":\"Startseite\",\"item\":\"https:\\\/\\\/artforart.at\\\/\"},{\"@type\":\"ListItem\",\"position\":2,\"name\":\"Event Location\",\"item\":\"https:\\\/\\\/artforart.at\\\/event-location\"},{\"@type\":\"ListItem\",\"position\":3,\"name\":\"360\u00b0 Tour Malers\u00e4le\"}]},{\"@type\":\"WebSite\",\"@id\":\"https:\\\/\\\/artforart.at\\\/#website\",\"url\":\"https:\\\/\\\/artforart.at\\\/\",\"name\":\"ART for ART\",\"description\":\"Traditionelles Theaterhandwerk trifft moderne Technik. ART for ART fertigt Kost\u00fcme, Kulissen und B\u00fchnenausstattung f\u00fcr Opern, Theater und Film \u2013 alles aus einer Hand.\",\"publisher\":{\"@id\":\"https:\\\/\\\/artforart.at\\\/#organization\"},\"alternateName\":\"ART for ART Theaterservice GmbH\",\"potentialAction\":[{\"@type\":\"SearchAction\",\"target\":{\"@type\":\"EntryPoint\",\"urlTemplate\":\"https:\\\/\\\/artforart.at\\\/?s={search_term_string}\"},\"query-input\":{\"@type\":\"PropertyValueSpecification\",\"valueRequired\":true,\"valueName\":\"search_term_string\"}}],\"inLanguage\":\"en-GB\"},{\"@type\":\"Organization\",\"@id\":\"https:\\\/\\\/artforart.at\\\/#organization\",\"name\":\"ART for ART\",\"alternateName\":\"Art4Art, ArtForArt\",\"url\":\"https:\\\/\\\/artforart.at\\\/\",\"logo\":{\"@type\":\"ImageObject\",\"inLanguage\":\"en-GB\",\"@id\":\"https:\\\/\\\/artforart.at\\\/#\\\/schema\\\/logo\\\/image\\\/\",\"url\":\"https:\\\/\\\/artforart.at\\\/wp-content\\\/uploads\\\/2021\\\/11\\\/logo.png\",\"contentUrl\":\"https:\\\/\\\/artforart.at\\\/wp-content\\\/uploads\\\/2021\\\/11\\\/logo.png\",\"width\":322,\"height\":301,\"caption\":\"ART for ART\"},\"image\":{\"@id\":\"https:\\\/\\\/artforart.at\\\/#\\\/schema\\\/logo\\\/image\\\/\"},\"sameAs\":[\"https:\\\/\\\/www.facebook.com\\\/profile.php?id=100066845842584\",\"https:\\\/\\\/www.instagram.com\\\/artforarttheaterservice\\\/\",\"https:\\\/\\\/www.linkedin.com\\\/company\\\/art-for-art-theaterservice-gmbh\\\/\"]}]}<\/script>\n<!-- \/ Yoast SEO plugin. -->","yoast_head_json":{"title":"360\u00b0 Tour Painting Rooms - ART for ART","description":"Malers\u00e4le&nbsp; 360\u00b0 RUNDGANG Sie \u00fcberlegen Ihre n\u00e4chste Firmenfeier in unseren Malers\u00e4len auszurichten?Werfen Sie doch einen virtuellen Blick in unsere","robots":{"index":"index","follow":"follow","max-snippet":"max-snippet:-1","max-image-preview":"max-image-preview:large","max-video-preview":"max-video-preview:-1"},"canonical":"https:\/\/artforart.at\/en\/event-location\/360-tour-paintings\/","og_locale":"en_GB","og_type":"article","og_title":"360\u00b0 Tour Malers\u00e4le - ART for ART","og_url":"https:\/\/artforart.at\/en\/event-location\/360-tour-paintings\/","og_site_name":"ART for ART","article_publisher":"https:\/\/www.facebook.com\/profile.php?id=100066845842584","article_modified_time":"2026-01-13T08:18:18+00:00","og_image":[{"width":591,"height":591,"url":"https:\/\/artforart.at\/wp-content\/uploads\/2025\/12\/AfA-Logo-grau-mit-WE.png","type":"image\/png"}],"twitter_card":"summary_large_image","schema":{"@context":"https:\/\/schema.org","@graph":[{"@type":"WebPage","@id":"https:\/\/artforart.at\/event-location\/360-tour-malersaele","url":"https:\/\/artforart.at\/event-location\/360-tour-malersaele","name":"360\u00b0 Tour Painting Rooms - ART for ART","isPartOf":{"@id":"https:\/\/artforart.at\/#website"},"datePublished":"2021-12-22T17:19:04+00:00","dateModified":"2026-01-13T08:18:18+00:00","breadcrumb":{"@id":"https:\/\/artforart.at\/event-location\/360-tour-malersaele#breadcrumb"},"inLanguage":"en-GB","potentialAction":[{"@type":"ReadAction","target":["https:\/\/artforart.at\/event-location\/360-tour-malersaele"]}]},{"@type":"BreadcrumbList","@id":"https:\/\/artforart.at\/event-location\/360-tour-malersaele#breadcrumb","itemListElement":[{"@type":"ListItem","position":1,"name":"Startseite","item":"https:\/\/artforart.at\/"},{"@type":"ListItem","position":2,"name":"Event Location","item":"https:\/\/artforart.at\/event-location"},{"@type":"ListItem","position":3,"name":"360\u00b0 Tour Malers\u00e4le"}]},{"@type":"WebSite","@id":"https:\/\/artforart.at\/#website","url":"https:\/\/artforart.at\/","name":"ART for ART","description":"Traditional theatre craftsmanship meets modern technology. ART for ART manufactures costumes, backdrops and stage sets for opera, theatre and film - all from a single source.","publisher":{"@id":"https:\/\/artforart.at\/#organization"},"alternateName":"ART for ART Theaterservice GmbH","potentialAction":[{"@type":"SearchAction","target":{"@type":"EntryPoint","urlTemplate":"https:\/\/artforart.at\/?s={search_term_string}"},"query-input":{"@type":"PropertyValueSpecification","valueRequired":true,"valueName":"search_term_string"}}],"inLanguage":"en-GB"},{"@type":"Organization","@id":"https:\/\/artforart.at\/#organization","name":"ART for ART","alternateName":"Art4Art, ArtForArt","url":"https:\/\/artforart.at\/","logo":{"@type":"ImageObject","inLanguage":"en-GB","@id":"https:\/\/artforart.at\/#\/schema\/logo\/image\/","url":"https:\/\/artforart.at\/wp-content\/uploads\/2021\/11\/logo.png","contentUrl":"https:\/\/artforart.at\/wp-content\/uploads\/2021\/11\/logo.png","width":322,"height":301,"caption":"ART for ART"},"image":{"@id":"https:\/\/artforart.at\/#\/schema\/logo\/image\/"},"sameAs":["https:\/\/www.facebook.com\/profile.php?id=100066845842584","https:\/\/www.instagram.com\/artforarttheaterservice\/","https:\/\/www.linkedin.com\/company\/art-for-art-theaterservice-gmbh\/"]}]}},"_links":{"self":[{"href":"https:\/\/artforart.at\/en\/wp-json\/wp\/v2\/pages\/122","targetHints":{"allow":["GET"]}}],"collection":[{"href":"https:\/\/artforart.at\/en\/wp-json\/wp\/v2\/pages"}],"about":[{"href":"https:\/\/artforart.at\/en\/wp-json\/wp\/v2\/types\/page"}],"author":[{"embeddable":true,"href":"https:\/\/artforart.at\/en\/wp-json\/wp\/v2\/users\/2"}],"replies":[{"embeddable":true,"href":"https:\/\/artforart.at\/en\/wp-json\/wp\/v2\/comments?post=122"}],"version-history":[{"count":0,"href":"https:\/\/artforart.at\/en\/wp-json\/wp\/v2\/pages\/122\/revisions"}],"up":[{"embeddable":true,"href":"https:\/\/artforart.at\/en\/wp-json\/wp\/v2\/pages\/36"}],"wp:attachment":[{"href":"https:\/\/artforart.at\/en\/wp-json\/wp\/v2\/media?parent=122"}],"curies":[{"name":"wp","href":"https:\/\/api.w.org\/{rel}","templated":true}]}}