{"id":118,"date":"2021-12-22T17:17:35","date_gmt":"2021-12-22T17:17:35","guid":{"rendered":"https:\/\/artforart.at\/?page_id=118"},"modified":"2026-03-20T13:35:04","modified_gmt":"2026-03-20T13:35:04","slug":"flea-market","status":"publish","type":"page","link":"https:\/\/artforart.at\/en\/services\/verleih-und-miete\/kostuemverleih\/flohmarkt","title":{"rendered":"Flea market"},"content":{"rendered":"<section id=\"section-11-4467\" class=\"ct-section hero-section p-0\"><div class=\"ct-section-inner-wrap\"><div id=\"div_block-12-4467\" class=\"ct-div-block w-100 grid-center-vertical grid-2-main grid-gap-lg\"><div id=\"div_block-13-4467\" class=\"ct-div-block pos-relative hero-section__left\"><img width=\"1536\" height=\"1152\" data-src=\"https:\/\/artforart.at\/wp-content\/uploads\/2022\/04\/IMG_9583-1536x1152.jpeg\" class=\"ct-image hero-image--top-left w-100 lazyload\" alt=\"Shelves full of different shoes in many colours and styles are neatly arranged in a large storage room.\" decoding=\"async\" data-srcset=\"https:\/\/artforart.at\/wp-content\/uploads\/2022\/04\/IMG_9583-1536x1152.jpeg 1536w, https:\/\/artforart.at\/wp-content\/uploads\/2022\/04\/IMG_9583-500x375.jpeg 500w, https:\/\/artforart.at\/wp-content\/uploads\/2022\/04\/IMG_9583-1024x768.jpeg 1024w, https:\/\/artforart.at\/wp-content\/uploads\/2022\/04\/IMG_9583-768x576.jpeg 768w, https:\/\/artforart.at\/wp-content\/uploads\/2022\/04\/IMG_9583.jpeg 2048w\" data-sizes=\"auto, (max-width: 1536px) 100vw, 1536px\" src=\"data:image\/svg+xml;base64,PHN2ZyB3aWR0aD0iMSIgaGVpZ2h0PSIxIiB4bWxucz0iaHR0cDovL3d3dy53My5vcmcvMjAwMC9zdmciPjwvc3ZnPg==\" style=\"--smush-placeholder-width: 1536px; --smush-placeholder-aspect-ratio: 1536\/1152;\"><\/div><div id=\"div_block-17-4467\" class=\"ct-div-block break-with-hyphen hero-section__right\"><h1 id=\"div_block-18-4467\" class=\"ct-div-block hero-text-block--home gap-sm\"><div id=\"headline-19-4467\" class=\"ct-headline h1\">ART for ART\u00a0<\/div><div id=\"text_block-20-4467\" class=\"ct-text-block h2\">COSTUME FLEA MARKET<\/div><\/h1><\/div><\/div><\/div><\/section>\n\n<section id=\"section-21-4465\" class=\"ct-section center text-center\"><div class=\"ct-section-inner-wrap\"><div id=\"text_block-22-4465\" class=\"ct-text-block subheading bold\">Costumes at a bargain price!\u00a0<\/div><\/div><\/section>\n\n<section id=\"section-24-4465\" class=\"ct-section\"><div class=\"ct-section-inner-wrap\"><div id=\"div_block-25-4465\" class=\"ct-div-block w-100 pl-auto\"><div id=\"div_block-26-4465\" class=\"ct-div-block grid-2-main grid-align-bottom\"><div id=\"div_block-27-4465\" class=\"ct-div-block pd-5 gap-md\"><h2 id=\"headline-28-4465\" class=\"ct-headline h3\">Flea market\u00a0<\/h2><div id=\"text_block-29-4465\" class=\"ct-text-block\">Treasures from 60 years of theatre history can be found in our permanent flea market. Whether for carnival, Halloween or an event, a visit is always worthwhile!\u00a0<div><br><\/div><div>We regularly have flea market days once or twice a month.\u00a0<\/div><div><br><\/div><div>WHEN?\n<br>The next dates are:\u00a0<\/div><div><br><\/div><div>Wednesday, 15 April 2026\n<br>Wednesday, 6 May 2026\u00a0<\/div><div>Wednesday, 10 June 2026<\/div><div><br><\/div><div><br><\/div><div>Our flea market is open from 8:00 to 14:00.\u00a0<\/div><div><br><\/div><div>A VISIT IS ONLY POSSIBLE AFTER A BINDING APPOINTMENT BOOKING VIA OUR ONLINE BOOKING SYSTEM!<\/div><div><br><\/div><div><br><\/div><div>\u00a0<\/div><\/div><a id=\"link_text-9-4470\" class=\"ct-link-text underlined link-button text-20\" href=\"#buchungstool\">To the TERM BOOKING<\/a><\/div><img width=\"1024\" height=\"768\" data-src=\"https:\/\/artforart.at\/wp-content\/uploads\/2022\/04\/IMG_20210511_100700-1024x768.jpg\" class=\"ct-image lazyload\" alt=\"Several clothes racks with historical costumes in different colours stand in a bright, tidy room.\" decoding=\"async\" data-srcset=\"https:\/\/artforart.at\/wp-content\/uploads\/2022\/04\/IMG_20210511_100700-1024x768.jpg 1024w, https:\/\/artforart.at\/wp-content\/uploads\/2022\/04\/IMG_20210511_100700-16x12.jpg 16w, https:\/\/artforart.at\/wp-content\/uploads\/2022\/04\/IMG_20210511_100700-500x375.jpg 500w, https:\/\/artforart.at\/wp-content\/uploads\/2022\/04\/IMG_20210511_100700-768x576.jpg 768w, https:\/\/artforart.at\/wp-content\/uploads\/2022\/04\/IMG_20210511_100700-1536x1152.jpg 1536w, https:\/\/artforart.at\/wp-content\/uploads\/2022\/04\/IMG_20210511_100700-2048x1536.jpg 2048w, https:\/\/artforart.at\/wp-content\/uploads\/2022\/04\/IMG_20210511_100700-scaled.jpg 2560w\" data-sizes=\"auto, (max-width: 1024px) 100vw, 1024px\" src=\"data:image\/svg+xml;base64,PHN2ZyB3aWR0aD0iMSIgaGVpZ2h0PSIxIiB4bWxucz0iaHR0cDovL3d3dy53My5vcmcvMjAwMC9zdmciPjwvc3ZnPg==\" style=\"--smush-placeholder-width: 1024px; --smush-placeholder-aspect-ratio: 1024\/768;\"><\/div><\/div><\/div><\/section>\n\n<section id=\"section-32-4465\" class=\"ct-section\"><div class=\"ct-section-inner-wrap\"><div id=\"div_block-33-4465\" class=\"ct-div-block w-100 pl-auto\"><div id=\"div_block-34-4465\" class=\"ct-div-block grid-2-main grid-center-vertical w-100\"><img width=\"1024\" height=\"768\" data-src=\"https:\/\/artforart.at\/wp-content\/uploads\/2022\/04\/IMG_9583-1024x768.jpeg\" class=\"ct-image Object-fit lazyload\" alt=\"Shelves full of different shoes in many colours and styles are neatly arranged in a large storage room.\" decoding=\"async\" data-srcset=\"https:\/\/artforart.at\/wp-content\/uploads\/2022\/04\/IMG_9583-1024x768.jpeg 1024w, https:\/\/artforart.at\/wp-content\/uploads\/2022\/04\/IMG_9583-500x375.jpeg 500w, https:\/\/artforart.at\/wp-content\/uploads\/2022\/04\/IMG_9583-768x576.jpeg 768w, https:\/\/artforart.at\/wp-content\/uploads\/2022\/04\/IMG_9583-1536x1152.jpeg 1536w, https:\/\/artforart.at\/wp-content\/uploads\/2022\/04\/IMG_9583.jpeg 2048w\" data-sizes=\"auto, (max-width: 1024px) 100vw, 1024px\" src=\"data:image\/svg+xml;base64,PHN2ZyB3aWR0aD0iMSIgaGVpZ2h0PSIxIiB4bWxucz0iaHR0cDovL3d3dy53My5vcmcvMjAwMC9zdmciPjwvc3ZnPg==\" style=\"--smush-placeholder-width: 1024px; --smush-placeholder-aspect-ratio: 1024\/768;\"><div id=\"div_block-8-4478\" class=\"ct-div-block gap-md\"><div id=\"text_block-36-4465\" class=\"ct-text-block w-460\"><br>WHERE? <br>In the ART for ART costume shop, <br>Montleartstra\u00dfe 8, 1140 Vienna.\u00a0<div><br><\/div><div>PRICES: <br>Most of our flea market goods are weighed, 0.5 kg are available for as little as EUR 5. Particularly beautiful pieces are priced separately. <br><br><\/div><div>PAYMENT OPTIONS: <br>Cash payment. <br>Card payment is only possible from a value of EUR 100. <br><br><\/div><div>BAGS FOR TRANSPORT HOME: <br>With a view to sustainability, we ask you to bring bags for transporting purchased goods from home.\u00a0<\/div><div><br><\/div><div><br><\/div><div><br><\/div><div>IMPORTANT INFORMATION ABOUT YOUR APPOINTMENT BOOKING:\u00a0<\/div><div><br><\/div><div>We reserve one-hour time slots for your visit to our flea market.\u00a0<\/div><div><br><\/div><div>Please note:\u00a0<\/div><div>If you arrive late, your stay will be automatically shortened and cannot be extended. We can no longer guarantee access to the flea market if you arrive significantly late.<\/div><div><br><\/div><div>SO PLEASE ARRIVE ON TIME FOR YOUR BOOKED APPOINTMENT!<\/div><div><br><\/div><div>Thank you for your understanding!<\/div><\/div><div><br><\/div><\/div><\/div><\/div><\/div><\/section>\n\n<section id=\"buchungstool\" class=\"ct-section\"><div class=\"ct-section-inner-wrap\"><div id=\"code_block-6-4555\" class=\"ct-code-block\"><pretix-widget event=\"https:\/\/kostuemflohmarkt.artforart.at\/\"><\/pretix-widget>\n<noscript>\n   <div class=\"pretix-widget\">\n        <div class=\"pretix-widget-info-message\">\n            JavaScript is deactivated in your browser. To access our ticket shop without JavaScript, please click <a target=\"_blank\" rel=\"noopener\" href=\"https:\/\/kostuemflohmarkt.artforart.at\/\">here<\/a>.\n        <\/div>\n    <\/div>\n<\/noscript><\/div><\/div><\/section>","protected":false},"excerpt":{"rendered":"","protected":false},"author":2,"featured_media":842,"parent":1991,"menu_order":0,"comment_status":"closed","ping_status":"closed","template":"","meta":{"_acf_changed":false,"inline_featured_image":false,"footnotes":""},"class_list":["post-118","page","type-page","status-publish","has-post-thumbnail","hentry"],"acf":[],"yoast_head":"<!-- This site is optimized with the Yoast SEO plugin v27.4 - https:\/\/yoast.com\/product\/yoast-seo-wordpress\/ -->\n<title>Flohmarkt - ART for ART<\/title>\n<meta name=\"description\" content=\"ART for ART&nbsp; KOST\u00dcM-FLOHMARKT Kost\u00fcme zum Schn\u00e4ppchenpreis!&nbsp; Flohmarkt&nbsp; In unserem Dauerflohmarkt  finden sich Sch\u00e4tze aus 60 Jahren Thea\" \/>\n<meta name=\"robots\" content=\"index, follow, max-snippet:-1, max-image-preview:large, max-video-preview:-1\" \/>\n<link rel=\"canonical\" href=\"https:\/\/artforart.at\/en\/services\/rental-and-hire\/costume-hire\/flea-market\/\" \/>\n<meta property=\"og:locale\" content=\"en_GB\" \/>\n<meta property=\"og:type\" content=\"article\" \/>\n<meta property=\"og:title\" content=\"Flohmarkt - ART for ART\" \/>\n<meta property=\"og:url\" content=\"https:\/\/artforart.at\/en\/services\/rental-and-hire\/costume-hire\/flea-market\/\" \/>\n<meta property=\"og:site_name\" content=\"ART for ART\" \/>\n<meta property=\"article:publisher\" content=\"https:\/\/www.facebook.com\/profile.php?id=100066845842584\" \/>\n<meta property=\"article:modified_time\" content=\"2026-03-20T13:35:04+00:00\" \/>\n<meta property=\"og:image\" content=\"https:\/\/artforart.at\/wp-content\/uploads\/2022\/04\/IMG_20210511_100700-scaled.jpg\" \/>\n\t<meta property=\"og:image:width\" content=\"2560\" \/>\n\t<meta property=\"og:image:height\" content=\"1920\" \/>\n\t<meta property=\"og:image:type\" content=\"image\/jpeg\" \/>\n<meta name=\"twitter:card\" content=\"summary_large_image\" \/>\n<meta name=\"twitter:label1\" content=\"Estimated reading time\" \/>\n\t<meta name=\"twitter:data1\" content=\"1 minute\" \/>\n<script type=\"application\/ld+json\" class=\"yoast-schema-graph\">{\"@context\":\"https:\\\/\\\/schema.org\",\"@graph\":[{\"@type\":\"WebPage\",\"@id\":\"https:\\\/\\\/artforart.at\\\/services\\\/verleih-und-miete\\\/kostuemverleih\\\/flohmarkt\",\"url\":\"https:\\\/\\\/artforart.at\\\/services\\\/verleih-und-miete\\\/kostuemverleih\\\/flohmarkt\",\"name\":\"Flohmarkt - ART for ART\",\"isPartOf\":{\"@id\":\"https:\\\/\\\/artforart.at\\\/#website\"},\"primaryImageOfPage\":{\"@id\":\"https:\\\/\\\/artforart.at\\\/services\\\/verleih-und-miete\\\/kostuemverleih\\\/flohmarkt#primaryimage\"},\"image\":{\"@id\":\"https:\\\/\\\/artforart.at\\\/services\\\/verleih-und-miete\\\/kostuemverleih\\\/flohmarkt#primaryimage\"},\"thumbnailUrl\":\"https:\\\/\\\/artforart.at\\\/wp-content\\\/uploads\\\/2022\\\/04\\\/IMG_20210511_100700-scaled.jpg\",\"datePublished\":\"2021-12-22T17:17:35+00:00\",\"dateModified\":\"2026-03-20T13:35:04+00:00\",\"breadcrumb\":{\"@id\":\"https:\\\/\\\/artforart.at\\\/services\\\/verleih-und-miete\\\/kostuemverleih\\\/flohmarkt#breadcrumb\"},\"inLanguage\":\"en-GB\",\"potentialAction\":[{\"@type\":\"ReadAction\",\"target\":[\"https:\\\/\\\/artforart.at\\\/services\\\/verleih-und-miete\\\/kostuemverleih\\\/flohmarkt\"]}]},{\"@type\":\"ImageObject\",\"inLanguage\":\"en-GB\",\"@id\":\"https:\\\/\\\/artforart.at\\\/services\\\/verleih-und-miete\\\/kostuemverleih\\\/flohmarkt#primaryimage\",\"url\":\"https:\\\/\\\/artforart.at\\\/wp-content\\\/uploads\\\/2022\\\/04\\\/IMG_20210511_100700-scaled.jpg\",\"contentUrl\":\"https:\\\/\\\/artforart.at\\\/wp-content\\\/uploads\\\/2022\\\/04\\\/IMG_20210511_100700-scaled.jpg\",\"width\":2560,\"height\":1920,\"caption\":\"Mehrere Kleiderst\u00e4nder mit historischen Kost\u00fcmen in verschiedenen Farben stehen in einem hellen, ordentlichen Raum.\"},{\"@type\":\"BreadcrumbList\",\"@id\":\"https:\\\/\\\/artforart.at\\\/services\\\/verleih-und-miete\\\/kostuemverleih\\\/flohmarkt#breadcrumb\",\"itemListElement\":[{\"@type\":\"ListItem\",\"position\":1,\"name\":\"Startseite\",\"item\":\"https:\\\/\\\/artforart.at\\\/\"},{\"@type\":\"ListItem\",\"position\":2,\"name\":\"Services\",\"item\":\"https:\\\/\\\/artforart.at\\\/services\"},{\"@type\":\"ListItem\",\"position\":3,\"name\":\"Verleih und Miete\",\"item\":\"https:\\\/\\\/artforart.at\\\/services\\\/verleih-und-miete\"},{\"@type\":\"ListItem\",\"position\":4,\"name\":\"Kost\u00fcmverleih\",\"item\":\"https:\\\/\\\/artforart.at\\\/services\\\/verleih-und-miete\\\/kostuemverleih\"},{\"@type\":\"ListItem\",\"position\":5,\"name\":\"Flohmarkt\"}]},{\"@type\":\"WebSite\",\"@id\":\"https:\\\/\\\/artforart.at\\\/#website\",\"url\":\"https:\\\/\\\/artforart.at\\\/\",\"name\":\"ART for ART\",\"description\":\"Traditionelles Theaterhandwerk trifft moderne Technik. ART for ART fertigt Kost\u00fcme, Kulissen und B\u00fchnenausstattung f\u00fcr Opern, Theater und Film \u2013 alles aus einer Hand.\",\"publisher\":{\"@id\":\"https:\\\/\\\/artforart.at\\\/#organization\"},\"alternateName\":\"ART for ART Theaterservice GmbH\",\"potentialAction\":[{\"@type\":\"SearchAction\",\"target\":{\"@type\":\"EntryPoint\",\"urlTemplate\":\"https:\\\/\\\/artforart.at\\\/?s={search_term_string}\"},\"query-input\":{\"@type\":\"PropertyValueSpecification\",\"valueRequired\":true,\"valueName\":\"search_term_string\"}}],\"inLanguage\":\"en-GB\"},{\"@type\":\"Organization\",\"@id\":\"https:\\\/\\\/artforart.at\\\/#organization\",\"name\":\"ART for ART\",\"alternateName\":\"Art4Art, ArtForArt\",\"url\":\"https:\\\/\\\/artforart.at\\\/\",\"logo\":{\"@type\":\"ImageObject\",\"inLanguage\":\"en-GB\",\"@id\":\"https:\\\/\\\/artforart.at\\\/#\\\/schema\\\/logo\\\/image\\\/\",\"url\":\"https:\\\/\\\/artforart.at\\\/wp-content\\\/uploads\\\/2021\\\/11\\\/logo.png\",\"contentUrl\":\"https:\\\/\\\/artforart.at\\\/wp-content\\\/uploads\\\/2021\\\/11\\\/logo.png\",\"width\":322,\"height\":301,\"caption\":\"ART for ART\"},\"image\":{\"@id\":\"https:\\\/\\\/artforart.at\\\/#\\\/schema\\\/logo\\\/image\\\/\"},\"sameAs\":[\"https:\\\/\\\/www.facebook.com\\\/profile.php?id=100066845842584\",\"https:\\\/\\\/www.instagram.com\\\/artforarttheaterservice\\\/\",\"https:\\\/\\\/www.linkedin.com\\\/company\\\/art-for-art-theaterservice-gmbh\\\/\"]}]}<\/script>\n<!-- \/ Yoast SEO plugin. -->","yoast_head_json":{"title":"Flea market - ART for ART","description":"ART for ART COSTUME FLEA MARKET Costumes at bargain prices! Flea Market In our permanent flea market, you'll find treasures from 60 years of theatre","robots":{"index":"index","follow":"follow","max-snippet":"max-snippet:-1","max-image-preview":"max-image-preview:large","max-video-preview":"max-video-preview:-1"},"canonical":"https:\/\/artforart.at\/en\/services\/rental-and-hire\/costume-hire\/flea-market\/","og_locale":"en_GB","og_type":"article","og_title":"Flohmarkt - ART for ART","og_url":"https:\/\/artforart.at\/en\/services\/rental-and-hire\/costume-hire\/flea-market\/","og_site_name":"ART for ART","article_publisher":"https:\/\/www.facebook.com\/profile.php?id=100066845842584","article_modified_time":"2026-03-20T13:35:04+00:00","og_image":[{"width":2560,"height":1920,"url":"https:\/\/artforart.at\/wp-content\/uploads\/2022\/04\/IMG_20210511_100700-scaled.jpg","type":"image\/jpeg"}],"twitter_card":"summary_large_image","twitter_misc":{"Estimated reading time":"1 minute"},"schema":{"@context":"https:\/\/schema.org","@graph":[{"@type":"WebPage","@id":"https:\/\/artforart.at\/services\/verleih-und-miete\/kostuemverleih\/flohmarkt","url":"https:\/\/artforart.at\/services\/verleih-und-miete\/kostuemverleih\/flohmarkt","name":"Flea market - ART for ART","isPartOf":{"@id":"https:\/\/artforart.at\/#website"},"primaryImageOfPage":{"@id":"https:\/\/artforart.at\/services\/verleih-und-miete\/kostuemverleih\/flohmarkt#primaryimage"},"image":{"@id":"https:\/\/artforart.at\/services\/verleih-und-miete\/kostuemverleih\/flohmarkt#primaryimage"},"thumbnailUrl":"https:\/\/artforart.at\/wp-content\/uploads\/2022\/04\/IMG_20210511_100700-scaled.jpg","datePublished":"2021-12-22T17:17:35+00:00","dateModified":"2026-03-20T13:35:04+00:00","breadcrumb":{"@id":"https:\/\/artforart.at\/services\/verleih-und-miete\/kostuemverleih\/flohmarkt#breadcrumb"},"inLanguage":"en-GB","potentialAction":[{"@type":"ReadAction","target":["https:\/\/artforart.at\/services\/verleih-und-miete\/kostuemverleih\/flohmarkt"]}]},{"@type":"ImageObject","inLanguage":"en-GB","@id":"https:\/\/artforart.at\/services\/verleih-und-miete\/kostuemverleih\/flohmarkt#primaryimage","url":"https:\/\/artforart.at\/wp-content\/uploads\/2022\/04\/IMG_20210511_100700-scaled.jpg","contentUrl":"https:\/\/artforart.at\/wp-content\/uploads\/2022\/04\/IMG_20210511_100700-scaled.jpg","width":2560,"height":1920,"caption":"Mehrere Kleiderst\u00e4nder mit historischen Kost\u00fcmen in verschiedenen Farben stehen in einem hellen, ordentlichen Raum."},{"@type":"BreadcrumbList","@id":"https:\/\/artforart.at\/services\/verleih-und-miete\/kostuemverleih\/flohmarkt#breadcrumb","itemListElement":[{"@type":"ListItem","position":1,"name":"Startseite","item":"https:\/\/artforart.at\/"},{"@type":"ListItem","position":2,"name":"Services","item":"https:\/\/artforart.at\/services"},{"@type":"ListItem","position":3,"name":"Verleih und Miete","item":"https:\/\/artforart.at\/services\/verleih-und-miete"},{"@type":"ListItem","position":4,"name":"Kost\u00fcmverleih","item":"https:\/\/artforart.at\/services\/verleih-und-miete\/kostuemverleih"},{"@type":"ListItem","position":5,"name":"Flohmarkt"}]},{"@type":"WebSite","@id":"https:\/\/artforart.at\/#website","url":"https:\/\/artforart.at\/","name":"ART for ART","description":"Traditional theatre craftsmanship meets modern technology. ART for ART manufactures costumes, backdrops and stage sets for opera, theatre and film - all from a single source.","publisher":{"@id":"https:\/\/artforart.at\/#organization"},"alternateName":"ART for ART Theaterservice GmbH","potentialAction":[{"@type":"SearchAction","target":{"@type":"EntryPoint","urlTemplate":"https:\/\/artforart.at\/?s={search_term_string}"},"query-input":{"@type":"PropertyValueSpecification","valueRequired":true,"valueName":"search_term_string"}}],"inLanguage":"en-GB"},{"@type":"Organization","@id":"https:\/\/artforart.at\/#organization","name":"ART for ART","alternateName":"Art4Art, ArtForArt","url":"https:\/\/artforart.at\/","logo":{"@type":"ImageObject","inLanguage":"en-GB","@id":"https:\/\/artforart.at\/#\/schema\/logo\/image\/","url":"https:\/\/artforart.at\/wp-content\/uploads\/2021\/11\/logo.png","contentUrl":"https:\/\/artforart.at\/wp-content\/uploads\/2021\/11\/logo.png","width":322,"height":301,"caption":"ART for ART"},"image":{"@id":"https:\/\/artforart.at\/#\/schema\/logo\/image\/"},"sameAs":["https:\/\/www.facebook.com\/profile.php?id=100066845842584","https:\/\/www.instagram.com\/artforarttheaterservice\/","https:\/\/www.linkedin.com\/company\/art-for-art-theaterservice-gmbh\/"]}]}},"_links":{"self":[{"href":"https:\/\/artforart.at\/en\/wp-json\/wp\/v2\/pages\/118","targetHints":{"allow":["GET"]}}],"collection":[{"href":"https:\/\/artforart.at\/en\/wp-json\/wp\/v2\/pages"}],"about":[{"href":"https:\/\/artforart.at\/en\/wp-json\/wp\/v2\/types\/page"}],"author":[{"embeddable":true,"href":"https:\/\/artforart.at\/en\/wp-json\/wp\/v2\/users\/2"}],"replies":[{"embeddable":true,"href":"https:\/\/artforart.at\/en\/wp-json\/wp\/v2\/comments?post=118"}],"version-history":[{"count":0,"href":"https:\/\/artforart.at\/en\/wp-json\/wp\/v2\/pages\/118\/revisions"}],"up":[{"embeddable":true,"href":"https:\/\/artforart.at\/en\/wp-json\/wp\/v2\/pages\/1991"}],"wp:featuredmedia":[{"embeddable":true,"href":"https:\/\/artforart.at\/en\/wp-json\/wp\/v2\/media\/842"}],"wp:attachment":[{"href":"https:\/\/artforart.at\/en\/wp-json\/wp\/v2\/media?parent=118"}],"curies":[{"name":"wp","href":"https:\/\/api.w.org\/{rel}","templated":true}]}}